{"id":7542,"date":"2024-03-22T08:55:57","date_gmt":"2024-03-22T08:55:57","guid":{"rendered":"https:\/\/mamaonline.ro\/new\/?post_type=product&amp;p=7542"},"modified":"2024-03-22T08:55:57","modified_gmt":"2024-03-22T08:55:57","slug":"baveta-bebe-iepuras","status":"publish","type":"product","link":"https:\/\/mamaonline.alta-agentie.ro\/?product=baveta-bebe-iepuras","title":{"rendered":"Baveta Bebe - Iepuras"},"content":{"rendered":"<p>Baveta bebe perfect\u0103 pentru hr\u0103nirea micu\u021bului t\u0103u!<br \/>\nBavet\u0103 pentru bebelu\u0219ii \u00eentre 6 - 12 luni<\/p>\n<p>Baveta noastra are un material tip prosopel, care se curata foarte usor. Cu aceasta baveta diversificarea va fi mult mai usoara!<\/p>\n","protected":false},"excerpt":{"rendered":"<p>Bavet\u0103 perfect\u0103 pentru hr\u0103nirea micu\u021bului t\u0103u!<br \/>\nBavet\u0103 pentru bebelu\u0219ii \u00eentre 6 - 12 luni<\/p>\n","protected":false},"featured_media":31799,"comment_status":"open","ping_status":"closed","template":"","meta":{"_acf_changed":false},"product_brand":[],"product_cat":[154,29,111],"product_tag":[27,76],"class_list":{"0":"post-7542","1":"product","2":"type-product","3":"status-publish","4":"has-post-thumbnail","6":"product_cat-bavete","7":"product_cat-bebe-la-masa","8":"product_cat-reduceri","9":"product_tag-bavete","10":"product_tag-mamaonline","12":"first","13":"instock","14":"sale","15":"shipping-taxable","16":"purchasable","17":"product-type-simple"},"acf":[],"yoast_head":"<!-- This site is optimized with the Yoast SEO plugin v25.3.1 - https:\/\/yoast.com\/wordpress\/plugins\/seo\/ -->\n<title>Baveta Bebe - Iepuras - My Store<\/title>\n<meta name=\"description\" content=\"Baveta Bebe - Iepuras. Baveta noastra are un material tip prosopel, care se curata foarte usor. Cu aceasta baveta diversificarea va fi mult mai usoara!\" \/>\n<meta name=\"robots\" content=\"noindex, follow, max-snippet:-1, max-image-preview:large, max-video-preview:-1\" \/>\n<meta property=\"og:locale\" content=\"en_US\" \/>\n<meta property=\"og:type\" content=\"article\" \/>\n<meta property=\"og:title\" content=\"Baveta Bebe - Iepuras - My Store\" \/>\n<meta property=\"og:description\" content=\"Baveta Bebe - Iepuras. Baveta noastra are un material tip prosopel, care se curata foarte usor. Cu aceasta baveta diversificarea va fi mult mai usoara!\" \/>\n<meta property=\"og:url\" content=\"https:\/\/mamaonline.alta-agentie.ro\/?product=baveta-bebe-iepuras\" \/>\n<meta property=\"og:site_name\" content=\"My Store\" \/>\n<meta name=\"twitter:card\" content=\"summary_large_image\" \/>\n<meta name=\"twitter:label1\" content=\"Est. reading time\" \/>\n\t<meta name=\"twitter:data1\" content=\"1 minute\" \/>\n<script type=\"application\/ld+json\" class=\"yoast-schema-graph\">{\"@context\":\"https:\/\/schema.org\",\"@graph\":[{\"@type\":\"WebPage\",\"@id\":\"https:\/\/mamaonline.alta-agentie.ro\/?product=baveta-bebe-iepuras\",\"url\":\"https:\/\/mamaonline.alta-agentie.ro\/?product=baveta-bebe-iepuras\",\"name\":\"Baveta Bebe - Iepuras - My Store\",\"isPartOf\":{\"@id\":\"https:\/\/mamaonline.alta-agentie.ro\/#website\"},\"primaryImageOfPage\":{\"@id\":\"https:\/\/mamaonline.alta-agentie.ro\/?product=baveta-bebe-iepuras#primaryimage\"},\"image\":{\"@id\":\"https:\/\/mamaonline.alta-agentie.ro\/?product=baveta-bebe-iepuras#primaryimage\"},\"thumbnailUrl\":\"\",\"datePublished\":\"2024-03-22T08:55:57+00:00\",\"description\":\"Baveta Bebe - Iepuras. Baveta noastra are un material tip prosopel, care se curata foarte usor. Cu aceasta baveta diversificarea va fi mult mai usoara!\",\"breadcrumb\":{\"@id\":\"https:\/\/mamaonline.alta-agentie.ro\/?product=baveta-bebe-iepuras#breadcrumb\"},\"inLanguage\":\"en-US\",\"potentialAction\":[{\"@type\":\"ReadAction\",\"target\":[\"https:\/\/mamaonline.alta-agentie.ro\/?product=baveta-bebe-iepuras\"]}]},{\"@type\":\"ImageObject\",\"inLanguage\":\"en-US\",\"@id\":\"https:\/\/mamaonline.alta-agentie.ro\/?product=baveta-bebe-iepuras#primaryimage\",\"url\":\"\",\"contentUrl\":\"\"},{\"@type\":\"BreadcrumbList\",\"@id\":\"https:\/\/mamaonline.alta-agentie.ro\/?product=baveta-bebe-iepuras#breadcrumb\",\"itemListElement\":[{\"@type\":\"ListItem\",\"position\":1,\"name\":\"Home\",\"item\":\"https:\/\/mamaonline.alta-agentie.ro\/\"},{\"@type\":\"ListItem\",\"position\":2,\"name\":\"Products\",\"item\":\"https:\/\/mamaonline.alta-agentie.ro\/?post_type=product\"},{\"@type\":\"ListItem\",\"position\":3,\"name\":\"Baveta Bebe - Iepuras\"}]},{\"@type\":\"WebSite\",\"@id\":\"https:\/\/mamaonline.alta-agentie.ro\/#website\",\"url\":\"https:\/\/mamaonline.alta-agentie.ro\/\",\"name\":\"My Store\",\"description\":\"\",\"potentialAction\":[{\"@type\":\"SearchAction\",\"target\":{\"@type\":\"EntryPoint\",\"urlTemplate\":\"https:\/\/mamaonline.alta-agentie.ro\/?s={search_term_string}\"},\"query-input\":{\"@type\":\"PropertyValueSpecification\",\"valueRequired\":true,\"valueName\":\"search_term_string\"}}],\"inLanguage\":\"en-US\"}]}<\/script>\n<!-- \/ Yoast SEO plugin. -->","yoast_head_json":{"title":"Baveta Bebe - Iepuras - My Store","description":"Baveta Bebe - Iepuras. Baveta noastra are un material tip prosopel, care se curata foarte usor. Cu aceasta baveta diversificarea va fi mult mai usoara!","robots":{"index":"noindex","follow":"follow","max-snippet":"max-snippet:-1","max-image-preview":"max-image-preview:large","max-video-preview":"max-video-preview:-1"},"og_locale":"en_US","og_type":"article","og_title":"Baveta Bebe - Iepuras - My Store","og_description":"Baveta Bebe - Iepuras. Baveta noastra are un material tip prosopel, care se curata foarte usor. Cu aceasta baveta diversificarea va fi mult mai usoara!","og_url":"https:\/\/mamaonline.alta-agentie.ro\/?product=baveta-bebe-iepuras","og_site_name":"My Store","twitter_card":"summary_large_image","twitter_misc":{"Est. reading time":"1 minute"},"schema":{"@context":"https:\/\/schema.org","@graph":[{"@type":"WebPage","@id":"https:\/\/mamaonline.alta-agentie.ro\/?product=baveta-bebe-iepuras","url":"https:\/\/mamaonline.alta-agentie.ro\/?product=baveta-bebe-iepuras","name":"Baveta Bebe - Iepuras - My Store","isPartOf":{"@id":"https:\/\/mamaonline.alta-agentie.ro\/#website"},"primaryImageOfPage":{"@id":"https:\/\/mamaonline.alta-agentie.ro\/?product=baveta-bebe-iepuras#primaryimage"},"image":{"@id":"https:\/\/mamaonline.alta-agentie.ro\/?product=baveta-bebe-iepuras#primaryimage"},"thumbnailUrl":"","datePublished":"2024-03-22T08:55:57+00:00","description":"Baveta Bebe - Iepuras. Baveta noastra are un material tip prosopel, care se curata foarte usor. Cu aceasta baveta diversificarea va fi mult mai usoara!","breadcrumb":{"@id":"https:\/\/mamaonline.alta-agentie.ro\/?product=baveta-bebe-iepuras#breadcrumb"},"inLanguage":"en-US","potentialAction":[{"@type":"ReadAction","target":["https:\/\/mamaonline.alta-agentie.ro\/?product=baveta-bebe-iepuras"]}]},{"@type":"ImageObject","inLanguage":"en-US","@id":"https:\/\/mamaonline.alta-agentie.ro\/?product=baveta-bebe-iepuras#primaryimage","url":"","contentUrl":""},{"@type":"BreadcrumbList","@id":"https:\/\/mamaonline.alta-agentie.ro\/?product=baveta-bebe-iepuras#breadcrumb","itemListElement":[{"@type":"ListItem","position":1,"name":"Home","item":"https:\/\/mamaonline.alta-agentie.ro\/"},{"@type":"ListItem","position":2,"name":"Products","item":"https:\/\/mamaonline.alta-agentie.ro\/?post_type=product"},{"@type":"ListItem","position":3,"name":"Baveta Bebe - Iepuras"}]},{"@type":"WebSite","@id":"https:\/\/mamaonline.alta-agentie.ro\/#website","url":"https:\/\/mamaonline.alta-agentie.ro\/","name":"My Store","description":"","potentialAction":[{"@type":"SearchAction","target":{"@type":"EntryPoint","urlTemplate":"https:\/\/mamaonline.alta-agentie.ro\/?s={search_term_string}"},"query-input":{"@type":"PropertyValueSpecification","valueRequired":true,"valueName":"search_term_string"}}],"inLanguage":"en-US"}]}},"_links":{"self":[{"href":"https:\/\/mamaonline.alta-agentie.ro\/index.php?rest_route=\/wp\/v2\/product\/7542","targetHints":{"allow":["GET"]}}],"collection":[{"href":"https:\/\/mamaonline.alta-agentie.ro\/index.php?rest_route=\/wp\/v2\/product"}],"about":[{"href":"https:\/\/mamaonline.alta-agentie.ro\/index.php?rest_route=\/wp\/v2\/types\/product"}],"replies":[{"embeddable":true,"href":"https:\/\/mamaonline.alta-agentie.ro\/index.php?rest_route=%2Fwp%2Fv2%2Fcomments&post=7542"}],"wp:featuredmedia":[{"embeddable":true,"href":"https:\/\/mamaonline.alta-agentie.ro\/index.php?rest_route=\/"}],"wp:attachment":[{"href":"https:\/\/mamaonline.alta-agentie.ro\/index.php?rest_route=%2Fwp%2Fv2%2Fmedia&parent=7542"}],"wp:term":[{"taxonomy":"product_brand","embeddable":true,"href":"https:\/\/mamaonline.alta-agentie.ro\/index.php?rest_route=%2Fwp%2Fv2%2Fproduct_brand&post=7542"},{"taxonomy":"product_cat","embeddable":true,"href":"https:\/\/mamaonline.alta-agentie.ro\/index.php?rest_route=%2Fwp%2Fv2%2Fproduct_cat&post=7542"},{"taxonomy":"product_tag","embeddable":true,"href":"https:\/\/mamaonline.alta-agentie.ro\/index.php?rest_route=%2Fwp%2Fv2%2Fproduct_tag&post=7542"}],"curies":[{"name":"wp","href":"https:\/\/api.w.org\/{rel}","templated":true}]}}