{"id":7379,"date":"2024-03-19T13:41:53","date_gmt":"2024-03-19T13:41:53","guid":{"rendered":"https:\/\/mamaonline.ro\/new\/?post_type=product&amp;p=7379"},"modified":"2024-03-19T13:41:53","modified_gmt":"2024-03-19T13:41:53","slug":"baveta-albastra-dog","status":"publish","type":"product","link":"https:\/\/mamaonline.alta-agentie.ro\/?product=baveta-albastra-dog","title":{"rendered":"Baveta Albastra Dog"},"content":{"rendered":"<p>Bavet bebe pentru copii \u00eentre 6 - 12 luni<\/p>\n<p>Material: Polyester cu textur\u0103 de f\u00e2\u0219.<\/p>\n<p>Descoper\u0103 baveta perfect\u0103 pentru micu\u021bul t\u0103u! Fabricat\u0103 din poliester cu textur\u0103 de fas. Aceast\u0103 bavet\u0103 este ideal\u0103 pentru a proteja hainele bebelu\u0219ului \u00een timpul mesei sau \u00een momentele de joac\u0103 pline de distrac\u021bie. Materialul moale \u0219i confortabil asigur\u0103 o senza\u021bie pl\u0103cut\u0103 pe pielea delicat\u0103 a bebelu\u0219ului. Iar textura de fas adaug\u0103 un plus de absorb\u021bie, men\u021bin\u00e2nd hainele uscate \u0219i curate.<\/p>\n<p>Cu un design practic \u0219i ajustabil, baveta se potrive\u0219te perfect pe g\u00e2tul micu\u021bului t\u0103u, oferindu-i libertate de mi\u0219care \u0219i confort maxim. \u00cen plus, imprimeurile vesele \u0219i culorile vii aduc un strop de bucurie \u00een fiecare zi.<\/p>\n<p>Preg\u0103te\u0219te-te pentru momente pline de veselie \u0219i distrac\u021bie al\u0103turi de micu\u021bul t\u0103u, av\u00e2nd la \u00eendem\u00e2n\u0103 baveta noastr\u0103 din poliester cu textur\u0103 de fas - un companion de n\u0103dejde \u00een timpul meselor \u0219i al jocurilor!<\/p>\n","protected":false},"excerpt":{"rendered":"<p>Bavet\u0103 perfect\u0103 pentru hr\u0103nirea micu\u021bului t\u0103u!<\/p>\n","protected":false},"featured_media":31795,"comment_status":"open","ping_status":"closed","template":"","meta":{"_acf_changed":false},"product_brand":[],"product_cat":[154,29,111],"product_tag":[27,76],"class_list":{"0":"post-7379","1":"product","2":"type-product","3":"status-publish","4":"has-post-thumbnail","6":"product_cat-bavete","7":"product_cat-bebe-la-masa","8":"product_cat-reduceri","9":"product_tag-bavete","10":"product_tag-mamaonline","12":"first","13":"instock","14":"sale","15":"shipping-taxable","16":"purchasable","17":"product-type-simple"},"acf":[],"yoast_head":"<!-- This site is optimized with the Yoast SEO plugin v25.3.1 - https:\/\/yoast.com\/wordpress\/plugins\/seo\/ -->\n<title>Baveta Albastra Dog - My Store<\/title>\n<meta name=\"robots\" content=\"noindex, follow, max-snippet:-1, max-image-preview:large, max-video-preview:-1\" \/>\n<meta property=\"og:locale\" content=\"en_US\" \/>\n<meta property=\"og:type\" content=\"article\" \/>\n<meta property=\"og:title\" content=\"Baveta Albastra Dog - My Store\" \/>\n<meta property=\"og:description\" content=\"Bavet\u0103 perfect\u0103 pentru hr\u0103nirea micu\u021bului t\u0103u!\" \/>\n<meta property=\"og:url\" content=\"https:\/\/mamaonline.alta-agentie.ro\/?product=baveta-albastra-dog\" \/>\n<meta property=\"og:site_name\" content=\"My Store\" \/>\n<meta name=\"twitter:card\" content=\"summary_large_image\" \/>\n<meta name=\"twitter:label1\" content=\"Est. reading time\" \/>\n\t<meta name=\"twitter:data1\" content=\"1 minute\" \/>\n<script type=\"application\/ld+json\" class=\"yoast-schema-graph\">{\"@context\":\"https:\/\/schema.org\",\"@graph\":[{\"@type\":\"WebPage\",\"@id\":\"https:\/\/mamaonline.alta-agentie.ro\/?product=baveta-albastra-dog\",\"url\":\"https:\/\/mamaonline.alta-agentie.ro\/?product=baveta-albastra-dog\",\"name\":\"Baveta Albastra Dog - My Store\",\"isPartOf\":{\"@id\":\"https:\/\/mamaonline.alta-agentie.ro\/#website\"},\"primaryImageOfPage\":{\"@id\":\"https:\/\/mamaonline.alta-agentie.ro\/?product=baveta-albastra-dog#primaryimage\"},\"image\":{\"@id\":\"https:\/\/mamaonline.alta-agentie.ro\/?product=baveta-albastra-dog#primaryimage\"},\"thumbnailUrl\":\"\",\"datePublished\":\"2024-03-19T13:41:53+00:00\",\"breadcrumb\":{\"@id\":\"https:\/\/mamaonline.alta-agentie.ro\/?product=baveta-albastra-dog#breadcrumb\"},\"inLanguage\":\"en-US\",\"potentialAction\":[{\"@type\":\"ReadAction\",\"target\":[\"https:\/\/mamaonline.alta-agentie.ro\/?product=baveta-albastra-dog\"]}]},{\"@type\":\"ImageObject\",\"inLanguage\":\"en-US\",\"@id\":\"https:\/\/mamaonline.alta-agentie.ro\/?product=baveta-albastra-dog#primaryimage\",\"url\":\"\",\"contentUrl\":\"\"},{\"@type\":\"BreadcrumbList\",\"@id\":\"https:\/\/mamaonline.alta-agentie.ro\/?product=baveta-albastra-dog#breadcrumb\",\"itemListElement\":[{\"@type\":\"ListItem\",\"position\":1,\"name\":\"Home\",\"item\":\"https:\/\/mamaonline.alta-agentie.ro\/\"},{\"@type\":\"ListItem\",\"position\":2,\"name\":\"Products\",\"item\":\"https:\/\/mamaonline.alta-agentie.ro\/?post_type=product\"},{\"@type\":\"ListItem\",\"position\":3,\"name\":\"Baveta Albastra Dog\"}]},{\"@type\":\"WebSite\",\"@id\":\"https:\/\/mamaonline.alta-agentie.ro\/#website\",\"url\":\"https:\/\/mamaonline.alta-agentie.ro\/\",\"name\":\"My Store\",\"description\":\"\",\"potentialAction\":[{\"@type\":\"SearchAction\",\"target\":{\"@type\":\"EntryPoint\",\"urlTemplate\":\"https:\/\/mamaonline.alta-agentie.ro\/?s={search_term_string}\"},\"query-input\":{\"@type\":\"PropertyValueSpecification\",\"valueRequired\":true,\"valueName\":\"search_term_string\"}}],\"inLanguage\":\"en-US\"}]}<\/script>\n<!-- \/ Yoast SEO plugin. -->","yoast_head_json":{"title":"Baveta Albastra Dog - My Store","robots":{"index":"noindex","follow":"follow","max-snippet":"max-snippet:-1","max-image-preview":"max-image-preview:large","max-video-preview":"max-video-preview:-1"},"og_locale":"en_US","og_type":"article","og_title":"Baveta Albastra Dog - My Store","og_description":"Bavet\u0103 perfect\u0103 pentru hr\u0103nirea micu\u021bului t\u0103u!","og_url":"https:\/\/mamaonline.alta-agentie.ro\/?product=baveta-albastra-dog","og_site_name":"My Store","twitter_card":"summary_large_image","twitter_misc":{"Est. reading time":"1 minute"},"schema":{"@context":"https:\/\/schema.org","@graph":[{"@type":"WebPage","@id":"https:\/\/mamaonline.alta-agentie.ro\/?product=baveta-albastra-dog","url":"https:\/\/mamaonline.alta-agentie.ro\/?product=baveta-albastra-dog","name":"Baveta Albastra Dog - My Store","isPartOf":{"@id":"https:\/\/mamaonline.alta-agentie.ro\/#website"},"primaryImageOfPage":{"@id":"https:\/\/mamaonline.alta-agentie.ro\/?product=baveta-albastra-dog#primaryimage"},"image":{"@id":"https:\/\/mamaonline.alta-agentie.ro\/?product=baveta-albastra-dog#primaryimage"},"thumbnailUrl":"","datePublished":"2024-03-19T13:41:53+00:00","breadcrumb":{"@id":"https:\/\/mamaonline.alta-agentie.ro\/?product=baveta-albastra-dog#breadcrumb"},"inLanguage":"en-US","potentialAction":[{"@type":"ReadAction","target":["https:\/\/mamaonline.alta-agentie.ro\/?product=baveta-albastra-dog"]}]},{"@type":"ImageObject","inLanguage":"en-US","@id":"https:\/\/mamaonline.alta-agentie.ro\/?product=baveta-albastra-dog#primaryimage","url":"","contentUrl":""},{"@type":"BreadcrumbList","@id":"https:\/\/mamaonline.alta-agentie.ro\/?product=baveta-albastra-dog#breadcrumb","itemListElement":[{"@type":"ListItem","position":1,"name":"Home","item":"https:\/\/mamaonline.alta-agentie.ro\/"},{"@type":"ListItem","position":2,"name":"Products","item":"https:\/\/mamaonline.alta-agentie.ro\/?post_type=product"},{"@type":"ListItem","position":3,"name":"Baveta Albastra Dog"}]},{"@type":"WebSite","@id":"https:\/\/mamaonline.alta-agentie.ro\/#website","url":"https:\/\/mamaonline.alta-agentie.ro\/","name":"My Store","description":"","potentialAction":[{"@type":"SearchAction","target":{"@type":"EntryPoint","urlTemplate":"https:\/\/mamaonline.alta-agentie.ro\/?s={search_term_string}"},"query-input":{"@type":"PropertyValueSpecification","valueRequired":true,"valueName":"search_term_string"}}],"inLanguage":"en-US"}]}},"_links":{"self":[{"href":"https:\/\/mamaonline.alta-agentie.ro\/index.php?rest_route=\/wp\/v2\/product\/7379","targetHints":{"allow":["GET"]}}],"collection":[{"href":"https:\/\/mamaonline.alta-agentie.ro\/index.php?rest_route=\/wp\/v2\/product"}],"about":[{"href":"https:\/\/mamaonline.alta-agentie.ro\/index.php?rest_route=\/wp\/v2\/types\/product"}],"replies":[{"embeddable":true,"href":"https:\/\/mamaonline.alta-agentie.ro\/index.php?rest_route=%2Fwp%2Fv2%2Fcomments&post=7379"}],"wp:featuredmedia":[{"embeddable":true,"href":"https:\/\/mamaonline.alta-agentie.ro\/index.php?rest_route=\/"}],"wp:attachment":[{"href":"https:\/\/mamaonline.alta-agentie.ro\/index.php?rest_route=%2Fwp%2Fv2%2Fmedia&parent=7379"}],"wp:term":[{"taxonomy":"product_brand","embeddable":true,"href":"https:\/\/mamaonline.alta-agentie.ro\/index.php?rest_route=%2Fwp%2Fv2%2Fproduct_brand&post=7379"},{"taxonomy":"product_cat","embeddable":true,"href":"https:\/\/mamaonline.alta-agentie.ro\/index.php?rest_route=%2Fwp%2Fv2%2Fproduct_cat&post=7379"},{"taxonomy":"product_tag","embeddable":true,"href":"https:\/\/mamaonline.alta-agentie.ro\/index.php?rest_route=%2Fwp%2Fv2%2Fproduct_tag&post=7379"}],"curies":[{"name":"wp","href":"https:\/\/api.w.org\/{rel}","templated":true}]}}