{"id":5785,"date":"2024-03-04T17:53:23","date_gmt":"2024-03-04T17:53:23","guid":{"rendered":"https:\/\/mamaonline.ro\/new\/?post_type=product&amp;p=5785"},"modified":"2024-03-04T17:53:23","modified_gmt":"2024-03-04T17:53:23","slug":"babymoov-robot-multifunctional-5-in-1-nutribaby-mineral-beige","status":"publish","type":"product","link":"https:\/\/mamaonline.alta-agentie.ro\/?product=babymoov-robot-multifunctional-5-in-1-nutribaby-mineral-beige","title":{"rendered":"Babymoov - Robot multifunctional 5 in 1 Nutribaby (+) Mineral Beige"},"content":{"rendered":"<p>Un robot, 5 functii!<br \/>\nNutribaby (+) este un produs extrem de versatil care va permite sa:<br \/>\n-gatiti la abur toate alimentele (fructe, legume, carne, peste, cereale)<br \/>\n-blenduiti preparatele pana ating textura dorita (neteda, granulata sau cu bucati)<br \/>\n-incalziti sticlele si alte recipiente<br \/>\n-sterilizati biberoanele celor mici<br \/>\n-decongelati alimentele pentru a gati mancarea rapid.<br \/>\nRobotul de bucatarie Nutribaby (+) va insoteste permanent in procesul preparare a mancarii celor mici. Cu ajutorul lui, vei stapani cu usurinta fiecare etapa din procesul de diversificare al micutilor.<\/p>\n<p>Pregatiti in avans mesele pentru intreaga saptamana!<\/p>\n<p>Datorita celor doua recipiente separate de gatire, Nutribaby (+) aigura o gatire a abur perfecta a alimentelor, in functie de timoul necesar gatirii lor, pentru a pastra toate aromele si vitaminele.<br \/>\nIn acest fel, preparatele gatite sunt pline de nutrienti, pentru a-i oferi micutul toate vitaminele de care are nevoie pentru dezvoltare armonioasa. Astfel, fiecare aliment gatit in Nutribaby (+) va fi bine conservat!<br \/>\nCu ajutorul robotului de bucatarie Nutribaby (+) veti gati preparate hranitoare pentru bebelusi si mancaruri delicioase pentru restul membrilor familiei. Recipientele pentru gatire la aur au o capacitate de pana la 1500 ml, iar blenderul pana la 700 ml. Astfel, acest robot este extrem de practic atunci cand ai programate multe activitati sau esti o mamica extrem de ocupata!<br \/>\nSe pot gati pana la 10 mese in mai putin de 2 ore, apoi preparatele pot fi puse in congelator, pentru a fi mancate ulterior. Mai apoi, se pot dezgheta cu usurinta datorita functiei de decongelare, fara a modifica gustul alimentelor. In felul acesta, se pastreaza toti nutrientii, spre deliciul bebesului.<\/p>\n<p>Un robot care se utilizeaza usor, fiind un ajutor de nadejde!<br \/>\nEchipat cu o consola centrala tactila si 10 programe automate, Nutribaby (+) este usor de utilizat - 1 buton = 1 functie.<br \/>\nTotul este atat de usor! Pur si simplu selectati functia dorita (gatire la abur, sterilizare, incalzire, blenduire, decongelare), apasati butonul &ldquo;OK&rdquo; si puteti incepe sa va relaxati. Timpul de gatire se controleaza usor, adaugand sau micorand timpul de pe ecranul de control.<br \/>\nPentru functia de blender, robotul ofera 3 viteze de amestecare, astfel incat permite sa reglati textura dorita folosindu-va si de recipientul in care se poate colecta lichidul scurs din legume si fructe. Pentru a oferi micutilor cele mai bune piure-uri si pentru a va adapta cu usurinta etapelor diversificarii, este necesar ca uneori sa testam cat mai multe combinatii de alimente sau texturi.<\/p>\n<p>Gatitul la abur si recipiente separate de gatire: combinatia ideala!<br \/>\nGatirea la abur pastreaza mai bine calitatile nutritive ale alimentelor. Un exemplu este fierul, care este esential pentru o buna crestere a bebelusului. Gatirea separata a alimentelor pastreaza mai bine vitaminele prezente in mod natural in ingredientele gatite, cum ar fi vitamina C, care ajuta la absorbtia fierului. Vitamina C + Fier = combinatia perfecta pentru o imunitate ridicata! Testele noastre* demonstreaza ca un compot de mere si banane pregatit cu Nutribaby (+) XL pastreaza mult mai bine vitamina C stocata in fructe. De ce? Deoarece marul si banana au fost gatite exact cat este necesar.. *Teste efectuate in februarie 2017 in laboratul independent ISHA<\/p>\n<p>Inspiratie pentru retete hranitoare si gustoase!<br \/>\nPentru a va insoti pe tot parcursul procesului de diversificare, Nutribaby este ideal pentru a pune in aplicare o multine idei retete gustoase si hranitoare. Este important sa stiti cum evolueaza bebelusul in procesul de diversificare: intre acceptarea alimentelor, descoperirea gusturilor si retinerea texturilor noi, diversificarea este o adevarata aventura.<\/p>\n<p>Chef Catalin Amarandei recomanda NUTRIBABY!<br \/>\n\"Babymoov ofer\u0103 un mega ajutor m\u0103micilor \u00een ceea ce \u021bine de m\u00e2ncarea bebelu\u0219ilor, ajut\u0103 la diversificare \u0219i chiar \u0219i sterilizarea biberoanelor!<br \/>\nAm r\u0103mas uimit c\u00e2t de u\u0219or este de folosit \u0219i cat de silen\u021bios este, e super util \u0219i nou\u0103, adul\u021bilor!<br \/>\nS\u0103 diversific\u0103m, zic!\"<\/p>\n","protected":false},"excerpt":{"rendered":"<p>Robotul multifunctional esen\u021bial pentru mese variate, sanatoase si gustoase, cu multiple functionalitati:<br \/>\n-5 functii distincte: gatire la abur, blender, sterilizator biberoane, incalzitor biberoane si alte recipiente, decongelare alimente<br \/>\n-2 recipiente pentru gatirea la abur: conserva vitaminele si mineralele<br \/>\n-datorita capacitatii sale mari de gatire, se pot prepara mai mult de 10 mese in avans<br \/>\n-usor de utilizat datorita celor 10 programe, alarme, temporizator si oprire automata.<br \/>\nIn etapa diversificarii. fiecare mamica doreste tot ceea ce este mai bun pentru bebelus: mancare sanatoasa si variata - insa acest lucru inseamna mult timp petrecut in bucatarie, iar timpul devine foarte pretios atunci cand devii mamica.<br \/>\nDin dorinta de a oferi bebelusilor tot ceea ce este mai bun din fructe, legume, carne etc. si a pastra toate vitaminele si nutrientii, Babymoov a creat Nutribaby (+) pentru diversificare simpla si sanatoasa si pentru clipe placute petrecute alaturi de bebelus.<\/p>\n","protected":false},"featured_media":30624,"comment_status":"open","ping_status":"closed","template":"","meta":{"_acf_changed":false},"product_brand":[],"product_cat":[150,29],"product_tag":[83],"class_list":{"0":"post-5785","1":"product","2":"type-product","3":"status-publish","4":"has-post-thumbnail","6":"product_cat-alimentatie","7":"product_cat-bebe-la-masa","8":"product_tag-nutritie","10":"first","11":"instock","12":"shipping-taxable","13":"purchasable","14":"product-type-simple"},"acf":[],"yoast_head":"<!-- This site is optimized with the Yoast SEO plugin v25.3.1 - https:\/\/yoast.com\/wordpress\/plugins\/seo\/ -->\n<title>Babymoov - Robot multifunctional 5 in 1 Nutribaby (+) Mineral Beige - My Store<\/title>\n<meta name=\"robots\" content=\"noindex, follow, max-snippet:-1, max-image-preview:large, max-video-preview:-1\" \/>\n<meta property=\"og:locale\" content=\"en_US\" \/>\n<meta property=\"og:type\" content=\"article\" \/>\n<meta property=\"og:title\" content=\"Babymoov - Robot multifunctional 5 in 1 Nutribaby (+) Mineral Beige - My Store\" \/>\n<meta property=\"og:description\" content=\"Robotul multifunctional esen\u021bial pentru mese variate, sanatoase si gustoase, cu multiple functionalitati: -5 functii distincte: gatire la abur, blender, sterilizator biberoane, incalzitor biberoane si alte recipiente, decongelare alimente -2 recipiente pentru gatirea la abur: conserva vitaminele si mineralele -datorita capacitatii sale mari de gatire, se pot prepara mai mult de 10 mese in avans -usor de utilizat datorita celor 10 programe, alarme, temporizator si oprire automata. In etapa diversificarii. fiecare mamica doreste tot ceea ce este mai bun pentru bebelus: mancare sanatoasa si variata - insa acest lucru inseamna mult timp petrecut in bucatarie, iar timpul devine foarte pretios atunci cand devii mamica. Din dorinta de a oferi bebelusilor tot ceea ce este mai bun din fructe, legume, carne etc. si a pastra toate vitaminele si nutrientii, Babymoov a creat Nutribaby (+) pentru diversificare simpla si sanatoasa si pentru clipe placute petrecute alaturi de bebelus.\" \/>\n<meta property=\"og:url\" content=\"https:\/\/mamaonline.alta-agentie.ro\/?product=babymoov-robot-multifunctional-5-in-1-nutribaby-mineral-beige\" \/>\n<meta property=\"og:site_name\" content=\"My Store\" \/>\n<meta name=\"twitter:card\" content=\"summary_large_image\" \/>\n<meta name=\"twitter:label1\" content=\"Est. reading time\" \/>\n\t<meta name=\"twitter:data1\" content=\"3 minutes\" \/>\n<script type=\"application\/ld+json\" class=\"yoast-schema-graph\">{\"@context\":\"https:\/\/schema.org\",\"@graph\":[{\"@type\":\"WebPage\",\"@id\":\"https:\/\/mamaonline.alta-agentie.ro\/?product=babymoov-robot-multifunctional-5-in-1-nutribaby-mineral-beige\",\"url\":\"https:\/\/mamaonline.alta-agentie.ro\/?product=babymoov-robot-multifunctional-5-in-1-nutribaby-mineral-beige\",\"name\":\"Babymoov - Robot multifunctional 5 in 1 Nutribaby (+) Mineral Beige - My Store\",\"isPartOf\":{\"@id\":\"https:\/\/mamaonline.alta-agentie.ro\/#website\"},\"primaryImageOfPage\":{\"@id\":\"https:\/\/mamaonline.alta-agentie.ro\/?product=babymoov-robot-multifunctional-5-in-1-nutribaby-mineral-beige#primaryimage\"},\"image\":{\"@id\":\"https:\/\/mamaonline.alta-agentie.ro\/?product=babymoov-robot-multifunctional-5-in-1-nutribaby-mineral-beige#primaryimage\"},\"thumbnailUrl\":\"\",\"datePublished\":\"2024-03-04T17:53:23+00:00\",\"breadcrumb\":{\"@id\":\"https:\/\/mamaonline.alta-agentie.ro\/?product=babymoov-robot-multifunctional-5-in-1-nutribaby-mineral-beige#breadcrumb\"},\"inLanguage\":\"en-US\",\"potentialAction\":[{\"@type\":\"ReadAction\",\"target\":[\"https:\/\/mamaonline.alta-agentie.ro\/?product=babymoov-robot-multifunctional-5-in-1-nutribaby-mineral-beige\"]}]},{\"@type\":\"ImageObject\",\"inLanguage\":\"en-US\",\"@id\":\"https:\/\/mamaonline.alta-agentie.ro\/?product=babymoov-robot-multifunctional-5-in-1-nutribaby-mineral-beige#primaryimage\",\"url\":\"\",\"contentUrl\":\"\"},{\"@type\":\"BreadcrumbList\",\"@id\":\"https:\/\/mamaonline.alta-agentie.ro\/?product=babymoov-robot-multifunctional-5-in-1-nutribaby-mineral-beige#breadcrumb\",\"itemListElement\":[{\"@type\":\"ListItem\",\"position\":1,\"name\":\"Home\",\"item\":\"https:\/\/mamaonline.alta-agentie.ro\/\"},{\"@type\":\"ListItem\",\"position\":2,\"name\":\"Products\",\"item\":\"https:\/\/mamaonline.alta-agentie.ro\/?post_type=product\"},{\"@type\":\"ListItem\",\"position\":3,\"name\":\"Babymoov - Robot multifunctional 5 in 1 Nutribaby (+) Mineral Beige\"}]},{\"@type\":\"WebSite\",\"@id\":\"https:\/\/mamaonline.alta-agentie.ro\/#website\",\"url\":\"https:\/\/mamaonline.alta-agentie.ro\/\",\"name\":\"My Store\",\"description\":\"\",\"potentialAction\":[{\"@type\":\"SearchAction\",\"target\":{\"@type\":\"EntryPoint\",\"urlTemplate\":\"https:\/\/mamaonline.alta-agentie.ro\/?s={search_term_string}\"},\"query-input\":{\"@type\":\"PropertyValueSpecification\",\"valueRequired\":true,\"valueName\":\"search_term_string\"}}],\"inLanguage\":\"en-US\"}]}<\/script>\n<!-- \/ Yoast SEO plugin. -->","yoast_head_json":{"title":"Babymoov - Robot multifunctional 5 in 1 Nutribaby (+) Mineral Beige - My Store","robots":{"index":"noindex","follow":"follow","max-snippet":"max-snippet:-1","max-image-preview":"max-image-preview:large","max-video-preview":"max-video-preview:-1"},"og_locale":"en_US","og_type":"article","og_title":"Babymoov - Robot multifunctional 5 in 1 Nutribaby (+) Mineral Beige - My Store","og_description":"Robotul multifunctional esen\u021bial pentru mese variate, sanatoase si gustoase, cu multiple functionalitati: -5 functii distincte: gatire la abur, blender, sterilizator biberoane, incalzitor biberoane si alte recipiente, decongelare alimente -2 recipiente pentru gatirea la abur: conserva vitaminele si mineralele -datorita capacitatii sale mari de gatire, se pot prepara mai mult de 10 mese in avans -usor de utilizat datorita celor 10 programe, alarme, temporizator si oprire automata. In etapa diversificarii. fiecare mamica doreste tot ceea ce este mai bun pentru bebelus: mancare sanatoasa si variata - insa acest lucru inseamna mult timp petrecut in bucatarie, iar timpul devine foarte pretios atunci cand devii mamica. Din dorinta de a oferi bebelusilor tot ceea ce este mai bun din fructe, legume, carne etc. si a pastra toate vitaminele si nutrientii, Babymoov a creat Nutribaby (+) pentru diversificare simpla si sanatoasa si pentru clipe placute petrecute alaturi de bebelus.","og_url":"https:\/\/mamaonline.alta-agentie.ro\/?product=babymoov-robot-multifunctional-5-in-1-nutribaby-mineral-beige","og_site_name":"My Store","twitter_card":"summary_large_image","twitter_misc":{"Est. reading time":"3 minutes"},"schema":{"@context":"https:\/\/schema.org","@graph":[{"@type":"WebPage","@id":"https:\/\/mamaonline.alta-agentie.ro\/?product=babymoov-robot-multifunctional-5-in-1-nutribaby-mineral-beige","url":"https:\/\/mamaonline.alta-agentie.ro\/?product=babymoov-robot-multifunctional-5-in-1-nutribaby-mineral-beige","name":"Babymoov - Robot multifunctional 5 in 1 Nutribaby (+) Mineral Beige - My Store","isPartOf":{"@id":"https:\/\/mamaonline.alta-agentie.ro\/#website"},"primaryImageOfPage":{"@id":"https:\/\/mamaonline.alta-agentie.ro\/?product=babymoov-robot-multifunctional-5-in-1-nutribaby-mineral-beige#primaryimage"},"image":{"@id":"https:\/\/mamaonline.alta-agentie.ro\/?product=babymoov-robot-multifunctional-5-in-1-nutribaby-mineral-beige#primaryimage"},"thumbnailUrl":"","datePublished":"2024-03-04T17:53:23+00:00","breadcrumb":{"@id":"https:\/\/mamaonline.alta-agentie.ro\/?product=babymoov-robot-multifunctional-5-in-1-nutribaby-mineral-beige#breadcrumb"},"inLanguage":"en-US","potentialAction":[{"@type":"ReadAction","target":["https:\/\/mamaonline.alta-agentie.ro\/?product=babymoov-robot-multifunctional-5-in-1-nutribaby-mineral-beige"]}]},{"@type":"ImageObject","inLanguage":"en-US","@id":"https:\/\/mamaonline.alta-agentie.ro\/?product=babymoov-robot-multifunctional-5-in-1-nutribaby-mineral-beige#primaryimage","url":"","contentUrl":""},{"@type":"BreadcrumbList","@id":"https:\/\/mamaonline.alta-agentie.ro\/?product=babymoov-robot-multifunctional-5-in-1-nutribaby-mineral-beige#breadcrumb","itemListElement":[{"@type":"ListItem","position":1,"name":"Home","item":"https:\/\/mamaonline.alta-agentie.ro\/"},{"@type":"ListItem","position":2,"name":"Products","item":"https:\/\/mamaonline.alta-agentie.ro\/?post_type=product"},{"@type":"ListItem","position":3,"name":"Babymoov - Robot multifunctional 5 in 1 Nutribaby (+) Mineral Beige"}]},{"@type":"WebSite","@id":"https:\/\/mamaonline.alta-agentie.ro\/#website","url":"https:\/\/mamaonline.alta-agentie.ro\/","name":"My Store","description":"","potentialAction":[{"@type":"SearchAction","target":{"@type":"EntryPoint","urlTemplate":"https:\/\/mamaonline.alta-agentie.ro\/?s={search_term_string}"},"query-input":{"@type":"PropertyValueSpecification","valueRequired":true,"valueName":"search_term_string"}}],"inLanguage":"en-US"}]}},"_links":{"self":[{"href":"https:\/\/mamaonline.alta-agentie.ro\/index.php?rest_route=\/wp\/v2\/product\/5785","targetHints":{"allow":["GET"]}}],"collection":[{"href":"https:\/\/mamaonline.alta-agentie.ro\/index.php?rest_route=\/wp\/v2\/product"}],"about":[{"href":"https:\/\/mamaonline.alta-agentie.ro\/index.php?rest_route=\/wp\/v2\/types\/product"}],"replies":[{"embeddable":true,"href":"https:\/\/mamaonline.alta-agentie.ro\/index.php?rest_route=%2Fwp%2Fv2%2Fcomments&post=5785"}],"wp:featuredmedia":[{"embeddable":true,"href":"https:\/\/mamaonline.alta-agentie.ro\/index.php?rest_route=\/"}],"wp:attachment":[{"href":"https:\/\/mamaonline.alta-agentie.ro\/index.php?rest_route=%2Fwp%2Fv2%2Fmedia&parent=5785"}],"wp:term":[{"taxonomy":"product_brand","embeddable":true,"href":"https:\/\/mamaonline.alta-agentie.ro\/index.php?rest_route=%2Fwp%2Fv2%2Fproduct_brand&post=5785"},{"taxonomy":"product_cat","embeddable":true,"href":"https:\/\/mamaonline.alta-agentie.ro\/index.php?rest_route=%2Fwp%2Fv2%2Fproduct_cat&post=5785"},{"taxonomy":"product_tag","embeddable":true,"href":"https:\/\/mamaonline.alta-agentie.ro\/index.php?rest_route=%2Fwp%2Fv2%2Fproduct_tag&post=5785"}],"curies":[{"name":"wp","href":"https:\/\/api.w.org\/{rel}","templated":true}]}}