{"id":5517,"date":"2024-03-04T17:51:01","date_gmt":"2024-03-04T17:51:01","guid":{"rendered":"https:\/\/mamaonline.ro\/new\/?post_type=product&amp;p=5517"},"modified":"2024-03-04T17:51:01","modified_gmt":"2024-03-04T17:51:01","slug":"babygo-scaun-auto-nova2-black-40-150-cm-certificat-r129","status":"publish","type":"product","link":"https:\/\/mamaonline.alta-agentie.ro\/?product=babygo-scaun-auto-nova2-black-40-150-cm-certificat-r129","title":{"rendered":"BabyGo - Scaun auto Nova2, Black, 40 -150 cm, certificat R129"},"content":{"rendered":"<p>Scaunul GabyGo Nova2 are caracteristici unice care asigur\u0103 o c\u0103l\u0103torie u\u0219oar\u0103 \u0219i pl\u0103cut\u0103 at\u00e2t pentru p\u0103rin\u021bi, c\u00e2t \u0219i pentru copii, acest scaun reprezint\u0103 o \u00eembun\u0103t\u0103\u021bire revolu\u021bionar\u0103 \u00een lumea siguran\u021bei copiilor.<br \/>\nRotirea la 360 de grade permite copilului s\u0103 fie a\u0219ezat \u0219i fixat cu u\u0219urin\u021b\u0103, indiferent dac\u0103 alege\u021bi o pozi\u021bie orientat\u0103 spre fa\u021b\u0103 sau cu spatele la sensul de mers.<\/p>\n<p>Forward-Facing \u00eentre 76-150 cm;<br \/>\nRear-Facing \u00eentre 40-105 cm.<\/p>\n<p>Sp\u0103tarul este reglabil \u00een 5 moduri, iar tetiera este reglabil\u0103 \u00een 11 moduri pentru a se potrivi perfect cu copilului dumneavoastr\u0103 \u00een cre\u0219tere. Cu aceste caracteristici, pute\u021bi fi sigur c\u0103 scaunul ofer\u0103 \u00eentotdeauna cea mai bun\u0103 potrivire \u0219i confort pentru copil.<br \/>\nDimensiunile produsului de 45x53x60-80 cm, scaunul se potrive\u0219te cu u\u0219urin\u021b\u0103 \u00een ma\u0219in\u0103, asigur\u00e2nd o instalare u\u0219oar\u0103 \u0219i convenabil\u0103.<\/p>\n","protected":false},"excerpt":{"rendered":"<p>Scaunul inovator BabyGo pentru copii, conform celui mai recent standard ECE R129, vine cu caracteristici unice pentru a face c\u0103l\u0103toria u\u0219oar\u0103 \u0219i confortabil\u0103. Unul dintre aspectele remarcabile este capacitatea sa de a se roti cu o singur\u0103 m\u00e2n\u0103 la 360 de grade, permi\u021b\u00e2ndu-v\u0103 s\u0103 ave\u021bi acces u\u0219or la copila\u0219ul dumneavoastr\u0103. BabyGO pune siguran\u021ba \u0219i confortul copiilor pe primul loc \u0219i stabile\u0219te un nou standard de siguran\u021b\u0103 pentru scaunele auto destinate copiilor.<\/p>\n","protected":false},"featured_media":30329,"comment_status":"open","ping_status":"closed","template":"","meta":{"_acf_changed":false},"product_brand":[],"product_cat":[44],"product_tag":[118],"class_list":{"0":"post-5517","1":"product","2":"type-product","3":"status-publish","4":"has-post-thumbnail","6":"product_cat-carucioare-patuturi","7":"product_tag-scaun-auto","9":"first","10":"instock","11":"shipping-taxable","12":"purchasable","13":"product-type-simple"},"acf":[],"yoast_head":"<!-- This site is optimized with the Yoast SEO plugin v25.3.1 - https:\/\/yoast.com\/wordpress\/plugins\/seo\/ -->\n<title>BabyGo - Scaun auto Nova2, Black, 40 -150 cm, certificat R129 - My Store<\/title>\n<meta name=\"robots\" content=\"noindex, follow, max-snippet:-1, max-image-preview:large, max-video-preview:-1\" \/>\n<meta property=\"og:locale\" content=\"en_US\" \/>\n<meta property=\"og:type\" content=\"article\" \/>\n<meta property=\"og:title\" content=\"BabyGo - Scaun auto Nova2, Black, 40 -150 cm, certificat R129 - My Store\" \/>\n<meta property=\"og:description\" content=\"Scaunul inovator BabyGo pentru copii, conform celui mai recent standard ECE R129, vine cu caracteristici unice pentru a face c\u0103l\u0103toria u\u0219oar\u0103 \u0219i confortabil\u0103. Unul dintre aspectele remarcabile este capacitatea sa de a se roti cu o singur\u0103 m\u00e2n\u0103 la 360 de grade, permi\u021b\u00e2ndu-v\u0103 s\u0103 ave\u021bi acces u\u0219or la copila\u0219ul dumneavoastr\u0103. BabyGO pune siguran\u021ba \u0219i confortul copiilor pe primul loc \u0219i stabile\u0219te un nou standard de siguran\u021b\u0103 pentru scaunele auto destinate copiilor.\" \/>\n<meta property=\"og:url\" content=\"https:\/\/mamaonline.alta-agentie.ro\/?product=babygo-scaun-auto-nova2-black-40-150-cm-certificat-r129\" \/>\n<meta property=\"og:site_name\" content=\"My Store\" \/>\n<meta name=\"twitter:card\" content=\"summary_large_image\" \/>\n<meta name=\"twitter:label1\" content=\"Est. reading time\" \/>\n\t<meta name=\"twitter:data1\" content=\"1 minute\" \/>\n<script type=\"application\/ld+json\" class=\"yoast-schema-graph\">{\"@context\":\"https:\/\/schema.org\",\"@graph\":[{\"@type\":\"WebPage\",\"@id\":\"https:\/\/mamaonline.alta-agentie.ro\/?product=babygo-scaun-auto-nova2-black-40-150-cm-certificat-r129\",\"url\":\"https:\/\/mamaonline.alta-agentie.ro\/?product=babygo-scaun-auto-nova2-black-40-150-cm-certificat-r129\",\"name\":\"BabyGo - Scaun auto Nova2, Black, 40 -150 cm, certificat R129 - My Store\",\"isPartOf\":{\"@id\":\"https:\/\/mamaonline.alta-agentie.ro\/#website\"},\"primaryImageOfPage\":{\"@id\":\"https:\/\/mamaonline.alta-agentie.ro\/?product=babygo-scaun-auto-nova2-black-40-150-cm-certificat-r129#primaryimage\"},\"image\":{\"@id\":\"https:\/\/mamaonline.alta-agentie.ro\/?product=babygo-scaun-auto-nova2-black-40-150-cm-certificat-r129#primaryimage\"},\"thumbnailUrl\":\"\",\"datePublished\":\"2024-03-04T17:51:01+00:00\",\"breadcrumb\":{\"@id\":\"https:\/\/mamaonline.alta-agentie.ro\/?product=babygo-scaun-auto-nova2-black-40-150-cm-certificat-r129#breadcrumb\"},\"inLanguage\":\"en-US\",\"potentialAction\":[{\"@type\":\"ReadAction\",\"target\":[\"https:\/\/mamaonline.alta-agentie.ro\/?product=babygo-scaun-auto-nova2-black-40-150-cm-certificat-r129\"]}]},{\"@type\":\"ImageObject\",\"inLanguage\":\"en-US\",\"@id\":\"https:\/\/mamaonline.alta-agentie.ro\/?product=babygo-scaun-auto-nova2-black-40-150-cm-certificat-r129#primaryimage\",\"url\":\"\",\"contentUrl\":\"\"},{\"@type\":\"BreadcrumbList\",\"@id\":\"https:\/\/mamaonline.alta-agentie.ro\/?product=babygo-scaun-auto-nova2-black-40-150-cm-certificat-r129#breadcrumb\",\"itemListElement\":[{\"@type\":\"ListItem\",\"position\":1,\"name\":\"Home\",\"item\":\"https:\/\/mamaonline.alta-agentie.ro\/\"},{\"@type\":\"ListItem\",\"position\":2,\"name\":\"Products\",\"item\":\"https:\/\/mamaonline.alta-agentie.ro\/?post_type=product\"},{\"@type\":\"ListItem\",\"position\":3,\"name\":\"BabyGo - Scaun auto Nova2, Black, 40 -150 cm, certificat R129\"}]},{\"@type\":\"WebSite\",\"@id\":\"https:\/\/mamaonline.alta-agentie.ro\/#website\",\"url\":\"https:\/\/mamaonline.alta-agentie.ro\/\",\"name\":\"My Store\",\"description\":\"\",\"potentialAction\":[{\"@type\":\"SearchAction\",\"target\":{\"@type\":\"EntryPoint\",\"urlTemplate\":\"https:\/\/mamaonline.alta-agentie.ro\/?s={search_term_string}\"},\"query-input\":{\"@type\":\"PropertyValueSpecification\",\"valueRequired\":true,\"valueName\":\"search_term_string\"}}],\"inLanguage\":\"en-US\"}]}<\/script>\n<!-- \/ Yoast SEO plugin. -->","yoast_head_json":{"title":"BabyGo - Scaun auto Nova2, Black, 40 -150 cm, certificat R129 - My Store","robots":{"index":"noindex","follow":"follow","max-snippet":"max-snippet:-1","max-image-preview":"max-image-preview:large","max-video-preview":"max-video-preview:-1"},"og_locale":"en_US","og_type":"article","og_title":"BabyGo - Scaun auto Nova2, Black, 40 -150 cm, certificat R129 - My Store","og_description":"Scaunul inovator BabyGo pentru copii, conform celui mai recent standard ECE R129, vine cu caracteristici unice pentru a face c\u0103l\u0103toria u\u0219oar\u0103 \u0219i confortabil\u0103. Unul dintre aspectele remarcabile este capacitatea sa de a se roti cu o singur\u0103 m\u00e2n\u0103 la 360 de grade, permi\u021b\u00e2ndu-v\u0103 s\u0103 ave\u021bi acces u\u0219or la copila\u0219ul dumneavoastr\u0103. BabyGO pune siguran\u021ba \u0219i confortul copiilor pe primul loc \u0219i stabile\u0219te un nou standard de siguran\u021b\u0103 pentru scaunele auto destinate copiilor.","og_url":"https:\/\/mamaonline.alta-agentie.ro\/?product=babygo-scaun-auto-nova2-black-40-150-cm-certificat-r129","og_site_name":"My Store","twitter_card":"summary_large_image","twitter_misc":{"Est. reading time":"1 minute"},"schema":{"@context":"https:\/\/schema.org","@graph":[{"@type":"WebPage","@id":"https:\/\/mamaonline.alta-agentie.ro\/?product=babygo-scaun-auto-nova2-black-40-150-cm-certificat-r129","url":"https:\/\/mamaonline.alta-agentie.ro\/?product=babygo-scaun-auto-nova2-black-40-150-cm-certificat-r129","name":"BabyGo - Scaun auto Nova2, Black, 40 -150 cm, certificat R129 - My Store","isPartOf":{"@id":"https:\/\/mamaonline.alta-agentie.ro\/#website"},"primaryImageOfPage":{"@id":"https:\/\/mamaonline.alta-agentie.ro\/?product=babygo-scaun-auto-nova2-black-40-150-cm-certificat-r129#primaryimage"},"image":{"@id":"https:\/\/mamaonline.alta-agentie.ro\/?product=babygo-scaun-auto-nova2-black-40-150-cm-certificat-r129#primaryimage"},"thumbnailUrl":"","datePublished":"2024-03-04T17:51:01+00:00","breadcrumb":{"@id":"https:\/\/mamaonline.alta-agentie.ro\/?product=babygo-scaun-auto-nova2-black-40-150-cm-certificat-r129#breadcrumb"},"inLanguage":"en-US","potentialAction":[{"@type":"ReadAction","target":["https:\/\/mamaonline.alta-agentie.ro\/?product=babygo-scaun-auto-nova2-black-40-150-cm-certificat-r129"]}]},{"@type":"ImageObject","inLanguage":"en-US","@id":"https:\/\/mamaonline.alta-agentie.ro\/?product=babygo-scaun-auto-nova2-black-40-150-cm-certificat-r129#primaryimage","url":"","contentUrl":""},{"@type":"BreadcrumbList","@id":"https:\/\/mamaonline.alta-agentie.ro\/?product=babygo-scaun-auto-nova2-black-40-150-cm-certificat-r129#breadcrumb","itemListElement":[{"@type":"ListItem","position":1,"name":"Home","item":"https:\/\/mamaonline.alta-agentie.ro\/"},{"@type":"ListItem","position":2,"name":"Products","item":"https:\/\/mamaonline.alta-agentie.ro\/?post_type=product"},{"@type":"ListItem","position":3,"name":"BabyGo - Scaun auto Nova2, Black, 40 -150 cm, certificat R129"}]},{"@type":"WebSite","@id":"https:\/\/mamaonline.alta-agentie.ro\/#website","url":"https:\/\/mamaonline.alta-agentie.ro\/","name":"My Store","description":"","potentialAction":[{"@type":"SearchAction","target":{"@type":"EntryPoint","urlTemplate":"https:\/\/mamaonline.alta-agentie.ro\/?s={search_term_string}"},"query-input":{"@type":"PropertyValueSpecification","valueRequired":true,"valueName":"search_term_string"}}],"inLanguage":"en-US"}]}},"_links":{"self":[{"href":"https:\/\/mamaonline.alta-agentie.ro\/index.php?rest_route=\/wp\/v2\/product\/5517","targetHints":{"allow":["GET"]}}],"collection":[{"href":"https:\/\/mamaonline.alta-agentie.ro\/index.php?rest_route=\/wp\/v2\/product"}],"about":[{"href":"https:\/\/mamaonline.alta-agentie.ro\/index.php?rest_route=\/wp\/v2\/types\/product"}],"replies":[{"embeddable":true,"href":"https:\/\/mamaonline.alta-agentie.ro\/index.php?rest_route=%2Fwp%2Fv2%2Fcomments&post=5517"}],"wp:featuredmedia":[{"embeddable":true,"href":"https:\/\/mamaonline.alta-agentie.ro\/index.php?rest_route=\/"}],"wp:attachment":[{"href":"https:\/\/mamaonline.alta-agentie.ro\/index.php?rest_route=%2Fwp%2Fv2%2Fmedia&parent=5517"}],"wp:term":[{"taxonomy":"product_brand","embeddable":true,"href":"https:\/\/mamaonline.alta-agentie.ro\/index.php?rest_route=%2Fwp%2Fv2%2Fproduct_brand&post=5517"},{"taxonomy":"product_cat","embeddable":true,"href":"https:\/\/mamaonline.alta-agentie.ro\/index.php?rest_route=%2Fwp%2Fv2%2Fproduct_cat&post=5517"},{"taxonomy":"product_tag","embeddable":true,"href":"https:\/\/mamaonline.alta-agentie.ro\/index.php?rest_route=%2Fwp%2Fv2%2Fproduct_tag&post=5517"}],"curies":[{"name":"wp","href":"https:\/\/api.w.org\/{rel}","templated":true}]}}