{"id":5385,"date":"2024-03-04T17:49:41","date_gmt":"2024-03-04T17:49:41","guid":{"rendered":"https:\/\/mamaonline.ro\/new\/?post_type=product&amp;p=5385"},"modified":"2024-03-04T17:49:41","modified_gmt":"2024-03-04T17:49:41","slug":"bibs-set-4-suzete-try-it-collection-0-luni-ivory","status":"publish","type":"product","link":"https:\/\/mamaonline.alta-agentie.ro\/?product=bibs-set-4-suzete-try-it-collection-0-luni-ivory","title":{"rendered":"BIBS - Set 4 suzete Try-it collection 0 luni +-Ivory"},"content":{"rendered":"<p>Cele 4 suzete BIBS din colectia Try-it au tetina din latex \u0219i silicon. Latexul este un material realizat din fluidul provenit de la arborele de cauciuc (hevea). Acest fluid este rafinat, obtinandu-se astfel latexul &ndash; un material rezistent, elastic, moale fiind asem\u0103n\u0103tor ca textul cu sanul mamei. Cele cu tetina din sislicon au forma specifica care ofera bebelusului tehnica potrivita de supt la san.<br \/>\nIn setul BIBS de 4 suzete se regasesc cele 3 tipuri de tetina (rotunda, simetrica si anatomica) pentru ca tu si bebelusul tau sa gasiti suzeta BIBS preferata. Tetina rotunda este gandita pentru a imita mamelonul mamei, cea anatomica e conceputa pentru a oglindi forma gurii micutului si tetina simetrica are forma cea mai naturala.<\/p>\n<p>Toate caracteristicile:<br \/>\nSetul con\u021bine: 1 suzeta colectia Colour cu tetina rotunda din latex, 1 suzeta colectia De Lux cu tetina rotunda din silicon, 1 suzeta colectia Couture cu tetina anatomica din latex, 1 suzeta colectia Supreme cu tetina simetrica din silicon<br \/>\nTetinele suzetelor sunt concepute cu o valva care permite aerului sa iasa atunci cand bebelusul inchide gurita si preia forma naturala a cavitatii bucale a bebelusului.<br \/>\nToate suzetele din colectia Try-it sunt de cea mai mica dimensiune \u0219i pot fi folosite \u00eenc\u0103 de la na\u0219tere.<br \/>\nCuratarea si sterilizarea suzetei<br \/>\nO buna igiena a suzetei presupune curatarea ei frecventa. Cu cat bebelusul este mai mic, cu atat este mai important sa protejam suzeta de bacterii si sa mentinem o buna igiena a acesteia.<br \/>\nInainte de prima utilizare, suzeta trebuie sterilizata.<br \/>\nLatexul este un material natural, care la tempetaruri de peste 100 grade C se poate rupe. Prin urmare, suzetele din Latex NU se vor steriliza la microunde, la sterilizator cu aburi, sterilizator UV sau in solutie pentru sterilizare.<\/p>\n<p>Sterilizarea suzetei presupune 3 pasi simpli:<br \/>\n1. Se pune suzeta intr-un bol curat.<br \/>\n2. Se toarna apa fierbinte peste suzeta si se lasa 5 minute.<br \/>\n3. Se scoate suzeta pe un servetel curat si se lasa sa se usuce.<br \/>\nIn cazul in care apa a patruns in interiorul tetinei (prin valva acesteia), cu ajutorul servetelului vom presa tetina pana cand apa este eliminata.<\/p>\n","protected":false},"excerpt":{"rendered":"<p>Setul de 4 suzete vine \u00een ajutorul p\u0103rin\u021bilor pentru a alege \u00eentotdeauna suzeta corecta. Atunci c\u00e2nd vine vorba despre forma sau tipul suzetei nicio dimensiune nu este corecta sau gre\u0219it\u0103 deoarece to\u021bi bebelusii sunt diferi\u021bi prin anatomie \u0219i nevoi. Datorit\u0103 acestui set BIBS Try-it p\u0103rin\u021bii pot \u00eencerca toate cele 4 tipuri de suzete pentru a descoperi suzeta perfect\u0103 ca m\u0103rime, forma \u0219i material.<\/p>\n","protected":false},"featured_media":30251,"comment_status":"open","ping_status":"closed","template":"","meta":{"_acf_changed":false},"product_brand":[],"product_cat":[29,134],"product_tag":[132],"class_list":{"0":"post-5385","1":"product","2":"type-product","3":"status-publish","4":"has-post-thumbnail","6":"product_cat-bebe-la-masa","7":"product_cat-suzete-bebelusi","8":"product_tag-suzeta","10":"first","11":"instock","12":"shipping-taxable","13":"purchasable","14":"product-type-simple"},"acf":[],"yoast_head":"<!-- This site is optimized with the Yoast SEO plugin v25.3.1 - https:\/\/yoast.com\/wordpress\/plugins\/seo\/ -->\n<title>BIBS - Set 4 suzete Try-it collection 0 luni +-Ivory - My Store<\/title>\n<meta name=\"robots\" content=\"noindex, follow, max-snippet:-1, max-image-preview:large, max-video-preview:-1\" \/>\n<meta property=\"og:locale\" content=\"en_US\" \/>\n<meta property=\"og:type\" content=\"article\" \/>\n<meta property=\"og:title\" content=\"BIBS - Set 4 suzete Try-it collection 0 luni +-Ivory - My Store\" \/>\n<meta property=\"og:description\" content=\"Setul de 4 suzete vine \u00een ajutorul p\u0103rin\u021bilor pentru a alege \u00eentotdeauna suzeta corecta. Atunci c\u00e2nd vine vorba despre forma sau tipul suzetei nicio dimensiune nu este corecta sau gre\u0219it\u0103 deoarece to\u021bi bebelusii sunt diferi\u021bi prin anatomie \u0219i nevoi. Datorit\u0103 acestui set BIBS Try-it p\u0103rin\u021bii pot \u00eencerca toate cele 4 tipuri de suzete pentru a descoperi suzeta perfect\u0103 ca m\u0103rime, forma \u0219i material.\" \/>\n<meta property=\"og:url\" content=\"https:\/\/mamaonline.alta-agentie.ro\/?product=bibs-set-4-suzete-try-it-collection-0-luni-ivory\" \/>\n<meta property=\"og:site_name\" content=\"My Store\" \/>\n<meta name=\"twitter:card\" content=\"summary_large_image\" \/>\n<meta name=\"twitter:label1\" content=\"Est. reading time\" \/>\n\t<meta name=\"twitter:data1\" content=\"2 minutes\" \/>\n<script type=\"application\/ld+json\" class=\"yoast-schema-graph\">{\"@context\":\"https:\/\/schema.org\",\"@graph\":[{\"@type\":\"WebPage\",\"@id\":\"https:\/\/mamaonline.alta-agentie.ro\/?product=bibs-set-4-suzete-try-it-collection-0-luni-ivory\",\"url\":\"https:\/\/mamaonline.alta-agentie.ro\/?product=bibs-set-4-suzete-try-it-collection-0-luni-ivory\",\"name\":\"BIBS - Set 4 suzete Try-it collection 0 luni +-Ivory - My Store\",\"isPartOf\":{\"@id\":\"https:\/\/mamaonline.alta-agentie.ro\/#website\"},\"primaryImageOfPage\":{\"@id\":\"https:\/\/mamaonline.alta-agentie.ro\/?product=bibs-set-4-suzete-try-it-collection-0-luni-ivory#primaryimage\"},\"image\":{\"@id\":\"https:\/\/mamaonline.alta-agentie.ro\/?product=bibs-set-4-suzete-try-it-collection-0-luni-ivory#primaryimage\"},\"thumbnailUrl\":\"\",\"datePublished\":\"2024-03-04T17:49:41+00:00\",\"breadcrumb\":{\"@id\":\"https:\/\/mamaonline.alta-agentie.ro\/?product=bibs-set-4-suzete-try-it-collection-0-luni-ivory#breadcrumb\"},\"inLanguage\":\"en-US\",\"potentialAction\":[{\"@type\":\"ReadAction\",\"target\":[\"https:\/\/mamaonline.alta-agentie.ro\/?product=bibs-set-4-suzete-try-it-collection-0-luni-ivory\"]}]},{\"@type\":\"ImageObject\",\"inLanguage\":\"en-US\",\"@id\":\"https:\/\/mamaonline.alta-agentie.ro\/?product=bibs-set-4-suzete-try-it-collection-0-luni-ivory#primaryimage\",\"url\":\"\",\"contentUrl\":\"\"},{\"@type\":\"BreadcrumbList\",\"@id\":\"https:\/\/mamaonline.alta-agentie.ro\/?product=bibs-set-4-suzete-try-it-collection-0-luni-ivory#breadcrumb\",\"itemListElement\":[{\"@type\":\"ListItem\",\"position\":1,\"name\":\"Home\",\"item\":\"https:\/\/mamaonline.alta-agentie.ro\/\"},{\"@type\":\"ListItem\",\"position\":2,\"name\":\"Products\",\"item\":\"https:\/\/mamaonline.alta-agentie.ro\/?post_type=product\"},{\"@type\":\"ListItem\",\"position\":3,\"name\":\"BIBS - Set 4 suzete Try-it collection 0 luni +-Ivory\"}]},{\"@type\":\"WebSite\",\"@id\":\"https:\/\/mamaonline.alta-agentie.ro\/#website\",\"url\":\"https:\/\/mamaonline.alta-agentie.ro\/\",\"name\":\"My Store\",\"description\":\"\",\"potentialAction\":[{\"@type\":\"SearchAction\",\"target\":{\"@type\":\"EntryPoint\",\"urlTemplate\":\"https:\/\/mamaonline.alta-agentie.ro\/?s={search_term_string}\"},\"query-input\":{\"@type\":\"PropertyValueSpecification\",\"valueRequired\":true,\"valueName\":\"search_term_string\"}}],\"inLanguage\":\"en-US\"}]}<\/script>\n<!-- \/ Yoast SEO plugin. -->","yoast_head_json":{"title":"BIBS - Set 4 suzete Try-it collection 0 luni +-Ivory - My Store","robots":{"index":"noindex","follow":"follow","max-snippet":"max-snippet:-1","max-image-preview":"max-image-preview:large","max-video-preview":"max-video-preview:-1"},"og_locale":"en_US","og_type":"article","og_title":"BIBS - Set 4 suzete Try-it collection 0 luni +-Ivory - My Store","og_description":"Setul de 4 suzete vine \u00een ajutorul p\u0103rin\u021bilor pentru a alege \u00eentotdeauna suzeta corecta. Atunci c\u00e2nd vine vorba despre forma sau tipul suzetei nicio dimensiune nu este corecta sau gre\u0219it\u0103 deoarece to\u021bi bebelusii sunt diferi\u021bi prin anatomie \u0219i nevoi. Datorit\u0103 acestui set BIBS Try-it p\u0103rin\u021bii pot \u00eencerca toate cele 4 tipuri de suzete pentru a descoperi suzeta perfect\u0103 ca m\u0103rime, forma \u0219i material.","og_url":"https:\/\/mamaonline.alta-agentie.ro\/?product=bibs-set-4-suzete-try-it-collection-0-luni-ivory","og_site_name":"My Store","twitter_card":"summary_large_image","twitter_misc":{"Est. reading time":"2 minutes"},"schema":{"@context":"https:\/\/schema.org","@graph":[{"@type":"WebPage","@id":"https:\/\/mamaonline.alta-agentie.ro\/?product=bibs-set-4-suzete-try-it-collection-0-luni-ivory","url":"https:\/\/mamaonline.alta-agentie.ro\/?product=bibs-set-4-suzete-try-it-collection-0-luni-ivory","name":"BIBS - Set 4 suzete Try-it collection 0 luni +-Ivory - My Store","isPartOf":{"@id":"https:\/\/mamaonline.alta-agentie.ro\/#website"},"primaryImageOfPage":{"@id":"https:\/\/mamaonline.alta-agentie.ro\/?product=bibs-set-4-suzete-try-it-collection-0-luni-ivory#primaryimage"},"image":{"@id":"https:\/\/mamaonline.alta-agentie.ro\/?product=bibs-set-4-suzete-try-it-collection-0-luni-ivory#primaryimage"},"thumbnailUrl":"","datePublished":"2024-03-04T17:49:41+00:00","breadcrumb":{"@id":"https:\/\/mamaonline.alta-agentie.ro\/?product=bibs-set-4-suzete-try-it-collection-0-luni-ivory#breadcrumb"},"inLanguage":"en-US","potentialAction":[{"@type":"ReadAction","target":["https:\/\/mamaonline.alta-agentie.ro\/?product=bibs-set-4-suzete-try-it-collection-0-luni-ivory"]}]},{"@type":"ImageObject","inLanguage":"en-US","@id":"https:\/\/mamaonline.alta-agentie.ro\/?product=bibs-set-4-suzete-try-it-collection-0-luni-ivory#primaryimage","url":"","contentUrl":""},{"@type":"BreadcrumbList","@id":"https:\/\/mamaonline.alta-agentie.ro\/?product=bibs-set-4-suzete-try-it-collection-0-luni-ivory#breadcrumb","itemListElement":[{"@type":"ListItem","position":1,"name":"Home","item":"https:\/\/mamaonline.alta-agentie.ro\/"},{"@type":"ListItem","position":2,"name":"Products","item":"https:\/\/mamaonline.alta-agentie.ro\/?post_type=product"},{"@type":"ListItem","position":3,"name":"BIBS - Set 4 suzete Try-it collection 0 luni +-Ivory"}]},{"@type":"WebSite","@id":"https:\/\/mamaonline.alta-agentie.ro\/#website","url":"https:\/\/mamaonline.alta-agentie.ro\/","name":"My Store","description":"","potentialAction":[{"@type":"SearchAction","target":{"@type":"EntryPoint","urlTemplate":"https:\/\/mamaonline.alta-agentie.ro\/?s={search_term_string}"},"query-input":{"@type":"PropertyValueSpecification","valueRequired":true,"valueName":"search_term_string"}}],"inLanguage":"en-US"}]}},"_links":{"self":[{"href":"https:\/\/mamaonline.alta-agentie.ro\/index.php?rest_route=\/wp\/v2\/product\/5385","targetHints":{"allow":["GET"]}}],"collection":[{"href":"https:\/\/mamaonline.alta-agentie.ro\/index.php?rest_route=\/wp\/v2\/product"}],"about":[{"href":"https:\/\/mamaonline.alta-agentie.ro\/index.php?rest_route=\/wp\/v2\/types\/product"}],"replies":[{"embeddable":true,"href":"https:\/\/mamaonline.alta-agentie.ro\/index.php?rest_route=%2Fwp%2Fv2%2Fcomments&post=5385"}],"wp:featuredmedia":[{"embeddable":true,"href":"https:\/\/mamaonline.alta-agentie.ro\/index.php?rest_route=\/"}],"wp:attachment":[{"href":"https:\/\/mamaonline.alta-agentie.ro\/index.php?rest_route=%2Fwp%2Fv2%2Fmedia&parent=5385"}],"wp:term":[{"taxonomy":"product_brand","embeddable":true,"href":"https:\/\/mamaonline.alta-agentie.ro\/index.php?rest_route=%2Fwp%2Fv2%2Fproduct_brand&post=5385"},{"taxonomy":"product_cat","embeddable":true,"href":"https:\/\/mamaonline.alta-agentie.ro\/index.php?rest_route=%2Fwp%2Fv2%2Fproduct_cat&post=5385"},{"taxonomy":"product_tag","embeddable":true,"href":"https:\/\/mamaonline.alta-agentie.ro\/index.php?rest_route=%2Fwp%2Fv2%2Fproduct_tag&post=5385"}],"curies":[{"name":"wp","href":"https:\/\/api.w.org\/{rel}","templated":true}]}}