{"id":4137,"date":"2024-03-04T17:37:43","date_gmt":"2024-03-04T17:37:43","guid":{"rendered":"https:\/\/mamaonline.ro\/new\/?post_type=product&amp;p=4137"},"modified":"2024-03-04T17:37:43","modified_gmt":"2024-03-04T17:37:43","slug":"joie-carucior-ultracompact-parcel-nastere-22-kg-signature-carbon","status":"publish","type":"product","link":"https:\/\/mamaonline.alta-agentie.ro\/?product=joie-carucior-ultracompact-parcel-nastere-22-kg-signature-carbon","title":{"rendered":"Joie - Carucior ultracompact Parcel, nastere - 22 kg, Signature Carbon"},"content":{"rendered":"<p>Inscrie-te aici pentru Beneficii Exclusive oferite membrilor din Clubul Joie!<br \/>\n____________________________________________________<br \/>\nPLIERE COMPACTA<br \/>\nCreat pentru momentele in care aveti mainile ocupate si spatiul de depozitare este limitat, acest carucior dispune de o pliere rapida si compacta, perfecta pentru a fi depozitat in spatii mici sau pentru a fi luat in transportul public.<\/p>\n<p>DE LA NASTERE LA 22 kg<br \/>\nUtilizarea caruciorului Parcel iti permite sa gandesti pe termen lung - cu o capacitate de pana la 22 kg, acest carucior 3in1 este singurul carucior de care vei avea nevoie, este partenerul tau de aventura.<\/p>\n<p>3 MODURI INTR-UNUL SIGUR<br \/>\nCu caruciorul Parcel viata de parinte este mult mai usoara. Se transforma intr-un carucior 3 in 1 &ndash; totul foarte facil si simplu, fara ca parintele sa fie nevoit sa depuna mult efort. Se poate utiliza impreuna cu landoul Ramble&trade; si Ramble&trade; XL Se ataseaza cu usurinta cu ajutorul adaptorilor inclusi. Compatibil si cu scoicile auto: Gemm&trade;, i-Gemm&trade; 3, i-Level&trade; Recline, i-Snug&trade; 2. Se ataseaza cu usurinta cu ajutorul adaptorilor inclusi.<\/p>\n<p>Caracteristici:<br \/>\nSistem de franare cu o singura atingere<br \/>\nCatarame magnetice inteligente autoclick&trade;.<br \/>\nOptiuni multiple de inclinare a sezutului pentru confortul micutului.<br \/>\nCentura de siguranta cu prindere in 5 puncte de tip Soft Touch si protectii pentru umeri<br \/>\nCopertina generoasa prevazuta cu protectii solare SPF 50+ si fereastra<br \/>\nFereastra din plasa in spatele caruciorului pentru aerisire si pentru supravegherea micutului.<br \/>\nFrana se activeaza cu o singura miscare<br \/>\nPliere usoara, cu o singura mana.<br \/>\nGeanta de transport inclusa pentru un transport usor.<br \/>\nRotile frontale sunt pivotante si se adapteaza chiar si celor mai dificile tipuri de teren.<br \/>\nCos de depozitare incapator, cu acces atat din fata, cat si din spate.<br \/>\nSuport pentru picioare retractabil.<br \/>\nHusa de ploaie este inclusa .<\/p>\n","protected":false},"excerpt":{"rendered":"<p>Oric\u00e2nd \u0219i oriunde, c\u0103ruciorul ultracompact Parcel este \u00eentotdeauna gata de c\u0103l\u0103torie. Parcel este c\u0103ruciorul ultracompact \u0219i multifunc\u021bional, conceput pentru a combina cele mai ingenioase caracteristici \u0219i care transform\u0103 fiecare c\u0103l\u0103torie \u00eentr-o aventur\u0103 pl\u0103cut\u0103 \u0219i lipsit\u0103 de griji.<br \/>\nSolicita 1 An Extra-Garantie la acest produs!<\/p>\n","protected":false},"featured_media":29413,"comment_status":"open","ping_status":"closed","template":"","meta":{"_acf_changed":false},"product_brand":[],"product_cat":[158,44],"product_tag":[],"class_list":{"0":"post-4137","1":"product","2":"type-product","3":"status-publish","4":"has-post-thumbnail","6":"product_cat-carucioare","7":"product_cat-carucioare-patuturi","9":"first","10":"instock","11":"shipping-taxable","12":"purchasable","13":"product-type-simple"},"acf":[],"yoast_head":"<!-- This site is optimized with the Yoast SEO plugin v25.3.1 - https:\/\/yoast.com\/wordpress\/plugins\/seo\/ -->\n<title>Joie - Carucior ultracompact Parcel, nastere - 22 kg, Signature Carbon - My Store<\/title>\n<meta name=\"robots\" content=\"noindex, follow, max-snippet:-1, max-image-preview:large, max-video-preview:-1\" \/>\n<meta property=\"og:locale\" content=\"en_US\" \/>\n<meta property=\"og:type\" content=\"article\" \/>\n<meta property=\"og:title\" content=\"Joie - Carucior ultracompact Parcel, nastere - 22 kg, Signature Carbon - My Store\" \/>\n<meta property=\"og:description\" content=\"Oric\u00e2nd \u0219i oriunde, c\u0103ruciorul ultracompact Parcel este \u00eentotdeauna gata de c\u0103l\u0103torie. Parcel este c\u0103ruciorul ultracompact \u0219i multifunc\u021bional, conceput pentru a combina cele mai ingenioase caracteristici \u0219i care transform\u0103 fiecare c\u0103l\u0103torie \u00eentr-o aventur\u0103 pl\u0103cut\u0103 \u0219i lipsit\u0103 de griji. Solicita 1 An Extra-Garantie la acest produs!\" \/>\n<meta property=\"og:url\" content=\"https:\/\/mamaonline.alta-agentie.ro\/?product=joie-carucior-ultracompact-parcel-nastere-22-kg-signature-carbon\" \/>\n<meta property=\"og:site_name\" content=\"My Store\" \/>\n<meta name=\"twitter:card\" content=\"summary_large_image\" \/>\n<meta name=\"twitter:label1\" content=\"Est. reading time\" \/>\n\t<meta name=\"twitter:data1\" content=\"1 minute\" \/>\n<script type=\"application\/ld+json\" class=\"yoast-schema-graph\">{\"@context\":\"https:\/\/schema.org\",\"@graph\":[{\"@type\":\"WebPage\",\"@id\":\"https:\/\/mamaonline.alta-agentie.ro\/?product=joie-carucior-ultracompact-parcel-nastere-22-kg-signature-carbon\",\"url\":\"https:\/\/mamaonline.alta-agentie.ro\/?product=joie-carucior-ultracompact-parcel-nastere-22-kg-signature-carbon\",\"name\":\"Joie - Carucior ultracompact Parcel, nastere - 22 kg, Signature Carbon - My Store\",\"isPartOf\":{\"@id\":\"https:\/\/mamaonline.alta-agentie.ro\/#website\"},\"primaryImageOfPage\":{\"@id\":\"https:\/\/mamaonline.alta-agentie.ro\/?product=joie-carucior-ultracompact-parcel-nastere-22-kg-signature-carbon#primaryimage\"},\"image\":{\"@id\":\"https:\/\/mamaonline.alta-agentie.ro\/?product=joie-carucior-ultracompact-parcel-nastere-22-kg-signature-carbon#primaryimage\"},\"thumbnailUrl\":\"\",\"datePublished\":\"2024-03-04T17:37:43+00:00\",\"breadcrumb\":{\"@id\":\"https:\/\/mamaonline.alta-agentie.ro\/?product=joie-carucior-ultracompact-parcel-nastere-22-kg-signature-carbon#breadcrumb\"},\"inLanguage\":\"en-US\",\"potentialAction\":[{\"@type\":\"ReadAction\",\"target\":[\"https:\/\/mamaonline.alta-agentie.ro\/?product=joie-carucior-ultracompact-parcel-nastere-22-kg-signature-carbon\"]}]},{\"@type\":\"ImageObject\",\"inLanguage\":\"en-US\",\"@id\":\"https:\/\/mamaonline.alta-agentie.ro\/?product=joie-carucior-ultracompact-parcel-nastere-22-kg-signature-carbon#primaryimage\",\"url\":\"\",\"contentUrl\":\"\"},{\"@type\":\"BreadcrumbList\",\"@id\":\"https:\/\/mamaonline.alta-agentie.ro\/?product=joie-carucior-ultracompact-parcel-nastere-22-kg-signature-carbon#breadcrumb\",\"itemListElement\":[{\"@type\":\"ListItem\",\"position\":1,\"name\":\"Home\",\"item\":\"https:\/\/mamaonline.alta-agentie.ro\/\"},{\"@type\":\"ListItem\",\"position\":2,\"name\":\"Products\",\"item\":\"https:\/\/mamaonline.alta-agentie.ro\/?post_type=product\"},{\"@type\":\"ListItem\",\"position\":3,\"name\":\"Joie - Carucior ultracompact Parcel, nastere - 22 kg, Signature Carbon\"}]},{\"@type\":\"WebSite\",\"@id\":\"https:\/\/mamaonline.alta-agentie.ro\/#website\",\"url\":\"https:\/\/mamaonline.alta-agentie.ro\/\",\"name\":\"My Store\",\"description\":\"\",\"potentialAction\":[{\"@type\":\"SearchAction\",\"target\":{\"@type\":\"EntryPoint\",\"urlTemplate\":\"https:\/\/mamaonline.alta-agentie.ro\/?s={search_term_string}\"},\"query-input\":{\"@type\":\"PropertyValueSpecification\",\"valueRequired\":true,\"valueName\":\"search_term_string\"}}],\"inLanguage\":\"en-US\"}]}<\/script>\n<!-- \/ Yoast SEO plugin. -->","yoast_head_json":{"title":"Joie - Carucior ultracompact Parcel, nastere - 22 kg, Signature Carbon - My Store","robots":{"index":"noindex","follow":"follow","max-snippet":"max-snippet:-1","max-image-preview":"max-image-preview:large","max-video-preview":"max-video-preview:-1"},"og_locale":"en_US","og_type":"article","og_title":"Joie - Carucior ultracompact Parcel, nastere - 22 kg, Signature Carbon - My Store","og_description":"Oric\u00e2nd \u0219i oriunde, c\u0103ruciorul ultracompact Parcel este \u00eentotdeauna gata de c\u0103l\u0103torie. Parcel este c\u0103ruciorul ultracompact \u0219i multifunc\u021bional, conceput pentru a combina cele mai ingenioase caracteristici \u0219i care transform\u0103 fiecare c\u0103l\u0103torie \u00eentr-o aventur\u0103 pl\u0103cut\u0103 \u0219i lipsit\u0103 de griji. Solicita 1 An Extra-Garantie la acest produs!","og_url":"https:\/\/mamaonline.alta-agentie.ro\/?product=joie-carucior-ultracompact-parcel-nastere-22-kg-signature-carbon","og_site_name":"My Store","twitter_card":"summary_large_image","twitter_misc":{"Est. reading time":"1 minute"},"schema":{"@context":"https:\/\/schema.org","@graph":[{"@type":"WebPage","@id":"https:\/\/mamaonline.alta-agentie.ro\/?product=joie-carucior-ultracompact-parcel-nastere-22-kg-signature-carbon","url":"https:\/\/mamaonline.alta-agentie.ro\/?product=joie-carucior-ultracompact-parcel-nastere-22-kg-signature-carbon","name":"Joie - Carucior ultracompact Parcel, nastere - 22 kg, Signature Carbon - My Store","isPartOf":{"@id":"https:\/\/mamaonline.alta-agentie.ro\/#website"},"primaryImageOfPage":{"@id":"https:\/\/mamaonline.alta-agentie.ro\/?product=joie-carucior-ultracompact-parcel-nastere-22-kg-signature-carbon#primaryimage"},"image":{"@id":"https:\/\/mamaonline.alta-agentie.ro\/?product=joie-carucior-ultracompact-parcel-nastere-22-kg-signature-carbon#primaryimage"},"thumbnailUrl":"","datePublished":"2024-03-04T17:37:43+00:00","breadcrumb":{"@id":"https:\/\/mamaonline.alta-agentie.ro\/?product=joie-carucior-ultracompact-parcel-nastere-22-kg-signature-carbon#breadcrumb"},"inLanguage":"en-US","potentialAction":[{"@type":"ReadAction","target":["https:\/\/mamaonline.alta-agentie.ro\/?product=joie-carucior-ultracompact-parcel-nastere-22-kg-signature-carbon"]}]},{"@type":"ImageObject","inLanguage":"en-US","@id":"https:\/\/mamaonline.alta-agentie.ro\/?product=joie-carucior-ultracompact-parcel-nastere-22-kg-signature-carbon#primaryimage","url":"","contentUrl":""},{"@type":"BreadcrumbList","@id":"https:\/\/mamaonline.alta-agentie.ro\/?product=joie-carucior-ultracompact-parcel-nastere-22-kg-signature-carbon#breadcrumb","itemListElement":[{"@type":"ListItem","position":1,"name":"Home","item":"https:\/\/mamaonline.alta-agentie.ro\/"},{"@type":"ListItem","position":2,"name":"Products","item":"https:\/\/mamaonline.alta-agentie.ro\/?post_type=product"},{"@type":"ListItem","position":3,"name":"Joie - Carucior ultracompact Parcel, nastere - 22 kg, Signature Carbon"}]},{"@type":"WebSite","@id":"https:\/\/mamaonline.alta-agentie.ro\/#website","url":"https:\/\/mamaonline.alta-agentie.ro\/","name":"My Store","description":"","potentialAction":[{"@type":"SearchAction","target":{"@type":"EntryPoint","urlTemplate":"https:\/\/mamaonline.alta-agentie.ro\/?s={search_term_string}"},"query-input":{"@type":"PropertyValueSpecification","valueRequired":true,"valueName":"search_term_string"}}],"inLanguage":"en-US"}]}},"_links":{"self":[{"href":"https:\/\/mamaonline.alta-agentie.ro\/index.php?rest_route=\/wp\/v2\/product\/4137","targetHints":{"allow":["GET"]}}],"collection":[{"href":"https:\/\/mamaonline.alta-agentie.ro\/index.php?rest_route=\/wp\/v2\/product"}],"about":[{"href":"https:\/\/mamaonline.alta-agentie.ro\/index.php?rest_route=\/wp\/v2\/types\/product"}],"replies":[{"embeddable":true,"href":"https:\/\/mamaonline.alta-agentie.ro\/index.php?rest_route=%2Fwp%2Fv2%2Fcomments&post=4137"}],"wp:featuredmedia":[{"embeddable":true,"href":"https:\/\/mamaonline.alta-agentie.ro\/index.php?rest_route=\/"}],"wp:attachment":[{"href":"https:\/\/mamaonline.alta-agentie.ro\/index.php?rest_route=%2Fwp%2Fv2%2Fmedia&parent=4137"}],"wp:term":[{"taxonomy":"product_brand","embeddable":true,"href":"https:\/\/mamaonline.alta-agentie.ro\/index.php?rest_route=%2Fwp%2Fv2%2Fproduct_brand&post=4137"},{"taxonomy":"product_cat","embeddable":true,"href":"https:\/\/mamaonline.alta-agentie.ro\/index.php?rest_route=%2Fwp%2Fv2%2Fproduct_cat&post=4137"},{"taxonomy":"product_tag","embeddable":true,"href":"https:\/\/mamaonline.alta-agentie.ro\/index.php?rest_route=%2Fwp%2Fv2%2Fproduct_tag&post=4137"}],"curies":[{"name":"wp","href":"https:\/\/api.w.org\/{rel}","templated":true}]}}