{"id":4127,"date":"2024-03-04T17:37:36","date_gmt":"2024-03-04T17:37:36","guid":{"rendered":"https:\/\/mamaonline.ro\/new\/?post_type=product&amp;p=4127"},"modified":"2024-03-04T17:37:36","modified_gmt":"2024-03-04T17:37:36","slug":"bright-starts-leagan-portabil-playful-paradise","status":"publish","type":"product","link":"https:\/\/mamaonline.alta-agentie.ro\/?product=bright-starts-leagan-portabil-playful-paradise","title":{"rendered":"Bright Starts - Leagan portabil Playful Paradise"},"content":{"rendered":"<p>Design-ul compact si miscarea silentioasa il fac companionul perfect pentru bebelus; poate fi luat in orice excursie pentru ca distractia sa continute in orice situatie.<br \/>\n Toate caracteristicile:<\/p>\n<p>Se poate folosi conform normelor europene de la nastere pana la 9 kilograme<br \/>\n10 melodii lini\u0219titoare ajut\u0103 la men\u021binerea calmului bebelu\u0219ului<br \/>\nDispune de 2 pozi\u021bii de \u00eenclinare \u00een func\u021bie de preferin\u021bele bebelu\u0219ului;<br \/>\n6 viteze diferite de leganare<br \/>\nCentura cu prindere in 5 puncte si picioarele antiderapante il tin pe cel mic in siguranta.<br \/>\nTehnologia TrueSpeed&trade; de detectare a greut\u0103\u021bii men\u021bine copilul la viteza perfect\u0103 de leg\u0103nat.<br \/>\n6 viteze diferite de leganare<br \/>\nDispune de o bar\u0103 pentru juc\u0103rii u\u0219or de \u00eendep\u0103rtat, astfel \u00eenc\u00e2t s\u0103 pute\u021bi avea acces u\u0219or la bebelu\u0219ul<br \/>\nSe pliaza foarte compact si poate fi luat in orice calatorie<\/p>\n<p>Despre Bright StartsMai multa bucurie in fiecare moment! De la primele cuvinte la primele aniversari, fiecare copil merita sa traiasca intr-o lume a distractiei si veseliei. De aceea, misiunea noastra este sa aducem bucuria mai aproape de micuti. Sa le daruim magia rasului si sa le cream amintiri pentru o viata.Noi vedem lumea intr-un mod diferit, iar universul nostru este construit pe zambete, confetti si joaca!<\/p>\n","protected":false},"excerpt":{"rendered":"<p>Oferi\u021bi-i bebelu\u0219ului o stare de spirit de vacan\u021b\u0103 cu leag\u0103nul portabil Bright Starts Playful Paradise. Asemeni palmierilor care se leag\u0103n\u0103 \u00een b\u0103taia v\u00e2ntului, bebelu\u0219ul se va leg\u0103na lini\u0219tit \u00een acest scaun confortabil sau se va juca pe \u00eendelete cu juc\u0103rii interactive. Cele 2 juc\u0103rii inspirate din natur\u0103, designul vesel al curcubeului \u0219i prietenii elefant \u0219i maimu\u021b\u0103 \u00eel vor distra pe cel mic.<\/p>\n","protected":false},"featured_media":29397,"comment_status":"open","ping_status":"closed","template":"","meta":{"_acf_changed":false},"product_brand":[],"product_cat":[149,66],"product_tag":[26],"class_list":{"0":"post-4127","1":"product","2":"type-product","3":"status-publish","4":"has-post-thumbnail","6":"product_cat-activitati","7":"product_cat-jucarii","8":"product_tag-balansoar","10":"first","11":"instock","12":"shipping-taxable","13":"purchasable","14":"product-type-simple"},"acf":[],"yoast_head":"<!-- This site is optimized with the Yoast SEO plugin v25.3.1 - https:\/\/yoast.com\/wordpress\/plugins\/seo\/ -->\n<title>Bright Starts - Leagan portabil Playful Paradise - My Store<\/title>\n<meta name=\"robots\" content=\"noindex, follow, max-snippet:-1, max-image-preview:large, max-video-preview:-1\" \/>\n<meta property=\"og:locale\" content=\"en_US\" \/>\n<meta property=\"og:type\" content=\"article\" \/>\n<meta property=\"og:title\" content=\"Bright Starts - Leagan portabil Playful Paradise - My Store\" \/>\n<meta property=\"og:description\" content=\"Oferi\u021bi-i bebelu\u0219ului o stare de spirit de vacan\u021b\u0103 cu leag\u0103nul portabil Bright Starts Playful Paradise. Asemeni palmierilor care se leag\u0103n\u0103 \u00een b\u0103taia v\u00e2ntului, bebelu\u0219ul se va leg\u0103na lini\u0219tit \u00een acest scaun confortabil sau se va juca pe \u00eendelete cu juc\u0103rii interactive. Cele 2 juc\u0103rii inspirate din natur\u0103, designul vesel al curcubeului \u0219i prietenii elefant \u0219i maimu\u021b\u0103 \u00eel vor distra pe cel mic.\" \/>\n<meta property=\"og:url\" content=\"https:\/\/mamaonline.alta-agentie.ro\/?product=bright-starts-leagan-portabil-playful-paradise\" \/>\n<meta property=\"og:site_name\" content=\"My Store\" \/>\n<meta name=\"twitter:card\" content=\"summary_large_image\" \/>\n<meta name=\"twitter:label1\" content=\"Est. reading time\" \/>\n\t<meta name=\"twitter:data1\" content=\"1 minute\" \/>\n<script type=\"application\/ld+json\" class=\"yoast-schema-graph\">{\"@context\":\"https:\/\/schema.org\",\"@graph\":[{\"@type\":\"WebPage\",\"@id\":\"https:\/\/mamaonline.alta-agentie.ro\/?product=bright-starts-leagan-portabil-playful-paradise\",\"url\":\"https:\/\/mamaonline.alta-agentie.ro\/?product=bright-starts-leagan-portabil-playful-paradise\",\"name\":\"Bright Starts - Leagan portabil Playful Paradise - My Store\",\"isPartOf\":{\"@id\":\"https:\/\/mamaonline.alta-agentie.ro\/#website\"},\"primaryImageOfPage\":{\"@id\":\"https:\/\/mamaonline.alta-agentie.ro\/?product=bright-starts-leagan-portabil-playful-paradise#primaryimage\"},\"image\":{\"@id\":\"https:\/\/mamaonline.alta-agentie.ro\/?product=bright-starts-leagan-portabil-playful-paradise#primaryimage\"},\"thumbnailUrl\":\"\",\"datePublished\":\"2024-03-04T17:37:36+00:00\",\"breadcrumb\":{\"@id\":\"https:\/\/mamaonline.alta-agentie.ro\/?product=bright-starts-leagan-portabil-playful-paradise#breadcrumb\"},\"inLanguage\":\"en-US\",\"potentialAction\":[{\"@type\":\"ReadAction\",\"target\":[\"https:\/\/mamaonline.alta-agentie.ro\/?product=bright-starts-leagan-portabil-playful-paradise\"]}]},{\"@type\":\"ImageObject\",\"inLanguage\":\"en-US\",\"@id\":\"https:\/\/mamaonline.alta-agentie.ro\/?product=bright-starts-leagan-portabil-playful-paradise#primaryimage\",\"url\":\"\",\"contentUrl\":\"\"},{\"@type\":\"BreadcrumbList\",\"@id\":\"https:\/\/mamaonline.alta-agentie.ro\/?product=bright-starts-leagan-portabil-playful-paradise#breadcrumb\",\"itemListElement\":[{\"@type\":\"ListItem\",\"position\":1,\"name\":\"Home\",\"item\":\"https:\/\/mamaonline.alta-agentie.ro\/\"},{\"@type\":\"ListItem\",\"position\":2,\"name\":\"Products\",\"item\":\"https:\/\/mamaonline.alta-agentie.ro\/?post_type=product\"},{\"@type\":\"ListItem\",\"position\":3,\"name\":\"Bright Starts - Leagan portabil Playful Paradise\"}]},{\"@type\":\"WebSite\",\"@id\":\"https:\/\/mamaonline.alta-agentie.ro\/#website\",\"url\":\"https:\/\/mamaonline.alta-agentie.ro\/\",\"name\":\"My Store\",\"description\":\"\",\"potentialAction\":[{\"@type\":\"SearchAction\",\"target\":{\"@type\":\"EntryPoint\",\"urlTemplate\":\"https:\/\/mamaonline.alta-agentie.ro\/?s={search_term_string}\"},\"query-input\":{\"@type\":\"PropertyValueSpecification\",\"valueRequired\":true,\"valueName\":\"search_term_string\"}}],\"inLanguage\":\"en-US\"}]}<\/script>\n<!-- \/ Yoast SEO plugin. -->","yoast_head_json":{"title":"Bright Starts - Leagan portabil Playful Paradise - My Store","robots":{"index":"noindex","follow":"follow","max-snippet":"max-snippet:-1","max-image-preview":"max-image-preview:large","max-video-preview":"max-video-preview:-1"},"og_locale":"en_US","og_type":"article","og_title":"Bright Starts - Leagan portabil Playful Paradise - My Store","og_description":"Oferi\u021bi-i bebelu\u0219ului o stare de spirit de vacan\u021b\u0103 cu leag\u0103nul portabil Bright Starts Playful Paradise. Asemeni palmierilor care se leag\u0103n\u0103 \u00een b\u0103taia v\u00e2ntului, bebelu\u0219ul se va leg\u0103na lini\u0219tit \u00een acest scaun confortabil sau se va juca pe \u00eendelete cu juc\u0103rii interactive. Cele 2 juc\u0103rii inspirate din natur\u0103, designul vesel al curcubeului \u0219i prietenii elefant \u0219i maimu\u021b\u0103 \u00eel vor distra pe cel mic.","og_url":"https:\/\/mamaonline.alta-agentie.ro\/?product=bright-starts-leagan-portabil-playful-paradise","og_site_name":"My Store","twitter_card":"summary_large_image","twitter_misc":{"Est. reading time":"1 minute"},"schema":{"@context":"https:\/\/schema.org","@graph":[{"@type":"WebPage","@id":"https:\/\/mamaonline.alta-agentie.ro\/?product=bright-starts-leagan-portabil-playful-paradise","url":"https:\/\/mamaonline.alta-agentie.ro\/?product=bright-starts-leagan-portabil-playful-paradise","name":"Bright Starts - Leagan portabil Playful Paradise - My Store","isPartOf":{"@id":"https:\/\/mamaonline.alta-agentie.ro\/#website"},"primaryImageOfPage":{"@id":"https:\/\/mamaonline.alta-agentie.ro\/?product=bright-starts-leagan-portabil-playful-paradise#primaryimage"},"image":{"@id":"https:\/\/mamaonline.alta-agentie.ro\/?product=bright-starts-leagan-portabil-playful-paradise#primaryimage"},"thumbnailUrl":"","datePublished":"2024-03-04T17:37:36+00:00","breadcrumb":{"@id":"https:\/\/mamaonline.alta-agentie.ro\/?product=bright-starts-leagan-portabil-playful-paradise#breadcrumb"},"inLanguage":"en-US","potentialAction":[{"@type":"ReadAction","target":["https:\/\/mamaonline.alta-agentie.ro\/?product=bright-starts-leagan-portabil-playful-paradise"]}]},{"@type":"ImageObject","inLanguage":"en-US","@id":"https:\/\/mamaonline.alta-agentie.ro\/?product=bright-starts-leagan-portabil-playful-paradise#primaryimage","url":"","contentUrl":""},{"@type":"BreadcrumbList","@id":"https:\/\/mamaonline.alta-agentie.ro\/?product=bright-starts-leagan-portabil-playful-paradise#breadcrumb","itemListElement":[{"@type":"ListItem","position":1,"name":"Home","item":"https:\/\/mamaonline.alta-agentie.ro\/"},{"@type":"ListItem","position":2,"name":"Products","item":"https:\/\/mamaonline.alta-agentie.ro\/?post_type=product"},{"@type":"ListItem","position":3,"name":"Bright Starts - Leagan portabil Playful Paradise"}]},{"@type":"WebSite","@id":"https:\/\/mamaonline.alta-agentie.ro\/#website","url":"https:\/\/mamaonline.alta-agentie.ro\/","name":"My Store","description":"","potentialAction":[{"@type":"SearchAction","target":{"@type":"EntryPoint","urlTemplate":"https:\/\/mamaonline.alta-agentie.ro\/?s={search_term_string}"},"query-input":{"@type":"PropertyValueSpecification","valueRequired":true,"valueName":"search_term_string"}}],"inLanguage":"en-US"}]}},"_links":{"self":[{"href":"https:\/\/mamaonline.alta-agentie.ro\/index.php?rest_route=\/wp\/v2\/product\/4127","targetHints":{"allow":["GET"]}}],"collection":[{"href":"https:\/\/mamaonline.alta-agentie.ro\/index.php?rest_route=\/wp\/v2\/product"}],"about":[{"href":"https:\/\/mamaonline.alta-agentie.ro\/index.php?rest_route=\/wp\/v2\/types\/product"}],"replies":[{"embeddable":true,"href":"https:\/\/mamaonline.alta-agentie.ro\/index.php?rest_route=%2Fwp%2Fv2%2Fcomments&post=4127"}],"wp:featuredmedia":[{"embeddable":true,"href":"https:\/\/mamaonline.alta-agentie.ro\/index.php?rest_route=\/"}],"wp:attachment":[{"href":"https:\/\/mamaonline.alta-agentie.ro\/index.php?rest_route=%2Fwp%2Fv2%2Fmedia&parent=4127"}],"wp:term":[{"taxonomy":"product_brand","embeddable":true,"href":"https:\/\/mamaonline.alta-agentie.ro\/index.php?rest_route=%2Fwp%2Fv2%2Fproduct_brand&post=4127"},{"taxonomy":"product_cat","embeddable":true,"href":"https:\/\/mamaonline.alta-agentie.ro\/index.php?rest_route=%2Fwp%2Fv2%2Fproduct_cat&post=4127"},{"taxonomy":"product_tag","embeddable":true,"href":"https:\/\/mamaonline.alta-agentie.ro\/index.php?rest_route=%2Fwp%2Fv2%2Fproduct_tag&post=4127"}],"curies":[{"name":"wp","href":"https:\/\/api.w.org\/{rel}","templated":true}]}}