{"id":3450,"date":"2024-03-04T17:29:09","date_gmt":"2024-03-04T17:29:09","guid":{"rendered":"https:\/\/mamaonline.ro\/new\/?post_type=product&amp;p=3450"},"modified":"2024-03-04T17:29:09","modified_gmt":"2024-03-04T17:29:09","slug":"badabulle-marsupiu-ergonomic-easygo","status":"publish","type":"product","link":"https:\/\/mamaonline.alta-agentie.ro\/?product=badabulle-marsupiu-ergonomic-easygo","title":{"rendered":"Badabulle - Marsupiu ergonomic Easy&#038;Go"},"content":{"rendered":"<p>Sistemul de purtare Easy & Go are 2 pozi\u021bii de transport: fa\u021b\u0103 \u0219i spate, ceea ce face marsupiul ideal chiar \u0219i atunci c\u00e2nd bebe cre\u0219te \u0219i ia \u00een greutate.<br \/>\nFoarte u\u0219or de reglat, poate fi instalat cu u\u0219urin\u021b\u0103. Marsupiul este perfect pentru plimb\u0103ri \u0219i c\u0103l\u0103torii.<\/p>\n<p>Motive pentru care o s\u0103-l iube\u0219ti<\/p>\n<p>ERGONOMIC: marsupiul este adaptat pentru pozi\u021bia natural\u0103 a bebelu\u0219ului \u0219i forma corpului s\u0103u<\/p>\n<p>U\u0218OR DE PUS: ajustare intuitiv\u0103 \u0219i sistem de prindere practic<\/p>\n<p>CONFORTABIL: baretele sunt c\u0103ptu\u0219ite \u0219i ofer\u0103 suport pentru spatele p\u0103rintelui.<\/p>\n<p>COMPACT: fabricat din materiale moi, marsupiul poate fi \u00eempachetat u\u0219or \u0219i pus \u00een orice geant\u0103 sau geamantan.<\/p>\n<p>Marsupiul este confectionat din tesaturi moi, prin care aerul trece cu usurinta, care ajuta ca forma sa se adapteze corpului copilului.<br \/>\nBaretele ajuta ca distribuirea greutatii bebelusului sa se faca uniform. <\/p>\n<p>De la inceputurile sale in urma cu 8 ani Badabulle si-a urmarit scopul declarat, acela de a face viata tinerilor parinti mai usoara. Badabulle realizeaza produse utile si in aceeasi masura in tendinta - fiind foarte apreciate de catre parintii din Franta. Stim ca timpul este foarte pretios pentru parinti de aceea Badabulle si-a propus sa dea parintilor oportunitatea de a petrece mai mult timp alaturi de cei mici.<\/p>\n","protected":false},"excerpt":{"rendered":"<p>Cea mai buna alternativa de purtare a bebelusilor: un sistem ergonomic, usor de utilizat de catre mamici si care ofera pozitia ortopedica, corecta pentru bebelusi.<br \/>\nMarsupiul ergonomic este usor de purtat si centurile sunt practice si reglabile. Marsupiul are doua pozitii de purtare: bebelusul poate fi transportat in fata sau in spate (pana la 15 kg). Centurile sunt captusite si centura ofera suport pentru coloana. Fabricat din materiale moi, compact si usor de impachetat, marsupiul incape in orice geanta sau valiza.<br \/>\nMotive pentru care o s\u0103-l iube\u0219ti<\/p>\n<p>ERGONOMIC: marsupiul este adaptat pentru pozi\u021bia natural\u0103 a bebelu\u0219ului \u0219i forma corpului s\u0103u<\/p>\n<p>U\u0218OR DE PUS: ajustare intuitiv\u0103 \u0219i sistem de prindere practic<\/p>\n<p>CONFORTABIL: baretele sunt c\u0103ptu\u0219ite \u0219i ofer\u0103 suport pentru spatele p\u0103rintelui.<\/p>\n<p>COMPACT: fabricat din materiale moi, marsupiul poate fi \u00eempachetat u\u0219or \u0219i pus \u00een orice geant\u0103 sau geamantan.<\/p>\n","protected":false},"featured_media":29198,"comment_status":"open","ping_status":"closed","template":"","meta":{"_acf_changed":false},"product_brand":[],"product_cat":[19,77],"product_tag":[78],"class_list":{"0":"post-3450","1":"product","2":"type-product","3":"status-publish","4":"has-post-thumbnail","6":"product_cat-accesorii-copii","7":"product_cat-marsupii","8":"product_tag-marsupiu","10":"first","11":"instock","12":"sale","13":"shipping-taxable","14":"purchasable","15":"product-type-simple"},"acf":[],"yoast_head":"<!-- This site is optimized with the Yoast SEO plugin v25.3.1 - https:\/\/yoast.com\/wordpress\/plugins\/seo\/ -->\n<title>Badabulle - Marsupiu ergonomic Easy&amp;Go - My Store<\/title>\n<meta name=\"robots\" content=\"noindex, follow, max-snippet:-1, max-image-preview:large, max-video-preview:-1\" \/>\n<meta property=\"og:locale\" content=\"en_US\" \/>\n<meta property=\"og:type\" content=\"article\" \/>\n<meta property=\"og:title\" content=\"Badabulle - Marsupiu ergonomic Easy&amp;Go - My Store\" \/>\n<meta property=\"og:description\" content=\"Cea mai buna alternativa de purtare a bebelusilor: un sistem ergonomic, usor de utilizat de catre mamici si care ofera pozitia ortopedica, corecta pentru bebelusi. Marsupiul ergonomic este usor de purtat si centurile sunt practice si reglabile. Marsupiul are doua pozitii de purtare: bebelusul poate fi transportat in fata sau in spate (pana la 15 kg). Centurile sunt captusite si centura ofera suport pentru coloana. Fabricat din materiale moi, compact si usor de impachetat, marsupiul incape in orice geanta sau valiza. Motive pentru care o s\u0103-l iube\u0219ti  ERGONOMIC: marsupiul este adaptat pentru pozi\u021bia natural\u0103 a bebelu\u0219ului \u0219i forma corpului s\u0103u  U\u0218OR DE PUS: ajustare intuitiv\u0103 \u0219i sistem de prindere practic  CONFORTABIL: baretele sunt c\u0103ptu\u0219ite \u0219i ofer\u0103 suport pentru spatele p\u0103rintelui.  COMPACT: fabricat din materiale moi, marsupiul poate fi \u00eempachetat u\u0219or \u0219i pus \u00een orice geant\u0103 sau geamantan.\" \/>\n<meta property=\"og:url\" content=\"https:\/\/mamaonline.alta-agentie.ro\/?product=badabulle-marsupiu-ergonomic-easygo\" \/>\n<meta property=\"og:site_name\" content=\"My Store\" \/>\n<meta property=\"og:image\" content=\"https:\/\/mamaonline.alta-agentie.ro\/wp-content\/uploads\/2025\/06\/0403202465e604e52d9dd.jpeg\" \/>\n\t<meta property=\"og:image:width\" content=\"148\" \/>\n\t<meta property=\"og:image:height\" content=\"469\" \/>\n\t<meta property=\"og:image:type\" content=\"image\/jpeg\" \/>\n<meta name=\"twitter:card\" content=\"summary_large_image\" \/>\n<meta name=\"twitter:label1\" content=\"Est. reading time\" \/>\n\t<meta name=\"twitter:data1\" content=\"1 minute\" \/>\n<script type=\"application\/ld+json\" class=\"yoast-schema-graph\">{\"@context\":\"https:\/\/schema.org\",\"@graph\":[{\"@type\":\"WebPage\",\"@id\":\"https:\/\/mamaonline.alta-agentie.ro\/?product=badabulle-marsupiu-ergonomic-easygo\",\"url\":\"https:\/\/mamaonline.alta-agentie.ro\/?product=badabulle-marsupiu-ergonomic-easygo\",\"name\":\"Badabulle - Marsupiu ergonomic Easy&Go - My Store\",\"isPartOf\":{\"@id\":\"https:\/\/mamaonline.alta-agentie.ro\/#website\"},\"primaryImageOfPage\":{\"@id\":\"https:\/\/mamaonline.alta-agentie.ro\/?product=badabulle-marsupiu-ergonomic-easygo#primaryimage\"},\"image\":{\"@id\":\"https:\/\/mamaonline.alta-agentie.ro\/?product=badabulle-marsupiu-ergonomic-easygo#primaryimage\"},\"thumbnailUrl\":\"https:\/\/mamaonline.alta-agentie.ro\/wp-content\/uploads\/2025\/06\/0403202465e604e52d9dd.jpeg\",\"datePublished\":\"2024-03-04T17:29:09+00:00\",\"breadcrumb\":{\"@id\":\"https:\/\/mamaonline.alta-agentie.ro\/?product=badabulle-marsupiu-ergonomic-easygo#breadcrumb\"},\"inLanguage\":\"en-US\",\"potentialAction\":[{\"@type\":\"ReadAction\",\"target\":[\"https:\/\/mamaonline.alta-agentie.ro\/?product=badabulle-marsupiu-ergonomic-easygo\"]}]},{\"@type\":\"ImageObject\",\"inLanguage\":\"en-US\",\"@id\":\"https:\/\/mamaonline.alta-agentie.ro\/?product=badabulle-marsupiu-ergonomic-easygo#primaryimage\",\"url\":\"https:\/\/mamaonline.alta-agentie.ro\/wp-content\/uploads\/2025\/06\/0403202465e604e52d9dd.jpeg\",\"contentUrl\":\"https:\/\/mamaonline.alta-agentie.ro\/wp-content\/uploads\/2025\/06\/0403202465e604e52d9dd.jpeg\",\"width\":148,\"height\":469},{\"@type\":\"BreadcrumbList\",\"@id\":\"https:\/\/mamaonline.alta-agentie.ro\/?product=badabulle-marsupiu-ergonomic-easygo#breadcrumb\",\"itemListElement\":[{\"@type\":\"ListItem\",\"position\":1,\"name\":\"Home\",\"item\":\"https:\/\/mamaonline.alta-agentie.ro\/\"},{\"@type\":\"ListItem\",\"position\":2,\"name\":\"Products\",\"item\":\"https:\/\/mamaonline.alta-agentie.ro\/?post_type=product\"},{\"@type\":\"ListItem\",\"position\":3,\"name\":\"Badabulle - Marsupiu ergonomic Easy&#038;Go\"}]},{\"@type\":\"WebSite\",\"@id\":\"https:\/\/mamaonline.alta-agentie.ro\/#website\",\"url\":\"https:\/\/mamaonline.alta-agentie.ro\/\",\"name\":\"My Store\",\"description\":\"\",\"potentialAction\":[{\"@type\":\"SearchAction\",\"target\":{\"@type\":\"EntryPoint\",\"urlTemplate\":\"https:\/\/mamaonline.alta-agentie.ro\/?s={search_term_string}\"},\"query-input\":{\"@type\":\"PropertyValueSpecification\",\"valueRequired\":true,\"valueName\":\"search_term_string\"}}],\"inLanguage\":\"en-US\"}]}<\/script>\n<!-- \/ Yoast SEO plugin. -->","yoast_head_json":{"title":"Badabulle - Marsupiu ergonomic Easy&Go - My Store","robots":{"index":"noindex","follow":"follow","max-snippet":"max-snippet:-1","max-image-preview":"max-image-preview:large","max-video-preview":"max-video-preview:-1"},"og_locale":"en_US","og_type":"article","og_title":"Badabulle - Marsupiu ergonomic Easy&Go - My Store","og_description":"Cea mai buna alternativa de purtare a bebelusilor: un sistem ergonomic, usor de utilizat de catre mamici si care ofera pozitia ortopedica, corecta pentru bebelusi. Marsupiul ergonomic este usor de purtat si centurile sunt practice si reglabile. Marsupiul are doua pozitii de purtare: bebelusul poate fi transportat in fata sau in spate (pana la 15 kg). Centurile sunt captusite si centura ofera suport pentru coloana. Fabricat din materiale moi, compact si usor de impachetat, marsupiul incape in orice geanta sau valiza. Motive pentru care o s\u0103-l iube\u0219ti  ERGONOMIC: marsupiul este adaptat pentru pozi\u021bia natural\u0103 a bebelu\u0219ului \u0219i forma corpului s\u0103u  U\u0218OR DE PUS: ajustare intuitiv\u0103 \u0219i sistem de prindere practic  CONFORTABIL: baretele sunt c\u0103ptu\u0219ite \u0219i ofer\u0103 suport pentru spatele p\u0103rintelui.  COMPACT: fabricat din materiale moi, marsupiul poate fi \u00eempachetat u\u0219or \u0219i pus \u00een orice geant\u0103 sau geamantan.","og_url":"https:\/\/mamaonline.alta-agentie.ro\/?product=badabulle-marsupiu-ergonomic-easygo","og_site_name":"My Store","og_image":[{"width":148,"height":469,"url":"https:\/\/mamaonline.alta-agentie.ro\/wp-content\/uploads\/2025\/06\/0403202465e604e52d9dd.jpeg","type":"image\/jpeg"}],"twitter_card":"summary_large_image","twitter_misc":{"Est. reading time":"1 minute"},"schema":{"@context":"https:\/\/schema.org","@graph":[{"@type":"WebPage","@id":"https:\/\/mamaonline.alta-agentie.ro\/?product=badabulle-marsupiu-ergonomic-easygo","url":"https:\/\/mamaonline.alta-agentie.ro\/?product=badabulle-marsupiu-ergonomic-easygo","name":"Badabulle - Marsupiu ergonomic Easy&Go - My Store","isPartOf":{"@id":"https:\/\/mamaonline.alta-agentie.ro\/#website"},"primaryImageOfPage":{"@id":"https:\/\/mamaonline.alta-agentie.ro\/?product=badabulle-marsupiu-ergonomic-easygo#primaryimage"},"image":{"@id":"https:\/\/mamaonline.alta-agentie.ro\/?product=badabulle-marsupiu-ergonomic-easygo#primaryimage"},"thumbnailUrl":"https:\/\/mamaonline.alta-agentie.ro\/wp-content\/uploads\/2025\/06\/0403202465e604e52d9dd.jpeg","datePublished":"2024-03-04T17:29:09+00:00","breadcrumb":{"@id":"https:\/\/mamaonline.alta-agentie.ro\/?product=badabulle-marsupiu-ergonomic-easygo#breadcrumb"},"inLanguage":"en-US","potentialAction":[{"@type":"ReadAction","target":["https:\/\/mamaonline.alta-agentie.ro\/?product=badabulle-marsupiu-ergonomic-easygo"]}]},{"@type":"ImageObject","inLanguage":"en-US","@id":"https:\/\/mamaonline.alta-agentie.ro\/?product=badabulle-marsupiu-ergonomic-easygo#primaryimage","url":"https:\/\/mamaonline.alta-agentie.ro\/wp-content\/uploads\/2025\/06\/0403202465e604e52d9dd.jpeg","contentUrl":"https:\/\/mamaonline.alta-agentie.ro\/wp-content\/uploads\/2025\/06\/0403202465e604e52d9dd.jpeg","width":148,"height":469},{"@type":"BreadcrumbList","@id":"https:\/\/mamaonline.alta-agentie.ro\/?product=badabulle-marsupiu-ergonomic-easygo#breadcrumb","itemListElement":[{"@type":"ListItem","position":1,"name":"Home","item":"https:\/\/mamaonline.alta-agentie.ro\/"},{"@type":"ListItem","position":2,"name":"Products","item":"https:\/\/mamaonline.alta-agentie.ro\/?post_type=product"},{"@type":"ListItem","position":3,"name":"Badabulle - Marsupiu ergonomic Easy&#038;Go"}]},{"@type":"WebSite","@id":"https:\/\/mamaonline.alta-agentie.ro\/#website","url":"https:\/\/mamaonline.alta-agentie.ro\/","name":"My Store","description":"","potentialAction":[{"@type":"SearchAction","target":{"@type":"EntryPoint","urlTemplate":"https:\/\/mamaonline.alta-agentie.ro\/?s={search_term_string}"},"query-input":{"@type":"PropertyValueSpecification","valueRequired":true,"valueName":"search_term_string"}}],"inLanguage":"en-US"}]}},"_links":{"self":[{"href":"https:\/\/mamaonline.alta-agentie.ro\/index.php?rest_route=\/wp\/v2\/product\/3450","targetHints":{"allow":["GET"]}}],"collection":[{"href":"https:\/\/mamaonline.alta-agentie.ro\/index.php?rest_route=\/wp\/v2\/product"}],"about":[{"href":"https:\/\/mamaonline.alta-agentie.ro\/index.php?rest_route=\/wp\/v2\/types\/product"}],"replies":[{"embeddable":true,"href":"https:\/\/mamaonline.alta-agentie.ro\/index.php?rest_route=%2Fwp%2Fv2%2Fcomments&post=3450"}],"wp:featuredmedia":[{"embeddable":true,"href":"https:\/\/mamaonline.alta-agentie.ro\/index.php?rest_route=\/wp\/v2\/media\/29198"}],"wp:attachment":[{"href":"https:\/\/mamaonline.alta-agentie.ro\/index.php?rest_route=%2Fwp%2Fv2%2Fmedia&parent=3450"}],"wp:term":[{"taxonomy":"product_brand","embeddable":true,"href":"https:\/\/mamaonline.alta-agentie.ro\/index.php?rest_route=%2Fwp%2Fv2%2Fproduct_brand&post=3450"},{"taxonomy":"product_cat","embeddable":true,"href":"https:\/\/mamaonline.alta-agentie.ro\/index.php?rest_route=%2Fwp%2Fv2%2Fproduct_cat&post=3450"},{"taxonomy":"product_tag","embeddable":true,"href":"https:\/\/mamaonline.alta-agentie.ro\/index.php?rest_route=%2Fwp%2Fv2%2Fproduct_tag&post=3450"}],"curies":[{"name":"wp","href":"https:\/\/api.w.org\/{rel}","templated":true}]}}