{"id":2915,"date":"2024-02-28T14:29:07","date_gmt":"2024-02-28T14:29:07","guid":{"rendered":"https:\/\/mamaonline.ro\/new\/?post_type=product&amp;p=2915"},"modified":"2024-02-28T14:29:07","modified_gmt":"2024-02-28T14:29:07","slug":"baveta-impermeabila-bebe-unisex-bej","status":"publish","type":"product","link":"https:\/\/mamaonline.alta-agentie.ro\/?product=baveta-impermeabila-bebe-unisex-bej","title":{"rendered":"Baveta impermeabila bebe unisex - Bej"},"content":{"rendered":"<p><strong>Gen<\/strong>: Unisex<\/p>\n<p><strong>Culoare<\/strong>: Multicolor<\/p>\n<p><strong>Material<\/strong>: \u021aes\u0103tur\u0103<\/p>\n<p><strong>Compozi\u021bie<\/strong>: 100% Poliester<\/p>\n<p><strong>Instruc\u021biuni de \u00cengrijire<\/strong>: Sp\u0103lare manual\u0103, nu se cur\u0103\u021b\u0103 chimic<\/p>\n<p><strong>Tip<\/strong>: Bavete din \u021bes\u0103tur\u0103<\/p>\n<p><strong>M\u0103rime<\/strong>: 90<\/p>\n","protected":false},"excerpt":{"rendered":"<p>Bavet\u0103 impermeabil\u0103 pentru feti\u021be cu model pic\u0103\u021bele. Aceast\u0103 bavet\u0103 cu m\u00e2neci nu va permite ca m\u00e2ncarea s\u0103 murd\u0103reasc\u0103 h\u0103inu\u021bele copila\u0219ului. U\u0219or de folosit \u0219i de sp\u0103lat.<\/p>\n","protected":false},"featured_media":29036,"comment_status":"open","ping_status":"closed","template":"","meta":{"_acf_changed":false},"product_brand":[],"product_cat":[154,29,111],"product_tag":[27,76],"class_list":{"0":"post-2915","1":"product","2":"type-product","3":"status-publish","4":"has-post-thumbnail","6":"product_cat-bavete","7":"product_cat-bebe-la-masa","8":"product_cat-reduceri","9":"product_tag-bavete","10":"product_tag-mamaonline","12":"first","13":"instock","14":"sale","15":"shipping-taxable","16":"purchasable","17":"product-type-simple"},"acf":[],"yoast_head":"<!-- This site is optimized with the Yoast SEO plugin v25.3.1 - https:\/\/yoast.com\/wordpress\/plugins\/seo\/ -->\n<title>Baveta impermeabila bebe unisex - Bej - My Store<\/title>\n<meta name=\"robots\" content=\"noindex, follow, max-snippet:-1, max-image-preview:large, max-video-preview:-1\" \/>\n<meta property=\"og:locale\" content=\"en_US\" \/>\n<meta property=\"og:type\" content=\"article\" \/>\n<meta property=\"og:title\" content=\"Baveta impermeabila bebe unisex - Bej - My Store\" \/>\n<meta property=\"og:description\" content=\"Bavet\u0103 impermeabil\u0103 pentru feti\u021be cu model pic\u0103\u021bele. Aceast\u0103 bavet\u0103 cu m\u00e2neci nu va permite ca m\u00e2ncarea s\u0103 murd\u0103reasc\u0103 h\u0103inu\u021bele copila\u0219ului. U\u0219or de folosit \u0219i de sp\u0103lat.\" \/>\n<meta property=\"og:url\" content=\"https:\/\/mamaonline.alta-agentie.ro\/?product=baveta-impermeabila-bebe-unisex-bej\" \/>\n<meta property=\"og:site_name\" content=\"My Store\" \/>\n<meta property=\"og:image\" content=\"https:\/\/mamaonline.alta-agentie.ro\/wp-content\/uploads\/2025\/06\/Baveta-impermeabila-bebe-unisex-Bej-1.jpg\" \/>\n\t<meta property=\"og:image:width\" content=\"1000\" \/>\n\t<meta property=\"og:image:height\" content=\"820\" \/>\n\t<meta property=\"og:image:type\" content=\"image\/jpeg\" \/>\n<meta name=\"twitter:card\" content=\"summary_large_image\" \/>\n<meta name=\"twitter:label1\" content=\"Est. reading time\" \/>\n\t<meta name=\"twitter:data1\" content=\"1 minute\" \/>\n<script type=\"application\/ld+json\" class=\"yoast-schema-graph\">{\"@context\":\"https:\/\/schema.org\",\"@graph\":[{\"@type\":\"WebPage\",\"@id\":\"https:\/\/mamaonline.alta-agentie.ro\/?product=baveta-impermeabila-bebe-unisex-bej\",\"url\":\"https:\/\/mamaonline.alta-agentie.ro\/?product=baveta-impermeabila-bebe-unisex-bej\",\"name\":\"Baveta impermeabila bebe unisex - Bej - My Store\",\"isPartOf\":{\"@id\":\"https:\/\/mamaonline.alta-agentie.ro\/#website\"},\"primaryImageOfPage\":{\"@id\":\"https:\/\/mamaonline.alta-agentie.ro\/?product=baveta-impermeabila-bebe-unisex-bej#primaryimage\"},\"image\":{\"@id\":\"https:\/\/mamaonline.alta-agentie.ro\/?product=baveta-impermeabila-bebe-unisex-bej#primaryimage\"},\"thumbnailUrl\":\"https:\/\/mamaonline.alta-agentie.ro\/wp-content\/uploads\/2025\/06\/Baveta-impermeabila-bebe-unisex-Bej-1.jpg\",\"datePublished\":\"2024-02-28T14:29:07+00:00\",\"breadcrumb\":{\"@id\":\"https:\/\/mamaonline.alta-agentie.ro\/?product=baveta-impermeabila-bebe-unisex-bej#breadcrumb\"},\"inLanguage\":\"en-US\",\"potentialAction\":[{\"@type\":\"ReadAction\",\"target\":[\"https:\/\/mamaonline.alta-agentie.ro\/?product=baveta-impermeabila-bebe-unisex-bej\"]}]},{\"@type\":\"ImageObject\",\"inLanguage\":\"en-US\",\"@id\":\"https:\/\/mamaonline.alta-agentie.ro\/?product=baveta-impermeabila-bebe-unisex-bej#primaryimage\",\"url\":\"https:\/\/mamaonline.alta-agentie.ro\/wp-content\/uploads\/2025\/06\/Baveta-impermeabila-bebe-unisex-Bej-1.jpg\",\"contentUrl\":\"https:\/\/mamaonline.alta-agentie.ro\/wp-content\/uploads\/2025\/06\/Baveta-impermeabila-bebe-unisex-Bej-1.jpg\",\"width\":1000,\"height\":820},{\"@type\":\"BreadcrumbList\",\"@id\":\"https:\/\/mamaonline.alta-agentie.ro\/?product=baveta-impermeabila-bebe-unisex-bej#breadcrumb\",\"itemListElement\":[{\"@type\":\"ListItem\",\"position\":1,\"name\":\"Home\",\"item\":\"https:\/\/mamaonline.alta-agentie.ro\/\"},{\"@type\":\"ListItem\",\"position\":2,\"name\":\"Products\",\"item\":\"https:\/\/mamaonline.alta-agentie.ro\/?post_type=product\"},{\"@type\":\"ListItem\",\"position\":3,\"name\":\"Baveta impermeabila bebe unisex - Bej\"}]},{\"@type\":\"WebSite\",\"@id\":\"https:\/\/mamaonline.alta-agentie.ro\/#website\",\"url\":\"https:\/\/mamaonline.alta-agentie.ro\/\",\"name\":\"My Store\",\"description\":\"\",\"potentialAction\":[{\"@type\":\"SearchAction\",\"target\":{\"@type\":\"EntryPoint\",\"urlTemplate\":\"https:\/\/mamaonline.alta-agentie.ro\/?s={search_term_string}\"},\"query-input\":{\"@type\":\"PropertyValueSpecification\",\"valueRequired\":true,\"valueName\":\"search_term_string\"}}],\"inLanguage\":\"en-US\"}]}<\/script>\n<!-- \/ Yoast SEO plugin. -->","yoast_head_json":{"title":"Baveta impermeabila bebe unisex - Bej - My Store","robots":{"index":"noindex","follow":"follow","max-snippet":"max-snippet:-1","max-image-preview":"max-image-preview:large","max-video-preview":"max-video-preview:-1"},"og_locale":"en_US","og_type":"article","og_title":"Baveta impermeabila bebe unisex - Bej - My Store","og_description":"Bavet\u0103 impermeabil\u0103 pentru feti\u021be cu model pic\u0103\u021bele. Aceast\u0103 bavet\u0103 cu m\u00e2neci nu va permite ca m\u00e2ncarea s\u0103 murd\u0103reasc\u0103 h\u0103inu\u021bele copila\u0219ului. U\u0219or de folosit \u0219i de sp\u0103lat.","og_url":"https:\/\/mamaonline.alta-agentie.ro\/?product=baveta-impermeabila-bebe-unisex-bej","og_site_name":"My Store","og_image":[{"width":1000,"height":820,"url":"https:\/\/mamaonline.alta-agentie.ro\/wp-content\/uploads\/2025\/06\/Baveta-impermeabila-bebe-unisex-Bej-1.jpg","type":"image\/jpeg"}],"twitter_card":"summary_large_image","twitter_misc":{"Est. reading time":"1 minute"},"schema":{"@context":"https:\/\/schema.org","@graph":[{"@type":"WebPage","@id":"https:\/\/mamaonline.alta-agentie.ro\/?product=baveta-impermeabila-bebe-unisex-bej","url":"https:\/\/mamaonline.alta-agentie.ro\/?product=baveta-impermeabila-bebe-unisex-bej","name":"Baveta impermeabila bebe unisex - Bej - My Store","isPartOf":{"@id":"https:\/\/mamaonline.alta-agentie.ro\/#website"},"primaryImageOfPage":{"@id":"https:\/\/mamaonline.alta-agentie.ro\/?product=baveta-impermeabila-bebe-unisex-bej#primaryimage"},"image":{"@id":"https:\/\/mamaonline.alta-agentie.ro\/?product=baveta-impermeabila-bebe-unisex-bej#primaryimage"},"thumbnailUrl":"https:\/\/mamaonline.alta-agentie.ro\/wp-content\/uploads\/2025\/06\/Baveta-impermeabila-bebe-unisex-Bej-1.jpg","datePublished":"2024-02-28T14:29:07+00:00","breadcrumb":{"@id":"https:\/\/mamaonline.alta-agentie.ro\/?product=baveta-impermeabila-bebe-unisex-bej#breadcrumb"},"inLanguage":"en-US","potentialAction":[{"@type":"ReadAction","target":["https:\/\/mamaonline.alta-agentie.ro\/?product=baveta-impermeabila-bebe-unisex-bej"]}]},{"@type":"ImageObject","inLanguage":"en-US","@id":"https:\/\/mamaonline.alta-agentie.ro\/?product=baveta-impermeabila-bebe-unisex-bej#primaryimage","url":"https:\/\/mamaonline.alta-agentie.ro\/wp-content\/uploads\/2025\/06\/Baveta-impermeabila-bebe-unisex-Bej-1.jpg","contentUrl":"https:\/\/mamaonline.alta-agentie.ro\/wp-content\/uploads\/2025\/06\/Baveta-impermeabila-bebe-unisex-Bej-1.jpg","width":1000,"height":820},{"@type":"BreadcrumbList","@id":"https:\/\/mamaonline.alta-agentie.ro\/?product=baveta-impermeabila-bebe-unisex-bej#breadcrumb","itemListElement":[{"@type":"ListItem","position":1,"name":"Home","item":"https:\/\/mamaonline.alta-agentie.ro\/"},{"@type":"ListItem","position":2,"name":"Products","item":"https:\/\/mamaonline.alta-agentie.ro\/?post_type=product"},{"@type":"ListItem","position":3,"name":"Baveta impermeabila bebe unisex - Bej"}]},{"@type":"WebSite","@id":"https:\/\/mamaonline.alta-agentie.ro\/#website","url":"https:\/\/mamaonline.alta-agentie.ro\/","name":"My Store","description":"","potentialAction":[{"@type":"SearchAction","target":{"@type":"EntryPoint","urlTemplate":"https:\/\/mamaonline.alta-agentie.ro\/?s={search_term_string}"},"query-input":{"@type":"PropertyValueSpecification","valueRequired":true,"valueName":"search_term_string"}}],"inLanguage":"en-US"}]}},"_links":{"self":[{"href":"https:\/\/mamaonline.alta-agentie.ro\/index.php?rest_route=\/wp\/v2\/product\/2915","targetHints":{"allow":["GET"]}}],"collection":[{"href":"https:\/\/mamaonline.alta-agentie.ro\/index.php?rest_route=\/wp\/v2\/product"}],"about":[{"href":"https:\/\/mamaonline.alta-agentie.ro\/index.php?rest_route=\/wp\/v2\/types\/product"}],"replies":[{"embeddable":true,"href":"https:\/\/mamaonline.alta-agentie.ro\/index.php?rest_route=%2Fwp%2Fv2%2Fcomments&post=2915"}],"wp:featuredmedia":[{"embeddable":true,"href":"https:\/\/mamaonline.alta-agentie.ro\/index.php?rest_route=\/wp\/v2\/media\/29036"}],"wp:attachment":[{"href":"https:\/\/mamaonline.alta-agentie.ro\/index.php?rest_route=%2Fwp%2Fv2%2Fmedia&parent=2915"}],"wp:term":[{"taxonomy":"product_brand","embeddable":true,"href":"https:\/\/mamaonline.alta-agentie.ro\/index.php?rest_route=%2Fwp%2Fv2%2Fproduct_brand&post=2915"},{"taxonomy":"product_cat","embeddable":true,"href":"https:\/\/mamaonline.alta-agentie.ro\/index.php?rest_route=%2Fwp%2Fv2%2Fproduct_cat&post=2915"},{"taxonomy":"product_tag","embeddable":true,"href":"https:\/\/mamaonline.alta-agentie.ro\/index.php?rest_route=%2Fwp%2Fv2%2Fproduct_tag&post=2915"}],"curies":[{"name":"wp","href":"https:\/\/api.w.org\/{rel}","templated":true}]}}