{"id":2876,"date":"2024-02-28T11:58:51","date_gmt":"2024-02-28T11:58:51","guid":{"rendered":"https:\/\/mamaonline.ro\/new\/?post_type=product&amp;p=2876"},"modified":"2024-02-28T11:58:51","modified_gmt":"2024-02-28T11:58:51","slug":"nuby-jucarie-baie-forma-testoasa","status":"publish","type":"product","link":"https:\/\/mamaonline.alta-agentie.ro\/?product=nuby-jucarie-baie-forma-testoasa","title":{"rendered":"Nuby - Jucarie baie forma testoasa"},"content":{"rendered":"<p>Noua juc\u0103rie de baie Bath Tub Time Turtle de la Nuby este \u00eenc\u0103 o juc\u0103rie distractiv\u0103 \u0219i interactiv\u0103 pentru timpul de baie. Turtle plute\u0219te pe suprafa\u021ba apei, fiind mereu la \u00eendem\u00e2n\u0103.<\/p>\n<p>Ridic\u0103 Turtle din ap\u0103 pentru a experimenta distrac\u021bia cascadei!<\/p>\n<p>F\u0103r\u0103 BPA.<\/p>\n","protected":false},"excerpt":{"rendered":"<p>Juc\u0103ria de baie Nuby Floating Turtle (Turtle plutitoare Nuby pentru baie).<\/p>\n","protected":false},"featured_media":29024,"comment_status":"open","ping_status":"closed","template":"","meta":{"_acf_changed":false},"product_brand":[],"product_cat":[148,149,162,63,66],"product_tag":[76],"class_list":{"0":"post-2876","1":"product","2":"type-product","3":"status-publish","4":"has-post-thumbnail","6":"product_cat-accesorii-baita","7":"product_cat-activitati","8":"product_cat-figurine","9":"product_cat-ingrijire-igiena","10":"product_cat-jucarii","11":"product_tag-mamaonline","13":"first","14":"instock","15":"shipping-taxable","16":"purchasable","17":"product-type-simple"},"acf":[],"yoast_head":"<!-- This site is optimized with the Yoast SEO plugin v25.3.1 - https:\/\/yoast.com\/wordpress\/plugins\/seo\/ -->\n<title>Nuby - Jucarie baie forma testoasa - My Store<\/title>\n<meta name=\"robots\" content=\"noindex, follow, max-snippet:-1, max-image-preview:large, max-video-preview:-1\" \/>\n<meta property=\"og:locale\" content=\"en_US\" \/>\n<meta property=\"og:type\" content=\"article\" \/>\n<meta property=\"og:title\" content=\"Nuby - Jucarie baie forma testoasa - My Store\" \/>\n<meta property=\"og:description\" content=\"Juc\u0103ria de baie Nuby Floating Turtle (Turtle plutitoare Nuby pentru baie).\" \/>\n<meta property=\"og:url\" content=\"https:\/\/mamaonline.alta-agentie.ro\/?product=nuby-jucarie-baie-forma-testoasa\" \/>\n<meta property=\"og:site_name\" content=\"My Store\" \/>\n<meta property=\"og:image\" content=\"https:\/\/mamaonline.alta-agentie.ro\/wp-content\/uploads\/2025\/06\/NUBY-Jucarie-baie-forma-testoasa-1.jpg\" \/>\n\t<meta property=\"og:image:width\" content=\"1000\" \/>\n\t<meta property=\"og:image:height\" content=\"820\" \/>\n\t<meta property=\"og:image:type\" content=\"image\/jpeg\" \/>\n<meta name=\"twitter:card\" content=\"summary_large_image\" \/>\n<meta name=\"twitter:label1\" content=\"Est. reading time\" \/>\n\t<meta name=\"twitter:data1\" content=\"1 minute\" \/>\n<script type=\"application\/ld+json\" class=\"yoast-schema-graph\">{\"@context\":\"https:\/\/schema.org\",\"@graph\":[{\"@type\":\"WebPage\",\"@id\":\"https:\/\/mamaonline.alta-agentie.ro\/?product=nuby-jucarie-baie-forma-testoasa\",\"url\":\"https:\/\/mamaonline.alta-agentie.ro\/?product=nuby-jucarie-baie-forma-testoasa\",\"name\":\"Nuby - Jucarie baie forma testoasa - My Store\",\"isPartOf\":{\"@id\":\"https:\/\/mamaonline.alta-agentie.ro\/#website\"},\"primaryImageOfPage\":{\"@id\":\"https:\/\/mamaonline.alta-agentie.ro\/?product=nuby-jucarie-baie-forma-testoasa#primaryimage\"},\"image\":{\"@id\":\"https:\/\/mamaonline.alta-agentie.ro\/?product=nuby-jucarie-baie-forma-testoasa#primaryimage\"},\"thumbnailUrl\":\"https:\/\/mamaonline.alta-agentie.ro\/wp-content\/uploads\/2025\/06\/NUBY-Jucarie-baie-forma-testoasa-1.jpg\",\"datePublished\":\"2024-02-28T11:58:51+00:00\",\"breadcrumb\":{\"@id\":\"https:\/\/mamaonline.alta-agentie.ro\/?product=nuby-jucarie-baie-forma-testoasa#breadcrumb\"},\"inLanguage\":\"en-US\",\"potentialAction\":[{\"@type\":\"ReadAction\",\"target\":[\"https:\/\/mamaonline.alta-agentie.ro\/?product=nuby-jucarie-baie-forma-testoasa\"]}]},{\"@type\":\"ImageObject\",\"inLanguage\":\"en-US\",\"@id\":\"https:\/\/mamaonline.alta-agentie.ro\/?product=nuby-jucarie-baie-forma-testoasa#primaryimage\",\"url\":\"https:\/\/mamaonline.alta-agentie.ro\/wp-content\/uploads\/2025\/06\/NUBY-Jucarie-baie-forma-testoasa-1.jpg\",\"contentUrl\":\"https:\/\/mamaonline.alta-agentie.ro\/wp-content\/uploads\/2025\/06\/NUBY-Jucarie-baie-forma-testoasa-1.jpg\",\"width\":1000,\"height\":820},{\"@type\":\"BreadcrumbList\",\"@id\":\"https:\/\/mamaonline.alta-agentie.ro\/?product=nuby-jucarie-baie-forma-testoasa#breadcrumb\",\"itemListElement\":[{\"@type\":\"ListItem\",\"position\":1,\"name\":\"Home\",\"item\":\"https:\/\/mamaonline.alta-agentie.ro\/\"},{\"@type\":\"ListItem\",\"position\":2,\"name\":\"Products\",\"item\":\"https:\/\/mamaonline.alta-agentie.ro\/?post_type=product\"},{\"@type\":\"ListItem\",\"position\":3,\"name\":\"Nuby - Jucarie baie forma testoasa\"}]},{\"@type\":\"WebSite\",\"@id\":\"https:\/\/mamaonline.alta-agentie.ro\/#website\",\"url\":\"https:\/\/mamaonline.alta-agentie.ro\/\",\"name\":\"My Store\",\"description\":\"\",\"potentialAction\":[{\"@type\":\"SearchAction\",\"target\":{\"@type\":\"EntryPoint\",\"urlTemplate\":\"https:\/\/mamaonline.alta-agentie.ro\/?s={search_term_string}\"},\"query-input\":{\"@type\":\"PropertyValueSpecification\",\"valueRequired\":true,\"valueName\":\"search_term_string\"}}],\"inLanguage\":\"en-US\"}]}<\/script>\n<!-- \/ Yoast SEO plugin. -->","yoast_head_json":{"title":"Nuby - Jucarie baie forma testoasa - My Store","robots":{"index":"noindex","follow":"follow","max-snippet":"max-snippet:-1","max-image-preview":"max-image-preview:large","max-video-preview":"max-video-preview:-1"},"og_locale":"en_US","og_type":"article","og_title":"Nuby - Jucarie baie forma testoasa - My Store","og_description":"Juc\u0103ria de baie Nuby Floating Turtle (Turtle plutitoare Nuby pentru baie).","og_url":"https:\/\/mamaonline.alta-agentie.ro\/?product=nuby-jucarie-baie-forma-testoasa","og_site_name":"My Store","og_image":[{"width":1000,"height":820,"url":"https:\/\/mamaonline.alta-agentie.ro\/wp-content\/uploads\/2025\/06\/NUBY-Jucarie-baie-forma-testoasa-1.jpg","type":"image\/jpeg"}],"twitter_card":"summary_large_image","twitter_misc":{"Est. reading time":"1 minute"},"schema":{"@context":"https:\/\/schema.org","@graph":[{"@type":"WebPage","@id":"https:\/\/mamaonline.alta-agentie.ro\/?product=nuby-jucarie-baie-forma-testoasa","url":"https:\/\/mamaonline.alta-agentie.ro\/?product=nuby-jucarie-baie-forma-testoasa","name":"Nuby - Jucarie baie forma testoasa - My Store","isPartOf":{"@id":"https:\/\/mamaonline.alta-agentie.ro\/#website"},"primaryImageOfPage":{"@id":"https:\/\/mamaonline.alta-agentie.ro\/?product=nuby-jucarie-baie-forma-testoasa#primaryimage"},"image":{"@id":"https:\/\/mamaonline.alta-agentie.ro\/?product=nuby-jucarie-baie-forma-testoasa#primaryimage"},"thumbnailUrl":"https:\/\/mamaonline.alta-agentie.ro\/wp-content\/uploads\/2025\/06\/NUBY-Jucarie-baie-forma-testoasa-1.jpg","datePublished":"2024-02-28T11:58:51+00:00","breadcrumb":{"@id":"https:\/\/mamaonline.alta-agentie.ro\/?product=nuby-jucarie-baie-forma-testoasa#breadcrumb"},"inLanguage":"en-US","potentialAction":[{"@type":"ReadAction","target":["https:\/\/mamaonline.alta-agentie.ro\/?product=nuby-jucarie-baie-forma-testoasa"]}]},{"@type":"ImageObject","inLanguage":"en-US","@id":"https:\/\/mamaonline.alta-agentie.ro\/?product=nuby-jucarie-baie-forma-testoasa#primaryimage","url":"https:\/\/mamaonline.alta-agentie.ro\/wp-content\/uploads\/2025\/06\/NUBY-Jucarie-baie-forma-testoasa-1.jpg","contentUrl":"https:\/\/mamaonline.alta-agentie.ro\/wp-content\/uploads\/2025\/06\/NUBY-Jucarie-baie-forma-testoasa-1.jpg","width":1000,"height":820},{"@type":"BreadcrumbList","@id":"https:\/\/mamaonline.alta-agentie.ro\/?product=nuby-jucarie-baie-forma-testoasa#breadcrumb","itemListElement":[{"@type":"ListItem","position":1,"name":"Home","item":"https:\/\/mamaonline.alta-agentie.ro\/"},{"@type":"ListItem","position":2,"name":"Products","item":"https:\/\/mamaonline.alta-agentie.ro\/?post_type=product"},{"@type":"ListItem","position":3,"name":"Nuby - Jucarie baie forma testoasa"}]},{"@type":"WebSite","@id":"https:\/\/mamaonline.alta-agentie.ro\/#website","url":"https:\/\/mamaonline.alta-agentie.ro\/","name":"My Store","description":"","potentialAction":[{"@type":"SearchAction","target":{"@type":"EntryPoint","urlTemplate":"https:\/\/mamaonline.alta-agentie.ro\/?s={search_term_string}"},"query-input":{"@type":"PropertyValueSpecification","valueRequired":true,"valueName":"search_term_string"}}],"inLanguage":"en-US"}]}},"_links":{"self":[{"href":"https:\/\/mamaonline.alta-agentie.ro\/index.php?rest_route=\/wp\/v2\/product\/2876","targetHints":{"allow":["GET"]}}],"collection":[{"href":"https:\/\/mamaonline.alta-agentie.ro\/index.php?rest_route=\/wp\/v2\/product"}],"about":[{"href":"https:\/\/mamaonline.alta-agentie.ro\/index.php?rest_route=\/wp\/v2\/types\/product"}],"replies":[{"embeddable":true,"href":"https:\/\/mamaonline.alta-agentie.ro\/index.php?rest_route=%2Fwp%2Fv2%2Fcomments&post=2876"}],"wp:featuredmedia":[{"embeddable":true,"href":"https:\/\/mamaonline.alta-agentie.ro\/index.php?rest_route=\/wp\/v2\/media\/29024"}],"wp:attachment":[{"href":"https:\/\/mamaonline.alta-agentie.ro\/index.php?rest_route=%2Fwp%2Fv2%2Fmedia&parent=2876"}],"wp:term":[{"taxonomy":"product_brand","embeddable":true,"href":"https:\/\/mamaonline.alta-agentie.ro\/index.php?rest_route=%2Fwp%2Fv2%2Fproduct_brand&post=2876"},{"taxonomy":"product_cat","embeddable":true,"href":"https:\/\/mamaonline.alta-agentie.ro\/index.php?rest_route=%2Fwp%2Fv2%2Fproduct_cat&post=2876"},{"taxonomy":"product_tag","embeddable":true,"href":"https:\/\/mamaonline.alta-agentie.ro\/index.php?rest_route=%2Fwp%2Fv2%2Fproduct_tag&post=2876"}],"curies":[{"name":"wp","href":"https:\/\/api.w.org\/{rel}","templated":true}]}}