{"id":2858,"date":"2024-02-28T10:35:18","date_gmt":"2024-02-28T10:35:18","guid":{"rendered":"https:\/\/mamaonline.ro\/new\/?post_type=product&amp;p=2858"},"modified":"2024-02-28T10:35:18","modified_gmt":"2024-02-28T10:35:18","slug":"hoppediz-marsupiu-pentru-papusi","status":"publish","type":"product","link":"https:\/\/mamaonline.alta-agentie.ro\/?product=hoppediz-marsupiu-pentru-papusi","title":{"rendered":"Hoppediz - Marsupiu pentru papusi"},"content":{"rendered":"<p>Bucuria de a purta marsupiu poate fi acum \u00eemp\u0103rt\u0103\u0219it\u0103 \u0219i de c\u0103tre micii p\u0103rin\u021bi de p\u0103pu\u0219i, purt\u00e2ndu-\u0219i cel mai iubit prieten de plu\u0219 \u00een lume: Noul nostru suport pentru p\u0103pu\u0219i poate fi u\u0219or pus, \u00eencruci\u0219\u00e2nd benzile de pe spatele celui care poart\u0103 \u0219i leg\u00e2ndu-le o dat\u0103 \u00een fa\u021b\u0103 sub fundul p\u0103pu\u0219ii sau a juc\u0103riei de plu\u0219. Astfel, purt\u0103torii nu vor aluneca de pe umeri. La centura abdominal\u0103 exist\u0103 un arici, similar cu cel de pe marsupiul pentru bebelu\u0219i Bondolino.<\/p>\n<p>Potrivit \u00een special pentru p\u0103pu\u0219ile cu corp moale \u0219i juc\u0103riile de plu\u0219. Chiar \u0219i p\u0103pu\u0219ile din vinil ferm g\u0103sesc loc datorit\u0103 potrivirii \u00eembun\u0103t\u0103\u021bite. Benzile \u00eencruci\u0219ate de pe spate ofer\u0103 confort \u00een timpul purt\u0103rii. Centura abdominal\u0103 cu arici se ajusteaz\u0103 rapid.<\/p>\n<p>Mai mult dec\u00e2t o juc\u0103rie: Imitarea poate stimula dezvoltarea empatic\u0103 a copilului. 100% bumbac organic certificat<\/p>\n<p>&nbsp;<\/p>\n","protected":false},"excerpt":{"rendered":"<p>Dimensiuni: M\u0103rimea recomandat\u0103 a papusii: p\u00e2n\u0103 la 43 cm<\/p>\n<p>Circumferin\u021ba \u0219oldurilor: ajustabil\u0103 \u00eentre 50 \u0219i 72 cm<\/p>\n<p>Pentru copii cu v\u00e2rsta cuprins\u0103 \u00eentre aproximativ 3 \u0219i 8 ani<\/p>\n","protected":false},"featured_media":29019,"comment_status":"open","ping_status":"closed","template":"","meta":{"_acf_changed":false},"product_brand":[],"product_cat":[66,90],"product_tag":[76],"class_list":{"0":"post-2858","1":"product","2":"type-product","3":"status-publish","4":"has-post-thumbnail","6":"product_cat-jucarii","7":"product_cat-papusi","8":"product_tag-mamaonline","10":"first","11":"instock","12":"shipping-taxable","13":"purchasable","14":"product-type-simple"},"acf":[],"yoast_head":"<!-- This site is optimized with the Yoast SEO plugin v25.3.1 - https:\/\/yoast.com\/wordpress\/plugins\/seo\/ -->\n<title>Hoppediz - Marsupiu pentru papusi - My Store<\/title>\n<meta name=\"robots\" content=\"noindex, follow, max-snippet:-1, max-image-preview:large, max-video-preview:-1\" \/>\n<meta property=\"og:locale\" content=\"en_US\" \/>\n<meta property=\"og:type\" content=\"article\" \/>\n<meta property=\"og:title\" content=\"Hoppediz - Marsupiu pentru papusi - My Store\" \/>\n<meta property=\"og:description\" content=\"Dimensiuni: M\u0103rimea recomandat\u0103 a papusii: p\u00e2n\u0103 la 43 cm Circumferin\u021ba \u0219oldurilor: ajustabil\u0103 \u00eentre 50 \u0219i 72 cm Pentru copii cu v\u00e2rsta cuprins\u0103 \u00eentre aproximativ 3 \u0219i 8 ani\" \/>\n<meta property=\"og:url\" content=\"https:\/\/mamaonline.alta-agentie.ro\/?product=hoppediz-marsupiu-pentru-papusi\" \/>\n<meta property=\"og:site_name\" content=\"My Store\" \/>\n<meta property=\"og:image\" content=\"https:\/\/mamaonline.alta-agentie.ro\/wp-content\/uploads\/2025\/06\/Sterntaler-Centru-de-activitati-0-18-luni.jpg\" \/>\n\t<meta property=\"og:image:width\" content=\"1000\" \/>\n\t<meta property=\"og:image:height\" content=\"820\" \/>\n\t<meta property=\"og:image:type\" content=\"image\/jpeg\" \/>\n<meta name=\"twitter:card\" content=\"summary_large_image\" \/>\n<meta name=\"twitter:label1\" content=\"Est. reading time\" \/>\n\t<meta name=\"twitter:data1\" content=\"1 minute\" \/>\n<script type=\"application\/ld+json\" class=\"yoast-schema-graph\">{\"@context\":\"https:\/\/schema.org\",\"@graph\":[{\"@type\":\"WebPage\",\"@id\":\"https:\/\/mamaonline.alta-agentie.ro\/?product=hoppediz-marsupiu-pentru-papusi\",\"url\":\"https:\/\/mamaonline.alta-agentie.ro\/?product=hoppediz-marsupiu-pentru-papusi\",\"name\":\"Hoppediz - Marsupiu pentru papusi - My Store\",\"isPartOf\":{\"@id\":\"https:\/\/mamaonline.alta-agentie.ro\/#website\"},\"primaryImageOfPage\":{\"@id\":\"https:\/\/mamaonline.alta-agentie.ro\/?product=hoppediz-marsupiu-pentru-papusi#primaryimage\"},\"image\":{\"@id\":\"https:\/\/mamaonline.alta-agentie.ro\/?product=hoppediz-marsupiu-pentru-papusi#primaryimage\"},\"thumbnailUrl\":\"https:\/\/mamaonline.alta-agentie.ro\/wp-content\/uploads\/2025\/06\/Sterntaler-Centru-de-activitati-0-18-luni.jpg\",\"datePublished\":\"2024-02-28T10:35:18+00:00\",\"breadcrumb\":{\"@id\":\"https:\/\/mamaonline.alta-agentie.ro\/?product=hoppediz-marsupiu-pentru-papusi#breadcrumb\"},\"inLanguage\":\"en-US\",\"potentialAction\":[{\"@type\":\"ReadAction\",\"target\":[\"https:\/\/mamaonline.alta-agentie.ro\/?product=hoppediz-marsupiu-pentru-papusi\"]}]},{\"@type\":\"ImageObject\",\"inLanguage\":\"en-US\",\"@id\":\"https:\/\/mamaonline.alta-agentie.ro\/?product=hoppediz-marsupiu-pentru-papusi#primaryimage\",\"url\":\"https:\/\/mamaonline.alta-agentie.ro\/wp-content\/uploads\/2025\/06\/Sterntaler-Centru-de-activitati-0-18-luni.jpg\",\"contentUrl\":\"https:\/\/mamaonline.alta-agentie.ro\/wp-content\/uploads\/2025\/06\/Sterntaler-Centru-de-activitati-0-18-luni.jpg\",\"width\":1000,\"height\":820},{\"@type\":\"BreadcrumbList\",\"@id\":\"https:\/\/mamaonline.alta-agentie.ro\/?product=hoppediz-marsupiu-pentru-papusi#breadcrumb\",\"itemListElement\":[{\"@type\":\"ListItem\",\"position\":1,\"name\":\"Home\",\"item\":\"https:\/\/mamaonline.alta-agentie.ro\/\"},{\"@type\":\"ListItem\",\"position\":2,\"name\":\"Products\",\"item\":\"https:\/\/mamaonline.alta-agentie.ro\/?post_type=product\"},{\"@type\":\"ListItem\",\"position\":3,\"name\":\"Hoppediz - Marsupiu pentru papusi\"}]},{\"@type\":\"WebSite\",\"@id\":\"https:\/\/mamaonline.alta-agentie.ro\/#website\",\"url\":\"https:\/\/mamaonline.alta-agentie.ro\/\",\"name\":\"My Store\",\"description\":\"\",\"potentialAction\":[{\"@type\":\"SearchAction\",\"target\":{\"@type\":\"EntryPoint\",\"urlTemplate\":\"https:\/\/mamaonline.alta-agentie.ro\/?s={search_term_string}\"},\"query-input\":{\"@type\":\"PropertyValueSpecification\",\"valueRequired\":true,\"valueName\":\"search_term_string\"}}],\"inLanguage\":\"en-US\"}]}<\/script>\n<!-- \/ Yoast SEO plugin. -->","yoast_head_json":{"title":"Hoppediz - Marsupiu pentru papusi - My Store","robots":{"index":"noindex","follow":"follow","max-snippet":"max-snippet:-1","max-image-preview":"max-image-preview:large","max-video-preview":"max-video-preview:-1"},"og_locale":"en_US","og_type":"article","og_title":"Hoppediz - Marsupiu pentru papusi - My Store","og_description":"Dimensiuni: M\u0103rimea recomandat\u0103 a papusii: p\u00e2n\u0103 la 43 cm Circumferin\u021ba \u0219oldurilor: ajustabil\u0103 \u00eentre 50 \u0219i 72 cm Pentru copii cu v\u00e2rsta cuprins\u0103 \u00eentre aproximativ 3 \u0219i 8 ani","og_url":"https:\/\/mamaonline.alta-agentie.ro\/?product=hoppediz-marsupiu-pentru-papusi","og_site_name":"My Store","og_image":[{"width":1000,"height":820,"url":"https:\/\/mamaonline.alta-agentie.ro\/wp-content\/uploads\/2025\/06\/Sterntaler-Centru-de-activitati-0-18-luni.jpg","type":"image\/jpeg"}],"twitter_card":"summary_large_image","twitter_misc":{"Est. reading time":"1 minute"},"schema":{"@context":"https:\/\/schema.org","@graph":[{"@type":"WebPage","@id":"https:\/\/mamaonline.alta-agentie.ro\/?product=hoppediz-marsupiu-pentru-papusi","url":"https:\/\/mamaonline.alta-agentie.ro\/?product=hoppediz-marsupiu-pentru-papusi","name":"Hoppediz - Marsupiu pentru papusi - My Store","isPartOf":{"@id":"https:\/\/mamaonline.alta-agentie.ro\/#website"},"primaryImageOfPage":{"@id":"https:\/\/mamaonline.alta-agentie.ro\/?product=hoppediz-marsupiu-pentru-papusi#primaryimage"},"image":{"@id":"https:\/\/mamaonline.alta-agentie.ro\/?product=hoppediz-marsupiu-pentru-papusi#primaryimage"},"thumbnailUrl":"https:\/\/mamaonline.alta-agentie.ro\/wp-content\/uploads\/2025\/06\/Sterntaler-Centru-de-activitati-0-18-luni.jpg","datePublished":"2024-02-28T10:35:18+00:00","breadcrumb":{"@id":"https:\/\/mamaonline.alta-agentie.ro\/?product=hoppediz-marsupiu-pentru-papusi#breadcrumb"},"inLanguage":"en-US","potentialAction":[{"@type":"ReadAction","target":["https:\/\/mamaonline.alta-agentie.ro\/?product=hoppediz-marsupiu-pentru-papusi"]}]},{"@type":"ImageObject","inLanguage":"en-US","@id":"https:\/\/mamaonline.alta-agentie.ro\/?product=hoppediz-marsupiu-pentru-papusi#primaryimage","url":"https:\/\/mamaonline.alta-agentie.ro\/wp-content\/uploads\/2025\/06\/Sterntaler-Centru-de-activitati-0-18-luni.jpg","contentUrl":"https:\/\/mamaonline.alta-agentie.ro\/wp-content\/uploads\/2025\/06\/Sterntaler-Centru-de-activitati-0-18-luni.jpg","width":1000,"height":820},{"@type":"BreadcrumbList","@id":"https:\/\/mamaonline.alta-agentie.ro\/?product=hoppediz-marsupiu-pentru-papusi#breadcrumb","itemListElement":[{"@type":"ListItem","position":1,"name":"Home","item":"https:\/\/mamaonline.alta-agentie.ro\/"},{"@type":"ListItem","position":2,"name":"Products","item":"https:\/\/mamaonline.alta-agentie.ro\/?post_type=product"},{"@type":"ListItem","position":3,"name":"Hoppediz - Marsupiu pentru papusi"}]},{"@type":"WebSite","@id":"https:\/\/mamaonline.alta-agentie.ro\/#website","url":"https:\/\/mamaonline.alta-agentie.ro\/","name":"My Store","description":"","potentialAction":[{"@type":"SearchAction","target":{"@type":"EntryPoint","urlTemplate":"https:\/\/mamaonline.alta-agentie.ro\/?s={search_term_string}"},"query-input":{"@type":"PropertyValueSpecification","valueRequired":true,"valueName":"search_term_string"}}],"inLanguage":"en-US"}]}},"_links":{"self":[{"href":"https:\/\/mamaonline.alta-agentie.ro\/index.php?rest_route=\/wp\/v2\/product\/2858","targetHints":{"allow":["GET"]}}],"collection":[{"href":"https:\/\/mamaonline.alta-agentie.ro\/index.php?rest_route=\/wp\/v2\/product"}],"about":[{"href":"https:\/\/mamaonline.alta-agentie.ro\/index.php?rest_route=\/wp\/v2\/types\/product"}],"replies":[{"embeddable":true,"href":"https:\/\/mamaonline.alta-agentie.ro\/index.php?rest_route=%2Fwp%2Fv2%2Fcomments&post=2858"}],"wp:featuredmedia":[{"embeddable":true,"href":"https:\/\/mamaonline.alta-agentie.ro\/index.php?rest_route=\/wp\/v2\/media\/29019"}],"wp:attachment":[{"href":"https:\/\/mamaonline.alta-agentie.ro\/index.php?rest_route=%2Fwp%2Fv2%2Fmedia&parent=2858"}],"wp:term":[{"taxonomy":"product_brand","embeddable":true,"href":"https:\/\/mamaonline.alta-agentie.ro\/index.php?rest_route=%2Fwp%2Fv2%2Fproduct_brand&post=2858"},{"taxonomy":"product_cat","embeddable":true,"href":"https:\/\/mamaonline.alta-agentie.ro\/index.php?rest_route=%2Fwp%2Fv2%2Fproduct_cat&post=2858"},{"taxonomy":"product_tag","embeddable":true,"href":"https:\/\/mamaonline.alta-agentie.ro\/index.php?rest_route=%2Fwp%2Fv2%2Fproduct_tag&post=2858"}],"curies":[{"name":"wp","href":"https:\/\/api.w.org\/{rel}","templated":true}]}}