{"id":2854,"date":"2024-03-04T09:13:34","date_gmt":"2024-03-04T09:13:34","guid":{"rendered":"https:\/\/mamaonline.ro\/new\/?post_type=product&amp;p=2854"},"modified":"2025-06-25T12:06:33","modified_gmt":"2025-06-25T12:06:33","slug":"chicco-suzete-silicon-0-2-luni","status":"publish","type":"product","link":"https:\/\/mamaonline.alta-agentie.ro\/?product=chicco-suzete-silicon-0-2-luni","title":{"rendered":"Chicco - Suzete Fosforescente Glow in The Dark Silicon 0-2 luni"},"content":{"rendered":"<p>Caracteristici:<\/p>\n<ul>\n<li>Conceput pentru nou-nascuti, a fost conceput special pentru primele doua luni de viata.<\/li>\n<li>Silicon: material ales pentru caracterul practic, igienic si nedeformabil.<\/li>\n<li>Finisajul exclusiv SOFT SENSE il face moale si catifelat.<\/li>\n<li>Suzeta din silicon Chicco PhysioForma Micr\u00f2 0-2m, datorita formei sale exclusive, favorizeaza dezvoltarea corecta a gurii si ajuta la pozitionarea limbii inainte, sustinend respiratia fiziologica.<\/li>\n<li>Gasiti cu usurinta suzeta in timpul noptii datorita functiei sale speciale \u201estralucire in intuneric\u201d.<\/li>\n<\/ul>\n<p><strong>Mic<\/strong>\u00a0: conceput pentru gura nou-n\u0103scutului.<br \/>\n<strong>U\u0219or<\/strong>\u00a0: mai u\u0219or de \u021binut \u00een gur\u0103.<br \/>\n<strong>Design ergonomic<\/strong>\u00a0: las\u0103 liber nasul \u0219i b\u0103rbia.<br \/>\n<strong>Respirabil<\/strong>\u00a0: orificiile mari de ventila\u021bie asigur\u0103 respira\u021bia pielii<\/p>\n<p>&nbsp;<\/p>\n<p class=\"h4 custom_mb10\">SPRIJIN\u0102 RESPIRA\u021aIA FIZIOLOGIC\u0102<\/p>\n<div class=\"font-sm\" data-was-processed=\"true\">\n<p>PhysioForma este forma exclusiv\u0103 Chicco care, prin promovarea func\u021biilor limbii, ac\u021bioneaz\u0103 \u00een dezvoltarea armonioas\u0103 a gurii \u0219i sus\u021bine respira\u021bia fiziologic\u0103 a bebelu\u0219ului.\u00a0PhysioForma s-a n\u0103scut din colaborarea dintre exper\u021bi ortodon\u021bi, pediatri \u0219i Observatorul Chicco \u0219i este rezultatul unor teste continue care s\u0103-i sus\u021bin\u0103 valabilitatea \u0219tiin\u021bific\u0103.<\/p>\n<\/div>\n<p class=\"h4 custom_mb10\">PACHET PRACTIC DE STERILIZARE, DEZINFECTEAZA IN DOAR 3 MINUTE!<\/p>\n<div class=\"font-sm\" data-was-processed=\"true\">\n<p>Pachetul de sterilizare v\u0103 permite s\u0103 igieniza\u021bi suzetele la cuptorul cu microunde \u00een doar 3 minute, elimin\u00e2nd 99,9% din microbi \u00een 2 pa\u0219i simpli:<\/p>\n<p><strong>PASUL 1:<\/strong>\u00a0umple\u021bi cu ap\u0103, pune\u021bi suzetele \u0219i \u00eenchide\u021bi pachetul.<\/p>\n<p><strong>PASUL 2:<\/strong>\u00a0l\u0103sa\u021bi la cuptorul cu microunde timp de 3 minute la 750 Watt.<\/p>\n<p>AVERTISMENT: ambalajele de sterilizare, suzetele pot fi fierbin\u021bi.\u00a0A\u0219tepta\u021bi p\u00e2n\u0103 se r\u0103cesc \u00eenainte de a le atinge.<\/p>\n<\/div>\n","protected":false},"excerpt":{"rendered":"<p>Suzete ortodontice din silicon Chicco Micro conceput pentru nou-nascuti, a fost conceput special pentru primele doua luni de viata.<\/p>\n","protected":false},"featured_media":29017,"comment_status":"open","ping_status":"closed","template":"","meta":{"_acf_changed":false},"product_brand":[],"product_cat":[29,134],"product_tag":[76,132],"class_list":{"0":"post-2854","1":"product","2":"type-product","3":"status-publish","4":"has-post-thumbnail","6":"product_cat-bebe-la-masa","7":"product_cat-suzete-bebelusi","8":"product_tag-mamaonline","9":"product_tag-suzeta","11":"first","12":"instock","13":"shipping-taxable","14":"purchasable","15":"product-type-simple"},"acf":[],"yoast_head":"<!-- This site is optimized with the Yoast SEO plugin v25.3.1 - https:\/\/yoast.com\/wordpress\/plugins\/seo\/ -->\n<title>Chicco - Suzete Fosforescente Glow in The Dark Silicon 0-2 luni - My Store<\/title>\n<meta name=\"robots\" content=\"noindex, follow, max-snippet:-1, max-image-preview:large, max-video-preview:-1\" \/>\n<meta property=\"og:locale\" content=\"en_US\" \/>\n<meta property=\"og:type\" content=\"article\" \/>\n<meta property=\"og:title\" content=\"Chicco - Suzete Fosforescente Glow in The Dark Silicon 0-2 luni - My Store\" \/>\n<meta property=\"og:description\" content=\"Suzete ortodontice din silicon Chicco Micro conceput pentru nou-nascuti, a fost conceput special pentru primele doua luni de viata.\" \/>\n<meta property=\"og:url\" content=\"https:\/\/mamaonline.alta-agentie.ro\/?product=chicco-suzete-silicon-0-2-luni\" \/>\n<meta property=\"og:site_name\" content=\"My Store\" \/>\n<meta property=\"article:modified_time\" content=\"2025-06-25T12:06:33+00:00\" \/>\n<meta property=\"og:image\" content=\"https:\/\/mamaonline.alta-agentie.ro\/wp-content\/uploads\/2025\/06\/ca6648df-8fde-4067-b8ea-f4471a25332b.jpeg\" \/>\n\t<meta property=\"og:image:width\" content=\"360\" \/>\n\t<meta property=\"og:image:height\" content=\"360\" \/>\n\t<meta property=\"og:image:type\" content=\"image\/jpeg\" \/>\n<meta name=\"twitter:card\" content=\"summary_large_image\" \/>\n<meta name=\"twitter:label1\" content=\"Est. reading time\" \/>\n\t<meta name=\"twitter:data1\" content=\"2 minutes\" \/>\n<script type=\"application\/ld+json\" class=\"yoast-schema-graph\">{\"@context\":\"https:\/\/schema.org\",\"@graph\":[{\"@type\":\"WebPage\",\"@id\":\"https:\/\/mamaonline.alta-agentie.ro\/?product=chicco-suzete-silicon-0-2-luni\",\"url\":\"https:\/\/mamaonline.alta-agentie.ro\/?product=chicco-suzete-silicon-0-2-luni\",\"name\":\"Chicco - Suzete Fosforescente Glow in The Dark Silicon 0-2 luni - My Store\",\"isPartOf\":{\"@id\":\"https:\/\/mamaonline.alta-agentie.ro\/#website\"},\"primaryImageOfPage\":{\"@id\":\"https:\/\/mamaonline.alta-agentie.ro\/?product=chicco-suzete-silicon-0-2-luni#primaryimage\"},\"image\":{\"@id\":\"https:\/\/mamaonline.alta-agentie.ro\/?product=chicco-suzete-silicon-0-2-luni#primaryimage\"},\"thumbnailUrl\":\"https:\/\/mamaonline.alta-agentie.ro\/wp-content\/uploads\/2025\/06\/ca6648df-8fde-4067-b8ea-f4471a25332b.jpeg\",\"datePublished\":\"2024-03-04T09:13:34+00:00\",\"dateModified\":\"2025-06-25T12:06:33+00:00\",\"breadcrumb\":{\"@id\":\"https:\/\/mamaonline.alta-agentie.ro\/?product=chicco-suzete-silicon-0-2-luni#breadcrumb\"},\"inLanguage\":\"en-US\",\"potentialAction\":[{\"@type\":\"ReadAction\",\"target\":[\"https:\/\/mamaonline.alta-agentie.ro\/?product=chicco-suzete-silicon-0-2-luni\"]}]},{\"@type\":\"ImageObject\",\"inLanguage\":\"en-US\",\"@id\":\"https:\/\/mamaonline.alta-agentie.ro\/?product=chicco-suzete-silicon-0-2-luni#primaryimage\",\"url\":\"https:\/\/mamaonline.alta-agentie.ro\/wp-content\/uploads\/2025\/06\/ca6648df-8fde-4067-b8ea-f4471a25332b.jpeg\",\"contentUrl\":\"https:\/\/mamaonline.alta-agentie.ro\/wp-content\/uploads\/2025\/06\/ca6648df-8fde-4067-b8ea-f4471a25332b.jpeg\",\"width\":360,\"height\":360},{\"@type\":\"BreadcrumbList\",\"@id\":\"https:\/\/mamaonline.alta-agentie.ro\/?product=chicco-suzete-silicon-0-2-luni#breadcrumb\",\"itemListElement\":[{\"@type\":\"ListItem\",\"position\":1,\"name\":\"Home\",\"item\":\"https:\/\/mamaonline.alta-agentie.ro\/\"},{\"@type\":\"ListItem\",\"position\":2,\"name\":\"Products\",\"item\":\"https:\/\/mamaonline.alta-agentie.ro\/?post_type=product\"},{\"@type\":\"ListItem\",\"position\":3,\"name\":\"Chicco - Suzete Fosforescente Glow in The Dark Silicon 0-2 luni\"}]},{\"@type\":\"WebSite\",\"@id\":\"https:\/\/mamaonline.alta-agentie.ro\/#website\",\"url\":\"https:\/\/mamaonline.alta-agentie.ro\/\",\"name\":\"My Store\",\"description\":\"\",\"potentialAction\":[{\"@type\":\"SearchAction\",\"target\":{\"@type\":\"EntryPoint\",\"urlTemplate\":\"https:\/\/mamaonline.alta-agentie.ro\/?s={search_term_string}\"},\"query-input\":{\"@type\":\"PropertyValueSpecification\",\"valueRequired\":true,\"valueName\":\"search_term_string\"}}],\"inLanguage\":\"en-US\"}]}<\/script>\n<!-- \/ Yoast SEO plugin. -->","yoast_head_json":{"title":"Chicco - Suzete Fosforescente Glow in The Dark Silicon 0-2 luni - My Store","robots":{"index":"noindex","follow":"follow","max-snippet":"max-snippet:-1","max-image-preview":"max-image-preview:large","max-video-preview":"max-video-preview:-1"},"og_locale":"en_US","og_type":"article","og_title":"Chicco - Suzete Fosforescente Glow in The Dark Silicon 0-2 luni - My Store","og_description":"Suzete ortodontice din silicon Chicco Micro conceput pentru nou-nascuti, a fost conceput special pentru primele doua luni de viata.","og_url":"https:\/\/mamaonline.alta-agentie.ro\/?product=chicco-suzete-silicon-0-2-luni","og_site_name":"My Store","article_modified_time":"2025-06-25T12:06:33+00:00","og_image":[{"width":360,"height":360,"url":"https:\/\/mamaonline.alta-agentie.ro\/wp-content\/uploads\/2025\/06\/ca6648df-8fde-4067-b8ea-f4471a25332b.jpeg","type":"image\/jpeg"}],"twitter_card":"summary_large_image","twitter_misc":{"Est. reading time":"2 minutes"},"schema":{"@context":"https:\/\/schema.org","@graph":[{"@type":"WebPage","@id":"https:\/\/mamaonline.alta-agentie.ro\/?product=chicco-suzete-silicon-0-2-luni","url":"https:\/\/mamaonline.alta-agentie.ro\/?product=chicco-suzete-silicon-0-2-luni","name":"Chicco - Suzete Fosforescente Glow in The Dark Silicon 0-2 luni - My Store","isPartOf":{"@id":"https:\/\/mamaonline.alta-agentie.ro\/#website"},"primaryImageOfPage":{"@id":"https:\/\/mamaonline.alta-agentie.ro\/?product=chicco-suzete-silicon-0-2-luni#primaryimage"},"image":{"@id":"https:\/\/mamaonline.alta-agentie.ro\/?product=chicco-suzete-silicon-0-2-luni#primaryimage"},"thumbnailUrl":"https:\/\/mamaonline.alta-agentie.ro\/wp-content\/uploads\/2025\/06\/ca6648df-8fde-4067-b8ea-f4471a25332b.jpeg","datePublished":"2024-03-04T09:13:34+00:00","dateModified":"2025-06-25T12:06:33+00:00","breadcrumb":{"@id":"https:\/\/mamaonline.alta-agentie.ro\/?product=chicco-suzete-silicon-0-2-luni#breadcrumb"},"inLanguage":"en-US","potentialAction":[{"@type":"ReadAction","target":["https:\/\/mamaonline.alta-agentie.ro\/?product=chicco-suzete-silicon-0-2-luni"]}]},{"@type":"ImageObject","inLanguage":"en-US","@id":"https:\/\/mamaonline.alta-agentie.ro\/?product=chicco-suzete-silicon-0-2-luni#primaryimage","url":"https:\/\/mamaonline.alta-agentie.ro\/wp-content\/uploads\/2025\/06\/ca6648df-8fde-4067-b8ea-f4471a25332b.jpeg","contentUrl":"https:\/\/mamaonline.alta-agentie.ro\/wp-content\/uploads\/2025\/06\/ca6648df-8fde-4067-b8ea-f4471a25332b.jpeg","width":360,"height":360},{"@type":"BreadcrumbList","@id":"https:\/\/mamaonline.alta-agentie.ro\/?product=chicco-suzete-silicon-0-2-luni#breadcrumb","itemListElement":[{"@type":"ListItem","position":1,"name":"Home","item":"https:\/\/mamaonline.alta-agentie.ro\/"},{"@type":"ListItem","position":2,"name":"Products","item":"https:\/\/mamaonline.alta-agentie.ro\/?post_type=product"},{"@type":"ListItem","position":3,"name":"Chicco - Suzete Fosforescente Glow in The Dark Silicon 0-2 luni"}]},{"@type":"WebSite","@id":"https:\/\/mamaonline.alta-agentie.ro\/#website","url":"https:\/\/mamaonline.alta-agentie.ro\/","name":"My Store","description":"","potentialAction":[{"@type":"SearchAction","target":{"@type":"EntryPoint","urlTemplate":"https:\/\/mamaonline.alta-agentie.ro\/?s={search_term_string}"},"query-input":{"@type":"PropertyValueSpecification","valueRequired":true,"valueName":"search_term_string"}}],"inLanguage":"en-US"}]}},"_links":{"self":[{"href":"https:\/\/mamaonline.alta-agentie.ro\/index.php?rest_route=\/wp\/v2\/product\/2854","targetHints":{"allow":["GET"]}}],"collection":[{"href":"https:\/\/mamaonline.alta-agentie.ro\/index.php?rest_route=\/wp\/v2\/product"}],"about":[{"href":"https:\/\/mamaonline.alta-agentie.ro\/index.php?rest_route=\/wp\/v2\/types\/product"}],"replies":[{"embeddable":true,"href":"https:\/\/mamaonline.alta-agentie.ro\/index.php?rest_route=%2Fwp%2Fv2%2Fcomments&post=2854"}],"wp:featuredmedia":[{"embeddable":true,"href":"https:\/\/mamaonline.alta-agentie.ro\/index.php?rest_route=\/wp\/v2\/media\/29017"}],"wp:attachment":[{"href":"https:\/\/mamaonline.alta-agentie.ro\/index.php?rest_route=%2Fwp%2Fv2%2Fmedia&parent=2854"}],"wp:term":[{"taxonomy":"product_brand","embeddable":true,"href":"https:\/\/mamaonline.alta-agentie.ro\/index.php?rest_route=%2Fwp%2Fv2%2Fproduct_brand&post=2854"},{"taxonomy":"product_cat","embeddable":true,"href":"https:\/\/mamaonline.alta-agentie.ro\/index.php?rest_route=%2Fwp%2Fv2%2Fproduct_cat&post=2854"},{"taxonomy":"product_tag","embeddable":true,"href":"https:\/\/mamaonline.alta-agentie.ro\/index.php?rest_route=%2Fwp%2Fv2%2Fproduct_tag&post=2854"}],"curies":[{"name":"wp","href":"https:\/\/api.w.org\/{rel}","templated":true}]}}