{"id":2845,"date":"2024-02-27T15:08:54","date_gmt":"2024-02-27T15:08:54","guid":{"rendered":"https:\/\/mamaonline.ro\/new\/?post_type=product&amp;p=2845"},"modified":"2025-06-25T12:06:33","modified_gmt":"2025-06-25T12:06:33","slug":"chicco-antemergator-3-in-1-9-luni","status":"publish","type":"product","link":"https:\/\/mamaonline.alta-agentie.ro\/?product=chicco-antemergator-3-in-1-9-luni","title":{"rendered":"Chicco Antemergator 3 in 1, 9 luni+"},"content":{"rendered":"<p>Antemerg\u0103tor evolutiv muzical Chicco 3 \u00een 1-Co\u0219ul vesel de cump\u0103r\u0103turi - 9 luni+<\/p>\n<p>Este o juc\u0103rie Chicco bilingv\u0103 3 \u00een 1 care ajut\u0103 copilul s\u0103 se ridice \u00een picioare \u0219i s\u0103 \u00eenve\u021be s\u0103 mearg\u0103 \u00een siguran\u021b\u0103 maxim\u0103 \u0219i, \u00een acela\u0219i timp, acest antemerg\u0103tor este \u0219i un centru de joac\u0103 cu activit\u0103\u021bi bilingve, dar \u0219i un troller amuzant, astfel \u00eenc\u00e2t copilul s\u0103 fac\u0103 mici cump\u0103r\u0103turi, precum mami \u0219i tati.<\/p>\n<p>CARACTERISTICI:<br \/>\n1. realizarea primilor pa\u0219i: juc\u0103ria \u00eel \u00eenva\u021b\u0103 gradual cum s\u0103 execute primele mi\u0219c\u0103ri, premerg\u0103toare mersului propriu-zis, \u00een siguran\u021b\u0103 maxim\u0103.<br \/>\n2. este un centru de joac\u0103 bilingv Chicco (italian\u0103\/englez\u0103) cu melodii \u0219i sunete: con\u021bine un scanner electronic deta\u0219abil care recunoa\u0219te de la distan\u021b\u0103 3 obiecte \u0219i \u00eel \u00eenva\u021b\u0103 pe micu\u021b culorile, denumirea \u0219i formele acestora \u00een limba italian\u0103 \u0219i englez\u0103.<br \/>\n3. joc de rol: copilul t\u0103u se poate distra imit\u00e2nd adul\u021bii, pun\u00e2nd \"cump\u0103r\u0103turile\" \u00een troller \u0219i utiliz\u00e2nd scanner-ul pentru a face cump\u0103r\u0103turi.<br \/>\n4. con\u021bine numeroase activit\u0103\u021bi manuale care pot fi executate cu ajutorul juc\u0103riilor incluse de tip zorn\u0103itoare, \"pop-up\" sau p\u0103r\u021bi care \"alunec\u0103\" \u0219i scot sunete, dar \u0219i tip \"puzzle\" (copilul t\u0103u va \u00eenv\u0103\u021ba s\u0103 recunoasc\u0103 formele obiectelor \u0219i s\u0103 le introduc\u0103 \u00een spa\u021biul potrivit).<\/p>\n","protected":false},"excerpt":{"rendered":"<p>Antemerg\u0103tor evolutiv muzical Chicco 3 \u00een 1-Co\u0219ul vesel de cump\u0103r\u0103turi - 9 luni+<\/p>\n","protected":false},"featured_media":29010,"comment_status":"open","ping_status":"closed","template":"","meta":{"_acf_changed":false},"product_brand":[],"product_cat":[149,66,111],"product_tag":[22,76],"class_list":{"0":"post-2845","1":"product","2":"type-product","3":"status-publish","4":"has-post-thumbnail","6":"product_cat-activitati","7":"product_cat-jucarii","8":"product_cat-reduceri","9":"product_tag-antemergator","10":"product_tag-mamaonline","12":"first","13":"instock","14":"sale","15":"shipping-taxable","16":"purchasable","17":"product-type-simple"},"acf":[],"yoast_head":"<!-- This site is optimized with the Yoast SEO plugin v25.3.1 - https:\/\/yoast.com\/wordpress\/plugins\/seo\/ -->\n<title>Chicco Antemergator 3 in 1, 9 luni+ - My Store<\/title>\n<meta name=\"robots\" content=\"noindex, follow, max-snippet:-1, max-image-preview:large, max-video-preview:-1\" \/>\n<meta property=\"og:locale\" content=\"en_US\" \/>\n<meta property=\"og:type\" content=\"article\" \/>\n<meta property=\"og:title\" content=\"Chicco Antemergator 3 in 1, 9 luni+ - My Store\" \/>\n<meta property=\"og:description\" content=\"Antemerg\u0103tor evolutiv muzical Chicco 3 \u00een 1-Co\u0219ul vesel de cump\u0103r\u0103turi - 9 luni+\" \/>\n<meta property=\"og:url\" content=\"https:\/\/mamaonline.alta-agentie.ro\/?product=chicco-antemergator-3-in-1-9-luni\" \/>\n<meta property=\"og:site_name\" content=\"My Store\" \/>\n<meta property=\"article:modified_time\" content=\"2025-06-25T12:06:33+00:00\" \/>\n<meta property=\"og:image\" content=\"https:\/\/mamaonline.alta-agentie.ro\/wp-content\/uploads\/2025\/06\/CHICCO-Antemergator-3-in-1-9-luni-1.jpg\" \/>\n\t<meta property=\"og:image:width\" content=\"1000\" \/>\n\t<meta property=\"og:image:height\" content=\"820\" \/>\n\t<meta property=\"og:image:type\" content=\"image\/jpeg\" \/>\n<meta name=\"twitter:card\" content=\"summary_large_image\" \/>\n<meta name=\"twitter:label1\" content=\"Est. reading time\" \/>\n\t<meta name=\"twitter:data1\" content=\"2 minutes\" \/>\n<script type=\"application\/ld+json\" class=\"yoast-schema-graph\">{\"@context\":\"https:\/\/schema.org\",\"@graph\":[{\"@type\":\"WebPage\",\"@id\":\"https:\/\/mamaonline.alta-agentie.ro\/?product=chicco-antemergator-3-in-1-9-luni\",\"url\":\"https:\/\/mamaonline.alta-agentie.ro\/?product=chicco-antemergator-3-in-1-9-luni\",\"name\":\"Chicco Antemergator 3 in 1, 9 luni+ - My Store\",\"isPartOf\":{\"@id\":\"https:\/\/mamaonline.alta-agentie.ro\/#website\"},\"primaryImageOfPage\":{\"@id\":\"https:\/\/mamaonline.alta-agentie.ro\/?product=chicco-antemergator-3-in-1-9-luni#primaryimage\"},\"image\":{\"@id\":\"https:\/\/mamaonline.alta-agentie.ro\/?product=chicco-antemergator-3-in-1-9-luni#primaryimage\"},\"thumbnailUrl\":\"https:\/\/mamaonline.alta-agentie.ro\/wp-content\/uploads\/2025\/06\/CHICCO-Antemergator-3-in-1-9-luni-1.jpg\",\"datePublished\":\"2024-02-27T15:08:54+00:00\",\"dateModified\":\"2025-06-25T12:06:33+00:00\",\"breadcrumb\":{\"@id\":\"https:\/\/mamaonline.alta-agentie.ro\/?product=chicco-antemergator-3-in-1-9-luni#breadcrumb\"},\"inLanguage\":\"en-US\",\"potentialAction\":[{\"@type\":\"ReadAction\",\"target\":[\"https:\/\/mamaonline.alta-agentie.ro\/?product=chicco-antemergator-3-in-1-9-luni\"]}]},{\"@type\":\"ImageObject\",\"inLanguage\":\"en-US\",\"@id\":\"https:\/\/mamaonline.alta-agentie.ro\/?product=chicco-antemergator-3-in-1-9-luni#primaryimage\",\"url\":\"https:\/\/mamaonline.alta-agentie.ro\/wp-content\/uploads\/2025\/06\/CHICCO-Antemergator-3-in-1-9-luni-1.jpg\",\"contentUrl\":\"https:\/\/mamaonline.alta-agentie.ro\/wp-content\/uploads\/2025\/06\/CHICCO-Antemergator-3-in-1-9-luni-1.jpg\",\"width\":1000,\"height\":820},{\"@type\":\"BreadcrumbList\",\"@id\":\"https:\/\/mamaonline.alta-agentie.ro\/?product=chicco-antemergator-3-in-1-9-luni#breadcrumb\",\"itemListElement\":[{\"@type\":\"ListItem\",\"position\":1,\"name\":\"Home\",\"item\":\"https:\/\/mamaonline.alta-agentie.ro\/\"},{\"@type\":\"ListItem\",\"position\":2,\"name\":\"Products\",\"item\":\"https:\/\/mamaonline.alta-agentie.ro\/?post_type=product\"},{\"@type\":\"ListItem\",\"position\":3,\"name\":\"Chicco Antemergator 3 in 1, 9 luni+\"}]},{\"@type\":\"WebSite\",\"@id\":\"https:\/\/mamaonline.alta-agentie.ro\/#website\",\"url\":\"https:\/\/mamaonline.alta-agentie.ro\/\",\"name\":\"My Store\",\"description\":\"\",\"potentialAction\":[{\"@type\":\"SearchAction\",\"target\":{\"@type\":\"EntryPoint\",\"urlTemplate\":\"https:\/\/mamaonline.alta-agentie.ro\/?s={search_term_string}\"},\"query-input\":{\"@type\":\"PropertyValueSpecification\",\"valueRequired\":true,\"valueName\":\"search_term_string\"}}],\"inLanguage\":\"en-US\"}]}<\/script>\n<!-- \/ Yoast SEO plugin. -->","yoast_head_json":{"title":"Chicco Antemergator 3 in 1, 9 luni+ - My Store","robots":{"index":"noindex","follow":"follow","max-snippet":"max-snippet:-1","max-image-preview":"max-image-preview:large","max-video-preview":"max-video-preview:-1"},"og_locale":"en_US","og_type":"article","og_title":"Chicco Antemergator 3 in 1, 9 luni+ - My Store","og_description":"Antemerg\u0103tor evolutiv muzical Chicco 3 \u00een 1-Co\u0219ul vesel de cump\u0103r\u0103turi - 9 luni+","og_url":"https:\/\/mamaonline.alta-agentie.ro\/?product=chicco-antemergator-3-in-1-9-luni","og_site_name":"My Store","article_modified_time":"2025-06-25T12:06:33+00:00","og_image":[{"width":1000,"height":820,"url":"https:\/\/mamaonline.alta-agentie.ro\/wp-content\/uploads\/2025\/06\/CHICCO-Antemergator-3-in-1-9-luni-1.jpg","type":"image\/jpeg"}],"twitter_card":"summary_large_image","twitter_misc":{"Est. reading time":"2 minutes"},"schema":{"@context":"https:\/\/schema.org","@graph":[{"@type":"WebPage","@id":"https:\/\/mamaonline.alta-agentie.ro\/?product=chicco-antemergator-3-in-1-9-luni","url":"https:\/\/mamaonline.alta-agentie.ro\/?product=chicco-antemergator-3-in-1-9-luni","name":"Chicco Antemergator 3 in 1, 9 luni+ - My Store","isPartOf":{"@id":"https:\/\/mamaonline.alta-agentie.ro\/#website"},"primaryImageOfPage":{"@id":"https:\/\/mamaonline.alta-agentie.ro\/?product=chicco-antemergator-3-in-1-9-luni#primaryimage"},"image":{"@id":"https:\/\/mamaonline.alta-agentie.ro\/?product=chicco-antemergator-3-in-1-9-luni#primaryimage"},"thumbnailUrl":"https:\/\/mamaonline.alta-agentie.ro\/wp-content\/uploads\/2025\/06\/CHICCO-Antemergator-3-in-1-9-luni-1.jpg","datePublished":"2024-02-27T15:08:54+00:00","dateModified":"2025-06-25T12:06:33+00:00","breadcrumb":{"@id":"https:\/\/mamaonline.alta-agentie.ro\/?product=chicco-antemergator-3-in-1-9-luni#breadcrumb"},"inLanguage":"en-US","potentialAction":[{"@type":"ReadAction","target":["https:\/\/mamaonline.alta-agentie.ro\/?product=chicco-antemergator-3-in-1-9-luni"]}]},{"@type":"ImageObject","inLanguage":"en-US","@id":"https:\/\/mamaonline.alta-agentie.ro\/?product=chicco-antemergator-3-in-1-9-luni#primaryimage","url":"https:\/\/mamaonline.alta-agentie.ro\/wp-content\/uploads\/2025\/06\/CHICCO-Antemergator-3-in-1-9-luni-1.jpg","contentUrl":"https:\/\/mamaonline.alta-agentie.ro\/wp-content\/uploads\/2025\/06\/CHICCO-Antemergator-3-in-1-9-luni-1.jpg","width":1000,"height":820},{"@type":"BreadcrumbList","@id":"https:\/\/mamaonline.alta-agentie.ro\/?product=chicco-antemergator-3-in-1-9-luni#breadcrumb","itemListElement":[{"@type":"ListItem","position":1,"name":"Home","item":"https:\/\/mamaonline.alta-agentie.ro\/"},{"@type":"ListItem","position":2,"name":"Products","item":"https:\/\/mamaonline.alta-agentie.ro\/?post_type=product"},{"@type":"ListItem","position":3,"name":"Chicco Antemergator 3 in 1, 9 luni+"}]},{"@type":"WebSite","@id":"https:\/\/mamaonline.alta-agentie.ro\/#website","url":"https:\/\/mamaonline.alta-agentie.ro\/","name":"My Store","description":"","potentialAction":[{"@type":"SearchAction","target":{"@type":"EntryPoint","urlTemplate":"https:\/\/mamaonline.alta-agentie.ro\/?s={search_term_string}"},"query-input":{"@type":"PropertyValueSpecification","valueRequired":true,"valueName":"search_term_string"}}],"inLanguage":"en-US"}]}},"_links":{"self":[{"href":"https:\/\/mamaonline.alta-agentie.ro\/index.php?rest_route=\/wp\/v2\/product\/2845","targetHints":{"allow":["GET"]}}],"collection":[{"href":"https:\/\/mamaonline.alta-agentie.ro\/index.php?rest_route=\/wp\/v2\/product"}],"about":[{"href":"https:\/\/mamaonline.alta-agentie.ro\/index.php?rest_route=\/wp\/v2\/types\/product"}],"replies":[{"embeddable":true,"href":"https:\/\/mamaonline.alta-agentie.ro\/index.php?rest_route=%2Fwp%2Fv2%2Fcomments&post=2845"}],"wp:featuredmedia":[{"embeddable":true,"href":"https:\/\/mamaonline.alta-agentie.ro\/index.php?rest_route=\/wp\/v2\/media\/29010"}],"wp:attachment":[{"href":"https:\/\/mamaonline.alta-agentie.ro\/index.php?rest_route=%2Fwp%2Fv2%2Fmedia&parent=2845"}],"wp:term":[{"taxonomy":"product_brand","embeddable":true,"href":"https:\/\/mamaonline.alta-agentie.ro\/index.php?rest_route=%2Fwp%2Fv2%2Fproduct_brand&post=2845"},{"taxonomy":"product_cat","embeddable":true,"href":"https:\/\/mamaonline.alta-agentie.ro\/index.php?rest_route=%2Fwp%2Fv2%2Fproduct_cat&post=2845"},{"taxonomy":"product_tag","embeddable":true,"href":"https:\/\/mamaonline.alta-agentie.ro\/index.php?rest_route=%2Fwp%2Fv2%2Fproduct_tag&post=2845"}],"curies":[{"name":"wp","href":"https:\/\/api.w.org\/{rel}","templated":true}]}}