{"id":2836,"date":"2024-02-27T14:44:21","date_gmt":"2024-02-27T14:44:21","guid":{"rendered":"https:\/\/mamaonline.ro\/new\/?post_type=product&amp;p=2836"},"modified":"2024-02-27T14:44:21","modified_gmt":"2024-02-27T14:44:21","slug":"benbat-hooty-proiector-cu-sunete","status":"publish","type":"product","link":"https:\/\/mamaonline.alta-agentie.ro\/?product=benbat-hooty-proiector-cu-sunete","title":{"rendered":"Benbat Hooty Proiector cu sunete"},"content":{"rendered":"<p>Un proiector de bufni\u021be interesant, adorabil \u0219i portabil, care \u00eenconjoar\u0103 copilul cu sunete lini\u0219titoare. Cu mai multe op\u021biuni de instalare (ma\u0219in\u0103, p\u0103tu\u021b sau de sine st\u0103t\u0103tor), acest proiector de noapte dispune de un proiector cu stea LED care are o str\u0103lucire lini\u0219titoare. Red\u0103 melodii bl\u00e2nde \u0219i sunete bl\u00e2nde ale naturii. Captivantul proiector de lumin\u0103 a stelelor proiecteaz\u0103 stelele pe orice suprafa\u021b\u0103 \u00eenconjur\u0103toare (pere\u021bi, tavane etc.) \u0219i las\u0103 copilul s\u0103 adoarm\u0103 lini\u0219tit. Alege\u021bi modul dorit \u0219i l\u0103sa\u021bi-l pe HOOTY s\u0103 v\u0103 culce copilul lini\u0219tit \u0219i bine!<\/p>\n<p><strong>Caracteristici:<\/strong><\/p>\n<ul>\n<li>Potrivit de la nastere<\/li>\n<li>Este proiectat cu 6 sunete lini\u0219titoare, inclusiv 3 c\u00e2ntece de leag\u0103n, p\u0103s\u0103ri bl\u00e2nde, greieri \u0219i sunete ale naturii pentru a ajuta copilul s\u0103 adoarm\u0103 lini\u0219tit.<\/li>\n<li>Captivantul proiector de lumin\u0103 a stelelor proiecteaz\u0103 stelele pe orice suprafa\u021b\u0103 \u00eenconjur\u0103toare (pere\u021bi, tavane etc.) \u0219i \u00eei permite copilului s\u0103 adoarm\u0103 lini\u0219tit.<\/li>\n<li>Pentru a oferi bebelu\u0219ului t\u0103u un somn lini\u0219tit \u0219i lini\u0219tit, Hooty se opre\u0219te automat dup\u0103 20 de minute.<\/li>\n<li>Proiecteaz\u0103 3 culori diferite (albastru, verde, chihlimbar) de lumini LED moi pe tavan. Str\u0103lucirea lini\u0219titoare a culorilor schimb\u0103toare \u00eel poate ajuta pe micu\u021bul t\u0103u s\u0103 lupte cu frica de \u00eentuneric.<\/li>\n<\/ul>\n<p><strong>Utiliz\u0103ri multiple:<\/strong><\/p>\n<ul>\n<li>Ata\u0219are sigur\u0103 la ma\u0219in\u0103<\/li>\n<li>pentru ca copilul dumneavoastr\u0103 s\u0103 fie \u00een siguran\u021b\u0103 \u0219i s\u0103 se bucure de o plimbare lini\u0219tit\u0103 cu ma\u0219ina.<\/li>\n<li>Ata\u0219are sigur\u0103 la p\u0103tu\u021b<\/li>\n<li>flexibil \u0219i poate fi \u00eenclinat pentru spa\u021biu de proiec\u021bie maxim.<\/li>\n<li>Liber \u00een picioare<\/li>\n<li>poate fi a\u0219ezat oriunde decide\u021bi s\u0103 v\u0103 adormi copilul.<\/li>\n<li>Instalare rapid\u0103 \u0219i u\u0219oar\u0103.<\/li>\n<\/ul>\n","protected":false},"excerpt":{"rendered":"<p>BENBAT Proiector portabil cu hus\u0103 pentru suzet\u0103 Hooty 0m+<\/p>\n","protected":false},"featured_media":29006,"comment_status":"open","ping_status":"closed","template":"","meta":{"_acf_changed":false},"product_brand":[],"product_cat":[19,162],"product_tag":[39,70,76],"class_list":{"0":"post-2836","1":"product","2":"type-product","3":"status-publish","4":"has-post-thumbnail","6":"product_cat-accesorii-copii","7":"product_cat-figurine","8":"product_tag-camera-copilului","9":"product_tag-lampi","10":"product_tag-mamaonline","12":"first","13":"instock","14":"shipping-taxable","15":"purchasable","16":"product-type-simple"},"acf":[],"yoast_head":"<!-- This site is optimized with the Yoast SEO plugin v25.3.1 - https:\/\/yoast.com\/wordpress\/plugins\/seo\/ -->\n<title>Benbat Hooty Proiector cu sunete - My Store<\/title>\n<meta name=\"robots\" content=\"noindex, follow, max-snippet:-1, max-image-preview:large, max-video-preview:-1\" \/>\n<meta property=\"og:locale\" content=\"en_US\" \/>\n<meta property=\"og:type\" content=\"article\" \/>\n<meta property=\"og:title\" content=\"Benbat Hooty Proiector cu sunete - My Store\" \/>\n<meta property=\"og:description\" content=\"BENBAT Proiector portabil cu hus\u0103 pentru suzet\u0103 Hooty 0m+\" \/>\n<meta property=\"og:url\" content=\"https:\/\/mamaonline.alta-agentie.ro\/?product=benbat-hooty-proiector-cu-sunete\" \/>\n<meta property=\"og:site_name\" content=\"My Store\" \/>\n<meta property=\"og:image\" content=\"https:\/\/mamaonline.alta-agentie.ro\/wp-content\/uploads\/2025\/06\/BENBAT-Hooty-Proiector-cu-sunete.jpg\" \/>\n\t<meta property=\"og:image:width\" content=\"1000\" \/>\n\t<meta property=\"og:image:height\" content=\"820\" \/>\n\t<meta property=\"og:image:type\" content=\"image\/jpeg\" \/>\n<meta name=\"twitter:card\" content=\"summary_large_image\" \/>\n<meta name=\"twitter:label1\" content=\"Est. reading time\" \/>\n\t<meta name=\"twitter:data1\" content=\"2 minutes\" \/>\n<script type=\"application\/ld+json\" class=\"yoast-schema-graph\">{\"@context\":\"https:\/\/schema.org\",\"@graph\":[{\"@type\":\"WebPage\",\"@id\":\"https:\/\/mamaonline.alta-agentie.ro\/?product=benbat-hooty-proiector-cu-sunete\",\"url\":\"https:\/\/mamaonline.alta-agentie.ro\/?product=benbat-hooty-proiector-cu-sunete\",\"name\":\"Benbat Hooty Proiector cu sunete - My Store\",\"isPartOf\":{\"@id\":\"https:\/\/mamaonline.alta-agentie.ro\/#website\"},\"primaryImageOfPage\":{\"@id\":\"https:\/\/mamaonline.alta-agentie.ro\/?product=benbat-hooty-proiector-cu-sunete#primaryimage\"},\"image\":{\"@id\":\"https:\/\/mamaonline.alta-agentie.ro\/?product=benbat-hooty-proiector-cu-sunete#primaryimage\"},\"thumbnailUrl\":\"https:\/\/mamaonline.alta-agentie.ro\/wp-content\/uploads\/2025\/06\/BENBAT-Hooty-Proiector-cu-sunete.jpg\",\"datePublished\":\"2024-02-27T14:44:21+00:00\",\"breadcrumb\":{\"@id\":\"https:\/\/mamaonline.alta-agentie.ro\/?product=benbat-hooty-proiector-cu-sunete#breadcrumb\"},\"inLanguage\":\"en-US\",\"potentialAction\":[{\"@type\":\"ReadAction\",\"target\":[\"https:\/\/mamaonline.alta-agentie.ro\/?product=benbat-hooty-proiector-cu-sunete\"]}]},{\"@type\":\"ImageObject\",\"inLanguage\":\"en-US\",\"@id\":\"https:\/\/mamaonline.alta-agentie.ro\/?product=benbat-hooty-proiector-cu-sunete#primaryimage\",\"url\":\"https:\/\/mamaonline.alta-agentie.ro\/wp-content\/uploads\/2025\/06\/BENBAT-Hooty-Proiector-cu-sunete.jpg\",\"contentUrl\":\"https:\/\/mamaonline.alta-agentie.ro\/wp-content\/uploads\/2025\/06\/BENBAT-Hooty-Proiector-cu-sunete.jpg\",\"width\":1000,\"height\":820},{\"@type\":\"BreadcrumbList\",\"@id\":\"https:\/\/mamaonline.alta-agentie.ro\/?product=benbat-hooty-proiector-cu-sunete#breadcrumb\",\"itemListElement\":[{\"@type\":\"ListItem\",\"position\":1,\"name\":\"Home\",\"item\":\"https:\/\/mamaonline.alta-agentie.ro\/\"},{\"@type\":\"ListItem\",\"position\":2,\"name\":\"Products\",\"item\":\"https:\/\/mamaonline.alta-agentie.ro\/?post_type=product\"},{\"@type\":\"ListItem\",\"position\":3,\"name\":\"Benbat Hooty Proiector cu sunete\"}]},{\"@type\":\"WebSite\",\"@id\":\"https:\/\/mamaonline.alta-agentie.ro\/#website\",\"url\":\"https:\/\/mamaonline.alta-agentie.ro\/\",\"name\":\"My Store\",\"description\":\"\",\"potentialAction\":[{\"@type\":\"SearchAction\",\"target\":{\"@type\":\"EntryPoint\",\"urlTemplate\":\"https:\/\/mamaonline.alta-agentie.ro\/?s={search_term_string}\"},\"query-input\":{\"@type\":\"PropertyValueSpecification\",\"valueRequired\":true,\"valueName\":\"search_term_string\"}}],\"inLanguage\":\"en-US\"}]}<\/script>\n<!-- \/ Yoast SEO plugin. -->","yoast_head_json":{"title":"Benbat Hooty Proiector cu sunete - My Store","robots":{"index":"noindex","follow":"follow","max-snippet":"max-snippet:-1","max-image-preview":"max-image-preview:large","max-video-preview":"max-video-preview:-1"},"og_locale":"en_US","og_type":"article","og_title":"Benbat Hooty Proiector cu sunete - My Store","og_description":"BENBAT Proiector portabil cu hus\u0103 pentru suzet\u0103 Hooty 0m+","og_url":"https:\/\/mamaonline.alta-agentie.ro\/?product=benbat-hooty-proiector-cu-sunete","og_site_name":"My Store","og_image":[{"width":1000,"height":820,"url":"https:\/\/mamaonline.alta-agentie.ro\/wp-content\/uploads\/2025\/06\/BENBAT-Hooty-Proiector-cu-sunete.jpg","type":"image\/jpeg"}],"twitter_card":"summary_large_image","twitter_misc":{"Est. reading time":"2 minutes"},"schema":{"@context":"https:\/\/schema.org","@graph":[{"@type":"WebPage","@id":"https:\/\/mamaonline.alta-agentie.ro\/?product=benbat-hooty-proiector-cu-sunete","url":"https:\/\/mamaonline.alta-agentie.ro\/?product=benbat-hooty-proiector-cu-sunete","name":"Benbat Hooty Proiector cu sunete - My Store","isPartOf":{"@id":"https:\/\/mamaonline.alta-agentie.ro\/#website"},"primaryImageOfPage":{"@id":"https:\/\/mamaonline.alta-agentie.ro\/?product=benbat-hooty-proiector-cu-sunete#primaryimage"},"image":{"@id":"https:\/\/mamaonline.alta-agentie.ro\/?product=benbat-hooty-proiector-cu-sunete#primaryimage"},"thumbnailUrl":"https:\/\/mamaonline.alta-agentie.ro\/wp-content\/uploads\/2025\/06\/BENBAT-Hooty-Proiector-cu-sunete.jpg","datePublished":"2024-02-27T14:44:21+00:00","breadcrumb":{"@id":"https:\/\/mamaonline.alta-agentie.ro\/?product=benbat-hooty-proiector-cu-sunete#breadcrumb"},"inLanguage":"en-US","potentialAction":[{"@type":"ReadAction","target":["https:\/\/mamaonline.alta-agentie.ro\/?product=benbat-hooty-proiector-cu-sunete"]}]},{"@type":"ImageObject","inLanguage":"en-US","@id":"https:\/\/mamaonline.alta-agentie.ro\/?product=benbat-hooty-proiector-cu-sunete#primaryimage","url":"https:\/\/mamaonline.alta-agentie.ro\/wp-content\/uploads\/2025\/06\/BENBAT-Hooty-Proiector-cu-sunete.jpg","contentUrl":"https:\/\/mamaonline.alta-agentie.ro\/wp-content\/uploads\/2025\/06\/BENBAT-Hooty-Proiector-cu-sunete.jpg","width":1000,"height":820},{"@type":"BreadcrumbList","@id":"https:\/\/mamaonline.alta-agentie.ro\/?product=benbat-hooty-proiector-cu-sunete#breadcrumb","itemListElement":[{"@type":"ListItem","position":1,"name":"Home","item":"https:\/\/mamaonline.alta-agentie.ro\/"},{"@type":"ListItem","position":2,"name":"Products","item":"https:\/\/mamaonline.alta-agentie.ro\/?post_type=product"},{"@type":"ListItem","position":3,"name":"Benbat Hooty Proiector cu sunete"}]},{"@type":"WebSite","@id":"https:\/\/mamaonline.alta-agentie.ro\/#website","url":"https:\/\/mamaonline.alta-agentie.ro\/","name":"My Store","description":"","potentialAction":[{"@type":"SearchAction","target":{"@type":"EntryPoint","urlTemplate":"https:\/\/mamaonline.alta-agentie.ro\/?s={search_term_string}"},"query-input":{"@type":"PropertyValueSpecification","valueRequired":true,"valueName":"search_term_string"}}],"inLanguage":"en-US"}]}},"_links":{"self":[{"href":"https:\/\/mamaonline.alta-agentie.ro\/index.php?rest_route=\/wp\/v2\/product\/2836","targetHints":{"allow":["GET"]}}],"collection":[{"href":"https:\/\/mamaonline.alta-agentie.ro\/index.php?rest_route=\/wp\/v2\/product"}],"about":[{"href":"https:\/\/mamaonline.alta-agentie.ro\/index.php?rest_route=\/wp\/v2\/types\/product"}],"replies":[{"embeddable":true,"href":"https:\/\/mamaonline.alta-agentie.ro\/index.php?rest_route=%2Fwp%2Fv2%2Fcomments&post=2836"}],"wp:featuredmedia":[{"embeddable":true,"href":"https:\/\/mamaonline.alta-agentie.ro\/index.php?rest_route=\/wp\/v2\/media\/29006"}],"wp:attachment":[{"href":"https:\/\/mamaonline.alta-agentie.ro\/index.php?rest_route=%2Fwp%2Fv2%2Fmedia&parent=2836"}],"wp:term":[{"taxonomy":"product_brand","embeddable":true,"href":"https:\/\/mamaonline.alta-agentie.ro\/index.php?rest_route=%2Fwp%2Fv2%2Fproduct_brand&post=2836"},{"taxonomy":"product_cat","embeddable":true,"href":"https:\/\/mamaonline.alta-agentie.ro\/index.php?rest_route=%2Fwp%2Fv2%2Fproduct_cat&post=2836"},{"taxonomy":"product_tag","embeddable":true,"href":"https:\/\/mamaonline.alta-agentie.ro\/index.php?rest_route=%2Fwp%2Fv2%2Fproduct_tag&post=2836"}],"curies":[{"name":"wp","href":"https:\/\/api.w.org\/{rel}","templated":true}]}}