{"id":2810,"date":"2024-02-27T13:48:22","date_gmt":"2024-02-27T13:48:22","guid":{"rendered":"https:\/\/mamaonline.ro\/new\/?post_type=product&amp;p=2810"},"modified":"2024-02-27T13:48:22","modified_gmt":"2024-02-27T13:48:22","slug":"tigex-jucarie-dentitie","status":"publish","type":"product","link":"https:\/\/mamaonline.alta-agentie.ro\/?product=tigex-jucarie-dentitie","title":{"rendered":"Tigex - Jucarie dentitie"},"content":{"rendered":"<p>Caracteristici:<\/p>\n<p>Material moale ce permite un masaj delicat al gingiilor \u0219i din\u021bilor sensibili, rotunji\u021bi pentru a facilita erup\u021bia primilor din\u021bi de lapte \u00een partea din fa\u021b\u0103 a maxilarului.<\/p>\n<p>U\u0219or de mu\u0219cat (cauciuc foarte moale)<\/p>\n<p>- stimularea sim\u021bului olfactiv (parfumat cu vanilie)<\/p>\n<p>- u\u0219or de manevrat (gaur\u0103 \u00een centrul inelului).<\/p>\n<p>\u00centre\u021binere u\u0219oar\u0103 (cu ap\u0103 s\u0103pun)<\/p>\n<p>- nu steriliza\u021bi - nu introduce\u021bi \u00een ma\u0219ina de sp\u0103lat vase.<\/p>\n<p>&nbsp;<\/p>\n<p>Dimensiuni produs: 1 x 9,6 x 20 cm<\/p>\n<p>Dimensiuni ambalaj: 9,5 x 19,9 x 1,6 cm<\/p>\n<p>Greutate: 0,06 KG<\/p>\n<p>V\u00e2rst\u0103 recomandat\u0103: 3 luni +<\/p>\n","protected":false},"excerpt":{"rendered":"<p>Un ajutor eficient bebelu\u0219ului \u00een timpul erup\u021biei dentare! Textur\u0103 ultra-moale care preg\u0103te\u0219te venirea primului dintisor al bebelu\u0219ului.<\/p>\n","protected":false},"featured_media":28988,"comment_status":"open","ping_status":"closed","template":"","meta":{"_acf_changed":false},"product_brand":[],"product_cat":[160,66,111],"product_tag":[65,76],"class_list":{"0":"post-2810","1":"product","2":"type-product","3":"status-publish","4":"has-post-thumbnail","6":"product_cat-dentitie","7":"product_cat-jucarii","8":"product_cat-reduceri","9":"product_tag-jucarie-dentitie","10":"product_tag-mamaonline","12":"first","13":"instock","14":"sale","15":"shipping-taxable","16":"purchasable","17":"product-type-simple"},"acf":[],"yoast_head":"<!-- This site is optimized with the Yoast SEO plugin v25.3.1 - https:\/\/yoast.com\/wordpress\/plugins\/seo\/ -->\n<title>Tigex - Jucarie dentitie - My Store<\/title>\n<meta name=\"robots\" content=\"noindex, follow, max-snippet:-1, max-image-preview:large, max-video-preview:-1\" \/>\n<meta property=\"og:locale\" content=\"en_US\" \/>\n<meta property=\"og:type\" content=\"article\" \/>\n<meta property=\"og:title\" content=\"Tigex - Jucarie dentitie - My Store\" \/>\n<meta property=\"og:description\" content=\"Un ajutor eficient bebelu\u0219ului \u00een timpul erup\u021biei dentare! Textur\u0103 ultra-moale care preg\u0103te\u0219te venirea primului dintisor al bebelu\u0219ului.\" \/>\n<meta property=\"og:url\" content=\"https:\/\/mamaonline.alta-agentie.ro\/?product=tigex-jucarie-dentitie\" \/>\n<meta property=\"og:site_name\" content=\"My Store\" \/>\n<meta property=\"og:image\" content=\"https:\/\/mamaonline.alta-agentie.ro\/wp-content\/uploads\/2025\/06\/TIGEX-Jucarie-dentitie-1.jpg\" \/>\n\t<meta property=\"og:image:width\" content=\"1000\" \/>\n\t<meta property=\"og:image:height\" content=\"820\" \/>\n\t<meta property=\"og:image:type\" content=\"image\/jpeg\" \/>\n<meta name=\"twitter:card\" content=\"summary_large_image\" \/>\n<meta name=\"twitter:label1\" content=\"Est. reading time\" \/>\n\t<meta name=\"twitter:data1\" content=\"1 minute\" \/>\n<script type=\"application\/ld+json\" class=\"yoast-schema-graph\">{\"@context\":\"https:\/\/schema.org\",\"@graph\":[{\"@type\":\"WebPage\",\"@id\":\"https:\/\/mamaonline.alta-agentie.ro\/?product=tigex-jucarie-dentitie\",\"url\":\"https:\/\/mamaonline.alta-agentie.ro\/?product=tigex-jucarie-dentitie\",\"name\":\"Tigex - Jucarie dentitie - My Store\",\"isPartOf\":{\"@id\":\"https:\/\/mamaonline.alta-agentie.ro\/#website\"},\"primaryImageOfPage\":{\"@id\":\"https:\/\/mamaonline.alta-agentie.ro\/?product=tigex-jucarie-dentitie#primaryimage\"},\"image\":{\"@id\":\"https:\/\/mamaonline.alta-agentie.ro\/?product=tigex-jucarie-dentitie#primaryimage\"},\"thumbnailUrl\":\"https:\/\/mamaonline.alta-agentie.ro\/wp-content\/uploads\/2025\/06\/TIGEX-Jucarie-dentitie-1.jpg\",\"datePublished\":\"2024-02-27T13:48:22+00:00\",\"breadcrumb\":{\"@id\":\"https:\/\/mamaonline.alta-agentie.ro\/?product=tigex-jucarie-dentitie#breadcrumb\"},\"inLanguage\":\"en-US\",\"potentialAction\":[{\"@type\":\"ReadAction\",\"target\":[\"https:\/\/mamaonline.alta-agentie.ro\/?product=tigex-jucarie-dentitie\"]}]},{\"@type\":\"ImageObject\",\"inLanguage\":\"en-US\",\"@id\":\"https:\/\/mamaonline.alta-agentie.ro\/?product=tigex-jucarie-dentitie#primaryimage\",\"url\":\"https:\/\/mamaonline.alta-agentie.ro\/wp-content\/uploads\/2025\/06\/TIGEX-Jucarie-dentitie-1.jpg\",\"contentUrl\":\"https:\/\/mamaonline.alta-agentie.ro\/wp-content\/uploads\/2025\/06\/TIGEX-Jucarie-dentitie-1.jpg\",\"width\":1000,\"height\":820},{\"@type\":\"BreadcrumbList\",\"@id\":\"https:\/\/mamaonline.alta-agentie.ro\/?product=tigex-jucarie-dentitie#breadcrumb\",\"itemListElement\":[{\"@type\":\"ListItem\",\"position\":1,\"name\":\"Home\",\"item\":\"https:\/\/mamaonline.alta-agentie.ro\/\"},{\"@type\":\"ListItem\",\"position\":2,\"name\":\"Products\",\"item\":\"https:\/\/mamaonline.alta-agentie.ro\/?post_type=product\"},{\"@type\":\"ListItem\",\"position\":3,\"name\":\"Tigex - Jucarie dentitie\"}]},{\"@type\":\"WebSite\",\"@id\":\"https:\/\/mamaonline.alta-agentie.ro\/#website\",\"url\":\"https:\/\/mamaonline.alta-agentie.ro\/\",\"name\":\"My Store\",\"description\":\"\",\"potentialAction\":[{\"@type\":\"SearchAction\",\"target\":{\"@type\":\"EntryPoint\",\"urlTemplate\":\"https:\/\/mamaonline.alta-agentie.ro\/?s={search_term_string}\"},\"query-input\":{\"@type\":\"PropertyValueSpecification\",\"valueRequired\":true,\"valueName\":\"search_term_string\"}}],\"inLanguage\":\"en-US\"}]}<\/script>\n<!-- \/ Yoast SEO plugin. -->","yoast_head_json":{"title":"Tigex - Jucarie dentitie - My Store","robots":{"index":"noindex","follow":"follow","max-snippet":"max-snippet:-1","max-image-preview":"max-image-preview:large","max-video-preview":"max-video-preview:-1"},"og_locale":"en_US","og_type":"article","og_title":"Tigex - Jucarie dentitie - My Store","og_description":"Un ajutor eficient bebelu\u0219ului \u00een timpul erup\u021biei dentare! Textur\u0103 ultra-moale care preg\u0103te\u0219te venirea primului dintisor al bebelu\u0219ului.","og_url":"https:\/\/mamaonline.alta-agentie.ro\/?product=tigex-jucarie-dentitie","og_site_name":"My Store","og_image":[{"width":1000,"height":820,"url":"https:\/\/mamaonline.alta-agentie.ro\/wp-content\/uploads\/2025\/06\/TIGEX-Jucarie-dentitie-1.jpg","type":"image\/jpeg"}],"twitter_card":"summary_large_image","twitter_misc":{"Est. reading time":"1 minute"},"schema":{"@context":"https:\/\/schema.org","@graph":[{"@type":"WebPage","@id":"https:\/\/mamaonline.alta-agentie.ro\/?product=tigex-jucarie-dentitie","url":"https:\/\/mamaonline.alta-agentie.ro\/?product=tigex-jucarie-dentitie","name":"Tigex - Jucarie dentitie - My Store","isPartOf":{"@id":"https:\/\/mamaonline.alta-agentie.ro\/#website"},"primaryImageOfPage":{"@id":"https:\/\/mamaonline.alta-agentie.ro\/?product=tigex-jucarie-dentitie#primaryimage"},"image":{"@id":"https:\/\/mamaonline.alta-agentie.ro\/?product=tigex-jucarie-dentitie#primaryimage"},"thumbnailUrl":"https:\/\/mamaonline.alta-agentie.ro\/wp-content\/uploads\/2025\/06\/TIGEX-Jucarie-dentitie-1.jpg","datePublished":"2024-02-27T13:48:22+00:00","breadcrumb":{"@id":"https:\/\/mamaonline.alta-agentie.ro\/?product=tigex-jucarie-dentitie#breadcrumb"},"inLanguage":"en-US","potentialAction":[{"@type":"ReadAction","target":["https:\/\/mamaonline.alta-agentie.ro\/?product=tigex-jucarie-dentitie"]}]},{"@type":"ImageObject","inLanguage":"en-US","@id":"https:\/\/mamaonline.alta-agentie.ro\/?product=tigex-jucarie-dentitie#primaryimage","url":"https:\/\/mamaonline.alta-agentie.ro\/wp-content\/uploads\/2025\/06\/TIGEX-Jucarie-dentitie-1.jpg","contentUrl":"https:\/\/mamaonline.alta-agentie.ro\/wp-content\/uploads\/2025\/06\/TIGEX-Jucarie-dentitie-1.jpg","width":1000,"height":820},{"@type":"BreadcrumbList","@id":"https:\/\/mamaonline.alta-agentie.ro\/?product=tigex-jucarie-dentitie#breadcrumb","itemListElement":[{"@type":"ListItem","position":1,"name":"Home","item":"https:\/\/mamaonline.alta-agentie.ro\/"},{"@type":"ListItem","position":2,"name":"Products","item":"https:\/\/mamaonline.alta-agentie.ro\/?post_type=product"},{"@type":"ListItem","position":3,"name":"Tigex - Jucarie dentitie"}]},{"@type":"WebSite","@id":"https:\/\/mamaonline.alta-agentie.ro\/#website","url":"https:\/\/mamaonline.alta-agentie.ro\/","name":"My Store","description":"","potentialAction":[{"@type":"SearchAction","target":{"@type":"EntryPoint","urlTemplate":"https:\/\/mamaonline.alta-agentie.ro\/?s={search_term_string}"},"query-input":{"@type":"PropertyValueSpecification","valueRequired":true,"valueName":"search_term_string"}}],"inLanguage":"en-US"}]}},"_links":{"self":[{"href":"https:\/\/mamaonline.alta-agentie.ro\/index.php?rest_route=\/wp\/v2\/product\/2810","targetHints":{"allow":["GET"]}}],"collection":[{"href":"https:\/\/mamaonline.alta-agentie.ro\/index.php?rest_route=\/wp\/v2\/product"}],"about":[{"href":"https:\/\/mamaonline.alta-agentie.ro\/index.php?rest_route=\/wp\/v2\/types\/product"}],"replies":[{"embeddable":true,"href":"https:\/\/mamaonline.alta-agentie.ro\/index.php?rest_route=%2Fwp%2Fv2%2Fcomments&post=2810"}],"wp:featuredmedia":[{"embeddable":true,"href":"https:\/\/mamaonline.alta-agentie.ro\/index.php?rest_route=\/wp\/v2\/media\/28988"}],"wp:attachment":[{"href":"https:\/\/mamaonline.alta-agentie.ro\/index.php?rest_route=%2Fwp%2Fv2%2Fmedia&parent=2810"}],"wp:term":[{"taxonomy":"product_brand","embeddable":true,"href":"https:\/\/mamaonline.alta-agentie.ro\/index.php?rest_route=%2Fwp%2Fv2%2Fproduct_brand&post=2810"},{"taxonomy":"product_cat","embeddable":true,"href":"https:\/\/mamaonline.alta-agentie.ro\/index.php?rest_route=%2Fwp%2Fv2%2Fproduct_cat&post=2810"},{"taxonomy":"product_tag","embeddable":true,"href":"https:\/\/mamaonline.alta-agentie.ro\/index.php?rest_route=%2Fwp%2Fv2%2Fproduct_tag&post=2810"}],"curies":[{"name":"wp","href":"https:\/\/api.w.org\/{rel}","templated":true}]}}