{"id":2065,"date":"2024-01-22T09:07:18","date_gmt":"2024-01-22T09:07:18","guid":{"rendered":"https:\/\/mamaonline.ro\/new\/?post_type=product&amp;p=2065"},"modified":"2025-06-25T12:06:33","modified_gmt":"2025-06-25T12:06:33","slug":"rotho-babydesign-chiuveta-pentru-copii","status":"publish","type":"product","link":"https:\/\/mamaonline.alta-agentie.ro\/?product=rotho-babydesign-chiuveta-pentru-copii","title":{"rendered":"Rotho Babydesign - Chiuveta pentru copii, verde"},"content":{"rendered":"<div id=\"description\" class=\"tab-pane fade in active\" role=\"tabpanel\">\n<div class=\"product-description\">\n<p>Organizator baie Kiddy's Wash Swedish green white Rotho baby-design<br \/>\nInvatarea copiilor privind ingrijire corporal\u0103 personal\u0103Se ataseaza de cazile adultilor.<br \/>\nBazin pentru spalare la o inaltime potrivita pentru copii.<br \/>\nCopilul dvs. nu \u00eel poate folosi doar pentru a se sp\u0103la pe m\u00e2ini, pentru a-\u0219i peria din\u021bii \u0219i pentru a-i pieptena p\u0103rul.<br \/>\nCu instalarea sa la o \u00een\u0103l\u021bime sigur\u0103 \u0219i conform\u0103 copilului, este, de asemenea, un instrument ideal pentru a-\u021bi sus\u021bine copilul \u00een drumul c\u0103tre independen\u021b\u0103.<br \/>\nPentru c\u0103 copiii prefer\u0103 s\u0103 completeze multe activit\u0103\u021bi zilnice \u00een mod independent - \u0219i aceasta include igiena personal\u0103. Prin urmare, Kiddy Wash dvs. este echipat cu tot confortul pe care \u00eel ofer\u0103 o zon\u0103 normal\u0103 de sp\u0103lare \u00een baie.<br \/>\nChiuveta pentru copii \u0219i accesoriile sale sunt fabricate pe baza unor materiale plastice robuste de \u00eenalt\u0103 calitate \u0219i pe baza mecanismului de ajustare practic, poate fi ata\u0219at f\u0103r\u0103 conexiuni cu \u0219uruburi la marginea c\u0103zii de adul\u021bi, ceea ce \u00eenseamn\u0103 c\u0103 cada de adul\u021bi nu poate fi deteriorat\u0103 . Oglinda nu se sparge, este o folie reflectorizanta ce imita oglinda.<br \/>\nMaterialul poate fi complet reciclat.<br \/>\nEste \u00een conformitate cu toate standardele UE relevante \u0219i a fost testat de un institut independent de testare pentru inofensivitatea chimic\u0103.<br \/>\nProdusul a fost fabricat \u00een Germania. Se poate atasa la majoritatea cazilor standard cu l\u0103\u021bimea marginii\u00a0 p\u00e2n\u0103 la 80 mm.<br \/>\nOglinda integrat\u0103 cu folie reflectorizant\u0103 este indestructibil\u0103<br \/>\nApa se poate scurge cu u\u0219urin\u021b\u0103 \u00een baie prin dopul de scurgere integrat<br \/>\nInclude paharul pentru periu\u021ba de din\u021biVas de s\u0103pun integrat<br \/>\nM\u00e2ner pentru a plasa un prosopRecomandat\u00a0 de la 12 luni in sus<br \/>\nU\u0219or de cur\u0103\u021bat: sp\u0103la\u021bi doar cu ap\u0103 de s\u0103punFabricat din polipropilen\u0103 reciclabil\u0103 de \u00eenalt\u0103 calitate<br \/>\nCalitate robust\u0103 \u0219i de lung\u0103 durat\u0103<br \/>\nTestat la inofensivitate chimic\u0103 printr-o institu\u021bie de testare independent\u0103 \u0219i aprobat\u0103<br \/>\nMaterial: polipropilena<br \/>\nCon\u021binut: 1 chiuvet\u0103 Kiddy,\u00a0 folie oglind\u0103, dop, 2 dispozitive de blocare, instruc\u021biuni de utilizare<br \/>\nLungime (cm): 38,7<br \/>\nLatime (cm): 38,2<br \/>\nInaltime (cm): 10<br \/>\nGreutate (kg): 0,68<\/p>\n<\/div>\n<\/div>\n<div id=\"product-details\" class=\"tab-pane fade\" style=\"box-sizing: inherit; opacity: 1; transition: opacity 0.15s linear 0s; display: block; margin-bottom: 20px; color: #000000; font-family: Bitter, Arial, Helvetica, sans-serif; font-size: 13px; font-style: normal; font-variant-ligatures: normal; font-variant-caps: normal; font-weight: 400; letter-spacing: normal; orphans: 2; text-align: start; text-indent: 0px; text-transform: none; widows: 2; word-spacing: 0px; -webkit-text-stroke-width: 0px; white-space: normal; background-color: #ffffff; text-decoration-thickness: initial; text-decoration-style: initial; text-decoration-color: initial;\" role=\"tabpanel\" data-product=\"{&quot;id_shop_default&quot;:&quot;1&quot;,&quot;id_manufacturer&quot;:&quot;480&quot;,&quot;id_supplier&quot;:&quot;1&quot;,&quot;reference&quot;:&quot;20034-0313-01&quot;,&quot;is_virtual&quot;:&quot;0&quot;,&quot;delivery_in_stock&quot;:&quot;&quot;,&quot;delivery_out_stock&quot;:&quot;&quot;,&quot;id_category_default&quot;:&quot;236&quot;,&quot;on_sale&quot;:&quot;0&quot;,&quot;online_only&quot;:&quot;0&quot;,&quot;ecotax&quot;:0,&quot;minimal_quantity&quot;:&quot;1&quot;,&quot;low_stock_threshold&quot;:null,&quot;low_stock_alert&quot;:&quot;0&quot;,&quot;price&quot;:&quot;94,73u00a0lei&quot;,&quot;unity&quot;:&quot;&quot;,&quot;unit_price_ratio&quot;:&quot;0.000000&quot;,&quot;additional_shipping_cost&quot;:&quot;0.00&quot;,&quot;customizable&quot;:&quot;0&quot;,&quot;text_fields&quot;:&quot;0&quot;,&quot;uploadable_files&quot;:&quot;0&quot;,&quot;redirect_type&quot;:&quot;&quot;,&quot;id_type_redirected&quot;:&quot;0&quot;,&quot;available_for_order&quot;:&quot;1&quot;,&quot;available_date&quot;:&quot;0000-00-00&quot;,&quot;show_condition&quot;:&quot;0&quot;,&quot;condition&quot;:&quot;new&quot;,&quot;show_price&quot;:&quot;1&quot;,&quot;indexed&quot;:&quot;1&quot;,&quot;visibility&quot;:&quot;both&quot;,&quot;cache_default_attribute&quot;:&quot;0&quot;,&quot;advanced_stock_management&quot;:&quot;0&quot;,&quot;date_add&quot;:&quot;2022-09-29 01:09:35&quot;,&quot;date_upd&quot;:&quot;2024-02-26 12:01:32&quot;,&quot;pack_stock_type&quot;:&quot;0&quot;,&quot;meta_description&quot;:&quot;&quot;,&quot;meta_keywords&quot;:&quot;Rotho-Baby Design&quot;,&quot;meta_title&quot;:&quot;Organizator baie Kiddy's Wash Swedish green white Rotho baby-design&quot;,&quot;link_rewrite&quot;:&quot;organizator-baie-kiddy-s-wash-swedish-green-white-rotho-baby-design&quot;,&quot;name&quot;:&quot;Organizator baie Kiddy's Wash Swedish green white Rotho baby-design&quot;,&quot;description&quot;:&quot;&lt;p&gt;Organizator baie Kiddy's Wash Swedish green white Rotho baby-design&lt;br \/&gt;Invatarea copiilor privind ingrijire corporalu0103 personalu0103Se ataseaza de cazile adultilor. &lt;br \/&gt;Bazin pentru spalare la o inaltime potrivita pentru copii.&lt;br \/&gt;Copilul dvs. nu u00eel poate folosi doar pentru a se spu0103la pe mu00e2ini, pentru a-u0219i peria dinu021bii u0219i pentru a-i pieptena pu0103rul. &lt;br \/&gt;Cu instalarea sa la o u00eenu0103lu021bime siguru0103 u0219i conformu0103 copilului, este, de asemenea, un instrument ideal pentru a-u021bi susu021bine copilul u00een drumul cu0103tre independenu021bu0103. &lt;br \/&gt;Pentru cu0103 copiii preferu0103 su0103 completeze multe activitu0103u021bi zilnice u00een mod independent - u0219i aceasta include igiena personalu0103. Prin urmare, Kiddy Wash dvs. este echipat cu tot confortul pe care u00eel oferu0103 o zonu0103 normalu0103 de spu0103lare u00een baie. &lt;br \/&gt;Chiuveta pentru copii u0219i accesoriile sale sunt fabricate pe baza unor materiale plastice robuste de u00eenaltu0103 calitate u0219i pe baza mecanismului de ajustare practic, poate fi atau0219at fu0103ru0103 conexiuni cu u0219uruburi la marginea cu0103zii de adulu021bi, ceea ce u00eenseamnu0103 cu0103 cada de adulu021bi nu poate fi deterioratu0103 . Oglinda nu se sparge, este o folie reflectorizanta ce imita oglinda.&lt;br \/&gt;Materialul poate fi complet reciclat.&lt;br \/&gt;Este u00een conformitate cu toate standardele UE relevante u0219i a fost testat de un institut independent de testare pentru inofensivitatea chimicu0103.&lt;br \/&gt;Produsul a fost fabricat u00een Germania. Se poate atasa la majoritatea cazilor standard cu lu0103u021bimea marginiiu00a0 pu00e2nu0103 la 80 mm.&lt;br \/&gt;Oglinda integratu0103 cu folie reflectorizantu0103 este indestructibilu0103&lt;br \/&gt;Apa se poate scurge cu uu0219urinu021bu0103 u00een baie prin dopul de scurgere integrat&lt;br \/&gt;Include paharul pentru periuu021ba de dinu021biVas de su0103pun integrat&lt;br \/&gt;Mu00e2ner pentru a plasa un prosopRecomandatu00a0 de la 12 luni in sus&lt;br \/&gt;Uu0219or de curu0103u021bat: spu0103lau021bi doar cu apu0103 de su0103punFabricat din polipropilenu0103 reciclabilu0103 de u00eenaltu0103 calitate&lt;br \/&gt;Calitate robustu0103 u0219i de lungu0103 duratu0103&lt;br \/&gt;Testat la inofensivitate chimicu0103 printr-o instituu021bie de testare independentu0103 u0219i aprobatu0103&lt;br \/&gt;Material: polipropilena&lt;br \/&gt;Conu021binut: 1 chiuvetu0103 Kiddy,u00a0 folie oglindu0103, dop, 2 dispozitive de blocare, instrucu021biuni de utilizare&lt;br \/&gt;Lungime (cm): 38,7&lt;br \/&gt;Latime (cm): 38,2&lt;br \/&gt;Inaltime (cm): 10&lt;br \/&gt;Greutate (kg): 0,68&lt;\/p&gt;&quot;,&quot;description_short&quot;:&quot;Articole pentru baie&quot;,&quot;available_now&quot;:&quot;&quot;,&quot;available_later&quot;:&quot;&quot;,&quot;id&quot;:22715,&quot;id_product&quot;:22715,&quot;out_of_stock&quot;:2,&quot;new&quot;:0,&quot;id_product_attribute&quot;:&quot;0&quot;,&quot;quantity_wanted&quot;:1,&quot;extraContent&quot;:[],&quot;allow_oosp&quot;:0,&quot;category&quot;:&quot;ingrijire-igiena-si-articole-sanatate&quot;,&quot;category_name&quot;:&quot;Ingrijire, igiena si articole sanatate&quot;,&quot;link&quot;:&quot;https:\/\/orasuljucariilor.ro\/ingrijire-igiena-si-articole-sanatate\/22715-organizator-baie-kiddy-s-wash-swedish-green-white-rotho-baby-design-4250226045149.html&quot;,&quot;attribute_price&quot;:0,&quot;price_tax_exc&quot;:79.6072879999999969413693179376423358917236328125,&quot;price_without_reduction&quot;:94.732673000000005458787200041115283966064453125,&quot;reduction&quot;:0,&quot;specific_prices&quot;:[],&quot;quantity&quot;:1,&quot;quantity_all_versions&quot;:1,&quot;id_image&quot;:&quot;ro-default&quot;,&quot;features&quot;:[{&quot;name&quot;:&quot;Tip produs&quot;,&quot;value&quot;:&quot;Organizator baie&quot;,&quot;id_feature&quot;:&quot;74&quot;,&quot;position&quot;:&quot;4&quot;}],&quot;attachments&quot;:[],&quot;virtual&quot;:0,&quot;pack&quot;:0,&quot;packItems&quot;:[],&quot;nopackprice&quot;:0,&quot;customization_required&quot;:false,&quot;rate&quot;:19,&quot;tax_name&quot;:&quot;TVA&quot;,&quot;ecotax_rate&quot;:0,&quot;unit_price&quot;:&quot;&quot;,&quot;customizations&quot;:{&quot;fields&quot;:[]},&quot;id_customization&quot;:0,&quot;is_customizable&quot;:false,&quot;show_quantities&quot;:true,&quot;quantity_label&quot;:&quot;Produs&quot;,&quot;quantity_discounts&quot;:[],&quot;customer_group_discount&quot;:0,&quot;images&quot;:[{&quot;bySize&quot;:{&quot;small_default&quot;:{&quot;url&quot;:&quot;https:\/\/orasuljucariilor.ro\/656353-small_default\/organizator-baie-kiddy-s-wash-swedish-green-white-rotho-baby-design.jpg&quot;,&quot;width&quot;:98,&quot;height&quot;:98},&quot;cart_default&quot;:{&quot;url&quot;:&quot;https:\/\/orasuljucariilor.ro\/656353-cart_default\/organizator-baie-kiddy-s-wash-swedish-green-white-rotho-baby-design.jpg&quot;,&quot;width&quot;:125,&quot;height&quot;:125},&quot;home_default&quot;:{&quot;url&quot;:&quot;https:\/\/orasuljucariilor.ro\/656353-home_default\/organizator-baie-kiddy-s-wash-swedish-green-white-rotho-baby-design.jpg&quot;,&quot;width&quot;:259,&quot;height&quot;:259},&quot;medium_default&quot;:{&quot;url&quot;:&quot;https:\/\/orasuljucariilor.ro\/656353-medium_default\/organizator-baie-kiddy-s-wash-swedish-green-white-rotho-baby-design.jpg&quot;,&quot;width&quot;:452,&quot;height&quot;:452},&quot;large_default&quot;:{&quot;url&quot;:&quot;https:\/\/orasuljucariilor.ro\/656353-large_default\/organizator-baie-kiddy-s-wash-swedish-green-white-rotho-baby-design.jpg&quot;,&quot;width&quot;:800,&quot;height&quot;:800}},&quot;small&quot;:{&quot;url&quot;:&quot;https:\/\/orasuljucariilor.ro\/656353-small_default\/organizator-baie-kiddy-s-wash-swedish-green-white-rotho-baby-design.jpg&quot;,&quot;width&quot;:98,&quot;height&quot;:98},&quot;medium&quot;:{&quot;url&quot;:&quot;https:\/\/orasuljucariilor.ro\/656353-home_default\/organizator-baie-kiddy-s-wash-swedish-green-white-rotho-baby-design.jpg&quot;,&quot;width&quot;:259,&quot;height&quot;:259},&quot;large&quot;:{&quot;url&quot;:&quot;https:\/\/orasuljucariilor.ro\/656353-large_default\/organizator-baie-kiddy-s-wash-swedish-green-white-rotho-baby-design.jpg&quot;,&quot;width&quot;:800,&quot;height&quot;:800},&quot;legend&quot;:&quot;Organizator baie Kiddy's Wash Swedish green white Rotho baby-design&quot;,&quot;cover&quot;:&quot;1&quot;,&quot;id_image&quot;:&quot;656353&quot;,&quot;position&quot;:&quot;1&quot;,&quot;associatedVariants&quot;:[]}],&quot;cover&quot;:{&quot;bySize&quot;:{&quot;small_default&quot;:{&quot;url&quot;:&quot;https:\/\/orasuljucariilor.ro\/656353-small_default\/organizator-baie-kiddy-s-wash-swedish-green-white-rotho-baby-design.jpg&quot;,&quot;width&quot;:98,&quot;height&quot;:98},&quot;cart_default&quot;:{&quot;url&quot;:&quot;https:\/\/orasuljucariilor.ro\/656353-cart_default\/organizator-baie-kiddy-s-wash-swedish-green-white-rotho-baby-design.jpg&quot;,&quot;width&quot;:125,&quot;height&quot;:125},&quot;home_default&quot;:{&quot;url&quot;:&quot;https:\/\/orasuljucariilor.ro\/656353-home_default\/organizator-baie-kiddy-s-wash-swedish-green-white-rotho-baby-design.jpg&quot;,&quot;width&quot;:259,&quot;height&quot;:259},&quot;medium_default&quot;:{&quot;url&quot;:&quot;https:\/\/orasuljucariilor.ro\/656353-medium_default\/organizator-baie-kiddy-s-wash-swedish-green-white-rotho-baby-design.jpg&quot;,&quot;width&quot;:452,&quot;height&quot;:452},&quot;large_default&quot;:{&quot;url&quot;:&quot;https:\/\/orasuljucariilor.ro\/656353-large_default\/organizator-baie-kiddy-s-wash-swedish-green-white-rotho-baby-design.jpg&quot;,&quot;width&quot;:800,&quot;height&quot;:800}},&quot;small&quot;:{&quot;url&quot;:&quot;https:\/\/orasuljucariilor.ro\/656353-small_default\/organizator-baie-kiddy-s-wash-swedish-green-white-rotho-baby-design.jpg&quot;,&quot;width&quot;:98,&quot;height&quot;:98},&quot;medium&quot;:{&quot;url&quot;:&quot;https:\/\/orasuljucariilor.ro\/656353-home_default\/organizator-baie-kiddy-s-wash-swedish-green-white-rotho-baby-design.jpg&quot;,&quot;width&quot;:259,&quot;height&quot;:259},&quot;large&quot;:{&quot;url&quot;:&quot;https:\/\/orasuljucariilor.ro\/656353-large_default\/organizator-baie-kiddy-s-wash-swedish-green-white-rotho-baby-design.jpg&quot;,&quot;width&quot;:800,&quot;height&quot;:800},&quot;legend&quot;:&quot;Organizator baie Kiddy's Wash Swedish green white Rotho baby-design&quot;,&quot;cover&quot;:&quot;1&quot;,&quot;id_image&quot;:&quot;656353&quot;,&quot;position&quot;:&quot;1&quot;,&quot;associatedVariants&quot;:[]},&quot;has_discount&quot;:false,&quot;discount_type&quot;:null,&quot;discount_percentage&quot;:null,&quot;discount_percentage_absolute&quot;:null,&quot;discount_amount&quot;:null,&quot;discount_amount_to_display&quot;:null,&quot;price_amount&quot;:94.7300000000000039790393202565610408782958984375,&quot;unit_price_full&quot;:&quot;&quot;,&quot;show_availability&quot;:true,&quot;availability_date&quot;:null,&quot;availability_message&quot;:&quot;Ultimele produse in stoc&quot;,&quot;availability&quot;:&quot;last_remaining_items&quot;}\">\n<div class=\"h5 text-uppercase index_title\">DETALII ALE PRODUSULUI<\/div>\n<div class=\"product-manufacturer\"><label class=\"label\">Marca<\/label><\/div>\n<div class=\"product-reference\"><label class=\"label\">Cod EAN:<\/label>\u00a04250226045149<\/div>\n<\/div>\n","protected":false},"excerpt":{"rendered":"<p>Rotho Babydesign Chiuvet\u0103 pentru copii Kiddy pentru marginea b\u0103ii 38,7 x 38,2 x 10 cm alb\/gri<\/p>\n","protected":false},"featured_media":28521,"comment_status":"open","ping_status":"closed","template":"","meta":{"_acf_changed":false},"product_brand":[],"product_cat":[148],"product_tag":[17,76],"class_list":{"0":"post-2065","1":"product","2":"type-product","3":"status-publish","4":"has-post-thumbnail","6":"product_cat-accesorii-baita","7":"product_tag-accesorii-baie","8":"product_tag-mamaonline","10":"first","11":"instock","12":"shipping-taxable","13":"purchasable","14":"product-type-simple"},"acf":[],"yoast_head":"<!-- This site is optimized with the Yoast SEO plugin v25.3.1 - https:\/\/yoast.com\/wordpress\/plugins\/seo\/ -->\n<title>Rotho Babydesign - Chiuveta pentru copii, verde - My Store<\/title>\n<meta name=\"robots\" content=\"noindex, follow, max-snippet:-1, max-image-preview:large, max-video-preview:-1\" \/>\n<meta property=\"og:locale\" content=\"en_US\" \/>\n<meta property=\"og:type\" content=\"article\" \/>\n<meta property=\"og:title\" content=\"Rotho Babydesign - Chiuveta pentru copii, verde - My Store\" \/>\n<meta property=\"og:description\" content=\"Rotho Babydesign Chiuvet\u0103 pentru copii Kiddy pentru marginea b\u0103ii 38,7 x 38,2 x 10 cm alb\/gri\" \/>\n<meta property=\"og:url\" content=\"https:\/\/mamaonline.alta-agentie.ro\/?product=rotho-babydesign-chiuveta-pentru-copii\" \/>\n<meta property=\"og:site_name\" content=\"My Store\" \/>\n<meta property=\"article:modified_time\" content=\"2025-06-25T12:06:33+00:00\" \/>\n<meta property=\"og:image\" content=\"https:\/\/mamaonline.alta-agentie.ro\/wp-content\/uploads\/2025\/06\/ROTHO-BABYDESIGN-CHIUVETA-PENTRU-COPII-Verde.jpg\" \/>\n\t<meta property=\"og:image:width\" content=\"1000\" \/>\n\t<meta property=\"og:image:height\" content=\"820\" \/>\n\t<meta property=\"og:image:type\" content=\"image\/jpeg\" \/>\n<meta name=\"twitter:card\" content=\"summary_large_image\" \/>\n<meta name=\"twitter:label1\" content=\"Est. reading time\" \/>\n\t<meta name=\"twitter:data1\" content=\"4 minutes\" \/>\n<script type=\"application\/ld+json\" class=\"yoast-schema-graph\">{\"@context\":\"https:\/\/schema.org\",\"@graph\":[{\"@type\":\"WebPage\",\"@id\":\"https:\/\/mamaonline.alta-agentie.ro\/?product=rotho-babydesign-chiuveta-pentru-copii\",\"url\":\"https:\/\/mamaonline.alta-agentie.ro\/?product=rotho-babydesign-chiuveta-pentru-copii\",\"name\":\"Rotho Babydesign - Chiuveta pentru copii, verde - My Store\",\"isPartOf\":{\"@id\":\"https:\/\/mamaonline.alta-agentie.ro\/#website\"},\"primaryImageOfPage\":{\"@id\":\"https:\/\/mamaonline.alta-agentie.ro\/?product=rotho-babydesign-chiuveta-pentru-copii#primaryimage\"},\"image\":{\"@id\":\"https:\/\/mamaonline.alta-agentie.ro\/?product=rotho-babydesign-chiuveta-pentru-copii#primaryimage\"},\"thumbnailUrl\":\"https:\/\/mamaonline.alta-agentie.ro\/wp-content\/uploads\/2025\/06\/ROTHO-BABYDESIGN-CHIUVETA-PENTRU-COPII-Verde.jpg\",\"datePublished\":\"2024-01-22T09:07:18+00:00\",\"dateModified\":\"2025-06-25T12:06:33+00:00\",\"breadcrumb\":{\"@id\":\"https:\/\/mamaonline.alta-agentie.ro\/?product=rotho-babydesign-chiuveta-pentru-copii#breadcrumb\"},\"inLanguage\":\"en-US\",\"potentialAction\":[{\"@type\":\"ReadAction\",\"target\":[\"https:\/\/mamaonline.alta-agentie.ro\/?product=rotho-babydesign-chiuveta-pentru-copii\"]}]},{\"@type\":\"ImageObject\",\"inLanguage\":\"en-US\",\"@id\":\"https:\/\/mamaonline.alta-agentie.ro\/?product=rotho-babydesign-chiuveta-pentru-copii#primaryimage\",\"url\":\"https:\/\/mamaonline.alta-agentie.ro\/wp-content\/uploads\/2025\/06\/ROTHO-BABYDESIGN-CHIUVETA-PENTRU-COPII-Verde.jpg\",\"contentUrl\":\"https:\/\/mamaonline.alta-agentie.ro\/wp-content\/uploads\/2025\/06\/ROTHO-BABYDESIGN-CHIUVETA-PENTRU-COPII-Verde.jpg\",\"width\":1000,\"height\":820},{\"@type\":\"BreadcrumbList\",\"@id\":\"https:\/\/mamaonline.alta-agentie.ro\/?product=rotho-babydesign-chiuveta-pentru-copii#breadcrumb\",\"itemListElement\":[{\"@type\":\"ListItem\",\"position\":1,\"name\":\"Home\",\"item\":\"https:\/\/mamaonline.alta-agentie.ro\/\"},{\"@type\":\"ListItem\",\"position\":2,\"name\":\"Products\",\"item\":\"https:\/\/mamaonline.alta-agentie.ro\/?post_type=product\"},{\"@type\":\"ListItem\",\"position\":3,\"name\":\"Rotho Babydesign - Chiuveta pentru copii, verde\"}]},{\"@type\":\"WebSite\",\"@id\":\"https:\/\/mamaonline.alta-agentie.ro\/#website\",\"url\":\"https:\/\/mamaonline.alta-agentie.ro\/\",\"name\":\"My Store\",\"description\":\"\",\"potentialAction\":[{\"@type\":\"SearchAction\",\"target\":{\"@type\":\"EntryPoint\",\"urlTemplate\":\"https:\/\/mamaonline.alta-agentie.ro\/?s={search_term_string}\"},\"query-input\":{\"@type\":\"PropertyValueSpecification\",\"valueRequired\":true,\"valueName\":\"search_term_string\"}}],\"inLanguage\":\"en-US\"}]}<\/script>\n<!-- \/ Yoast SEO plugin. -->","yoast_head_json":{"title":"Rotho Babydesign - Chiuveta pentru copii, verde - My Store","robots":{"index":"noindex","follow":"follow","max-snippet":"max-snippet:-1","max-image-preview":"max-image-preview:large","max-video-preview":"max-video-preview:-1"},"og_locale":"en_US","og_type":"article","og_title":"Rotho Babydesign - Chiuveta pentru copii, verde - My Store","og_description":"Rotho Babydesign Chiuvet\u0103 pentru copii Kiddy pentru marginea b\u0103ii 38,7 x 38,2 x 10 cm alb\/gri","og_url":"https:\/\/mamaonline.alta-agentie.ro\/?product=rotho-babydesign-chiuveta-pentru-copii","og_site_name":"My Store","article_modified_time":"2025-06-25T12:06:33+00:00","og_image":[{"width":1000,"height":820,"url":"https:\/\/mamaonline.alta-agentie.ro\/wp-content\/uploads\/2025\/06\/ROTHO-BABYDESIGN-CHIUVETA-PENTRU-COPII-Verde.jpg","type":"image\/jpeg"}],"twitter_card":"summary_large_image","twitter_misc":{"Est. reading time":"4 minutes"},"schema":{"@context":"https:\/\/schema.org","@graph":[{"@type":"WebPage","@id":"https:\/\/mamaonline.alta-agentie.ro\/?product=rotho-babydesign-chiuveta-pentru-copii","url":"https:\/\/mamaonline.alta-agentie.ro\/?product=rotho-babydesign-chiuveta-pentru-copii","name":"Rotho Babydesign - Chiuveta pentru copii, verde - My Store","isPartOf":{"@id":"https:\/\/mamaonline.alta-agentie.ro\/#website"},"primaryImageOfPage":{"@id":"https:\/\/mamaonline.alta-agentie.ro\/?product=rotho-babydesign-chiuveta-pentru-copii#primaryimage"},"image":{"@id":"https:\/\/mamaonline.alta-agentie.ro\/?product=rotho-babydesign-chiuveta-pentru-copii#primaryimage"},"thumbnailUrl":"https:\/\/mamaonline.alta-agentie.ro\/wp-content\/uploads\/2025\/06\/ROTHO-BABYDESIGN-CHIUVETA-PENTRU-COPII-Verde.jpg","datePublished":"2024-01-22T09:07:18+00:00","dateModified":"2025-06-25T12:06:33+00:00","breadcrumb":{"@id":"https:\/\/mamaonline.alta-agentie.ro\/?product=rotho-babydesign-chiuveta-pentru-copii#breadcrumb"},"inLanguage":"en-US","potentialAction":[{"@type":"ReadAction","target":["https:\/\/mamaonline.alta-agentie.ro\/?product=rotho-babydesign-chiuveta-pentru-copii"]}]},{"@type":"ImageObject","inLanguage":"en-US","@id":"https:\/\/mamaonline.alta-agentie.ro\/?product=rotho-babydesign-chiuveta-pentru-copii#primaryimage","url":"https:\/\/mamaonline.alta-agentie.ro\/wp-content\/uploads\/2025\/06\/ROTHO-BABYDESIGN-CHIUVETA-PENTRU-COPII-Verde.jpg","contentUrl":"https:\/\/mamaonline.alta-agentie.ro\/wp-content\/uploads\/2025\/06\/ROTHO-BABYDESIGN-CHIUVETA-PENTRU-COPII-Verde.jpg","width":1000,"height":820},{"@type":"BreadcrumbList","@id":"https:\/\/mamaonline.alta-agentie.ro\/?product=rotho-babydesign-chiuveta-pentru-copii#breadcrumb","itemListElement":[{"@type":"ListItem","position":1,"name":"Home","item":"https:\/\/mamaonline.alta-agentie.ro\/"},{"@type":"ListItem","position":2,"name":"Products","item":"https:\/\/mamaonline.alta-agentie.ro\/?post_type=product"},{"@type":"ListItem","position":3,"name":"Rotho Babydesign - Chiuveta pentru copii, verde"}]},{"@type":"WebSite","@id":"https:\/\/mamaonline.alta-agentie.ro\/#website","url":"https:\/\/mamaonline.alta-agentie.ro\/","name":"My Store","description":"","potentialAction":[{"@type":"SearchAction","target":{"@type":"EntryPoint","urlTemplate":"https:\/\/mamaonline.alta-agentie.ro\/?s={search_term_string}"},"query-input":{"@type":"PropertyValueSpecification","valueRequired":true,"valueName":"search_term_string"}}],"inLanguage":"en-US"}]}},"_links":{"self":[{"href":"https:\/\/mamaonline.alta-agentie.ro\/index.php?rest_route=\/wp\/v2\/product\/2065","targetHints":{"allow":["GET"]}}],"collection":[{"href":"https:\/\/mamaonline.alta-agentie.ro\/index.php?rest_route=\/wp\/v2\/product"}],"about":[{"href":"https:\/\/mamaonline.alta-agentie.ro\/index.php?rest_route=\/wp\/v2\/types\/product"}],"replies":[{"embeddable":true,"href":"https:\/\/mamaonline.alta-agentie.ro\/index.php?rest_route=%2Fwp%2Fv2%2Fcomments&post=2065"}],"wp:featuredmedia":[{"embeddable":true,"href":"https:\/\/mamaonline.alta-agentie.ro\/index.php?rest_route=\/wp\/v2\/media\/28521"}],"wp:attachment":[{"href":"https:\/\/mamaonline.alta-agentie.ro\/index.php?rest_route=%2Fwp%2Fv2%2Fmedia&parent=2065"}],"wp:term":[{"taxonomy":"product_brand","embeddable":true,"href":"https:\/\/mamaonline.alta-agentie.ro\/index.php?rest_route=%2Fwp%2Fv2%2Fproduct_brand&post=2065"},{"taxonomy":"product_cat","embeddable":true,"href":"https:\/\/mamaonline.alta-agentie.ro\/index.php?rest_route=%2Fwp%2Fv2%2Fproduct_cat&post=2065"},{"taxonomy":"product_tag","embeddable":true,"href":"https:\/\/mamaonline.alta-agentie.ro\/index.php?rest_route=%2Fwp%2Fv2%2Fproduct_tag&post=2065"}],"curies":[{"name":"wp","href":"https:\/\/api.w.org\/{rel}","templated":true}]}}