{"id":2059,"date":"2024-01-22T09:07:08","date_gmt":"2024-01-22T09:07:08","guid":{"rendered":"https:\/\/mamaonline.ro\/new\/?post_type=product&amp;p=2059"},"modified":"2024-01-22T09:07:08","modified_gmt":"2024-01-22T09:07:08","slug":"red-castle-baza-scoica-pentru-masina","status":"publish","type":"product","link":"https:\/\/mamaonline.alta-agentie.ro\/?product=red-castle-baza-scoica-pentru-masina","title":{"rendered":"Red Castle- Baza Scoica pentru masina"},"content":{"rendered":"<p>RED CASTLE - ISOFIX Casual Play este un sistem standard pentru ata\u0219area scaunului de ma\u0219in\u0103 pentru copii. Se compune din ancore fixe pe caroseria vehiculului \u0219i pe dispozitivele de fixare a scaunelor pentru ma\u0219in\u0103 care se \u00eencadreaz\u0103 \u00een ele. Sistemul de fixare este mult mai ferm \u0219i mai durabil. Construc\u021bia ISOFIX este potrivit\u0103 pentru bebelu\u0219i \u00eencep\u00e2nd de la na\u0219tere (grupa 0). Punctele de ancorare Isofix sunt integrate \u00een majoritatea vehiculelor noi, v\u0103 recomand\u0103m s\u0103 verifica\u021bi dac\u0103 ma\u0219ina dvs. este dotat\u0103 cu aceste puncte de ancorare.<\/p>\n<p>Datorit\u0103 construc\u021biei ISOFIX, pute\u021bi fi siguri c\u0103 bebelu\u0219ul dvs. este protejat de cel mai bun sistem de pe pia\u021b\u0103. Ofer\u0103 copilului cea mai mare protec\u021bie \u0219i siguran\u021b\u0103. Oamenii ata\u0219eaz\u0103 adesea \u00een ma\u0219ini, scaunele pentru copii numai cu ajutorul centurilor de siguran\u021b\u0103. Le conecteaz\u0103 incorect sau nu le conecteaz\u0103 deloc. Sistemul ISOFIX previne gre\u0219elile de instalare a scaunului auto, care pot ap\u0103rea dac\u0103 \u00eel ata\u0219a\u021bi numai cu o centur\u0103 de siguran\u021b\u0103 clasic\u0103. Dac\u0103 ave\u021bi dou\u0103 ma\u0219ini \u0219i mai mul\u021bi copii \u00een familia dvs. Ve\u021bi aprecia, de asemenea, timpul pe care \u00eel va economisi ISOFIX atunci c\u00e2nd ve\u021bi muta scaunul auto, dintr-o ma\u0219in\u0103 \u00een alta.<\/p>\n<p>Cel mai important rol pentru p\u0103rin\u021bi este asigurarea protec\u021biei \u0219i siguran\u021bei copiilor \u00een timpul c\u0103l\u0103toriilor. La cump\u0103rarea scaunului auto \u0219i a accesoriilor de siguran\u021b\u0103, alege\u021bi numai produse certificate \u0219i de \u00eenalt\u0103 calitate. Baza ISOFIX de la Red Castle apar\u021bine sistemelor de siguran\u021b\u0103 de ultim\u0103 genera\u021bie. Este compatibil\u0103 cu scaunul pentru ma\u0219in\u0103 RC2 \u0219i ofer\u0103 copiilor un sentiment de securitate \u0219i confort. C\u0103l\u0103toria cu ma\u0219ina va fi mai pl\u0103cut\u0103 pentru ei \u0219i p\u0103rin\u021bii vor fi ferici\u021bi s\u0103 ofere copilului o protec\u021bie maxim\u0103.<\/p>\n","protected":false},"excerpt":{"rendered":"<p>Baza ISOFIX Red Castle este o construc\u021bie practic\u0103 de calitate calitate superioar\u0103 pentru scaunul auto RC2, care face ca montarea scaunului auto s\u0103 fie rapid\u0103 \u0219i eficient\u0103<\/p>\n","protected":false},"featured_media":28518,"comment_status":"open","ping_status":"closed","template":"","meta":{"_acf_changed":false},"product_brand":[],"product_cat":[44,111],"product_tag":[28,76],"class_list":{"0":"post-2059","1":"product","2":"type-product","3":"status-publish","4":"has-post-thumbnail","6":"product_cat-carucioare-patuturi","7":"product_cat-reduceri","8":"product_tag-baza-scoica","9":"product_tag-mamaonline","11":"first","12":"instock","13":"sale","14":"shipping-taxable","15":"purchasable","16":"product-type-simple"},"acf":[],"yoast_head":"<!-- This site is optimized with the Yoast SEO plugin v25.3.1 - https:\/\/yoast.com\/wordpress\/plugins\/seo\/ -->\n<title>Red Castle- Baza Scoica pentru masina - My Store<\/title>\n<meta name=\"description\" content=\"RED CASTLE - ISOFIX Casual Play este un sistem standard pentru ata\u0219area scaunului de ma\u0219in\u0103 pentru copii. C\u0103l\u0103toria cu ma\u0219ina va fi mai pl\u0103cut\u0103 pentru ei.\" \/>\n<meta name=\"robots\" content=\"noindex, follow, max-snippet:-1, max-image-preview:large, max-video-preview:-1\" \/>\n<meta property=\"og:locale\" content=\"en_US\" \/>\n<meta property=\"og:type\" content=\"article\" \/>\n<meta property=\"og:title\" content=\"Red Castle- Baza Scoica pentru masina - My Store\" \/>\n<meta property=\"og:description\" content=\"RED CASTLE - ISOFIX Casual Play este un sistem standard pentru ata\u0219area scaunului de ma\u0219in\u0103 pentru copii. C\u0103l\u0103toria cu ma\u0219ina va fi mai pl\u0103cut\u0103 pentru ei.\" \/>\n<meta property=\"og:url\" content=\"https:\/\/mamaonline.alta-agentie.ro\/?product=red-castle-baza-scoica-pentru-masina\" \/>\n<meta property=\"og:site_name\" content=\"My Store\" \/>\n<meta property=\"og:image\" content=\"https:\/\/mamaonline.alta-agentie.ro\/wp-content\/uploads\/2025\/06\/8.png\" \/>\n\t<meta property=\"og:image:width\" content=\"950\" \/>\n\t<meta property=\"og:image:height\" content=\"950\" \/>\n\t<meta property=\"og:image:type\" content=\"image\/png\" \/>\n<meta name=\"twitter:card\" content=\"summary_large_image\" \/>\n<meta name=\"twitter:label1\" content=\"Est. reading time\" \/>\n\t<meta name=\"twitter:data1\" content=\"2 minutes\" \/>\n<script type=\"application\/ld+json\" class=\"yoast-schema-graph\">{\"@context\":\"https:\/\/schema.org\",\"@graph\":[{\"@type\":\"WebPage\",\"@id\":\"https:\/\/mamaonline.alta-agentie.ro\/?product=red-castle-baza-scoica-pentru-masina\",\"url\":\"https:\/\/mamaonline.alta-agentie.ro\/?product=red-castle-baza-scoica-pentru-masina\",\"name\":\"Red Castle- Baza Scoica pentru masina - My Store\",\"isPartOf\":{\"@id\":\"https:\/\/mamaonline.alta-agentie.ro\/#website\"},\"primaryImageOfPage\":{\"@id\":\"https:\/\/mamaonline.alta-agentie.ro\/?product=red-castle-baza-scoica-pentru-masina#primaryimage\"},\"image\":{\"@id\":\"https:\/\/mamaonline.alta-agentie.ro\/?product=red-castle-baza-scoica-pentru-masina#primaryimage\"},\"thumbnailUrl\":\"https:\/\/mamaonline.alta-agentie.ro\/wp-content\/uploads\/2025\/06\/8.png\",\"datePublished\":\"2024-01-22T09:07:08+00:00\",\"description\":\"RED CASTLE - ISOFIX Casual Play este un sistem standard pentru ata\u0219area scaunului de ma\u0219in\u0103 pentru copii. C\u0103l\u0103toria cu ma\u0219ina va fi mai pl\u0103cut\u0103 pentru ei.\",\"breadcrumb\":{\"@id\":\"https:\/\/mamaonline.alta-agentie.ro\/?product=red-castle-baza-scoica-pentru-masina#breadcrumb\"},\"inLanguage\":\"en-US\",\"potentialAction\":[{\"@type\":\"ReadAction\",\"target\":[\"https:\/\/mamaonline.alta-agentie.ro\/?product=red-castle-baza-scoica-pentru-masina\"]}]},{\"@type\":\"ImageObject\",\"inLanguage\":\"en-US\",\"@id\":\"https:\/\/mamaonline.alta-agentie.ro\/?product=red-castle-baza-scoica-pentru-masina#primaryimage\",\"url\":\"https:\/\/mamaonline.alta-agentie.ro\/wp-content\/uploads\/2025\/06\/8.png\",\"contentUrl\":\"https:\/\/mamaonline.alta-agentie.ro\/wp-content\/uploads\/2025\/06\/8.png\",\"width\":950,\"height\":950},{\"@type\":\"BreadcrumbList\",\"@id\":\"https:\/\/mamaonline.alta-agentie.ro\/?product=red-castle-baza-scoica-pentru-masina#breadcrumb\",\"itemListElement\":[{\"@type\":\"ListItem\",\"position\":1,\"name\":\"Home\",\"item\":\"https:\/\/mamaonline.alta-agentie.ro\/\"},{\"@type\":\"ListItem\",\"position\":2,\"name\":\"Products\",\"item\":\"https:\/\/mamaonline.alta-agentie.ro\/?post_type=product\"},{\"@type\":\"ListItem\",\"position\":3,\"name\":\"Red Castle- Baza Scoica pentru masina\"}]},{\"@type\":\"WebSite\",\"@id\":\"https:\/\/mamaonline.alta-agentie.ro\/#website\",\"url\":\"https:\/\/mamaonline.alta-agentie.ro\/\",\"name\":\"My Store\",\"description\":\"\",\"potentialAction\":[{\"@type\":\"SearchAction\",\"target\":{\"@type\":\"EntryPoint\",\"urlTemplate\":\"https:\/\/mamaonline.alta-agentie.ro\/?s={search_term_string}\"},\"query-input\":{\"@type\":\"PropertyValueSpecification\",\"valueRequired\":true,\"valueName\":\"search_term_string\"}}],\"inLanguage\":\"en-US\"}]}<\/script>\n<!-- \/ Yoast SEO plugin. -->","yoast_head_json":{"title":"Red Castle- Baza Scoica pentru masina - My Store","description":"RED CASTLE - ISOFIX Casual Play este un sistem standard pentru ata\u0219area scaunului de ma\u0219in\u0103 pentru copii. C\u0103l\u0103toria cu ma\u0219ina va fi mai pl\u0103cut\u0103 pentru ei.","robots":{"index":"noindex","follow":"follow","max-snippet":"max-snippet:-1","max-image-preview":"max-image-preview:large","max-video-preview":"max-video-preview:-1"},"og_locale":"en_US","og_type":"article","og_title":"Red Castle- Baza Scoica pentru masina - My Store","og_description":"RED CASTLE - ISOFIX Casual Play este un sistem standard pentru ata\u0219area scaunului de ma\u0219in\u0103 pentru copii. C\u0103l\u0103toria cu ma\u0219ina va fi mai pl\u0103cut\u0103 pentru ei.","og_url":"https:\/\/mamaonline.alta-agentie.ro\/?product=red-castle-baza-scoica-pentru-masina","og_site_name":"My Store","og_image":[{"width":950,"height":950,"url":"https:\/\/mamaonline.alta-agentie.ro\/wp-content\/uploads\/2025\/06\/8.png","type":"image\/png"}],"twitter_card":"summary_large_image","twitter_misc":{"Est. reading time":"2 minutes"},"schema":{"@context":"https:\/\/schema.org","@graph":[{"@type":"WebPage","@id":"https:\/\/mamaonline.alta-agentie.ro\/?product=red-castle-baza-scoica-pentru-masina","url":"https:\/\/mamaonline.alta-agentie.ro\/?product=red-castle-baza-scoica-pentru-masina","name":"Red Castle- Baza Scoica pentru masina - My Store","isPartOf":{"@id":"https:\/\/mamaonline.alta-agentie.ro\/#website"},"primaryImageOfPage":{"@id":"https:\/\/mamaonline.alta-agentie.ro\/?product=red-castle-baza-scoica-pentru-masina#primaryimage"},"image":{"@id":"https:\/\/mamaonline.alta-agentie.ro\/?product=red-castle-baza-scoica-pentru-masina#primaryimage"},"thumbnailUrl":"https:\/\/mamaonline.alta-agentie.ro\/wp-content\/uploads\/2025\/06\/8.png","datePublished":"2024-01-22T09:07:08+00:00","description":"RED CASTLE - ISOFIX Casual Play este un sistem standard pentru ata\u0219area scaunului de ma\u0219in\u0103 pentru copii. C\u0103l\u0103toria cu ma\u0219ina va fi mai pl\u0103cut\u0103 pentru ei.","breadcrumb":{"@id":"https:\/\/mamaonline.alta-agentie.ro\/?product=red-castle-baza-scoica-pentru-masina#breadcrumb"},"inLanguage":"en-US","potentialAction":[{"@type":"ReadAction","target":["https:\/\/mamaonline.alta-agentie.ro\/?product=red-castle-baza-scoica-pentru-masina"]}]},{"@type":"ImageObject","inLanguage":"en-US","@id":"https:\/\/mamaonline.alta-agentie.ro\/?product=red-castle-baza-scoica-pentru-masina#primaryimage","url":"https:\/\/mamaonline.alta-agentie.ro\/wp-content\/uploads\/2025\/06\/8.png","contentUrl":"https:\/\/mamaonline.alta-agentie.ro\/wp-content\/uploads\/2025\/06\/8.png","width":950,"height":950},{"@type":"BreadcrumbList","@id":"https:\/\/mamaonline.alta-agentie.ro\/?product=red-castle-baza-scoica-pentru-masina#breadcrumb","itemListElement":[{"@type":"ListItem","position":1,"name":"Home","item":"https:\/\/mamaonline.alta-agentie.ro\/"},{"@type":"ListItem","position":2,"name":"Products","item":"https:\/\/mamaonline.alta-agentie.ro\/?post_type=product"},{"@type":"ListItem","position":3,"name":"Red Castle- Baza Scoica pentru masina"}]},{"@type":"WebSite","@id":"https:\/\/mamaonline.alta-agentie.ro\/#website","url":"https:\/\/mamaonline.alta-agentie.ro\/","name":"My Store","description":"","potentialAction":[{"@type":"SearchAction","target":{"@type":"EntryPoint","urlTemplate":"https:\/\/mamaonline.alta-agentie.ro\/?s={search_term_string}"},"query-input":{"@type":"PropertyValueSpecification","valueRequired":true,"valueName":"search_term_string"}}],"inLanguage":"en-US"}]}},"_links":{"self":[{"href":"https:\/\/mamaonline.alta-agentie.ro\/index.php?rest_route=\/wp\/v2\/product\/2059","targetHints":{"allow":["GET"]}}],"collection":[{"href":"https:\/\/mamaonline.alta-agentie.ro\/index.php?rest_route=\/wp\/v2\/product"}],"about":[{"href":"https:\/\/mamaonline.alta-agentie.ro\/index.php?rest_route=\/wp\/v2\/types\/product"}],"replies":[{"embeddable":true,"href":"https:\/\/mamaonline.alta-agentie.ro\/index.php?rest_route=%2Fwp%2Fv2%2Fcomments&post=2059"}],"wp:featuredmedia":[{"embeddable":true,"href":"https:\/\/mamaonline.alta-agentie.ro\/index.php?rest_route=\/wp\/v2\/media\/28518"}],"wp:attachment":[{"href":"https:\/\/mamaonline.alta-agentie.ro\/index.php?rest_route=%2Fwp%2Fv2%2Fmedia&parent=2059"}],"wp:term":[{"taxonomy":"product_brand","embeddable":true,"href":"https:\/\/mamaonline.alta-agentie.ro\/index.php?rest_route=%2Fwp%2Fv2%2Fproduct_brand&post=2059"},{"taxonomy":"product_cat","embeddable":true,"href":"https:\/\/mamaonline.alta-agentie.ro\/index.php?rest_route=%2Fwp%2Fv2%2Fproduct_cat&post=2059"},{"taxonomy":"product_tag","embeddable":true,"href":"https:\/\/mamaonline.alta-agentie.ro\/index.php?rest_route=%2Fwp%2Fv2%2Fproduct_tag&post=2059"}],"curies":[{"name":"wp","href":"https:\/\/api.w.org\/{rel}","templated":true}]}}