{"id":2049,"date":"2024-01-22T08:56:26","date_gmt":"2024-01-22T08:56:26","guid":{"rendered":"https:\/\/mamaonline.ro\/new\/?post_type=product&amp;p=2049"},"modified":"2024-01-22T08:56:26","modified_gmt":"2024-01-22T08:56:26","slug":"doudou-et-compagnie-jucarie-iepuras","status":"publish","type":"product","link":"https:\/\/mamaonline.alta-agentie.ro\/?product=doudou-et-compagnie-jucarie-iepuras","title":{"rendered":"Doudou et Compagnie - Jucarie Iepuras"},"content":{"rendered":"<p>Foarte practic pentru plimb\u0103ri sau la gr\u0103dini\u021b\u0103 (doudou este bine protejat \u00een bulele sale de \u021bes\u0103tur\u0103), precum \u0219i acas\u0103 pentru \u00eenv\u0103\u021barea jocului de mingea, acesta va fi, \u00een orice circumstan\u021b\u0103, reconfortant \u0219i lini\u0219titor pentru bebelu\u0219. Cu fa\u021ba sa adorabil\u0103 de iepura\u0219, imprimeul inspirat din plante \u0219i combina\u021bia sa de materiale moi, acest DOUDOU BOULE \u00eei va cuceri pe cei mici \u0219i pe cei mari cu mult\u0103 tandre\u021be. Un cadou ideal de la na\u0219tere.<br \/>\nAcest produs nu are o cutie, lua\u021bi \u00een considerare sacul de cadouri.<\/p>\n<p>3 \u00een 1: juc\u0103rie de plu\u0219, cocon \u0219i minge de activit\u0103\u021bi<br \/>\n25 cm<br \/>\nU\u0219or de folosit \u00eenc\u0103 de la primele luni<br \/>\nConcept exclusiv \u0219i inovator<br \/>\nStimuleaz\u0103 imagina\u021bia<\/p>\n","protected":false},"excerpt":{"rendered":"<p>O juc\u0103rie de plu\u0219 foarte frumoas\u0103 \u0219i inteligent\u0103! Un adev\u0103rat doudou (comforer) \u00een form\u0103 de iepura\u0219 confortabil care se transform\u0103 \u00eentr-o minge plin\u0103 de tandre\u021be \u0219i protec\u021bie, aceast\u0103 minge doudou este un concept exclusiv \u0219i inovator!<\/p>\n","protected":false},"featured_media":28507,"comment_status":"open","ping_status":"closed","template":"","meta":{"_acf_changed":false},"product_brand":[],"product_cat":[162,66,111],"product_tag":[76],"class_list":{"0":"post-2049","1":"product","2":"type-product","3":"status-publish","4":"has-post-thumbnail","6":"product_cat-figurine","7":"product_cat-jucarii","8":"product_cat-reduceri","9":"product_tag-mamaonline","11":"first","12":"instock","13":"sale","14":"shipping-taxable","15":"purchasable","16":"product-type-simple"},"acf":[],"yoast_head":"<!-- This site is optimized with the Yoast SEO plugin v25.3.1 - https:\/\/yoast.com\/wordpress\/plugins\/seo\/ -->\n<title>Doudou et Compagnie - Jucarie Iepuras - My Store<\/title>\n<meta name=\"description\" content=\"DOUDOU ET COMPAGNIE - foarte practic pentru plimb\u0103ri sau la gr\u0103dini\u021b\u0103 (doudou este bine protejat \u00een bulele sale de \u021bes\u0103tur\u0103)\" \/>\n<meta name=\"robots\" content=\"noindex, follow, max-snippet:-1, max-image-preview:large, max-video-preview:-1\" \/>\n<meta property=\"og:locale\" content=\"en_US\" \/>\n<meta property=\"og:type\" content=\"article\" \/>\n<meta property=\"og:title\" content=\"Doudou et Compagnie - Jucarie Iepuras - My Store\" \/>\n<meta property=\"og:description\" content=\"DOUDOU ET COMPAGNIE - foarte practic pentru plimb\u0103ri sau la gr\u0103dini\u021b\u0103 (doudou este bine protejat \u00een bulele sale de \u021bes\u0103tur\u0103)\" \/>\n<meta property=\"og:url\" content=\"https:\/\/mamaonline.alta-agentie.ro\/?product=doudou-et-compagnie-jucarie-iepuras\" \/>\n<meta property=\"og:site_name\" content=\"My Store\" \/>\n<meta property=\"og:image\" content=\"https:\/\/mamaonline.alta-agentie.ro\/wp-content\/uploads\/2025\/06\/Doudou-et-Compagnie-Jucarie-Iepuras-1.jpg\" \/>\n\t<meta property=\"og:image:width\" content=\"1000\" \/>\n\t<meta property=\"og:image:height\" content=\"820\" \/>\n\t<meta property=\"og:image:type\" content=\"image\/jpeg\" \/>\n<meta name=\"twitter:card\" content=\"summary_large_image\" \/>\n<meta name=\"twitter:label1\" content=\"Est. reading time\" \/>\n\t<meta name=\"twitter:data1\" content=\"1 minute\" \/>\n<script type=\"application\/ld+json\" class=\"yoast-schema-graph\">{\"@context\":\"https:\/\/schema.org\",\"@graph\":[{\"@type\":\"WebPage\",\"@id\":\"https:\/\/mamaonline.alta-agentie.ro\/?product=doudou-et-compagnie-jucarie-iepuras\",\"url\":\"https:\/\/mamaonline.alta-agentie.ro\/?product=doudou-et-compagnie-jucarie-iepuras\",\"name\":\"Doudou et Compagnie - Jucarie Iepuras - My Store\",\"isPartOf\":{\"@id\":\"https:\/\/mamaonline.alta-agentie.ro\/#website\"},\"primaryImageOfPage\":{\"@id\":\"https:\/\/mamaonline.alta-agentie.ro\/?product=doudou-et-compagnie-jucarie-iepuras#primaryimage\"},\"image\":{\"@id\":\"https:\/\/mamaonline.alta-agentie.ro\/?product=doudou-et-compagnie-jucarie-iepuras#primaryimage\"},\"thumbnailUrl\":\"https:\/\/mamaonline.alta-agentie.ro\/wp-content\/uploads\/2025\/06\/Doudou-et-Compagnie-Jucarie-Iepuras-1.jpg\",\"datePublished\":\"2024-01-22T08:56:26+00:00\",\"description\":\"DOUDOU ET COMPAGNIE - foarte practic pentru plimb\u0103ri sau la gr\u0103dini\u021b\u0103 (doudou este bine protejat \u00een bulele sale de \u021bes\u0103tur\u0103)\",\"breadcrumb\":{\"@id\":\"https:\/\/mamaonline.alta-agentie.ro\/?product=doudou-et-compagnie-jucarie-iepuras#breadcrumb\"},\"inLanguage\":\"en-US\",\"potentialAction\":[{\"@type\":\"ReadAction\",\"target\":[\"https:\/\/mamaonline.alta-agentie.ro\/?product=doudou-et-compagnie-jucarie-iepuras\"]}]},{\"@type\":\"ImageObject\",\"inLanguage\":\"en-US\",\"@id\":\"https:\/\/mamaonline.alta-agentie.ro\/?product=doudou-et-compagnie-jucarie-iepuras#primaryimage\",\"url\":\"https:\/\/mamaonline.alta-agentie.ro\/wp-content\/uploads\/2025\/06\/Doudou-et-Compagnie-Jucarie-Iepuras-1.jpg\",\"contentUrl\":\"https:\/\/mamaonline.alta-agentie.ro\/wp-content\/uploads\/2025\/06\/Doudou-et-Compagnie-Jucarie-Iepuras-1.jpg\",\"width\":1000,\"height\":820},{\"@type\":\"BreadcrumbList\",\"@id\":\"https:\/\/mamaonline.alta-agentie.ro\/?product=doudou-et-compagnie-jucarie-iepuras#breadcrumb\",\"itemListElement\":[{\"@type\":\"ListItem\",\"position\":1,\"name\":\"Home\",\"item\":\"https:\/\/mamaonline.alta-agentie.ro\/\"},{\"@type\":\"ListItem\",\"position\":2,\"name\":\"Products\",\"item\":\"https:\/\/mamaonline.alta-agentie.ro\/?post_type=product\"},{\"@type\":\"ListItem\",\"position\":3,\"name\":\"Doudou et Compagnie - Jucarie Iepuras\"}]},{\"@type\":\"WebSite\",\"@id\":\"https:\/\/mamaonline.alta-agentie.ro\/#website\",\"url\":\"https:\/\/mamaonline.alta-agentie.ro\/\",\"name\":\"My Store\",\"description\":\"\",\"potentialAction\":[{\"@type\":\"SearchAction\",\"target\":{\"@type\":\"EntryPoint\",\"urlTemplate\":\"https:\/\/mamaonline.alta-agentie.ro\/?s={search_term_string}\"},\"query-input\":{\"@type\":\"PropertyValueSpecification\",\"valueRequired\":true,\"valueName\":\"search_term_string\"}}],\"inLanguage\":\"en-US\"}]}<\/script>\n<!-- \/ Yoast SEO plugin. -->","yoast_head_json":{"title":"Doudou et Compagnie - Jucarie Iepuras - My Store","description":"DOUDOU ET COMPAGNIE - foarte practic pentru plimb\u0103ri sau la gr\u0103dini\u021b\u0103 (doudou este bine protejat \u00een bulele sale de \u021bes\u0103tur\u0103)","robots":{"index":"noindex","follow":"follow","max-snippet":"max-snippet:-1","max-image-preview":"max-image-preview:large","max-video-preview":"max-video-preview:-1"},"og_locale":"en_US","og_type":"article","og_title":"Doudou et Compagnie - Jucarie Iepuras - My Store","og_description":"DOUDOU ET COMPAGNIE - foarte practic pentru plimb\u0103ri sau la gr\u0103dini\u021b\u0103 (doudou este bine protejat \u00een bulele sale de \u021bes\u0103tur\u0103)","og_url":"https:\/\/mamaonline.alta-agentie.ro\/?product=doudou-et-compagnie-jucarie-iepuras","og_site_name":"My Store","og_image":[{"width":1000,"height":820,"url":"https:\/\/mamaonline.alta-agentie.ro\/wp-content\/uploads\/2025\/06\/Doudou-et-Compagnie-Jucarie-Iepuras-1.jpg","type":"image\/jpeg"}],"twitter_card":"summary_large_image","twitter_misc":{"Est. reading time":"1 minute"},"schema":{"@context":"https:\/\/schema.org","@graph":[{"@type":"WebPage","@id":"https:\/\/mamaonline.alta-agentie.ro\/?product=doudou-et-compagnie-jucarie-iepuras","url":"https:\/\/mamaonline.alta-agentie.ro\/?product=doudou-et-compagnie-jucarie-iepuras","name":"Doudou et Compagnie - Jucarie Iepuras - My Store","isPartOf":{"@id":"https:\/\/mamaonline.alta-agentie.ro\/#website"},"primaryImageOfPage":{"@id":"https:\/\/mamaonline.alta-agentie.ro\/?product=doudou-et-compagnie-jucarie-iepuras#primaryimage"},"image":{"@id":"https:\/\/mamaonline.alta-agentie.ro\/?product=doudou-et-compagnie-jucarie-iepuras#primaryimage"},"thumbnailUrl":"https:\/\/mamaonline.alta-agentie.ro\/wp-content\/uploads\/2025\/06\/Doudou-et-Compagnie-Jucarie-Iepuras-1.jpg","datePublished":"2024-01-22T08:56:26+00:00","description":"DOUDOU ET COMPAGNIE - foarte practic pentru plimb\u0103ri sau la gr\u0103dini\u021b\u0103 (doudou este bine protejat \u00een bulele sale de \u021bes\u0103tur\u0103)","breadcrumb":{"@id":"https:\/\/mamaonline.alta-agentie.ro\/?product=doudou-et-compagnie-jucarie-iepuras#breadcrumb"},"inLanguage":"en-US","potentialAction":[{"@type":"ReadAction","target":["https:\/\/mamaonline.alta-agentie.ro\/?product=doudou-et-compagnie-jucarie-iepuras"]}]},{"@type":"ImageObject","inLanguage":"en-US","@id":"https:\/\/mamaonline.alta-agentie.ro\/?product=doudou-et-compagnie-jucarie-iepuras#primaryimage","url":"https:\/\/mamaonline.alta-agentie.ro\/wp-content\/uploads\/2025\/06\/Doudou-et-Compagnie-Jucarie-Iepuras-1.jpg","contentUrl":"https:\/\/mamaonline.alta-agentie.ro\/wp-content\/uploads\/2025\/06\/Doudou-et-Compagnie-Jucarie-Iepuras-1.jpg","width":1000,"height":820},{"@type":"BreadcrumbList","@id":"https:\/\/mamaonline.alta-agentie.ro\/?product=doudou-et-compagnie-jucarie-iepuras#breadcrumb","itemListElement":[{"@type":"ListItem","position":1,"name":"Home","item":"https:\/\/mamaonline.alta-agentie.ro\/"},{"@type":"ListItem","position":2,"name":"Products","item":"https:\/\/mamaonline.alta-agentie.ro\/?post_type=product"},{"@type":"ListItem","position":3,"name":"Doudou et Compagnie - Jucarie Iepuras"}]},{"@type":"WebSite","@id":"https:\/\/mamaonline.alta-agentie.ro\/#website","url":"https:\/\/mamaonline.alta-agentie.ro\/","name":"My Store","description":"","potentialAction":[{"@type":"SearchAction","target":{"@type":"EntryPoint","urlTemplate":"https:\/\/mamaonline.alta-agentie.ro\/?s={search_term_string}"},"query-input":{"@type":"PropertyValueSpecification","valueRequired":true,"valueName":"search_term_string"}}],"inLanguage":"en-US"}]}},"_links":{"self":[{"href":"https:\/\/mamaonline.alta-agentie.ro\/index.php?rest_route=\/wp\/v2\/product\/2049","targetHints":{"allow":["GET"]}}],"collection":[{"href":"https:\/\/mamaonline.alta-agentie.ro\/index.php?rest_route=\/wp\/v2\/product"}],"about":[{"href":"https:\/\/mamaonline.alta-agentie.ro\/index.php?rest_route=\/wp\/v2\/types\/product"}],"replies":[{"embeddable":true,"href":"https:\/\/mamaonline.alta-agentie.ro\/index.php?rest_route=%2Fwp%2Fv2%2Fcomments&post=2049"}],"wp:featuredmedia":[{"embeddable":true,"href":"https:\/\/mamaonline.alta-agentie.ro\/index.php?rest_route=\/wp\/v2\/media\/28507"}],"wp:attachment":[{"href":"https:\/\/mamaonline.alta-agentie.ro\/index.php?rest_route=%2Fwp%2Fv2%2Fmedia&parent=2049"}],"wp:term":[{"taxonomy":"product_brand","embeddable":true,"href":"https:\/\/mamaonline.alta-agentie.ro\/index.php?rest_route=%2Fwp%2Fv2%2Fproduct_brand&post=2049"},{"taxonomy":"product_cat","embeddable":true,"href":"https:\/\/mamaonline.alta-agentie.ro\/index.php?rest_route=%2Fwp%2Fv2%2Fproduct_cat&post=2049"},{"taxonomy":"product_tag","embeddable":true,"href":"https:\/\/mamaonline.alta-agentie.ro\/index.php?rest_route=%2Fwp%2Fv2%2Fproduct_tag&post=2049"}],"curies":[{"name":"wp","href":"https:\/\/api.w.org\/{rel}","templated":true}]}}