{"id":2044,"date":"2024-01-22T08:56:07","date_gmt":"2024-01-22T08:56:07","guid":{"rendered":"https:\/\/mamaonline.ro\/new\/?post_type=product&amp;p=2044"},"modified":"2024-01-22T08:56:07","modified_gmt":"2024-01-22T08:56:07","slug":"dodie-biberon-0-6-luni-270ml","status":"publish","type":"product","link":"https:\/\/mamaonline.alta-agentie.ro\/?product=dodie-biberon-0-6-luni-270ml","title":{"rendered":"Dodie - Biberon 0-6 luni 270ml"},"content":{"rendered":"<p>Biberonul cu tetina plat\u0103 Dodie \u00a0imit\u0103 forma turtit\u0103 a mamelonului \u00een timpul al\u0103pt\u0103rii pentru a sprijini trecerea de la s\u00e2n la biberon.<br \/>\nSistemul s\u0103u anti-colici este integrat \u00een tetin\u0103 datorit\u0103 unei supape duble brevetate, care favorizeaz\u0103 circula\u021bia aerului \u0219i reduce riscul de colici, aerofagie \u0219i regurgitare. Mamelonul plat imit\u0103 forma aplatizat\u0103 a s\u00e2nului \u00een timpul hr\u0103nirii, facilit\u00e2nd trecerea de la s\u00e2n la biberon \u0219i este u\u0219or acceptat\u0103 de 95% dintre copii (test efectuat de IDM \u00een octombrie 2014 cu 200 de mame de copii cu v\u00e2rsta cuprins\u0103 \u00eentre 0-12 luni ). Aceast\u0103 sticl\u0103 triunghiular\u0103 este u\u0219or de manevrat \u0219i garantat\u0103 f\u0103r\u0103 bisfenol A \u0219i S (\u00een conformitate cu reglement\u0103rile actuale).<\/p>\n<p><strong>Mod de utilizare:<\/strong><\/p>\n<ul>\n<li>\u00cenainte de prima utilizare, fierbe\u021bi biberonul, tetina \u0219i accesoriile Dodie timp de 5 minute.<\/li>\n<li>\u00cenainte de fiecare utilizare, sp\u0103la\u021bi biberonul cu ap\u0103 cald\u0103 \u0219i s\u0103pun, folosind o perie moale, apoi cl\u0103ti\u021bi. Pentru a evita deteriorarea biberonului, asigura\u021bi-v\u0103 c\u0103 folosi\u021bi detergen\u021bi delica\u021bi.<\/li>\n<li>Toate elementele pot fi sp\u0103late \u00een ma\u0219ina de sp\u0103lat vase (\u00een partea de sus).<\/li>\n<li>\u00cenainte de fiecare utilizare, cur\u0103\u021ba\u021bi tetina manual. Examina\u021bi tetina \u0219i trage\u021bi de aceasta \u00een toate direc\u021biile. Arunca\u021bi-o la primele semne de deteriorare sau de fragilitate. Nu expune\u021bi tetina la lumina solar\u0103 direct\u0103 sau la surse de c\u0103ldur\u0103.<\/li>\n<li>Tetina rotund\u0103 se potrive\u0219te cu toate biberoanele cu gur\u0103 larg\u0103 Dodie \u0219i trebuie s\u0103 fie fixat\u0103 cu ajutorul inelului de prindere.<\/li>\n<li>Pentru igiena \u0219i siguran\u021ba copilului, \u00eenlocui\u021bi tetina cel pu\u021bin la fiecare 6 s\u0103pt\u0103m\u00e2ni.<\/li>\n<\/ul>\n<p><strong>Intructiuni de sterilizare:<\/strong><\/p>\n<ul>\n<li>Pentru sterilizarea la rece, respecta\u021bi \u00eentocmai instruc\u021biunile de utilizare. Nu l\u0103sa\u021bi tetina \u00een solu\u021bia de sterilizare mai mult timp dec\u00e2t se indic\u0103 \u00een instruc\u021biuni \u0219i scurge\u021bi bine biberonul \u0219i tetina \u00eenainte de a prepara biberonul.<\/li>\n<li>Pentru sterilizarea la cald (cu abur sau microunde), respecta\u021bi instruc\u021biunile aparatului utilizat.<\/li>\n<li>\u00cenainte de cur\u0103\u021bare sau de sterilizarea la cald, demonta\u021bi complet biberonul.<\/li>\n<li>A\u0219tepta\u021bi ca elementele s\u0103 se r\u0103ceasc\u0103 \u00eenainte de a reasambla biberonul, deoarece inelul poate fi greu de \u00een\u0219urubat pe biberon atunci c\u00e2nd este fierbinte.<\/li>\n<\/ul>\n<p><strong>Instructiuni de incalzire (NU supraincalziti):<\/strong><\/p>\n<ul>\n<li>Dac\u0103 \u00eenc\u0103lzi\u021bi biberonul Dodie, \u00een special \u00een cuptorul cu microunde, umple\u021bi biberonul \u0219i a\u0219eza\u021bi-l \u00een pozi\u021bie vertical\u0103, deschis.<\/li>\n<li>Proceda\u021bi cu grij\u0103 atunci c\u00e2nd \u00eenc\u0103lzi\u021bi biberonul \u00een cuptorul cu microunde.<\/li>\n<li>Temperatura con\u021binutului poate fi foarte ridicat\u0103.<\/li>\n<li>Amesteca\u021bi alimentele dup\u0103 \u00eenc\u0103lzire \u0219i verifica\u021bi \u00eentotdeauna temperatura acestora \u00eenainte de a hr\u0103ni copilul.<\/li>\n<\/ul>\n<p><strong>Precautii:<\/strong><\/p>\n<ul>\n<li>Suptul continuu \u0219i prelungit de lichide poate cauza apari\u021bia cariilor dentare.<\/li>\n<li>Verifica\u021bi \u00eentotdeauna temperatura alimentelor \u00eenainte de a hr\u0103ni copilul cu biberonul.<\/li>\n<li>Arunca\u021bi-l la primele semne de deteriorare sau de fragilitate.<\/li>\n<li>Nu l\u0103sa\u021bi elementele neutilizate la \u00eendem\u00e2na copiilor.<\/li>\n<li>Nu prinde\u021bi niciodat\u0103 de cordoane, panglici, \u0219ireturi sau haine largi. Exist\u0103 riscul de strangulare.<\/li>\n<li>Nu folosi\u021bi niciodat\u0103 tetina biberonului ca \u0219i cum ar fi o suzet\u0103.<\/li>\n<li>Acest produs trebuie s\u0103 fie utilizat \u00eentotdeauna sub supravegherea unui adult.<\/li>\n<li>Biberoanele din sticl\u0103 se pot sparge.<\/li>\n<li>Aceste informa\u021bii trebuie s\u0103 fie p\u0103strate pentru consultarea ulterioar\u0103, din motive de igien\u0103 \u0219i siguran\u021b\u0103.<\/li>\n<\/ul>\n<p><strong>Prezentare:<\/strong><br \/>\n270 ml<\/p>\n","protected":false},"excerpt":{"rendered":"<p>Biberon DODIE 0-6 luni 270ml debit 2, mediu<\/p>\n","protected":false},"featured_media":28495,"comment_status":"open","ping_status":"closed","template":"","meta":{"_acf_changed":false},"product_brand":[],"product_cat":[30],"product_tag":[31,76],"class_list":{"0":"post-2044","1":"product","2":"type-product","3":"status-publish","4":"has-post-thumbnail","6":"product_cat-biberoane","7":"product_tag-biberon","8":"product_tag-mamaonline","10":"first","11":"instock","12":"shipping-taxable","13":"purchasable","14":"product-type-simple"},"acf":[],"yoast_head":"<!-- This site is optimized with the Yoast SEO plugin v25.3.1 - https:\/\/yoast.com\/wordpress\/plugins\/seo\/ -->\n<title>Dodie - Biberon 0-6 luni 270ml - My Store<\/title>\n<meta name=\"robots\" content=\"noindex, follow, max-snippet:-1, max-image-preview:large, max-video-preview:-1\" \/>\n<meta property=\"og:locale\" content=\"en_US\" \/>\n<meta property=\"og:type\" content=\"article\" \/>\n<meta property=\"og:title\" content=\"Dodie - Biberon 0-6 luni 270ml - My Store\" \/>\n<meta property=\"og:description\" content=\"Biberon DODIE 0-6 luni 270ml debit 2, mediu\" \/>\n<meta property=\"og:url\" content=\"https:\/\/mamaonline.alta-agentie.ro\/?product=dodie-biberon-0-6-luni-270ml\" \/>\n<meta property=\"og:site_name\" content=\"My Store\" \/>\n<meta property=\"og:image\" content=\"https:\/\/mamaonline.alta-agentie.ro\/wp-content\/uploads\/2025\/06\/Untitled-design-13.png\" \/>\n\t<meta property=\"og:image:width\" content=\"950\" \/>\n\t<meta property=\"og:image:height\" content=\"950\" \/>\n\t<meta property=\"og:image:type\" content=\"image\/png\" \/>\n<meta name=\"twitter:card\" content=\"summary_large_image\" \/>\n<meta name=\"twitter:label1\" content=\"Est. reading time\" \/>\n\t<meta name=\"twitter:data1\" content=\"3 minutes\" \/>\n<script type=\"application\/ld+json\" class=\"yoast-schema-graph\">{\"@context\":\"https:\/\/schema.org\",\"@graph\":[{\"@type\":\"WebPage\",\"@id\":\"https:\/\/mamaonline.alta-agentie.ro\/?product=dodie-biberon-0-6-luni-270ml\",\"url\":\"https:\/\/mamaonline.alta-agentie.ro\/?product=dodie-biberon-0-6-luni-270ml\",\"name\":\"Dodie - Biberon 0-6 luni 270ml - My Store\",\"isPartOf\":{\"@id\":\"https:\/\/mamaonline.alta-agentie.ro\/#website\"},\"primaryImageOfPage\":{\"@id\":\"https:\/\/mamaonline.alta-agentie.ro\/?product=dodie-biberon-0-6-luni-270ml#primaryimage\"},\"image\":{\"@id\":\"https:\/\/mamaonline.alta-agentie.ro\/?product=dodie-biberon-0-6-luni-270ml#primaryimage\"},\"thumbnailUrl\":\"https:\/\/mamaonline.alta-agentie.ro\/wp-content\/uploads\/2025\/06\/Untitled-design-13.png\",\"datePublished\":\"2024-01-22T08:56:07+00:00\",\"breadcrumb\":{\"@id\":\"https:\/\/mamaonline.alta-agentie.ro\/?product=dodie-biberon-0-6-luni-270ml#breadcrumb\"},\"inLanguage\":\"en-US\",\"potentialAction\":[{\"@type\":\"ReadAction\",\"target\":[\"https:\/\/mamaonline.alta-agentie.ro\/?product=dodie-biberon-0-6-luni-270ml\"]}]},{\"@type\":\"ImageObject\",\"inLanguage\":\"en-US\",\"@id\":\"https:\/\/mamaonline.alta-agentie.ro\/?product=dodie-biberon-0-6-luni-270ml#primaryimage\",\"url\":\"https:\/\/mamaonline.alta-agentie.ro\/wp-content\/uploads\/2025\/06\/Untitled-design-13.png\",\"contentUrl\":\"https:\/\/mamaonline.alta-agentie.ro\/wp-content\/uploads\/2025\/06\/Untitled-design-13.png\",\"width\":950,\"height\":950},{\"@type\":\"BreadcrumbList\",\"@id\":\"https:\/\/mamaonline.alta-agentie.ro\/?product=dodie-biberon-0-6-luni-270ml#breadcrumb\",\"itemListElement\":[{\"@type\":\"ListItem\",\"position\":1,\"name\":\"Home\",\"item\":\"https:\/\/mamaonline.alta-agentie.ro\/\"},{\"@type\":\"ListItem\",\"position\":2,\"name\":\"Products\",\"item\":\"https:\/\/mamaonline.alta-agentie.ro\/?post_type=product\"},{\"@type\":\"ListItem\",\"position\":3,\"name\":\"Dodie - Biberon 0-6 luni 270ml\"}]},{\"@type\":\"WebSite\",\"@id\":\"https:\/\/mamaonline.alta-agentie.ro\/#website\",\"url\":\"https:\/\/mamaonline.alta-agentie.ro\/\",\"name\":\"My Store\",\"description\":\"\",\"potentialAction\":[{\"@type\":\"SearchAction\",\"target\":{\"@type\":\"EntryPoint\",\"urlTemplate\":\"https:\/\/mamaonline.alta-agentie.ro\/?s={search_term_string}\"},\"query-input\":{\"@type\":\"PropertyValueSpecification\",\"valueRequired\":true,\"valueName\":\"search_term_string\"}}],\"inLanguage\":\"en-US\"}]}<\/script>\n<!-- \/ Yoast SEO plugin. -->","yoast_head_json":{"title":"Dodie - Biberon 0-6 luni 270ml - My Store","robots":{"index":"noindex","follow":"follow","max-snippet":"max-snippet:-1","max-image-preview":"max-image-preview:large","max-video-preview":"max-video-preview:-1"},"og_locale":"en_US","og_type":"article","og_title":"Dodie - Biberon 0-6 luni 270ml - My Store","og_description":"Biberon DODIE 0-6 luni 270ml debit 2, mediu","og_url":"https:\/\/mamaonline.alta-agentie.ro\/?product=dodie-biberon-0-6-luni-270ml","og_site_name":"My Store","og_image":[{"width":950,"height":950,"url":"https:\/\/mamaonline.alta-agentie.ro\/wp-content\/uploads\/2025\/06\/Untitled-design-13.png","type":"image\/png"}],"twitter_card":"summary_large_image","twitter_misc":{"Est. reading time":"3 minutes"},"schema":{"@context":"https:\/\/schema.org","@graph":[{"@type":"WebPage","@id":"https:\/\/mamaonline.alta-agentie.ro\/?product=dodie-biberon-0-6-luni-270ml","url":"https:\/\/mamaonline.alta-agentie.ro\/?product=dodie-biberon-0-6-luni-270ml","name":"Dodie - Biberon 0-6 luni 270ml - My Store","isPartOf":{"@id":"https:\/\/mamaonline.alta-agentie.ro\/#website"},"primaryImageOfPage":{"@id":"https:\/\/mamaonline.alta-agentie.ro\/?product=dodie-biberon-0-6-luni-270ml#primaryimage"},"image":{"@id":"https:\/\/mamaonline.alta-agentie.ro\/?product=dodie-biberon-0-6-luni-270ml#primaryimage"},"thumbnailUrl":"https:\/\/mamaonline.alta-agentie.ro\/wp-content\/uploads\/2025\/06\/Untitled-design-13.png","datePublished":"2024-01-22T08:56:07+00:00","breadcrumb":{"@id":"https:\/\/mamaonline.alta-agentie.ro\/?product=dodie-biberon-0-6-luni-270ml#breadcrumb"},"inLanguage":"en-US","potentialAction":[{"@type":"ReadAction","target":["https:\/\/mamaonline.alta-agentie.ro\/?product=dodie-biberon-0-6-luni-270ml"]}]},{"@type":"ImageObject","inLanguage":"en-US","@id":"https:\/\/mamaonline.alta-agentie.ro\/?product=dodie-biberon-0-6-luni-270ml#primaryimage","url":"https:\/\/mamaonline.alta-agentie.ro\/wp-content\/uploads\/2025\/06\/Untitled-design-13.png","contentUrl":"https:\/\/mamaonline.alta-agentie.ro\/wp-content\/uploads\/2025\/06\/Untitled-design-13.png","width":950,"height":950},{"@type":"BreadcrumbList","@id":"https:\/\/mamaonline.alta-agentie.ro\/?product=dodie-biberon-0-6-luni-270ml#breadcrumb","itemListElement":[{"@type":"ListItem","position":1,"name":"Home","item":"https:\/\/mamaonline.alta-agentie.ro\/"},{"@type":"ListItem","position":2,"name":"Products","item":"https:\/\/mamaonline.alta-agentie.ro\/?post_type=product"},{"@type":"ListItem","position":3,"name":"Dodie - Biberon 0-6 luni 270ml"}]},{"@type":"WebSite","@id":"https:\/\/mamaonline.alta-agentie.ro\/#website","url":"https:\/\/mamaonline.alta-agentie.ro\/","name":"My Store","description":"","potentialAction":[{"@type":"SearchAction","target":{"@type":"EntryPoint","urlTemplate":"https:\/\/mamaonline.alta-agentie.ro\/?s={search_term_string}"},"query-input":{"@type":"PropertyValueSpecification","valueRequired":true,"valueName":"search_term_string"}}],"inLanguage":"en-US"}]}},"_links":{"self":[{"href":"https:\/\/mamaonline.alta-agentie.ro\/index.php?rest_route=\/wp\/v2\/product\/2044","targetHints":{"allow":["GET"]}}],"collection":[{"href":"https:\/\/mamaonline.alta-agentie.ro\/index.php?rest_route=\/wp\/v2\/product"}],"about":[{"href":"https:\/\/mamaonline.alta-agentie.ro\/index.php?rest_route=\/wp\/v2\/types\/product"}],"replies":[{"embeddable":true,"href":"https:\/\/mamaonline.alta-agentie.ro\/index.php?rest_route=%2Fwp%2Fv2%2Fcomments&post=2044"}],"wp:featuredmedia":[{"embeddable":true,"href":"https:\/\/mamaonline.alta-agentie.ro\/index.php?rest_route=\/wp\/v2\/media\/28495"}],"wp:attachment":[{"href":"https:\/\/mamaonline.alta-agentie.ro\/index.php?rest_route=%2Fwp%2Fv2%2Fmedia&parent=2044"}],"wp:term":[{"taxonomy":"product_brand","embeddable":true,"href":"https:\/\/mamaonline.alta-agentie.ro\/index.php?rest_route=%2Fwp%2Fv2%2Fproduct_brand&post=2044"},{"taxonomy":"product_cat","embeddable":true,"href":"https:\/\/mamaonline.alta-agentie.ro\/index.php?rest_route=%2Fwp%2Fv2%2Fproduct_cat&post=2044"},{"taxonomy":"product_tag","embeddable":true,"href":"https:\/\/mamaonline.alta-agentie.ro\/index.php?rest_route=%2Fwp%2Fv2%2Fproduct_tag&post=2044"}],"curies":[{"name":"wp","href":"https:\/\/api.w.org\/{rel}","templated":true}]}}