{"id":2040,"date":"2024-01-22T08:53:55","date_gmt":"2024-01-22T08:53:55","guid":{"rendered":"https:\/\/mamaonline.ro\/new\/?post_type=product&amp;p=2040"},"modified":"2024-01-22T08:53:55","modified_gmt":"2024-01-22T08:53:55","slug":"inglesina-baza-scoica-pentru-masina-0-13kg","status":"publish","type":"product","link":"https:\/\/mamaonline.alta-agentie.ro\/?product=inglesina-baza-scoica-pentru-masina-0-13kg","title":{"rendered":"Inglesina Huggy Ardesia - Baza scoica pentru masina 0-13kg"},"content":{"rendered":"<h3>Inglesina Huggy Ardesia - Baza scoica pentru masina 0-13kg<\/h3>\n<p>Tip de instalare: Centur\u0103 de siguran\u021b\u0103<br \/>\nMaterial: Poliester<br \/>\nCuloare: Negru<br \/>\nGreutatea articolului: 7.8 kilograme<br \/>\nRecomandare de greutate maxim\u0103: 13 kilograme<\/p>\n<p>Siguran\u021b\u0103 sporit\u0103 pentru scaunul auto pentru bebelu\u0219i Inglesina Huggy Ardesia - Baza scoica pentru masina 0-13kg<br \/>\nSta\u021bie de baz\u0103 pentru a proteja \u0219i tapi\u021beria ma\u0219inii<br \/>\nSe ata\u0219eaz\u0103 cu sistemul ISO Fix \u00een ma\u0219ina ta<br \/>\nCompatibil doar cu scaunul auto pentru bebelu\u0219i Inglesina Huggy Grup 0+<br \/>\nSiguran\u021b\u0103 conform\u0103 cu ECE 44 R 44\/04<\/p>\n","protected":false},"excerpt":{"rendered":"<h4>Inglesina Huggy Ardesia - Baza scoica pentru masina 0-13kg<\/h4>\n<p>Sta\u021bie de baz\u0103 pentru scaun auto pentru bebelu\u0219i grupa 0+, necesar\u0103 pentru fixare cu Isofix.<br \/>\nFace instalarea scaunului auto al bebelu\u0219ului dvs mai u\u0219oar\u0103 \u0219i mai sigur\u0103. Include conectori ISOFIX \u0219i picior de sprijin reglabil pe \u00een\u0103l\u021bime care func\u021bioneaz\u0103 prin mecanism telescopic. U\u0219or de utilizat, cu indicator verde care sugereaz\u0103 instalarea corect\u0103. Faciliteaz\u0103 tranzi\u021bia scaunului auto al bebelu\u0219ului de la c\u0103rucior\/landou la ma\u0219ina dvs \u0219i invers<\/p>\n","protected":false},"featured_media":28491,"comment_status":"open","ping_status":"closed","template":"","meta":{"_acf_changed":false},"product_brand":[],"product_cat":[44],"product_tag":[28,76],"class_list":{"0":"post-2040","1":"product","2":"type-product","3":"status-publish","4":"has-post-thumbnail","6":"product_cat-carucioare-patuturi","7":"product_tag-baza-scoica","8":"product_tag-mamaonline","10":"first","11":"instock","12":"shipping-taxable","13":"purchasable","14":"product-type-simple"},"acf":[],"yoast_head":"<!-- This site is optimized with the Yoast SEO plugin v25.3.1 - https:\/\/yoast.com\/wordpress\/plugins\/seo\/ -->\n<title>Inglesina Huggy Ardesia - Baza scoica pentru masina 0-13kg - My Store<\/title>\n<meta name=\"robots\" content=\"noindex, follow, max-snippet:-1, max-image-preview:large, max-video-preview:-1\" \/>\n<meta property=\"og:locale\" content=\"en_US\" \/>\n<meta property=\"og:type\" content=\"article\" \/>\n<meta property=\"og:title\" content=\"Inglesina Huggy Ardesia - Baza scoica pentru masina 0-13kg - My Store\" \/>\n<meta property=\"og:description\" content=\"Inglesina Huggy Ardesia - Baza scoica pentru masina 0-13kg Sta\u021bie de baz\u0103 pentru scaun auto pentru bebelu\u0219i grupa 0+, necesar\u0103 pentru fixare cu Isofix. Face instalarea scaunului auto al bebelu\u0219ului dvs mai u\u0219oar\u0103 \u0219i mai sigur\u0103. Include conectori ISOFIX \u0219i picior de sprijin reglabil pe \u00een\u0103l\u021bime care func\u021bioneaz\u0103 prin mecanism telescopic. U\u0219or de utilizat, cu indicator verde care sugereaz\u0103 instalarea corect\u0103. Faciliteaz\u0103 tranzi\u021bia scaunului auto al bebelu\u0219ului de la c\u0103rucior\/landou la ma\u0219ina dvs \u0219i invers\" \/>\n<meta property=\"og:url\" content=\"https:\/\/mamaonline.alta-agentie.ro\/?product=inglesina-baza-scoica-pentru-masina-0-13kg\" \/>\n<meta property=\"og:site_name\" content=\"My Store\" \/>\n<meta property=\"og:image\" content=\"https:\/\/mamaonline.alta-agentie.ro\/wp-content\/uploads\/2025\/06\/Untitled-design-16.png\" \/>\n\t<meta property=\"og:image:width\" content=\"950\" \/>\n\t<meta property=\"og:image:height\" content=\"950\" \/>\n\t<meta property=\"og:image:type\" content=\"image\/png\" \/>\n<meta name=\"twitter:card\" content=\"summary_large_image\" \/>\n<meta name=\"twitter:label1\" content=\"Est. reading time\" \/>\n\t<meta name=\"twitter:data1\" content=\"1 minute\" \/>\n<script type=\"application\/ld+json\" class=\"yoast-schema-graph\">{\"@context\":\"https:\/\/schema.org\",\"@graph\":[{\"@type\":\"WebPage\",\"@id\":\"https:\/\/mamaonline.alta-agentie.ro\/?product=inglesina-baza-scoica-pentru-masina-0-13kg\",\"url\":\"https:\/\/mamaonline.alta-agentie.ro\/?product=inglesina-baza-scoica-pentru-masina-0-13kg\",\"name\":\"Inglesina Huggy Ardesia - Baza scoica pentru masina 0-13kg - My Store\",\"isPartOf\":{\"@id\":\"https:\/\/mamaonline.alta-agentie.ro\/#website\"},\"primaryImageOfPage\":{\"@id\":\"https:\/\/mamaonline.alta-agentie.ro\/?product=inglesina-baza-scoica-pentru-masina-0-13kg#primaryimage\"},\"image\":{\"@id\":\"https:\/\/mamaonline.alta-agentie.ro\/?product=inglesina-baza-scoica-pentru-masina-0-13kg#primaryimage\"},\"thumbnailUrl\":\"https:\/\/mamaonline.alta-agentie.ro\/wp-content\/uploads\/2025\/06\/Untitled-design-16.png\",\"datePublished\":\"2024-01-22T08:53:55+00:00\",\"breadcrumb\":{\"@id\":\"https:\/\/mamaonline.alta-agentie.ro\/?product=inglesina-baza-scoica-pentru-masina-0-13kg#breadcrumb\"},\"inLanguage\":\"en-US\",\"potentialAction\":[{\"@type\":\"ReadAction\",\"target\":[\"https:\/\/mamaonline.alta-agentie.ro\/?product=inglesina-baza-scoica-pentru-masina-0-13kg\"]}]},{\"@type\":\"ImageObject\",\"inLanguage\":\"en-US\",\"@id\":\"https:\/\/mamaonline.alta-agentie.ro\/?product=inglesina-baza-scoica-pentru-masina-0-13kg#primaryimage\",\"url\":\"https:\/\/mamaonline.alta-agentie.ro\/wp-content\/uploads\/2025\/06\/Untitled-design-16.png\",\"contentUrl\":\"https:\/\/mamaonline.alta-agentie.ro\/wp-content\/uploads\/2025\/06\/Untitled-design-16.png\",\"width\":950,\"height\":950},{\"@type\":\"BreadcrumbList\",\"@id\":\"https:\/\/mamaonline.alta-agentie.ro\/?product=inglesina-baza-scoica-pentru-masina-0-13kg#breadcrumb\",\"itemListElement\":[{\"@type\":\"ListItem\",\"position\":1,\"name\":\"Home\",\"item\":\"https:\/\/mamaonline.alta-agentie.ro\/\"},{\"@type\":\"ListItem\",\"position\":2,\"name\":\"Products\",\"item\":\"https:\/\/mamaonline.alta-agentie.ro\/?post_type=product\"},{\"@type\":\"ListItem\",\"position\":3,\"name\":\"Inglesina Huggy Ardesia - Baza scoica pentru masina 0-13kg\"}]},{\"@type\":\"WebSite\",\"@id\":\"https:\/\/mamaonline.alta-agentie.ro\/#website\",\"url\":\"https:\/\/mamaonline.alta-agentie.ro\/\",\"name\":\"My Store\",\"description\":\"\",\"potentialAction\":[{\"@type\":\"SearchAction\",\"target\":{\"@type\":\"EntryPoint\",\"urlTemplate\":\"https:\/\/mamaonline.alta-agentie.ro\/?s={search_term_string}\"},\"query-input\":{\"@type\":\"PropertyValueSpecification\",\"valueRequired\":true,\"valueName\":\"search_term_string\"}}],\"inLanguage\":\"en-US\"}]}<\/script>\n<!-- \/ Yoast SEO plugin. -->","yoast_head_json":{"title":"Inglesina Huggy Ardesia - Baza scoica pentru masina 0-13kg - My Store","robots":{"index":"noindex","follow":"follow","max-snippet":"max-snippet:-1","max-image-preview":"max-image-preview:large","max-video-preview":"max-video-preview:-1"},"og_locale":"en_US","og_type":"article","og_title":"Inglesina Huggy Ardesia - Baza scoica pentru masina 0-13kg - My Store","og_description":"Inglesina Huggy Ardesia - Baza scoica pentru masina 0-13kg Sta\u021bie de baz\u0103 pentru scaun auto pentru bebelu\u0219i grupa 0+, necesar\u0103 pentru fixare cu Isofix. Face instalarea scaunului auto al bebelu\u0219ului dvs mai u\u0219oar\u0103 \u0219i mai sigur\u0103. Include conectori ISOFIX \u0219i picior de sprijin reglabil pe \u00een\u0103l\u021bime care func\u021bioneaz\u0103 prin mecanism telescopic. U\u0219or de utilizat, cu indicator verde care sugereaz\u0103 instalarea corect\u0103. Faciliteaz\u0103 tranzi\u021bia scaunului auto al bebelu\u0219ului de la c\u0103rucior\/landou la ma\u0219ina dvs \u0219i invers","og_url":"https:\/\/mamaonline.alta-agentie.ro\/?product=inglesina-baza-scoica-pentru-masina-0-13kg","og_site_name":"My Store","og_image":[{"width":950,"height":950,"url":"https:\/\/mamaonline.alta-agentie.ro\/wp-content\/uploads\/2025\/06\/Untitled-design-16.png","type":"image\/png"}],"twitter_card":"summary_large_image","twitter_misc":{"Est. reading time":"1 minute"},"schema":{"@context":"https:\/\/schema.org","@graph":[{"@type":"WebPage","@id":"https:\/\/mamaonline.alta-agentie.ro\/?product=inglesina-baza-scoica-pentru-masina-0-13kg","url":"https:\/\/mamaonline.alta-agentie.ro\/?product=inglesina-baza-scoica-pentru-masina-0-13kg","name":"Inglesina Huggy Ardesia - Baza scoica pentru masina 0-13kg - My Store","isPartOf":{"@id":"https:\/\/mamaonline.alta-agentie.ro\/#website"},"primaryImageOfPage":{"@id":"https:\/\/mamaonline.alta-agentie.ro\/?product=inglesina-baza-scoica-pentru-masina-0-13kg#primaryimage"},"image":{"@id":"https:\/\/mamaonline.alta-agentie.ro\/?product=inglesina-baza-scoica-pentru-masina-0-13kg#primaryimage"},"thumbnailUrl":"https:\/\/mamaonline.alta-agentie.ro\/wp-content\/uploads\/2025\/06\/Untitled-design-16.png","datePublished":"2024-01-22T08:53:55+00:00","breadcrumb":{"@id":"https:\/\/mamaonline.alta-agentie.ro\/?product=inglesina-baza-scoica-pentru-masina-0-13kg#breadcrumb"},"inLanguage":"en-US","potentialAction":[{"@type":"ReadAction","target":["https:\/\/mamaonline.alta-agentie.ro\/?product=inglesina-baza-scoica-pentru-masina-0-13kg"]}]},{"@type":"ImageObject","inLanguage":"en-US","@id":"https:\/\/mamaonline.alta-agentie.ro\/?product=inglesina-baza-scoica-pentru-masina-0-13kg#primaryimage","url":"https:\/\/mamaonline.alta-agentie.ro\/wp-content\/uploads\/2025\/06\/Untitled-design-16.png","contentUrl":"https:\/\/mamaonline.alta-agentie.ro\/wp-content\/uploads\/2025\/06\/Untitled-design-16.png","width":950,"height":950},{"@type":"BreadcrumbList","@id":"https:\/\/mamaonline.alta-agentie.ro\/?product=inglesina-baza-scoica-pentru-masina-0-13kg#breadcrumb","itemListElement":[{"@type":"ListItem","position":1,"name":"Home","item":"https:\/\/mamaonline.alta-agentie.ro\/"},{"@type":"ListItem","position":2,"name":"Products","item":"https:\/\/mamaonline.alta-agentie.ro\/?post_type=product"},{"@type":"ListItem","position":3,"name":"Inglesina Huggy Ardesia - Baza scoica pentru masina 0-13kg"}]},{"@type":"WebSite","@id":"https:\/\/mamaonline.alta-agentie.ro\/#website","url":"https:\/\/mamaonline.alta-agentie.ro\/","name":"My Store","description":"","potentialAction":[{"@type":"SearchAction","target":{"@type":"EntryPoint","urlTemplate":"https:\/\/mamaonline.alta-agentie.ro\/?s={search_term_string}"},"query-input":{"@type":"PropertyValueSpecification","valueRequired":true,"valueName":"search_term_string"}}],"inLanguage":"en-US"}]}},"_links":{"self":[{"href":"https:\/\/mamaonline.alta-agentie.ro\/index.php?rest_route=\/wp\/v2\/product\/2040","targetHints":{"allow":["GET"]}}],"collection":[{"href":"https:\/\/mamaonline.alta-agentie.ro\/index.php?rest_route=\/wp\/v2\/product"}],"about":[{"href":"https:\/\/mamaonline.alta-agentie.ro\/index.php?rest_route=\/wp\/v2\/types\/product"}],"replies":[{"embeddable":true,"href":"https:\/\/mamaonline.alta-agentie.ro\/index.php?rest_route=%2Fwp%2Fv2%2Fcomments&post=2040"}],"wp:featuredmedia":[{"embeddable":true,"href":"https:\/\/mamaonline.alta-agentie.ro\/index.php?rest_route=\/wp\/v2\/media\/28491"}],"wp:attachment":[{"href":"https:\/\/mamaonline.alta-agentie.ro\/index.php?rest_route=%2Fwp%2Fv2%2Fmedia&parent=2040"}],"wp:term":[{"taxonomy":"product_brand","embeddable":true,"href":"https:\/\/mamaonline.alta-agentie.ro\/index.php?rest_route=%2Fwp%2Fv2%2Fproduct_brand&post=2040"},{"taxonomy":"product_cat","embeddable":true,"href":"https:\/\/mamaonline.alta-agentie.ro\/index.php?rest_route=%2Fwp%2Fv2%2Fproduct_cat&post=2040"},{"taxonomy":"product_tag","embeddable":true,"href":"https:\/\/mamaonline.alta-agentie.ro\/index.php?rest_route=%2Fwp%2Fv2%2Fproduct_tag&post=2040"}],"curies":[{"name":"wp","href":"https:\/\/api.w.org\/{rel}","templated":true}]}}