{"id":18942,"date":"2025-04-02T13:15:42","date_gmt":"2025-04-02T13:15:42","guid":{"rendered":"https:\/\/mamaonline.ro\/new\/?post_type=product&amp;p=18942"},"modified":"2025-06-25T12:06:37","modified_gmt":"2025-06-25T12:06:37","slug":"set-4-biberoane-philips-avent-natural-response-1-scy903-61","status":"publish","type":"product","link":"https:\/\/mamaonline.alta-agentie.ro\/?product=set-4-biberoane-philips-avent-natural-response-1-scy903-61","title":{"rendered":"Set 4 biberoane Philips Avent Natural Response 1+, SCY903\/61"},"content":{"rendered":"<h3 data-start=\"190\" data-end=\"289\"><strong data-start=\"190\" data-end=\"289\">Set 4 biberoane Philips Avent Natural Response \u2013 Hr\u0103nire natural\u0103, confort pentru bebelu\u0219ul t\u0103u<\/strong><\/h3>\n<p class=\"\" data-start=\"291\" data-end=\"680\">Alege pentru micu\u021bul t\u0103u un produs de \u00eencredere \u0219i inovator \u2013 <strong data-start=\"353\" data-end=\"408\">Set de 4 biberoane Philips Avent Natural Response<\/strong>, special conceput pentru a imita \u00een mod natural al\u0103ptarea la s\u00e2n. Cu o capacitate de 260 ml fiecare. Aceste biberoane sunt ideale pentru bebelu\u0219ii cu v\u00e2rsta de peste 1 lun\u0103, oferind o experien\u021b\u0103 de hr\u0103nire sigur\u0103, natural\u0103 \u0219i confortabil\u0103, at\u00e2t acas\u0103 c\u00e2t \u0219i \u00een deplasare.<\/p>\n<p class=\"\" data-start=\"682\" data-end=\"1039\"><strong data-start=\"682\" data-end=\"723\">Hr\u0103nire asem\u0103n\u0103toare al\u0103pt\u0103rii la s\u00e2n<\/strong><br data-start=\"723\" data-end=\"726\" \/>Tetina Natural Response elibereaz\u0103 laptele doar atunci c\u00e2nd bebelu\u0219ul suge activ. \u00cen timpul pauzelor de \u00eenghi\u021bire \u0219i respira\u021bie. Fluxul se opre\u0219te automat, la fel ca \u00een cazul al\u0103pt\u0103rii naturale. Aceast\u0103 func\u021bie \u00eei permite copilului s\u0103 controleze singur ritmul de hr\u0103nire, f\u0103r\u0103 riscul de \u00eenec sau curgere continu\u0103.<\/p>\n<p class=\"\" data-start=\"1041\" data-end=\"1290\"><strong data-start=\"1041\" data-end=\"1072\">Valv\u0103 anti-colici integrat\u0103<\/strong><br data-start=\"1072\" data-end=\"1075\" \/>Pentru un plus de confort, fiecare biberon este dotat cu o valv\u0103 anti-colici care previne p\u0103trunderea aerului \u00een stomacul bebelu\u0219ului. Astfel, riscul de gaze, colici sau disconfort abdominal este redus considerabil.<\/p>\n<p class=\"\" data-start=\"1292\" data-end=\"1487\"><strong data-start=\"1292\" data-end=\"1316\">Design anti-picurare<\/strong><br data-start=\"1316\" data-end=\"1319\" \/>Tetina este prev\u0103zut\u0103 cu sistem anti-picurare care \u00eempiedic\u0103 scurgerile accidentale de lapte, men\u021bin\u00e2nd cur\u0103\u021benia \u0219i siguran\u021ba, at\u00e2t acas\u0103 c\u00e2t \u0219i \u00een timpul plimb\u0103rilor.<\/p>\n<p class=\"\" data-start=\"1489\" data-end=\"1822\"><strong data-start=\"1489\" data-end=\"1522\">Calitate superioar\u0103, f\u0103r\u0103 BPA<\/strong><br data-start=\"1522\" data-end=\"1525\" \/>Biberoanele sunt fabricate din materiale durabile \u0219i sigure, f\u0103r\u0103 BPA. Si sunt compatibile cu ma\u0219ina de sp\u0103lat vase pentru o cur\u0103\u021bare u\u0219oar\u0103. Tetina ventilat\u0103 de tip T3 este ideal\u0103 pentru bebelu\u0219ii de la 1 lun\u0103 \u00een sus, fiind disponibil\u0103 \u0219i \u00een alte variante de flux \u00een func\u021bie de nevoile copilului.<\/p>\n<p class=\"\" data-start=\"1824\" data-end=\"1851\"><strong data-start=\"1824\" data-end=\"1849\">Con\u021binutul pachetului<\/strong><\/p>\n<ul data-start=\"1852\" data-end=\"1963\">\n<li class=\"\" data-start=\"1852\" data-end=\"1910\">\n<p class=\"\" data-start=\"1854\" data-end=\"1910\">4 x biberoane Philips Avent Natural Response de 260 ml<\/p>\n<\/li>\n<li class=\"\" data-start=\"1911\" data-end=\"1963\">\n<p class=\"\" data-start=\"1913\" data-end=\"1963\">4 x tetine T3 (flux mediu, potrivite de la 1 lun\u0103)<\/p>\n<\/li>\n<\/ul>\n<p class=\"\" data-start=\"1965\" data-end=\"2138\"><strong data-start=\"1965\" data-end=\"2005\">Recomandat de mame din \u00eentreaga lume<\/strong><br data-start=\"2005\" data-end=\"2008\" \/>Philips Avent este brandul nr. 1 recomandat de mame la nivel global*, oferind solu\u021bii pentru \u00eengrijirea bebelu\u0219ului \u00eenc\u0103 din 1984.<\/p>\n<p class=\"\" data-start=\"2140\" data-end=\"2266\">*Conform sondajului global de satisfac\u021bie din 2023, realizat cu 10.109 p\u0103rin\u021bi utilizatori ai produselor pentru mam\u0103 \u0219i copil.<\/p>\n","protected":false},"excerpt":{"rendered":"<p class=\"\" data-start=\"1824\" data-end=\"1851\"><strong data-start=\"1824\" data-end=\"1849\">Con\u021binutul pachetului<\/strong><\/p>\n<ul data-start=\"1852\" data-end=\"1963\">\n<li class=\"\" data-start=\"1852\" data-end=\"1910\">\n<p class=\"\" data-start=\"1854\" data-end=\"1910\">4 x biberoane Philips Avent Natural Response de 260 ml<\/p>\n<\/li>\n<li class=\"\" data-start=\"1911\" data-end=\"1963\">\n<p class=\"\" data-start=\"1913\" data-end=\"1963\">4 x tetine T3 (flux mediu, potrivite de la 1 lun\u0103)<\/p>\n<\/li>\n<\/ul>\n","protected":false},"featured_media":33326,"comment_status":"open","ping_status":"closed","template":"","meta":{"_acf_changed":false},"product_brand":[],"product_cat":[29,30,111],"product_tag":[97],"class_list":{"0":"post-18942","1":"product","2":"type-product","3":"status-publish","4":"has-post-thumbnail","6":"product_cat-bebe-la-masa","7":"product_cat-biberoane","8":"product_cat-reduceri","9":"product_tag-philips-avent","11":"first","12":"instock","13":"sale","14":"shipping-taxable","15":"purchasable","16":"product-type-simple"},"acf":[],"yoast_head":"<!-- This site is optimized with the Yoast SEO plugin v25.3.1 - https:\/\/yoast.com\/wordpress\/plugins\/seo\/ -->\n<title>Set 4 biberoane Philips Avent Natural Response 1+, SCY903\/61 - My Store<\/title>\n<meta name=\"description\" content=\"Set de 4 biberoane Philips Avent Natural Response, special conceput pentru a imita \u00een mod natural al\u0103ptarea la s\u00e2n. Capacitate de 260ml\" \/>\n<meta name=\"robots\" content=\"noindex, follow, max-snippet:-1, max-image-preview:large, max-video-preview:-1\" \/>\n<meta property=\"og:locale\" content=\"en_US\" \/>\n<meta property=\"og:type\" content=\"article\" \/>\n<meta property=\"og:title\" content=\"Set 4 biberoane Philips Avent Natural Response 1+, SCY903\/61 - My Store\" \/>\n<meta property=\"og:description\" content=\"Set de 4 biberoane Philips Avent Natural Response, special conceput pentru a imita \u00een mod natural al\u0103ptarea la s\u00e2n. Capacitate de 260ml\" \/>\n<meta property=\"og:url\" content=\"https:\/\/mamaonline.alta-agentie.ro\/?product=set-4-biberoane-philips-avent-natural-response-1-scy903-61\" \/>\n<meta property=\"og:site_name\" content=\"My Store\" \/>\n<meta property=\"article:modified_time\" content=\"2025-06-25T12:06:37+00:00\" \/>\n<meta name=\"twitter:card\" content=\"summary_large_image\" \/>\n<meta name=\"twitter:label1\" content=\"Est. reading time\" \/>\n\t<meta name=\"twitter:data1\" content=\"2 minutes\" \/>\n<script type=\"application\/ld+json\" class=\"yoast-schema-graph\">{\"@context\":\"https:\/\/schema.org\",\"@graph\":[{\"@type\":\"WebPage\",\"@id\":\"https:\/\/mamaonline.alta-agentie.ro\/?product=set-4-biberoane-philips-avent-natural-response-1-scy903-61\",\"url\":\"https:\/\/mamaonline.alta-agentie.ro\/?product=set-4-biberoane-philips-avent-natural-response-1-scy903-61\",\"name\":\"Set 4 biberoane Philips Avent Natural Response 1+, SCY903\/61 - My Store\",\"isPartOf\":{\"@id\":\"https:\/\/mamaonline.alta-agentie.ro\/#website\"},\"primaryImageOfPage\":{\"@id\":\"https:\/\/mamaonline.alta-agentie.ro\/?product=set-4-biberoane-philips-avent-natural-response-1-scy903-61#primaryimage\"},\"image\":{\"@id\":\"https:\/\/mamaonline.alta-agentie.ro\/?product=set-4-biberoane-philips-avent-natural-response-1-scy903-61#primaryimage\"},\"thumbnailUrl\":\"\",\"datePublished\":\"2025-04-02T13:15:42+00:00\",\"dateModified\":\"2025-06-25T12:06:37+00:00\",\"description\":\"Set de 4 biberoane Philips Avent Natural Response, special conceput pentru a imita \u00een mod natural al\u0103ptarea la s\u00e2n. Capacitate de 260ml\",\"breadcrumb\":{\"@id\":\"https:\/\/mamaonline.alta-agentie.ro\/?product=set-4-biberoane-philips-avent-natural-response-1-scy903-61#breadcrumb\"},\"inLanguage\":\"en-US\",\"potentialAction\":[{\"@type\":\"ReadAction\",\"target\":[\"https:\/\/mamaonline.alta-agentie.ro\/?product=set-4-biberoane-philips-avent-natural-response-1-scy903-61\"]}]},{\"@type\":\"ImageObject\",\"inLanguage\":\"en-US\",\"@id\":\"https:\/\/mamaonline.alta-agentie.ro\/?product=set-4-biberoane-philips-avent-natural-response-1-scy903-61#primaryimage\",\"url\":\"\",\"contentUrl\":\"\"},{\"@type\":\"BreadcrumbList\",\"@id\":\"https:\/\/mamaonline.alta-agentie.ro\/?product=set-4-biberoane-philips-avent-natural-response-1-scy903-61#breadcrumb\",\"itemListElement\":[{\"@type\":\"ListItem\",\"position\":1,\"name\":\"Home\",\"item\":\"https:\/\/mamaonline.alta-agentie.ro\/\"},{\"@type\":\"ListItem\",\"position\":2,\"name\":\"Products\",\"item\":\"https:\/\/mamaonline.alta-agentie.ro\/?post_type=product\"},{\"@type\":\"ListItem\",\"position\":3,\"name\":\"Set 4 biberoane Philips Avent Natural Response 1+, SCY903\/61\"}]},{\"@type\":\"WebSite\",\"@id\":\"https:\/\/mamaonline.alta-agentie.ro\/#website\",\"url\":\"https:\/\/mamaonline.alta-agentie.ro\/\",\"name\":\"My Store\",\"description\":\"\",\"potentialAction\":[{\"@type\":\"SearchAction\",\"target\":{\"@type\":\"EntryPoint\",\"urlTemplate\":\"https:\/\/mamaonline.alta-agentie.ro\/?s={search_term_string}\"},\"query-input\":{\"@type\":\"PropertyValueSpecification\",\"valueRequired\":true,\"valueName\":\"search_term_string\"}}],\"inLanguage\":\"en-US\"}]}<\/script>\n<!-- \/ Yoast SEO plugin. -->","yoast_head_json":{"title":"Set 4 biberoane Philips Avent Natural Response 1+, SCY903\/61 - My Store","description":"Set de 4 biberoane Philips Avent Natural Response, special conceput pentru a imita \u00een mod natural al\u0103ptarea la s\u00e2n. Capacitate de 260ml","robots":{"index":"noindex","follow":"follow","max-snippet":"max-snippet:-1","max-image-preview":"max-image-preview:large","max-video-preview":"max-video-preview:-1"},"og_locale":"en_US","og_type":"article","og_title":"Set 4 biberoane Philips Avent Natural Response 1+, SCY903\/61 - My Store","og_description":"Set de 4 biberoane Philips Avent Natural Response, special conceput pentru a imita \u00een mod natural al\u0103ptarea la s\u00e2n. Capacitate de 260ml","og_url":"https:\/\/mamaonline.alta-agentie.ro\/?product=set-4-biberoane-philips-avent-natural-response-1-scy903-61","og_site_name":"My Store","article_modified_time":"2025-06-25T12:06:37+00:00","twitter_card":"summary_large_image","twitter_misc":{"Est. reading time":"2 minutes"},"schema":{"@context":"https:\/\/schema.org","@graph":[{"@type":"WebPage","@id":"https:\/\/mamaonline.alta-agentie.ro\/?product=set-4-biberoane-philips-avent-natural-response-1-scy903-61","url":"https:\/\/mamaonline.alta-agentie.ro\/?product=set-4-biberoane-philips-avent-natural-response-1-scy903-61","name":"Set 4 biberoane Philips Avent Natural Response 1+, SCY903\/61 - My Store","isPartOf":{"@id":"https:\/\/mamaonline.alta-agentie.ro\/#website"},"primaryImageOfPage":{"@id":"https:\/\/mamaonline.alta-agentie.ro\/?product=set-4-biberoane-philips-avent-natural-response-1-scy903-61#primaryimage"},"image":{"@id":"https:\/\/mamaonline.alta-agentie.ro\/?product=set-4-biberoane-philips-avent-natural-response-1-scy903-61#primaryimage"},"thumbnailUrl":"","datePublished":"2025-04-02T13:15:42+00:00","dateModified":"2025-06-25T12:06:37+00:00","description":"Set de 4 biberoane Philips Avent Natural Response, special conceput pentru a imita \u00een mod natural al\u0103ptarea la s\u00e2n. Capacitate de 260ml","breadcrumb":{"@id":"https:\/\/mamaonline.alta-agentie.ro\/?product=set-4-biberoane-philips-avent-natural-response-1-scy903-61#breadcrumb"},"inLanguage":"en-US","potentialAction":[{"@type":"ReadAction","target":["https:\/\/mamaonline.alta-agentie.ro\/?product=set-4-biberoane-philips-avent-natural-response-1-scy903-61"]}]},{"@type":"ImageObject","inLanguage":"en-US","@id":"https:\/\/mamaonline.alta-agentie.ro\/?product=set-4-biberoane-philips-avent-natural-response-1-scy903-61#primaryimage","url":"","contentUrl":""},{"@type":"BreadcrumbList","@id":"https:\/\/mamaonline.alta-agentie.ro\/?product=set-4-biberoane-philips-avent-natural-response-1-scy903-61#breadcrumb","itemListElement":[{"@type":"ListItem","position":1,"name":"Home","item":"https:\/\/mamaonline.alta-agentie.ro\/"},{"@type":"ListItem","position":2,"name":"Products","item":"https:\/\/mamaonline.alta-agentie.ro\/?post_type=product"},{"@type":"ListItem","position":3,"name":"Set 4 biberoane Philips Avent Natural Response 1+, SCY903\/61"}]},{"@type":"WebSite","@id":"https:\/\/mamaonline.alta-agentie.ro\/#website","url":"https:\/\/mamaonline.alta-agentie.ro\/","name":"My Store","description":"","potentialAction":[{"@type":"SearchAction","target":{"@type":"EntryPoint","urlTemplate":"https:\/\/mamaonline.alta-agentie.ro\/?s={search_term_string}"},"query-input":{"@type":"PropertyValueSpecification","valueRequired":true,"valueName":"search_term_string"}}],"inLanguage":"en-US"}]}},"_links":{"self":[{"href":"https:\/\/mamaonline.alta-agentie.ro\/index.php?rest_route=\/wp\/v2\/product\/18942","targetHints":{"allow":["GET"]}}],"collection":[{"href":"https:\/\/mamaonline.alta-agentie.ro\/index.php?rest_route=\/wp\/v2\/product"}],"about":[{"href":"https:\/\/mamaonline.alta-agentie.ro\/index.php?rest_route=\/wp\/v2\/types\/product"}],"replies":[{"embeddable":true,"href":"https:\/\/mamaonline.alta-agentie.ro\/index.php?rest_route=%2Fwp%2Fv2%2Fcomments&post=18942"}],"wp:featuredmedia":[{"embeddable":true,"href":"https:\/\/mamaonline.alta-agentie.ro\/index.php?rest_route=\/"}],"wp:attachment":[{"href":"https:\/\/mamaonline.alta-agentie.ro\/index.php?rest_route=%2Fwp%2Fv2%2Fmedia&parent=18942"}],"wp:term":[{"taxonomy":"product_brand","embeddable":true,"href":"https:\/\/mamaonline.alta-agentie.ro\/index.php?rest_route=%2Fwp%2Fv2%2Fproduct_brand&post=18942"},{"taxonomy":"product_cat","embeddable":true,"href":"https:\/\/mamaonline.alta-agentie.ro\/index.php?rest_route=%2Fwp%2Fv2%2Fproduct_cat&post=18942"},{"taxonomy":"product_tag","embeddable":true,"href":"https:\/\/mamaonline.alta-agentie.ro\/index.php?rest_route=%2Fwp%2Fv2%2Fproduct_tag&post=18942"}],"curies":[{"name":"wp","href":"https:\/\/api.w.org\/{rel}","templated":true}]}}