{"id":18831,"date":"2025-03-31T12:31:57","date_gmt":"2025-03-31T12:31:57","guid":{"rendered":"https:\/\/mamaonline.ro\/new\/?post_type=product&amp;p=18831"},"modified":"2025-03-31T12:31:57","modified_gmt":"2025-03-31T12:31:57","slug":"biberon-albastru-philips-avent-260ml-1-natural-response","status":"publish","type":"product","link":"https:\/\/mamaonline.alta-agentie.ro\/?product=biberon-albastru-philips-avent-260ml-1-natural-response","title":{"rendered":"Biberon Albastru Philips Avent, 260ml, 1+ Natural Response"},"content":{"rendered":"<h3 class=\"\" data-start=\"179\" data-end=\"243\">Biberon Albastru Philips Avent, 260ml, 1+ Natural Response<\/h3>\n<p class=\"\" data-start=\"293\" data-end=\"630\">Descoper\u0103 confortul suprem \u00een hr\u0103nirea bebelu\u0219ului t\u0103u cu <strong data-start=\"351\" data-end=\"387\">Biberonul Albastru Philips Avent<\/strong>, creat special pentru a imita c\u00e2t mai fidel al\u0103ptarea natural\u0103. Cu o capacitate de 260 ml \u0219i conceput pentru bebelu\u0219i de la 1 lun\u0103+, acest biberon este alegerea ideal\u0103 pentru p\u0103rin\u021bii care \u00ee\u0219i doresc o tranzi\u021bie u\u0219oar\u0103 \u00eentre s\u00e2n \u0219i biberon.<\/p>\n<p class=\"\" data-start=\"632\" data-end=\"966\"><strong data-start=\"632\" data-end=\"659\">Tetina Natural Response<\/strong> elibereaz\u0103 laptele doar atunci c\u00e2nd bebelu\u0219ul suge activ, urm\u0103rindu-i ritmul natural de hr\u0103nire. \u00cen acest fel, bebelu\u0219ul poate bea, \u00eenghi\u021bi \u0219i respira \u00een acela\u0219i mod \u00een care ar face-o \u00een timpul al\u0103pt\u0103rii. C\u00e2nd se opre\u0219te din supt, \u0219i fluxul de lapte se opre\u0219te, oferindu-i astfel control \u0219i confort deplin.<\/p>\n<p class=\"\" data-start=\"968\" data-end=\"1200\"><strong data-start=\"968\" data-end=\"1004\">Biberonul Albastru Philips Avent<\/strong> este dotat cu o supap\u0103 anti-colici, ce ajut\u0103 la reducerea disconfortului abdominal cauzat de aerul \u00eenghi\u021bit \u00een timpul hr\u0103nirii. Astfel, mesele devin momente de lini\u0219te \u0219i relaxare pentru am\u00e2ndoi.<\/p>\n<p class=\"\" data-start=\"1202\" data-end=\"1434\">Fabricat din materiale sigure, f\u0103r\u0103 BPA, biberonul este u\u0219or de cur\u0103\u021bat datorit\u0103 g\u00e2tului larg \u0219i a designului cu piese pu\u021bine. Forma sa ergonomic\u0103 \u00eel face simplu de manevrat, at\u00e2t de p\u0103rin\u021bi, c\u00e2t \u0219i de m\u00e2nu\u021bele mici ale bebelu\u0219ilor.<\/p>\n<p class=\"\" data-start=\"1436\" data-end=\"1460\"><strong data-start=\"1436\" data-end=\"1460\">Avantaje principale:<\/strong><\/p>\n<ul data-start=\"1461\" data-end=\"1713\">\n<li class=\"\" data-start=\"1461\" data-end=\"1507\">\n<p class=\"\" data-start=\"1463\" data-end=\"1507\">Tetin\u0103 Natural Response care imit\u0103 al\u0103ptarea<\/p>\n<\/li>\n<li class=\"\" data-start=\"1508\" data-end=\"1552\">\n<p class=\"\" data-start=\"1510\" data-end=\"1552\">Supap\u0103 anti-colici pentru confort digestiv<\/p>\n<\/li>\n<li class=\"\" data-start=\"1553\" data-end=\"1587\">\n<p class=\"\" data-start=\"1555\" data-end=\"1587\">Orificiu cu sistem anti-scurgere<\/p>\n<\/li>\n<li class=\"\" data-start=\"1588\" data-end=\"1618\">\n<p class=\"\" data-start=\"1590\" data-end=\"1618\">U\u0219or de cur\u0103\u021bat \u0219i de montat<\/p>\n<\/li>\n<li class=\"\" data-start=\"1619\" data-end=\"1637\">\n<p class=\"\" data-start=\"1621\" data-end=\"1637\">Design ergonomic<\/p>\n<\/li>\n<li class=\"\" data-start=\"1638\" data-end=\"1681\">\n<p class=\"\" data-start=\"1640\" data-end=\"1681\">Compatibil cu \u00eentreaga gam\u0103 Philips Avent<\/p>\n<\/li>\n<li class=\"\" data-start=\"1682\" data-end=\"1692\">\n<p class=\"\" data-start=\"1684\" data-end=\"1692\">F\u0103r\u0103 BPA<\/p>\n<\/li>\n<li class=\"\" data-start=\"1693\" data-end=\"1713\">\n<p class=\"\" data-start=\"1695\" data-end=\"1713\">Capacitate: 260 ml<\/p>\n<\/li>\n<\/ul>\n<p class=\"\" data-start=\"1715\" data-end=\"1933\"><strong data-start=\"1715\" data-end=\"1751\">Biberon Albastru Philips Avent<\/strong> este solu\u021bia modern\u0103 \u0219i sigur\u0103 pentru hr\u0103nirea zilnic\u0103 a copilului t\u0103u. Alege calitatea Philips \u0219i ofer\u0103-i bebelu\u0219ului t\u0103u o experien\u021b\u0103 de hr\u0103nire c\u00e2t mai apropiat\u0103 de cea natural\u0103!<\/p>\n","protected":false},"excerpt":{"rendered":"<p class=\"\" data-start=\"1436\" data-end=\"1460\"><strong data-start=\"1436\" data-end=\"1460\">Avantaje principale:<\/strong><\/p>\n<ul data-start=\"1461\" data-end=\"1713\">\n<li class=\"\" data-start=\"1461\" data-end=\"1507\">\n<p class=\"\" data-start=\"1463\" data-end=\"1507\">Tetin\u0103 Natural Response care imit\u0103 al\u0103ptarea<\/p>\n<\/li>\n<li class=\"\" data-start=\"1508\" data-end=\"1552\">\n<p class=\"\" data-start=\"1510\" data-end=\"1552\">Supap\u0103 anti-colici pentru confort digestiv<\/p>\n<\/li>\n<li class=\"\" data-start=\"1553\" data-end=\"1587\">\n<p class=\"\" data-start=\"1555\" data-end=\"1587\">Orificiu cu sistem anti-scurgere<\/p>\n<\/li>\n<li class=\"\" data-start=\"1588\" data-end=\"1618\">\n<p class=\"\" data-start=\"1590\" data-end=\"1618\">U\u0219or de cur\u0103\u021bat \u0219i de montat<\/p>\n<\/li>\n<\/ul>\n","protected":false},"featured_media":33262,"comment_status":"open","ping_status":"closed","template":"","meta":{"_acf_changed":false},"product_brand":[],"product_cat":[29,30,111],"product_tag":[],"class_list":{"0":"post-18831","1":"product","2":"type-product","3":"status-publish","4":"has-post-thumbnail","6":"product_cat-bebe-la-masa","7":"product_cat-biberoane","8":"product_cat-reduceri","10":"first","11":"instock","12":"sale","13":"shipping-taxable","14":"purchasable","15":"product-type-simple"},"acf":[],"yoast_head":"<!-- This site is optimized with the Yoast SEO plugin v25.3.1 - https:\/\/yoast.com\/wordpress\/plugins\/seo\/ -->\n<title>Biberon Albastru Philips Avent, 260ml, 1+ Natural Response - My Store<\/title>\n<meta name=\"description\" content=\"Biberon Albastru Philips Avent este solu\u021bia modern\u0103 \u0219i sigur\u0103 pentru hr\u0103nirea zilnic\u0103 a copilului t\u0103u. Alege calitatea Philips\" \/>\n<meta name=\"robots\" content=\"noindex, follow, max-snippet:-1, max-image-preview:large, max-video-preview:-1\" \/>\n<meta property=\"og:locale\" content=\"en_US\" \/>\n<meta property=\"og:type\" content=\"article\" \/>\n<meta property=\"og:title\" content=\"Biberon Albastru Philips Avent, 260ml, 1+ Natural Response - My Store\" \/>\n<meta property=\"og:description\" content=\"Biberon Albastru Philips Avent este solu\u021bia modern\u0103 \u0219i sigur\u0103 pentru hr\u0103nirea zilnic\u0103 a copilului t\u0103u. Alege calitatea Philips\" \/>\n<meta property=\"og:url\" content=\"https:\/\/mamaonline.alta-agentie.ro\/?product=biberon-albastru-philips-avent-260ml-1-natural-response\" \/>\n<meta property=\"og:site_name\" content=\"My Store\" \/>\n<meta name=\"twitter:card\" content=\"summary_large_image\" \/>\n<meta name=\"twitter:label1\" content=\"Est. reading time\" \/>\n\t<meta name=\"twitter:data1\" content=\"2 minutes\" \/>\n<script type=\"application\/ld+json\" class=\"yoast-schema-graph\">{\"@context\":\"https:\/\/schema.org\",\"@graph\":[{\"@type\":\"WebPage\",\"@id\":\"https:\/\/mamaonline.alta-agentie.ro\/?product=biberon-albastru-philips-avent-260ml-1-natural-response\",\"url\":\"https:\/\/mamaonline.alta-agentie.ro\/?product=biberon-albastru-philips-avent-260ml-1-natural-response\",\"name\":\"Biberon Albastru Philips Avent, 260ml, 1+ Natural Response - My Store\",\"isPartOf\":{\"@id\":\"https:\/\/mamaonline.alta-agentie.ro\/#website\"},\"primaryImageOfPage\":{\"@id\":\"https:\/\/mamaonline.alta-agentie.ro\/?product=biberon-albastru-philips-avent-260ml-1-natural-response#primaryimage\"},\"image\":{\"@id\":\"https:\/\/mamaonline.alta-agentie.ro\/?product=biberon-albastru-philips-avent-260ml-1-natural-response#primaryimage\"},\"thumbnailUrl\":\"\",\"datePublished\":\"2025-03-31T12:31:57+00:00\",\"description\":\"Biberon Albastru Philips Avent este solu\u021bia modern\u0103 \u0219i sigur\u0103 pentru hr\u0103nirea zilnic\u0103 a copilului t\u0103u. Alege calitatea Philips\",\"breadcrumb\":{\"@id\":\"https:\/\/mamaonline.alta-agentie.ro\/?product=biberon-albastru-philips-avent-260ml-1-natural-response#breadcrumb\"},\"inLanguage\":\"en-US\",\"potentialAction\":[{\"@type\":\"ReadAction\",\"target\":[\"https:\/\/mamaonline.alta-agentie.ro\/?product=biberon-albastru-philips-avent-260ml-1-natural-response\"]}]},{\"@type\":\"ImageObject\",\"inLanguage\":\"en-US\",\"@id\":\"https:\/\/mamaonline.alta-agentie.ro\/?product=biberon-albastru-philips-avent-260ml-1-natural-response#primaryimage\",\"url\":\"\",\"contentUrl\":\"\"},{\"@type\":\"BreadcrumbList\",\"@id\":\"https:\/\/mamaonline.alta-agentie.ro\/?product=biberon-albastru-philips-avent-260ml-1-natural-response#breadcrumb\",\"itemListElement\":[{\"@type\":\"ListItem\",\"position\":1,\"name\":\"Home\",\"item\":\"https:\/\/mamaonline.alta-agentie.ro\/\"},{\"@type\":\"ListItem\",\"position\":2,\"name\":\"Products\",\"item\":\"https:\/\/mamaonline.alta-agentie.ro\/?post_type=product\"},{\"@type\":\"ListItem\",\"position\":3,\"name\":\"Biberon Albastru Philips Avent, 260ml, 1+ Natural Response\"}]},{\"@type\":\"WebSite\",\"@id\":\"https:\/\/mamaonline.alta-agentie.ro\/#website\",\"url\":\"https:\/\/mamaonline.alta-agentie.ro\/\",\"name\":\"My Store\",\"description\":\"\",\"potentialAction\":[{\"@type\":\"SearchAction\",\"target\":{\"@type\":\"EntryPoint\",\"urlTemplate\":\"https:\/\/mamaonline.alta-agentie.ro\/?s={search_term_string}\"},\"query-input\":{\"@type\":\"PropertyValueSpecification\",\"valueRequired\":true,\"valueName\":\"search_term_string\"}}],\"inLanguage\":\"en-US\"}]}<\/script>\n<!-- \/ Yoast SEO plugin. -->","yoast_head_json":{"title":"Biberon Albastru Philips Avent, 260ml, 1+ Natural Response - My Store","description":"Biberon Albastru Philips Avent este solu\u021bia modern\u0103 \u0219i sigur\u0103 pentru hr\u0103nirea zilnic\u0103 a copilului t\u0103u. Alege calitatea Philips","robots":{"index":"noindex","follow":"follow","max-snippet":"max-snippet:-1","max-image-preview":"max-image-preview:large","max-video-preview":"max-video-preview:-1"},"og_locale":"en_US","og_type":"article","og_title":"Biberon Albastru Philips Avent, 260ml, 1+ Natural Response - My Store","og_description":"Biberon Albastru Philips Avent este solu\u021bia modern\u0103 \u0219i sigur\u0103 pentru hr\u0103nirea zilnic\u0103 a copilului t\u0103u. Alege calitatea Philips","og_url":"https:\/\/mamaonline.alta-agentie.ro\/?product=biberon-albastru-philips-avent-260ml-1-natural-response","og_site_name":"My Store","twitter_card":"summary_large_image","twitter_misc":{"Est. reading time":"2 minutes"},"schema":{"@context":"https:\/\/schema.org","@graph":[{"@type":"WebPage","@id":"https:\/\/mamaonline.alta-agentie.ro\/?product=biberon-albastru-philips-avent-260ml-1-natural-response","url":"https:\/\/mamaonline.alta-agentie.ro\/?product=biberon-albastru-philips-avent-260ml-1-natural-response","name":"Biberon Albastru Philips Avent, 260ml, 1+ Natural Response - My Store","isPartOf":{"@id":"https:\/\/mamaonline.alta-agentie.ro\/#website"},"primaryImageOfPage":{"@id":"https:\/\/mamaonline.alta-agentie.ro\/?product=biberon-albastru-philips-avent-260ml-1-natural-response#primaryimage"},"image":{"@id":"https:\/\/mamaonline.alta-agentie.ro\/?product=biberon-albastru-philips-avent-260ml-1-natural-response#primaryimage"},"thumbnailUrl":"","datePublished":"2025-03-31T12:31:57+00:00","description":"Biberon Albastru Philips Avent este solu\u021bia modern\u0103 \u0219i sigur\u0103 pentru hr\u0103nirea zilnic\u0103 a copilului t\u0103u. Alege calitatea Philips","breadcrumb":{"@id":"https:\/\/mamaonline.alta-agentie.ro\/?product=biberon-albastru-philips-avent-260ml-1-natural-response#breadcrumb"},"inLanguage":"en-US","potentialAction":[{"@type":"ReadAction","target":["https:\/\/mamaonline.alta-agentie.ro\/?product=biberon-albastru-philips-avent-260ml-1-natural-response"]}]},{"@type":"ImageObject","inLanguage":"en-US","@id":"https:\/\/mamaonline.alta-agentie.ro\/?product=biberon-albastru-philips-avent-260ml-1-natural-response#primaryimage","url":"","contentUrl":""},{"@type":"BreadcrumbList","@id":"https:\/\/mamaonline.alta-agentie.ro\/?product=biberon-albastru-philips-avent-260ml-1-natural-response#breadcrumb","itemListElement":[{"@type":"ListItem","position":1,"name":"Home","item":"https:\/\/mamaonline.alta-agentie.ro\/"},{"@type":"ListItem","position":2,"name":"Products","item":"https:\/\/mamaonline.alta-agentie.ro\/?post_type=product"},{"@type":"ListItem","position":3,"name":"Biberon Albastru Philips Avent, 260ml, 1+ Natural Response"}]},{"@type":"WebSite","@id":"https:\/\/mamaonline.alta-agentie.ro\/#website","url":"https:\/\/mamaonline.alta-agentie.ro\/","name":"My Store","description":"","potentialAction":[{"@type":"SearchAction","target":{"@type":"EntryPoint","urlTemplate":"https:\/\/mamaonline.alta-agentie.ro\/?s={search_term_string}"},"query-input":{"@type":"PropertyValueSpecification","valueRequired":true,"valueName":"search_term_string"}}],"inLanguage":"en-US"}]}},"_links":{"self":[{"href":"https:\/\/mamaonline.alta-agentie.ro\/index.php?rest_route=\/wp\/v2\/product\/18831","targetHints":{"allow":["GET"]}}],"collection":[{"href":"https:\/\/mamaonline.alta-agentie.ro\/index.php?rest_route=\/wp\/v2\/product"}],"about":[{"href":"https:\/\/mamaonline.alta-agentie.ro\/index.php?rest_route=\/wp\/v2\/types\/product"}],"replies":[{"embeddable":true,"href":"https:\/\/mamaonline.alta-agentie.ro\/index.php?rest_route=%2Fwp%2Fv2%2Fcomments&post=18831"}],"wp:featuredmedia":[{"embeddable":true,"href":"https:\/\/mamaonline.alta-agentie.ro\/index.php?rest_route=\/"}],"wp:attachment":[{"href":"https:\/\/mamaonline.alta-agentie.ro\/index.php?rest_route=%2Fwp%2Fv2%2Fmedia&parent=18831"}],"wp:term":[{"taxonomy":"product_brand","embeddable":true,"href":"https:\/\/mamaonline.alta-agentie.ro\/index.php?rest_route=%2Fwp%2Fv2%2Fproduct_brand&post=18831"},{"taxonomy":"product_cat","embeddable":true,"href":"https:\/\/mamaonline.alta-agentie.ro\/index.php?rest_route=%2Fwp%2Fv2%2Fproduct_cat&post=18831"},{"taxonomy":"product_tag","embeddable":true,"href":"https:\/\/mamaonline.alta-agentie.ro\/index.php?rest_route=%2Fwp%2Fv2%2Fproduct_tag&post=18831"}],"curies":[{"name":"wp","href":"https:\/\/api.w.org\/{rel}","templated":true}]}}