{"id":18825,"date":"2025-03-31T11:18:15","date_gmt":"2025-03-31T11:18:15","guid":{"rendered":"https:\/\/mamaonline.ro\/new\/?post_type=product&amp;p=18825"},"modified":"2025-06-25T12:06:37","modified_gmt":"2025-06-25T12:06:37","slug":"carte-cu-sunete-cantece-din-folclorul-romanesc","status":"publish","type":"product","link":"https:\/\/mamaonline.alta-agentie.ro\/?product=carte-cu-sunete-cantece-din-folclorul-romanesc","title":{"rendered":"Carte cu sunete - Cantece din folclorul romanesc"},"content":{"rendered":"<h2 class=\"\" data-start=\"127\" data-end=\"196\">Carte cu sunete - Cantece din folclorul romanesc | Editura Dorin\u021ba<\/h2>\n<p class=\"\" data-start=\"198\" data-end=\"547\"><strong data-start=\"198\" data-end=\"348\">Redescoper\u0103 farmecul copil\u0103riei autentice rom\u00e2ne\u0219ti cu ajutorul unei c\u0103r\u021bi interactive unice \u2013 <em data-start=\"295\" data-end=\"345\">Carte cu sunete - Cantece din folclorul romanesc<\/em>.<\/strong> Aceast\u0103 carte special\u0103, editat\u0103 de <strong data-start=\"384\" data-end=\"403\">Editura Dorin\u021ba<\/strong>, aduce \u00een prim-plan cele mai \u00eendr\u0103gite c\u00e2ntece populare rom\u00e2ne\u0219ti, reinterpretate \u00eentr-un format modern, atr\u0103g\u0103tor \u0219i educativ pentru cei mici.<\/p>\n<p class=\"\" data-start=\"549\" data-end=\"969\">Conceput\u0103 cu grij\u0103 pentru a stimula sim\u021burile copiilor \u0219i pentru a \u00eencuraja dragostea pentru tradi\u021bii, cartea include 16 pagini frumos ilustrate, pline de personaje \u00eendr\u0103gite \u0219i scene inspirate din cultura popular\u0103. Fiecare pagin\u0103 este completat\u0103 de un buton sonor corespunz\u0103tor, care red\u0103 fidel c\u00e2ntece din folclorul romanesc. Astfel, copilul t\u0103u poate \u00eenv\u0103\u021ba versuri, ritm \u0219i cultur\u0103 \u00eentr-un mod natural \u0219i distractiv.<\/p>\n<h3 class=\"\" data-start=\"971\" data-end=\"990\">Caracteristici:<\/h3>\n<ul data-start=\"991\" data-end=\"1273\">\n<li class=\"\" data-start=\"1047\" data-end=\"1071\">\n<p class=\"\" data-start=\"1049\" data-end=\"1071\"><strong data-start=\"1049\" data-end=\"1061\">Editura:<\/strong> Dorin\u021ba<\/p>\n<\/li>\n<li class=\"\" data-start=\"1072\" data-end=\"1127\">\n<p class=\"\" data-start=\"1074\" data-end=\"1127\"><strong data-start=\"1074\" data-end=\"1086\">Copert\u0103:<\/strong> Buretat\u0103, moale \u0219i pl\u0103cut\u0103 la atingere<\/p>\n<\/li>\n<li class=\"\" data-start=\"1128\" data-end=\"1187\">\n<p class=\"\" data-start=\"1130\" data-end=\"1187\"><strong data-start=\"1130\" data-end=\"1145\">Dimensiuni:<\/strong> 30,5 x 30 cm \u2013 ideal\u0103 pentru m\u00e2ini mici<\/p>\n<\/li>\n<li class=\"\" data-start=\"1188\" data-end=\"1215\">\n<p class=\"\" data-start=\"1190\" data-end=\"1215\"><strong data-start=\"1190\" data-end=\"1199\">ISBN:<\/strong> 9785362400668<\/p>\n<\/li>\n<li class=\"\" data-start=\"1216\" data-end=\"1240\">\n<p class=\"\" data-start=\"1218\" data-end=\"1240\"><strong data-start=\"1218\" data-end=\"1235\">Num\u0103r pagini:<\/strong> 16<\/p>\n<\/li>\n<li class=\"\" data-start=\"1241\" data-end=\"1273\">\n<p class=\"\" data-start=\"1243\" data-end=\"1273\"><strong data-start=\"1243\" data-end=\"1266\">Recomandare v\u00e2rst\u0103:<\/strong> 2 ani+<\/p>\n<\/li>\n<\/ul>\n<p class=\"\" data-start=\"1275\" data-end=\"1515\">Cantecele sunt activate prin ap\u0103sarea butoanelor laterale, fiind acompaniate de imagini colorate \u0219i personaje vesele. Copiii pot asculta melodii cunoscute din folclor, \u00eenv\u0103\u021b\u00e2nd cu u\u0219urin\u021b\u0103 versuri tradi\u021bionale \u0219i ritmuri muzicale autohtone.<\/p>\n<p class=\"\" data-start=\"1517\" data-end=\"1770\">Aceast\u0103 <strong data-start=\"1525\" data-end=\"1544\">carte cu sunete<\/strong> este o alegere excelent\u0103 pentru p\u0103rin\u021bii care doresc s\u0103 introduc\u0103 micu\u021bii \u00een universul muzicii populare rom\u00e2ne\u0219ti \u00eenc\u0103 de la cele mai fragede v\u00e2rste. Este potrivit\u0103 at\u00e2t acas\u0103, c\u00e2t \u0219i \u00een gr\u0103dini\u021be sau activit\u0103\u021bi educa\u021bionale.<\/p>\n<p class=\"\" data-start=\"1772\" data-end=\"1861\">\ud83c\udfb6 O idee minunat\u0103 de cadou pentru orice copil pasionat de muzic\u0103 \u0219i pove\u0219ti rom\u00e2ne\u0219ti!<\/p>\n","protected":false},"excerpt":{"rendered":"<h3 class=\"\" data-start=\"971\" data-end=\"990\">Caracteristici:<\/h3>\n<ul data-start=\"991\" data-end=\"1273\">\n<li class=\"\" data-start=\"1047\" data-end=\"1071\">\n<p class=\"\" data-start=\"1049\" data-end=\"1071\"><strong data-start=\"1049\" data-end=\"1061\">Editura:<\/strong> Dorin\u021ba<\/p>\n<\/li>\n<li class=\"\" data-start=\"1072\" data-end=\"1127\">\n<p class=\"\" data-start=\"1074\" data-end=\"1127\"><strong data-start=\"1074\" data-end=\"1086\">Copert\u0103:<\/strong> Buretat\u0103, moale \u0219i pl\u0103cut\u0103 la atingere<\/p>\n<\/li>\n<li class=\"\" data-start=\"1128\" data-end=\"1187\">\n<p class=\"\" data-start=\"1130\" data-end=\"1187\"><strong data-start=\"1130\" data-end=\"1145\">Dimensiuni:<\/strong> 30,5 x 30 cm \u2013 ideal\u0103 pentru m\u00e2ini mici<\/p>\n<\/li>\n<li class=\"\" data-start=\"1188\" data-end=\"1215\">\n<p class=\"\" data-start=\"1190\" data-end=\"1215\"><strong data-start=\"1190\" data-end=\"1199\">ISBN:<\/strong> 9785362400668<\/p>\n<\/li>\n<li class=\"\" data-start=\"1216\" data-end=\"1240\">\n<p class=\"\" data-start=\"1218\" data-end=\"1240\"><strong data-start=\"1218\" data-end=\"1235\">Num\u0103r pagini:<\/strong> 16<\/p>\n<\/li>\n<li class=\"\" data-start=\"1241\" data-end=\"1273\">\n<p class=\"\" data-start=\"1243\" data-end=\"1273\"><strong data-start=\"1243\" data-end=\"1266\">Recomandare v\u00e2rst\u0103:<\/strong> 2 ani+<\/p>\n<\/li>\n<\/ul>\n","protected":false},"featured_media":33258,"comment_status":"open","ping_status":"closed","template":"","meta":{"_acf_changed":false},"product_brand":[],"product_cat":[161,66],"product_tag":[],"class_list":{"0":"post-18825","1":"product","2":"type-product","3":"status-publish","4":"has-post-thumbnail","6":"product_cat-educatie","7":"product_cat-jucarii","9":"first","10":"instock","11":"shipping-taxable","12":"purchasable","13":"product-type-simple"},"acf":[],"yoast_head":"<!-- This site is optimized with the Yoast SEO plugin v25.3.1 - https:\/\/yoast.com\/wordpress\/plugins\/seo\/ -->\n<title>Carte cu sunete - Cantece din folclorul romanesc - My Store<\/title>\n<meta name=\"description\" content=\"Aceast\u0103 carte Cantece din folclorul romanesc este o alegere excelent\u0103 pentru p\u0103rin\u021bii care doresc s\u0103 introduc\u0103 micu\u021bii \u00een universul muzicii rom\u00e2ne\u0219ti.\" \/>\n<meta name=\"robots\" content=\"noindex, follow, max-snippet:-1, max-image-preview:large, max-video-preview:-1\" \/>\n<meta property=\"og:locale\" content=\"en_US\" \/>\n<meta property=\"og:type\" content=\"article\" \/>\n<meta property=\"og:title\" content=\"Carte cu sunete - Cantece din folclorul romanesc - My Store\" \/>\n<meta property=\"og:description\" content=\"Aceast\u0103 carte Cantece din folclorul romanesc este o alegere excelent\u0103 pentru p\u0103rin\u021bii care doresc s\u0103 introduc\u0103 micu\u021bii \u00een universul muzicii rom\u00e2ne\u0219ti.\" \/>\n<meta property=\"og:url\" content=\"https:\/\/mamaonline.alta-agentie.ro\/?product=carte-cu-sunete-cantece-din-folclorul-romanesc\" \/>\n<meta property=\"og:site_name\" content=\"My Store\" \/>\n<meta property=\"article:modified_time\" content=\"2025-06-25T12:06:37+00:00\" \/>\n<meta name=\"twitter:card\" content=\"summary_large_image\" \/>\n<meta name=\"twitter:label1\" content=\"Est. reading time\" \/>\n\t<meta name=\"twitter:data1\" content=\"2 minutes\" \/>\n<script type=\"application\/ld+json\" class=\"yoast-schema-graph\">{\"@context\":\"https:\/\/schema.org\",\"@graph\":[{\"@type\":\"WebPage\",\"@id\":\"https:\/\/mamaonline.alta-agentie.ro\/?product=carte-cu-sunete-cantece-din-folclorul-romanesc\",\"url\":\"https:\/\/mamaonline.alta-agentie.ro\/?product=carte-cu-sunete-cantece-din-folclorul-romanesc\",\"name\":\"Carte cu sunete - Cantece din folclorul romanesc - My Store\",\"isPartOf\":{\"@id\":\"https:\/\/mamaonline.alta-agentie.ro\/#website\"},\"primaryImageOfPage\":{\"@id\":\"https:\/\/mamaonline.alta-agentie.ro\/?product=carte-cu-sunete-cantece-din-folclorul-romanesc#primaryimage\"},\"image\":{\"@id\":\"https:\/\/mamaonline.alta-agentie.ro\/?product=carte-cu-sunete-cantece-din-folclorul-romanesc#primaryimage\"},\"thumbnailUrl\":\"\",\"datePublished\":\"2025-03-31T11:18:15+00:00\",\"dateModified\":\"2025-06-25T12:06:37+00:00\",\"description\":\"Aceast\u0103 carte Cantece din folclorul romanesc este o alegere excelent\u0103 pentru p\u0103rin\u021bii care doresc s\u0103 introduc\u0103 micu\u021bii \u00een universul muzicii rom\u00e2ne\u0219ti.\",\"breadcrumb\":{\"@id\":\"https:\/\/mamaonline.alta-agentie.ro\/?product=carte-cu-sunete-cantece-din-folclorul-romanesc#breadcrumb\"},\"inLanguage\":\"en-US\",\"potentialAction\":[{\"@type\":\"ReadAction\",\"target\":[\"https:\/\/mamaonline.alta-agentie.ro\/?product=carte-cu-sunete-cantece-din-folclorul-romanesc\"]}]},{\"@type\":\"ImageObject\",\"inLanguage\":\"en-US\",\"@id\":\"https:\/\/mamaonline.alta-agentie.ro\/?product=carte-cu-sunete-cantece-din-folclorul-romanesc#primaryimage\",\"url\":\"\",\"contentUrl\":\"\"},{\"@type\":\"BreadcrumbList\",\"@id\":\"https:\/\/mamaonline.alta-agentie.ro\/?product=carte-cu-sunete-cantece-din-folclorul-romanesc#breadcrumb\",\"itemListElement\":[{\"@type\":\"ListItem\",\"position\":1,\"name\":\"Home\",\"item\":\"https:\/\/mamaonline.alta-agentie.ro\/\"},{\"@type\":\"ListItem\",\"position\":2,\"name\":\"Products\",\"item\":\"https:\/\/mamaonline.alta-agentie.ro\/?post_type=product\"},{\"@type\":\"ListItem\",\"position\":3,\"name\":\"Carte cu sunete - Cantece din folclorul romanesc\"}]},{\"@type\":\"WebSite\",\"@id\":\"https:\/\/mamaonline.alta-agentie.ro\/#website\",\"url\":\"https:\/\/mamaonline.alta-agentie.ro\/\",\"name\":\"My Store\",\"description\":\"\",\"potentialAction\":[{\"@type\":\"SearchAction\",\"target\":{\"@type\":\"EntryPoint\",\"urlTemplate\":\"https:\/\/mamaonline.alta-agentie.ro\/?s={search_term_string}\"},\"query-input\":{\"@type\":\"PropertyValueSpecification\",\"valueRequired\":true,\"valueName\":\"search_term_string\"}}],\"inLanguage\":\"en-US\"}]}<\/script>\n<!-- \/ Yoast SEO plugin. -->","yoast_head_json":{"title":"Carte cu sunete - Cantece din folclorul romanesc - My Store","description":"Aceast\u0103 carte Cantece din folclorul romanesc este o alegere excelent\u0103 pentru p\u0103rin\u021bii care doresc s\u0103 introduc\u0103 micu\u021bii \u00een universul muzicii rom\u00e2ne\u0219ti.","robots":{"index":"noindex","follow":"follow","max-snippet":"max-snippet:-1","max-image-preview":"max-image-preview:large","max-video-preview":"max-video-preview:-1"},"og_locale":"en_US","og_type":"article","og_title":"Carte cu sunete - Cantece din folclorul romanesc - My Store","og_description":"Aceast\u0103 carte Cantece din folclorul romanesc este o alegere excelent\u0103 pentru p\u0103rin\u021bii care doresc s\u0103 introduc\u0103 micu\u021bii \u00een universul muzicii rom\u00e2ne\u0219ti.","og_url":"https:\/\/mamaonline.alta-agentie.ro\/?product=carte-cu-sunete-cantece-din-folclorul-romanesc","og_site_name":"My Store","article_modified_time":"2025-06-25T12:06:37+00:00","twitter_card":"summary_large_image","twitter_misc":{"Est. reading time":"2 minutes"},"schema":{"@context":"https:\/\/schema.org","@graph":[{"@type":"WebPage","@id":"https:\/\/mamaonline.alta-agentie.ro\/?product=carte-cu-sunete-cantece-din-folclorul-romanesc","url":"https:\/\/mamaonline.alta-agentie.ro\/?product=carte-cu-sunete-cantece-din-folclorul-romanesc","name":"Carte cu sunete - Cantece din folclorul romanesc - My Store","isPartOf":{"@id":"https:\/\/mamaonline.alta-agentie.ro\/#website"},"primaryImageOfPage":{"@id":"https:\/\/mamaonline.alta-agentie.ro\/?product=carte-cu-sunete-cantece-din-folclorul-romanesc#primaryimage"},"image":{"@id":"https:\/\/mamaonline.alta-agentie.ro\/?product=carte-cu-sunete-cantece-din-folclorul-romanesc#primaryimage"},"thumbnailUrl":"","datePublished":"2025-03-31T11:18:15+00:00","dateModified":"2025-06-25T12:06:37+00:00","description":"Aceast\u0103 carte Cantece din folclorul romanesc este o alegere excelent\u0103 pentru p\u0103rin\u021bii care doresc s\u0103 introduc\u0103 micu\u021bii \u00een universul muzicii rom\u00e2ne\u0219ti.","breadcrumb":{"@id":"https:\/\/mamaonline.alta-agentie.ro\/?product=carte-cu-sunete-cantece-din-folclorul-romanesc#breadcrumb"},"inLanguage":"en-US","potentialAction":[{"@type":"ReadAction","target":["https:\/\/mamaonline.alta-agentie.ro\/?product=carte-cu-sunete-cantece-din-folclorul-romanesc"]}]},{"@type":"ImageObject","inLanguage":"en-US","@id":"https:\/\/mamaonline.alta-agentie.ro\/?product=carte-cu-sunete-cantece-din-folclorul-romanesc#primaryimage","url":"","contentUrl":""},{"@type":"BreadcrumbList","@id":"https:\/\/mamaonline.alta-agentie.ro\/?product=carte-cu-sunete-cantece-din-folclorul-romanesc#breadcrumb","itemListElement":[{"@type":"ListItem","position":1,"name":"Home","item":"https:\/\/mamaonline.alta-agentie.ro\/"},{"@type":"ListItem","position":2,"name":"Products","item":"https:\/\/mamaonline.alta-agentie.ro\/?post_type=product"},{"@type":"ListItem","position":3,"name":"Carte cu sunete - Cantece din folclorul romanesc"}]},{"@type":"WebSite","@id":"https:\/\/mamaonline.alta-agentie.ro\/#website","url":"https:\/\/mamaonline.alta-agentie.ro\/","name":"My Store","description":"","potentialAction":[{"@type":"SearchAction","target":{"@type":"EntryPoint","urlTemplate":"https:\/\/mamaonline.alta-agentie.ro\/?s={search_term_string}"},"query-input":{"@type":"PropertyValueSpecification","valueRequired":true,"valueName":"search_term_string"}}],"inLanguage":"en-US"}]}},"_links":{"self":[{"href":"https:\/\/mamaonline.alta-agentie.ro\/index.php?rest_route=\/wp\/v2\/product\/18825","targetHints":{"allow":["GET"]}}],"collection":[{"href":"https:\/\/mamaonline.alta-agentie.ro\/index.php?rest_route=\/wp\/v2\/product"}],"about":[{"href":"https:\/\/mamaonline.alta-agentie.ro\/index.php?rest_route=\/wp\/v2\/types\/product"}],"replies":[{"embeddable":true,"href":"https:\/\/mamaonline.alta-agentie.ro\/index.php?rest_route=%2Fwp%2Fv2%2Fcomments&post=18825"}],"wp:featuredmedia":[{"embeddable":true,"href":"https:\/\/mamaonline.alta-agentie.ro\/index.php?rest_route=\/"}],"wp:attachment":[{"href":"https:\/\/mamaonline.alta-agentie.ro\/index.php?rest_route=%2Fwp%2Fv2%2Fmedia&parent=18825"}],"wp:term":[{"taxonomy":"product_brand","embeddable":true,"href":"https:\/\/mamaonline.alta-agentie.ro\/index.php?rest_route=%2Fwp%2Fv2%2Fproduct_brand&post=18825"},{"taxonomy":"product_cat","embeddable":true,"href":"https:\/\/mamaonline.alta-agentie.ro\/index.php?rest_route=%2Fwp%2Fv2%2Fproduct_cat&post=18825"},{"taxonomy":"product_tag","embeddable":true,"href":"https:\/\/mamaonline.alta-agentie.ro\/index.php?rest_route=%2Fwp%2Fv2%2Fproduct_tag&post=18825"}],"curies":[{"name":"wp","href":"https:\/\/api.w.org\/{rel}","templated":true}]}}