{"id":18658,"date":"2025-03-20T14:43:16","date_gmt":"2025-03-20T14:43:16","guid":{"rendered":"https:\/\/mamaonline.ro\/new\/?post_type=product&amp;p=18658"},"modified":"2025-03-20T14:43:16","modified_gmt":"2025-03-20T14:43:16","slug":"tampoane-pentru-san-philips-avent-scf254-61","status":"publish","type":"product","link":"https:\/\/mamaonline.alta-agentie.ro\/?product=tampoane-pentru-san-philips-avent-scf254-61","title":{"rendered":"Tampoane pentru san Philips Avent, SCF254\/61"},"content":{"rendered":"<p data-start=\"88\" data-end=\"168\"><strong data-start=\"88\" data-end=\"166\">Tampoane pentru san Philips Avent, SCF254\/61 - Confort si protectie maxima<\/strong><\/p>\n<h3 data-start=\"210\" data-end=\"256\">Confort si protectie pe durata alaptarii<\/h3>\n<p data-start=\"257\" data-end=\"551\">Tampoane pentru san Philips Avent SCF254\/61 sunt esentiale pentru mamicile care alapteaza. Ofera protectie eficienta impotriva scurgerilor, mentinand pielea uscata si protejata. Sunt ideale pentru utilizare atat pe timpul zilei, cat si pe timpul noptii, datorita designului ultra-absorbant.<\/p>\n<h3 data-start=\"553\" data-end=\"586\">Design ergonomic si discret<\/h3>\n<ul data-start=\"587\" data-end=\"856\">\n<li data-start=\"587\" data-end=\"669\"><strong data-start=\"589\" data-end=\"621\">Strat superior de tip fagure<\/strong> \u2013 Textura moale si confortabila pentru piele.<\/li>\n<li data-start=\"670\" data-end=\"756\"><strong data-start=\"672\" data-end=\"692\">Absorbtie optima<\/strong> \u2013 Umplutura triplu stratificata capteaza eficient umiditatea.<\/li>\n<li data-start=\"757\" data-end=\"856\"><strong data-start=\"759\" data-end=\"788\">Forma subtire si discreta<\/strong> \u2013 Se potrivesc perfect in orice tip de sutien, fara a se observa.<\/li>\n<\/ul>\n<h3 data-start=\"858\" data-end=\"900\">Protectie maxima si igiena garantata<\/h3>\n<ul data-start=\"901\" data-end=\"1164\">\n<li data-start=\"901\" data-end=\"981\"><strong data-start=\"903\" data-end=\"926\">Material respirabil<\/strong> \u2013 Pielea ramane uscata si protejata in orice moment.<\/li>\n<li data-start=\"982\" data-end=\"1088\"><strong data-start=\"984\" data-end=\"1007\">Ambalate individual<\/strong> \u2013 Asigura igiena perfecta, fiind ideale pentru calatorii si utilizare zilnica.<\/li>\n<li data-start=\"1089\" data-end=\"1164\"><strong data-start=\"1091\" data-end=\"1117\">60 de bucati in pachet<\/strong> \u2013 Un stoc generos pentru confort indelungat.<\/li>\n<\/ul>\n<h3 data-start=\"1166\" data-end=\"1223\">De ce sa alegi tampoanele pentru san Philips Avent?<\/h3>\n<p data-start=\"1224\" data-end=\"1413\">Aceste tampoane sunt dezvoltate de specialisti in alaptare, oferind siguranta si confort optim. Testate dermatologic, sunt delicate cu pielea sensibila si ajuta la prevenirea iritatiilor.<\/p>\n<h3><strong translate=\"no\">Philips Avent Disposable Breast Pads x60<\/strong><\/h3>\n<p>Sunt ideale pentru o c\u0103l\u0103torie de al\u0103ptare f\u0103r\u0103 stres, asigur\u00e2ndu-v\u0103 c\u0103 r\u0103m\u00e2ne\u021bi uscat\u0103 \u0219i \u00eencrez\u0103toare pe tot parcursul zilei \u0219i al nop\u021bii. Acestea sunt proiectate meticulos pentru a oferi combina\u021bia perfect\u0103 de func\u021bionalitate \u0219i confort. Textura unic\u0103 \u00een form\u0103 de fagure de miere a foii superioare este foarte moale \u0219i extrem de confortabil\u0103 pe piele, ceea ce o face ideal\u0103 pentru purtare prelungit\u0103. Dup\u0103 stratul alveolar, se afl\u0103 un miez ultra-absorbant care capteaz\u0103 instantaneu umezeala. \u00centr-adev\u0103r, designul miezului cu trei straturi ofer\u0103 absorb\u021bie maxim\u0103. Ca urmare, se asigur\u0103 c\u0103 pielea dvs. r\u0103m\u00e2ne uscat\u0103 24\/7. \u00cen acest fel, nu trebuie s\u0103 v\u0103 face\u021bi niciodat\u0103 griji cu privire la scurgerile sau umezeala care v\u0103 perturb\u0103 ziua. Apoi, stratul exterior v\u0103 aduce ce este mai bun din ambele lumi: asigurarea \u00eempotriva scurgerilor, cuplat\u0103 cu respirabilitatea. Acest strat multifa\u021betat asigur\u0103 faptul c\u0103 hainele dvs. r\u0103m\u00e2n uscate prin prevenirea oric\u0103ror scurgeri poten\u021biale, toate acestea permi\u021b\u00e2nd \u00een acela\u0219i timp pielii dvs. s\u0103 respire.<\/p>\n<p data-start=\"1415\" data-end=\"1470\" data-is-last-node=\"\" data-is-only-node=\"\"><strong data-start=\"1415\" data-end=\"1470\" data-is-last-node=\"\">Comanda acum si bucura-te de o alaptare fara griji!<\/strong><\/p>\n","protected":false},"excerpt":{"rendered":"<h3 data-start=\"858\" data-end=\"900\">Protectie maxima si igiena garantata<\/h3>\n<ul data-start=\"901\" data-end=\"1164\">\n<li data-start=\"901\" data-end=\"981\"><strong data-start=\"903\" data-end=\"926\">Material respirabil<\/strong> \u2013 Pielea ramane uscata si protejata in orice moment.<\/li>\n<li data-start=\"982\" data-end=\"1088\"><strong data-start=\"984\" data-end=\"1007\">Ambalate individual<\/strong> \u2013 Asigura igiena perfecta, fiind ideale pentru calatorii si utilizare zilnica.<\/li>\n<li data-start=\"1089\" data-end=\"1164\"><strong data-start=\"1091\" data-end=\"1117\">60 de bucati in pachet<\/strong> \u2013 Un stoc generos pentru confort indelungat.<\/li>\n<\/ul>\n","protected":false},"featured_media":33227,"comment_status":"open","ping_status":"closed","template":"","meta":{"_acf_changed":false},"product_brand":[],"product_cat":[55,130],"product_tag":[],"class_list":{"0":"post-18658","1":"product","2":"type-product","3":"status-publish","4":"has-post-thumbnail","6":"product_cat-gravide-alaptare","7":"product_cat-sutiene","9":"first","10":"instock","11":"shipping-taxable","12":"purchasable","13":"product-type-simple"},"acf":[],"yoast_head":"<!-- This site is optimized with the Yoast SEO plugin v25.3.1 - https:\/\/yoast.com\/wordpress\/plugins\/seo\/ -->\n<title>Tampoane pentru san Philips Avent, SCF254\/61 - My Store<\/title>\n<meta name=\"description\" content=\"Tampoane pentru san Philips Avent SCF254\/61 sunt esentiale pentru mamicile care alapteaza. Ofera protectie eficienta impotriva scurgerilor\" \/>\n<meta name=\"robots\" content=\"noindex, follow, max-snippet:-1, max-image-preview:large, max-video-preview:-1\" \/>\n<meta property=\"og:locale\" content=\"en_US\" \/>\n<meta property=\"og:type\" content=\"article\" \/>\n<meta property=\"og:title\" content=\"Tampoane pentru san Philips Avent, SCF254\/61 - My Store\" \/>\n<meta property=\"og:description\" content=\"Tampoane pentru san Philips Avent SCF254\/61 sunt esentiale pentru mamicile care alapteaza. Ofera protectie eficienta impotriva scurgerilor\" \/>\n<meta property=\"og:url\" content=\"https:\/\/mamaonline.alta-agentie.ro\/?product=tampoane-pentru-san-philips-avent-scf254-61\" \/>\n<meta property=\"og:site_name\" content=\"My Store\" \/>\n<meta name=\"twitter:card\" content=\"summary_large_image\" \/>\n<meta name=\"twitter:label1\" content=\"Est. reading time\" \/>\n\t<meta name=\"twitter:data1\" content=\"3 minutes\" \/>\n<script type=\"application\/ld+json\" class=\"yoast-schema-graph\">{\"@context\":\"https:\/\/schema.org\",\"@graph\":[{\"@type\":\"WebPage\",\"@id\":\"https:\/\/mamaonline.alta-agentie.ro\/?product=tampoane-pentru-san-philips-avent-scf254-61\",\"url\":\"https:\/\/mamaonline.alta-agentie.ro\/?product=tampoane-pentru-san-philips-avent-scf254-61\",\"name\":\"Tampoane pentru san Philips Avent, SCF254\/61 - My Store\",\"isPartOf\":{\"@id\":\"https:\/\/mamaonline.alta-agentie.ro\/#website\"},\"primaryImageOfPage\":{\"@id\":\"https:\/\/mamaonline.alta-agentie.ro\/?product=tampoane-pentru-san-philips-avent-scf254-61#primaryimage\"},\"image\":{\"@id\":\"https:\/\/mamaonline.alta-agentie.ro\/?product=tampoane-pentru-san-philips-avent-scf254-61#primaryimage\"},\"thumbnailUrl\":\"\",\"datePublished\":\"2025-03-20T14:43:16+00:00\",\"description\":\"Tampoane pentru san Philips Avent SCF254\/61 sunt esentiale pentru mamicile care alapteaza. Ofera protectie eficienta impotriva scurgerilor\",\"breadcrumb\":{\"@id\":\"https:\/\/mamaonline.alta-agentie.ro\/?product=tampoane-pentru-san-philips-avent-scf254-61#breadcrumb\"},\"inLanguage\":\"en-US\",\"potentialAction\":[{\"@type\":\"ReadAction\",\"target\":[\"https:\/\/mamaonline.alta-agentie.ro\/?product=tampoane-pentru-san-philips-avent-scf254-61\"]}]},{\"@type\":\"ImageObject\",\"inLanguage\":\"en-US\",\"@id\":\"https:\/\/mamaonline.alta-agentie.ro\/?product=tampoane-pentru-san-philips-avent-scf254-61#primaryimage\",\"url\":\"\",\"contentUrl\":\"\"},{\"@type\":\"BreadcrumbList\",\"@id\":\"https:\/\/mamaonline.alta-agentie.ro\/?product=tampoane-pentru-san-philips-avent-scf254-61#breadcrumb\",\"itemListElement\":[{\"@type\":\"ListItem\",\"position\":1,\"name\":\"Home\",\"item\":\"https:\/\/mamaonline.alta-agentie.ro\/\"},{\"@type\":\"ListItem\",\"position\":2,\"name\":\"Products\",\"item\":\"https:\/\/mamaonline.alta-agentie.ro\/?post_type=product\"},{\"@type\":\"ListItem\",\"position\":3,\"name\":\"Tampoane pentru san Philips Avent, SCF254\/61\"}]},{\"@type\":\"WebSite\",\"@id\":\"https:\/\/mamaonline.alta-agentie.ro\/#website\",\"url\":\"https:\/\/mamaonline.alta-agentie.ro\/\",\"name\":\"My Store\",\"description\":\"\",\"potentialAction\":[{\"@type\":\"SearchAction\",\"target\":{\"@type\":\"EntryPoint\",\"urlTemplate\":\"https:\/\/mamaonline.alta-agentie.ro\/?s={search_term_string}\"},\"query-input\":{\"@type\":\"PropertyValueSpecification\",\"valueRequired\":true,\"valueName\":\"search_term_string\"}}],\"inLanguage\":\"en-US\"}]}<\/script>\n<!-- \/ Yoast SEO plugin. -->","yoast_head_json":{"title":"Tampoane pentru san Philips Avent, SCF254\/61 - My Store","description":"Tampoane pentru san Philips Avent SCF254\/61 sunt esentiale pentru mamicile care alapteaza. Ofera protectie eficienta impotriva scurgerilor","robots":{"index":"noindex","follow":"follow","max-snippet":"max-snippet:-1","max-image-preview":"max-image-preview:large","max-video-preview":"max-video-preview:-1"},"og_locale":"en_US","og_type":"article","og_title":"Tampoane pentru san Philips Avent, SCF254\/61 - My Store","og_description":"Tampoane pentru san Philips Avent SCF254\/61 sunt esentiale pentru mamicile care alapteaza. Ofera protectie eficienta impotriva scurgerilor","og_url":"https:\/\/mamaonline.alta-agentie.ro\/?product=tampoane-pentru-san-philips-avent-scf254-61","og_site_name":"My Store","twitter_card":"summary_large_image","twitter_misc":{"Est. reading time":"3 minutes"},"schema":{"@context":"https:\/\/schema.org","@graph":[{"@type":"WebPage","@id":"https:\/\/mamaonline.alta-agentie.ro\/?product=tampoane-pentru-san-philips-avent-scf254-61","url":"https:\/\/mamaonline.alta-agentie.ro\/?product=tampoane-pentru-san-philips-avent-scf254-61","name":"Tampoane pentru san Philips Avent, SCF254\/61 - My Store","isPartOf":{"@id":"https:\/\/mamaonline.alta-agentie.ro\/#website"},"primaryImageOfPage":{"@id":"https:\/\/mamaonline.alta-agentie.ro\/?product=tampoane-pentru-san-philips-avent-scf254-61#primaryimage"},"image":{"@id":"https:\/\/mamaonline.alta-agentie.ro\/?product=tampoane-pentru-san-philips-avent-scf254-61#primaryimage"},"thumbnailUrl":"","datePublished":"2025-03-20T14:43:16+00:00","description":"Tampoane pentru san Philips Avent SCF254\/61 sunt esentiale pentru mamicile care alapteaza. Ofera protectie eficienta impotriva scurgerilor","breadcrumb":{"@id":"https:\/\/mamaonline.alta-agentie.ro\/?product=tampoane-pentru-san-philips-avent-scf254-61#breadcrumb"},"inLanguage":"en-US","potentialAction":[{"@type":"ReadAction","target":["https:\/\/mamaonline.alta-agentie.ro\/?product=tampoane-pentru-san-philips-avent-scf254-61"]}]},{"@type":"ImageObject","inLanguage":"en-US","@id":"https:\/\/mamaonline.alta-agentie.ro\/?product=tampoane-pentru-san-philips-avent-scf254-61#primaryimage","url":"","contentUrl":""},{"@type":"BreadcrumbList","@id":"https:\/\/mamaonline.alta-agentie.ro\/?product=tampoane-pentru-san-philips-avent-scf254-61#breadcrumb","itemListElement":[{"@type":"ListItem","position":1,"name":"Home","item":"https:\/\/mamaonline.alta-agentie.ro\/"},{"@type":"ListItem","position":2,"name":"Products","item":"https:\/\/mamaonline.alta-agentie.ro\/?post_type=product"},{"@type":"ListItem","position":3,"name":"Tampoane pentru san Philips Avent, SCF254\/61"}]},{"@type":"WebSite","@id":"https:\/\/mamaonline.alta-agentie.ro\/#website","url":"https:\/\/mamaonline.alta-agentie.ro\/","name":"My Store","description":"","potentialAction":[{"@type":"SearchAction","target":{"@type":"EntryPoint","urlTemplate":"https:\/\/mamaonline.alta-agentie.ro\/?s={search_term_string}"},"query-input":{"@type":"PropertyValueSpecification","valueRequired":true,"valueName":"search_term_string"}}],"inLanguage":"en-US"}]}},"_links":{"self":[{"href":"https:\/\/mamaonline.alta-agentie.ro\/index.php?rest_route=\/wp\/v2\/product\/18658","targetHints":{"allow":["GET"]}}],"collection":[{"href":"https:\/\/mamaonline.alta-agentie.ro\/index.php?rest_route=\/wp\/v2\/product"}],"about":[{"href":"https:\/\/mamaonline.alta-agentie.ro\/index.php?rest_route=\/wp\/v2\/types\/product"}],"replies":[{"embeddable":true,"href":"https:\/\/mamaonline.alta-agentie.ro\/index.php?rest_route=%2Fwp%2Fv2%2Fcomments&post=18658"}],"wp:featuredmedia":[{"embeddable":true,"href":"https:\/\/mamaonline.alta-agentie.ro\/index.php?rest_route=\/"}],"wp:attachment":[{"href":"https:\/\/mamaonline.alta-agentie.ro\/index.php?rest_route=%2Fwp%2Fv2%2Fmedia&parent=18658"}],"wp:term":[{"taxonomy":"product_brand","embeddable":true,"href":"https:\/\/mamaonline.alta-agentie.ro\/index.php?rest_route=%2Fwp%2Fv2%2Fproduct_brand&post=18658"},{"taxonomy":"product_cat","embeddable":true,"href":"https:\/\/mamaonline.alta-agentie.ro\/index.php?rest_route=%2Fwp%2Fv2%2Fproduct_cat&post=18658"},{"taxonomy":"product_tag","embeddable":true,"href":"https:\/\/mamaonline.alta-agentie.ro\/index.php?rest_route=%2Fwp%2Fv2%2Fproduct_tag&post=18658"}],"curies":[{"name":"wp","href":"https:\/\/api.w.org\/{rel}","templated":true}]}}