{"id":13575,"date":"2024-06-11T07:46:43","date_gmt":"2024-06-11T07:46:43","guid":{"rendered":"https:\/\/mamaonline.ro\/new\/?post_type=product&amp;p=13575"},"modified":"2025-06-25T12:06:34","modified_gmt":"2025-06-25T12:06:34","slug":"masa-activitati-copii-interior-exterior-keter-creative-play","status":"publish","type":"product","link":"https:\/\/mamaonline.alta-agentie.ro\/?product=masa-activitati-copii-interior-exterior-keter-creative-play","title":{"rendered":"Masa activitati copii interior\/exterior Keter Creative Play"},"content":{"rendered":"<h3><strong>Masa activitati copii Keter, verde<\/strong><\/h3>\n<p>Masa pentru copii ii \u00eencurajeaz\u0103 s\u0103 se joace creativ. \u00cel pute\u021bi folosi atat in interior cat si exterior. Func\u021bioneaz\u0103 ca o mas\u0103 func\u021bional\u0103, o mic\u0103 cutie de nisip \u0219i un recipient excelent pentru joaca cu apa.<\/p>\n<p>Designul inteligent garanteaz\u0103 stabilitatea mesei \u00een timpul jocurilor. Materialul de \u00eenalt\u0103 calitate \u0219i designul ergonomic asigur\u0103 o joac\u0103 sigur\u0103 \u0219i confortabil\u0103.<br \/>\nConceput pentru copii cu v\u00e2rsta cuprins\u0103 \u00eentre 1,5 ani \u0219i 5 ani.<\/p>\n<h4>Specifica\u021bii masa <a href=\"https:\/\/mamaonline.ro\/shop\/carucior-papusi-roz-cu-inimi-53cm\/\">activitati copii<\/a>:<\/h4>\n<p>- Perfect pentru copii de la 1,5 la 5 ani.<br \/>\n- Proiectat pentru autoasamblare, instalare u\u0219oar\u0103<br \/>\n- Dimensiuni:<br \/>\n* L\u0103\u021bime: 56 cm<br \/>\n* Ad\u00e2ncime: 79 cm<br \/>\n* \u00cen\u0103l\u021bime: 50 cm<br \/>\n- Capacitate de ap\u0103: 15 l<br \/>\n- Greutate maxima sustinuta: 30 kg<\/p>\n<h4>Setul contine:<\/h4>\n<p>- Masa activitati de interior \/ exterior pentru jocuri Keter Creative Play<\/p>\n<p>- Rezistent la intemperii \u0219i la UV<br \/>\n- Are certificate CE \u0219i GS \/ T\u00dcV conform EN 71-1<br \/>\n- Masa nu necesit\u0103 \u00eentre\u021binere specializat\u0103<br \/>\n- U\u0219or de cur\u0103\u021bat<br \/>\n- Produsul este echipat cu accesorii suplimentare<br \/>\n- Instalare u\u0219oar\u0103<\/p>\n<p>&nbsp;<\/p>\n<blockquote class=\"wp-embedded-content\" data-secret=\"kPH4LTcNYy\"><p><a href=\"https:\/\/mamaonline.ro\/shop\/carucior-papusi-roz-cu-inimi-53cm\/\">Carucior papusi roz cu inimi 53cm<\/a><\/p><\/blockquote>\n<p><iframe loading=\"lazy\" class=\"wp-embedded-content\" sandbox=\"allow-scripts\" security=\"restricted\" style=\"position: absolute; visibility: hidden;\" title=\"&#8222;Carucior papusi roz cu inimi 53cm&#8221; &#8211; MamaOnline.ro\" src=\"https:\/\/mamaonline.ro\/shop\/carucior-papusi-roz-cu-inimi-53cm\/embed\/#?secret=CjLg9VNBb6#?secret=kPH4LTcNYy\" data-secret=\"kPH4LTcNYy\" width=\"500\" height=\"282\" frameborder=\"0\" marginwidth=\"0\" marginheight=\"0\" scrolling=\"no\"><\/iframe><\/p>\n","protected":false},"excerpt":{"rendered":"<h4>Specifica\u021bii masa activitati copii:<\/h4>\n<p>- Perfect pentru copii de la 1,5 la 5 ani.<br \/>\n- Proiectat pentru autoasamblare, instalare u\u0219oar\u0103<br \/>\n- Dimensiuni masa:<br \/>\n* L\u0103\u021bime: 56 cm<br \/>\n* Ad\u00e2ncime: 79 cm<br \/>\n* \u00cen\u0103l\u021bime: 50 cm<br \/>\n- Capacitate de ap\u0103: 15 l<br \/>\n- Greutate maxima sustinuta: 30 kg<\/p>\n","protected":false},"featured_media":31908,"comment_status":"open","ping_status":"closed","template":"","meta":{"_acf_changed":false},"product_brand":[],"product_cat":[149,66,111],"product_tag":[76],"class_list":{"0":"post-13575","1":"product","2":"type-product","3":"status-publish","4":"has-post-thumbnail","6":"product_cat-activitati","7":"product_cat-jucarii","8":"product_cat-reduceri","9":"product_tag-mamaonline","11":"first","12":"instock","13":"sale","14":"shipping-taxable","15":"purchasable","16":"product-type-simple"},"acf":[],"yoast_head":"<!-- This site is optimized with the Yoast SEO plugin v25.3.1 - https:\/\/yoast.com\/wordpress\/plugins\/seo\/ -->\n<title>Masa activitati copii interior\/exterior Keter Creative Play - My Store<\/title>\n<meta name=\"description\" content=\"Masa activitati copii Keter, verde. Masuta \u00eencurajeaz\u0103 copiii s\u0103 se joace creativ. \u00cel pute\u021bi folosi atat in interior cat si exterior.\" \/>\n<meta name=\"robots\" content=\"noindex, follow, max-snippet:-1, max-image-preview:large, max-video-preview:-1\" \/>\n<meta property=\"og:locale\" content=\"en_US\" \/>\n<meta property=\"og:type\" content=\"article\" \/>\n<meta property=\"og:title\" content=\"Masa activitati copii interior\/exterior Keter Creative Play - My Store\" \/>\n<meta property=\"og:description\" content=\"Masa activitati copii Keter, verde. Masuta \u00eencurajeaz\u0103 copiii s\u0103 se joace creativ. \u00cel pute\u021bi folosi atat in interior cat si exterior.\" \/>\n<meta property=\"og:url\" content=\"https:\/\/mamaonline.alta-agentie.ro\/?product=masa-activitati-copii-interior-exterior-keter-creative-play\" \/>\n<meta property=\"og:site_name\" content=\"My Store\" \/>\n<meta property=\"article:modified_time\" content=\"2025-06-25T12:06:34+00:00\" \/>\n<meta name=\"twitter:card\" content=\"summary_large_image\" \/>\n<meta name=\"twitter:label1\" content=\"Est. reading time\" \/>\n\t<meta name=\"twitter:data1\" content=\"2 minutes\" \/>\n<script type=\"application\/ld+json\" class=\"yoast-schema-graph\">{\"@context\":\"https:\/\/schema.org\",\"@graph\":[{\"@type\":\"WebPage\",\"@id\":\"https:\/\/mamaonline.alta-agentie.ro\/?product=masa-activitati-copii-interior-exterior-keter-creative-play\",\"url\":\"https:\/\/mamaonline.alta-agentie.ro\/?product=masa-activitati-copii-interior-exterior-keter-creative-play\",\"name\":\"Masa activitati copii interior\/exterior Keter Creative Play - My Store\",\"isPartOf\":{\"@id\":\"https:\/\/mamaonline.alta-agentie.ro\/#website\"},\"primaryImageOfPage\":{\"@id\":\"https:\/\/mamaonline.alta-agentie.ro\/?product=masa-activitati-copii-interior-exterior-keter-creative-play#primaryimage\"},\"image\":{\"@id\":\"https:\/\/mamaonline.alta-agentie.ro\/?product=masa-activitati-copii-interior-exterior-keter-creative-play#primaryimage\"},\"thumbnailUrl\":\"\",\"datePublished\":\"2024-06-11T07:46:43+00:00\",\"dateModified\":\"2025-06-25T12:06:34+00:00\",\"description\":\"Masa activitati copii Keter, verde. Masuta \u00eencurajeaz\u0103 copiii s\u0103 se joace creativ. \u00cel pute\u021bi folosi atat in interior cat si exterior.\",\"breadcrumb\":{\"@id\":\"https:\/\/mamaonline.alta-agentie.ro\/?product=masa-activitati-copii-interior-exterior-keter-creative-play#breadcrumb\"},\"inLanguage\":\"en-US\",\"potentialAction\":[{\"@type\":\"ReadAction\",\"target\":[\"https:\/\/mamaonline.alta-agentie.ro\/?product=masa-activitati-copii-interior-exterior-keter-creative-play\"]}]},{\"@type\":\"ImageObject\",\"inLanguage\":\"en-US\",\"@id\":\"https:\/\/mamaonline.alta-agentie.ro\/?product=masa-activitati-copii-interior-exterior-keter-creative-play#primaryimage\",\"url\":\"\",\"contentUrl\":\"\"},{\"@type\":\"BreadcrumbList\",\"@id\":\"https:\/\/mamaonline.alta-agentie.ro\/?product=masa-activitati-copii-interior-exterior-keter-creative-play#breadcrumb\",\"itemListElement\":[{\"@type\":\"ListItem\",\"position\":1,\"name\":\"Home\",\"item\":\"https:\/\/mamaonline.alta-agentie.ro\/\"},{\"@type\":\"ListItem\",\"position\":2,\"name\":\"Products\",\"item\":\"https:\/\/mamaonline.alta-agentie.ro\/?post_type=product\"},{\"@type\":\"ListItem\",\"position\":3,\"name\":\"Masa activitati copii interior\/exterior Keter Creative Play\"}]},{\"@type\":\"WebSite\",\"@id\":\"https:\/\/mamaonline.alta-agentie.ro\/#website\",\"url\":\"https:\/\/mamaonline.alta-agentie.ro\/\",\"name\":\"My Store\",\"description\":\"\",\"potentialAction\":[{\"@type\":\"SearchAction\",\"target\":{\"@type\":\"EntryPoint\",\"urlTemplate\":\"https:\/\/mamaonline.alta-agentie.ro\/?s={search_term_string}\"},\"query-input\":{\"@type\":\"PropertyValueSpecification\",\"valueRequired\":true,\"valueName\":\"search_term_string\"}}],\"inLanguage\":\"en-US\"}]}<\/script>\n<!-- \/ Yoast SEO plugin. -->","yoast_head_json":{"title":"Masa activitati copii interior\/exterior Keter Creative Play - My Store","description":"Masa activitati copii Keter, verde. Masuta \u00eencurajeaz\u0103 copiii s\u0103 se joace creativ. \u00cel pute\u021bi folosi atat in interior cat si exterior.","robots":{"index":"noindex","follow":"follow","max-snippet":"max-snippet:-1","max-image-preview":"max-image-preview:large","max-video-preview":"max-video-preview:-1"},"og_locale":"en_US","og_type":"article","og_title":"Masa activitati copii interior\/exterior Keter Creative Play - My Store","og_description":"Masa activitati copii Keter, verde. Masuta \u00eencurajeaz\u0103 copiii s\u0103 se joace creativ. \u00cel pute\u021bi folosi atat in interior cat si exterior.","og_url":"https:\/\/mamaonline.alta-agentie.ro\/?product=masa-activitati-copii-interior-exterior-keter-creative-play","og_site_name":"My Store","article_modified_time":"2025-06-25T12:06:34+00:00","twitter_card":"summary_large_image","twitter_misc":{"Est. reading time":"2 minutes"},"schema":{"@context":"https:\/\/schema.org","@graph":[{"@type":"WebPage","@id":"https:\/\/mamaonline.alta-agentie.ro\/?product=masa-activitati-copii-interior-exterior-keter-creative-play","url":"https:\/\/mamaonline.alta-agentie.ro\/?product=masa-activitati-copii-interior-exterior-keter-creative-play","name":"Masa activitati copii interior\/exterior Keter Creative Play - My Store","isPartOf":{"@id":"https:\/\/mamaonline.alta-agentie.ro\/#website"},"primaryImageOfPage":{"@id":"https:\/\/mamaonline.alta-agentie.ro\/?product=masa-activitati-copii-interior-exterior-keter-creative-play#primaryimage"},"image":{"@id":"https:\/\/mamaonline.alta-agentie.ro\/?product=masa-activitati-copii-interior-exterior-keter-creative-play#primaryimage"},"thumbnailUrl":"","datePublished":"2024-06-11T07:46:43+00:00","dateModified":"2025-06-25T12:06:34+00:00","description":"Masa activitati copii Keter, verde. Masuta \u00eencurajeaz\u0103 copiii s\u0103 se joace creativ. \u00cel pute\u021bi folosi atat in interior cat si exterior.","breadcrumb":{"@id":"https:\/\/mamaonline.alta-agentie.ro\/?product=masa-activitati-copii-interior-exterior-keter-creative-play#breadcrumb"},"inLanguage":"en-US","potentialAction":[{"@type":"ReadAction","target":["https:\/\/mamaonline.alta-agentie.ro\/?product=masa-activitati-copii-interior-exterior-keter-creative-play"]}]},{"@type":"ImageObject","inLanguage":"en-US","@id":"https:\/\/mamaonline.alta-agentie.ro\/?product=masa-activitati-copii-interior-exterior-keter-creative-play#primaryimage","url":"","contentUrl":""},{"@type":"BreadcrumbList","@id":"https:\/\/mamaonline.alta-agentie.ro\/?product=masa-activitati-copii-interior-exterior-keter-creative-play#breadcrumb","itemListElement":[{"@type":"ListItem","position":1,"name":"Home","item":"https:\/\/mamaonline.alta-agentie.ro\/"},{"@type":"ListItem","position":2,"name":"Products","item":"https:\/\/mamaonline.alta-agentie.ro\/?post_type=product"},{"@type":"ListItem","position":3,"name":"Masa activitati copii interior\/exterior Keter Creative Play"}]},{"@type":"WebSite","@id":"https:\/\/mamaonline.alta-agentie.ro\/#website","url":"https:\/\/mamaonline.alta-agentie.ro\/","name":"My Store","description":"","potentialAction":[{"@type":"SearchAction","target":{"@type":"EntryPoint","urlTemplate":"https:\/\/mamaonline.alta-agentie.ro\/?s={search_term_string}"},"query-input":{"@type":"PropertyValueSpecification","valueRequired":true,"valueName":"search_term_string"}}],"inLanguage":"en-US"}]}},"_links":{"self":[{"href":"https:\/\/mamaonline.alta-agentie.ro\/index.php?rest_route=\/wp\/v2\/product\/13575","targetHints":{"allow":["GET"]}}],"collection":[{"href":"https:\/\/mamaonline.alta-agentie.ro\/index.php?rest_route=\/wp\/v2\/product"}],"about":[{"href":"https:\/\/mamaonline.alta-agentie.ro\/index.php?rest_route=\/wp\/v2\/types\/product"}],"replies":[{"embeddable":true,"href":"https:\/\/mamaonline.alta-agentie.ro\/index.php?rest_route=%2Fwp%2Fv2%2Fcomments&post=13575"}],"wp:featuredmedia":[{"embeddable":true,"href":"https:\/\/mamaonline.alta-agentie.ro\/index.php?rest_route=\/"}],"wp:attachment":[{"href":"https:\/\/mamaonline.alta-agentie.ro\/index.php?rest_route=%2Fwp%2Fv2%2Fmedia&parent=13575"}],"wp:term":[{"taxonomy":"product_brand","embeddable":true,"href":"https:\/\/mamaonline.alta-agentie.ro\/index.php?rest_route=%2Fwp%2Fv2%2Fproduct_brand&post=13575"},{"taxonomy":"product_cat","embeddable":true,"href":"https:\/\/mamaonline.alta-agentie.ro\/index.php?rest_route=%2Fwp%2Fv2%2Fproduct_cat&post=13575"},{"taxonomy":"product_tag","embeddable":true,"href":"https:\/\/mamaonline.alta-agentie.ro\/index.php?rest_route=%2Fwp%2Fv2%2Fproduct_tag&post=13575"}],"curies":[{"name":"wp","href":"https:\/\/api.w.org\/{rel}","templated":true}]}}