{"id":13532,"date":"2024-06-10T11:23:05","date_gmt":"2024-06-10T11:23:05","guid":{"rendered":"https:\/\/mamaonline.ro\/new\/?post_type=product&amp;p=13532"},"modified":"2025-06-25T12:06:34","modified_gmt":"2025-06-25T12:06:34","slug":"carucior-sport-kinderkraft-indy2-cozy-grey","status":"publish","type":"product","link":"https:\/\/mamaonline.alta-agentie.ro\/?product=carucior-sport-kinderkraft-indy2-cozy-grey","title":{"rendered":"Carucior Sport Kinderkraft - Indy2 Cozy Grey"},"content":{"rendered":"<h4>Descriere Carucior Sport Kinderkraft INDY2<\/h4>\n<p>Descoper\u0103 <strong>INDY2<\/strong> - un c\u0103rucior u\u0219or, care ofer\u0103 confort at\u00e2t pentru tine, c\u00e2t \u0219i pentru copilul t\u0103u. Fiecare p\u0103rinte va aprecia ro\u021bile mari din spum\u0103 care nu necesit\u0103 umflare, fiind ideale pentru utilizare pe trotuarele ora\u0219ului. Sp\u0103tarul poate fi ajustat lin \u0219i silen\u021bios \u00eentr-o pozi\u021bie complet plat\u0103, permi\u021b\u00e2nd copilului t\u0103u s\u0103 ia un pui de somn confortabil \u00een aer liber. <strong>INDY2<\/strong> c\u00e2nt\u0103re\u0219te doar 6.4 kg, astfel \u00eenc\u00e2t po\u021bi transporta u\u0219or c\u0103ruciorul - chiar \u0219i p\u00e2n\u0103 la etajul 4. Datorit\u0103 sistemului <strong>CLICK &amp; FOLD<\/strong>, poate fi pliat cu o singur\u0103 m\u00e2n\u0103, iar capota impermeabil\u0103 cu filtru UPF50+ \u00ee\u021bi va permite s\u0103 te bucuri de plimb\u0103ri indiferent de vreme. Fr\u00e2na central\u0103 \u00ee\u021bi permite s\u0103 te opre\u0219ti rapid, \u00een timp ce tetierele practice protejeaz\u0103 capul copilului t\u0103u de \u0219ocuri \u0219i zg\u00e2l\u021b\u00e2ieli. Adaptatoarele disponibile \u00ee\u021bi permit s\u0103 transformi <strong>INDY2<\/strong> \u00eentr-un <strong>SISTEM DE C\u0102L\u0102TORIE<\/strong>.<\/p>\n<h5><strong>Pliere simpla<\/strong><\/h5>\n<p>Sistemul CLICK &amp; FOLD permite plierea caruciorul cu o mana, chiar si atunci cand tineti un copil sau o geanta de cumparaturi in cealalta. Blocada AUTO LOCK va proteja imediat caruciorul impotriva desfacerii.<\/p>\n<h5><strong>Pentru orice vreme<\/strong><\/h5>\n<p>Copertina impermeabila cu filtru UPF 50+ - protejeaza copilul de ploaie si soare puternic. Filtrul acopera intreaga tesatura, nu doar copertina, si de aceea materialul nu va fi estompat. INDY2 carucior sport are, de asemenea, un parasolar suplimentar.<\/p>\n<h5><strong>Design modern<\/strong><\/h5>\n<p>INDY2 carucior sport nu este doar un carucior practic pentru utilizare in fiecare zi, de asemenea, este proiectat estetic si disponibil in mai multe versiuni moderne de culoare.<\/p>\n<h5><strong>Pentru orice drum<\/strong><\/h5>\n<p>Rotile manevrabile, fara intretinere, cu sistem de amortizare, sunt rezistente la perforare si sunt fabricate din spuma durabila. Amortizarea reprezinta garantia unei calatorii placute, iar posibilitatea de rotire a rotilor din fata cu 360\u1d52 face ca, caruciorul sa fie extrem de agil si usor de condus. Puteti evita orice obstacol fara cea mai mica problema.<\/p>\n<h4><strong>Caracteristici tehnice:<\/strong><\/h4>\n<ul>\n<li>Dimensiuni produs desfacut\/intins: 80 x 45 x 103 cm<\/li>\n<li>Dimensiuni produs pliat: 65 x 44 x 30 cm<\/li>\n<li>Dimensiuni spatar: 43 x 31 cm<\/li>\n<li>Dimensiuni scaun: 18,5 x 33 cm<\/li>\n<li>Dimensiuni suport pentru picioare: 14 x 35 cm<\/li>\n<li>Lungimea totala a scaunului (pozitia culcat): 77 cm<\/li>\n<li>Distanta scaunului de la sol: 47 cm<\/li>\n<li>Inaltimea manerului pentru parinte: 103 cm<\/li>\n<li>Dimensiune cos de cumparaturi: 40 x 35 x 12 cm<\/li>\n<\/ul>\n<h5><strong>Materiale:<\/strong><\/h5>\n<ul>\n<li>Husa: poliester<\/li>\n<li>Copertina: poliester<\/li>\n<li>Cos: poliester<\/li>\n<li>Roti: spuma EVA<\/li>\n<\/ul>\n<h5><strong>Roti<\/strong>:<\/h5>\n<ul>\n<li>Diametrul rotilor din fata: 14 cm<\/li>\n<li>Diametrul rotilor din spate: 14 cm<\/li>\n<li>Grosimea anvelopei fata: 3 cm<\/li>\n<li>Grosimea anvelopei spate: 3 cm<\/li>\n<li>Diametrul interior al rotii din fata: 10 cm<\/li>\n<li>Diametrul interior al rotii din spate: 10 cm<\/li>\n<li>Distanta dintre rotile din spate: 45,5 cm<\/li>\n<li>Distanta dintre rotile din fata: 45,5 cm<\/li>\n<\/ul>\n<p>Greutate: \u00a06 kg<\/p>\n<p>Destinatie: \u00a0Carucior pentru copii de la nastere pana la 15 kg.<\/p>\n<blockquote class=\"wp-embedded-content\" data-secret=\"kj4uBiFX8C\"><p><a href=\"https:\/\/mamaonline.ro\/shop\/carucior-sport-kinderkraft-indy2-calm-beige\/\">Carucior Sport Kinderkraft &#8211; Indy2 Calm Beige<\/a><\/p><\/blockquote>\n<p><iframe loading=\"lazy\" class=\"wp-embedded-content\" sandbox=\"allow-scripts\" security=\"restricted\" style=\"position: absolute; visibility: hidden;\" title=\"&#8222;Carucior Sport Kinderkraft &#8211; Indy2 Calm Beige&#8221; &#8211; MamaOnline.ro\" src=\"https:\/\/mamaonline.ro\/shop\/carucior-sport-kinderkraft-indy2-calm-beige\/embed\/#?secret=aBzdz1XJue#?secret=kj4uBiFX8C\" data-secret=\"kj4uBiFX8C\" width=\"500\" height=\"282\" frameborder=\"0\" marginwidth=\"0\" marginheight=\"0\" scrolling=\"no\"><\/iframe><\/p>\n","protected":false},"excerpt":{"rendered":"<p>Avantaje principale<\/p>\n<ul>\n<li>U\u0219or \u0219i u\u0219or de transportat<\/li>\n<li>Poate fi transformat \u00eentr-un SISTEM DE C\u0102L\u0102TORIE<\/li>\n<li>CLICK &amp; FOLD (pliere rapid\u0103) cu o singur\u0103 m\u00e2n\u0103<\/li>\n<li>Pozi\u021bie de dormit sigur\u0103 \u0219i plat\u0103<\/li>\n<li>Capot\u0103 impermeabil\u0103 cu protec\u021bie UPF50+<\/li>\n<li>Design modern \u0219i gam\u0103 variat\u0103 de culori<\/li>\n<li>Roti agile, care nu necesit\u0103 \u00eentre\u021binere<\/li>\n<\/ul>\n","protected":false},"featured_media":31876,"comment_status":"open","ping_status":"closed","template":"","meta":{"_acf_changed":false},"product_brand":[],"product_cat":[158,44,111],"product_tag":[46,76],"class_list":{"0":"post-13532","1":"product","2":"type-product","3":"status-publish","4":"has-post-thumbnail","6":"product_cat-carucioare","7":"product_cat-carucioare-patuturi","8":"product_cat-reduceri","9":"product_tag-carucior-sport","10":"product_tag-mamaonline","12":"first","13":"instock","14":"sale","15":"shipping-taxable","16":"purchasable","17":"product-type-simple"},"acf":[],"yoast_head":"<!-- This site is optimized with the Yoast SEO plugin v25.3.1 - https:\/\/yoast.com\/wordpress\/plugins\/seo\/ -->\n<title>Carucior Sport Kinderkraft - Indy2 Cozy Grey - My Store<\/title>\n<meta name=\"description\" content=\"INDY2 carucior sport nu este doar un carucior practic pentru utilizare in fiecare zi, de asemenea, este proiectat estetic\" \/>\n<meta name=\"robots\" content=\"noindex, follow, max-snippet:-1, max-image-preview:large, max-video-preview:-1\" \/>\n<meta property=\"og:locale\" content=\"en_US\" \/>\n<meta property=\"og:type\" content=\"article\" \/>\n<meta property=\"og:title\" content=\"Carucior Sport Kinderkraft - Indy2 Cozy Grey - My Store\" \/>\n<meta property=\"og:description\" content=\"INDY2 carucior sport nu este doar un carucior practic pentru utilizare in fiecare zi, de asemenea, este proiectat estetic\" \/>\n<meta property=\"og:url\" content=\"https:\/\/mamaonline.alta-agentie.ro\/?product=carucior-sport-kinderkraft-indy2-cozy-grey\" \/>\n<meta property=\"og:site_name\" content=\"My Store\" \/>\n<meta property=\"article:modified_time\" content=\"2025-06-25T12:06:34+00:00\" \/>\n<meta name=\"twitter:card\" content=\"summary_large_image\" \/>\n<meta name=\"twitter:label1\" content=\"Est. reading time\" \/>\n\t<meta name=\"twitter:data1\" content=\"3 minutes\" \/>\n<script type=\"application\/ld+json\" class=\"yoast-schema-graph\">{\"@context\":\"https:\/\/schema.org\",\"@graph\":[{\"@type\":\"WebPage\",\"@id\":\"https:\/\/mamaonline.alta-agentie.ro\/?product=carucior-sport-kinderkraft-indy2-cozy-grey\",\"url\":\"https:\/\/mamaonline.alta-agentie.ro\/?product=carucior-sport-kinderkraft-indy2-cozy-grey\",\"name\":\"Carucior Sport Kinderkraft - Indy2 Cozy Grey - My Store\",\"isPartOf\":{\"@id\":\"https:\/\/mamaonline.alta-agentie.ro\/#website\"},\"primaryImageOfPage\":{\"@id\":\"https:\/\/mamaonline.alta-agentie.ro\/?product=carucior-sport-kinderkraft-indy2-cozy-grey#primaryimage\"},\"image\":{\"@id\":\"https:\/\/mamaonline.alta-agentie.ro\/?product=carucior-sport-kinderkraft-indy2-cozy-grey#primaryimage\"},\"thumbnailUrl\":\"\",\"datePublished\":\"2024-06-10T11:23:05+00:00\",\"dateModified\":\"2025-06-25T12:06:34+00:00\",\"description\":\"INDY2 carucior sport nu este doar un carucior practic pentru utilizare in fiecare zi, de asemenea, este proiectat estetic\",\"breadcrumb\":{\"@id\":\"https:\/\/mamaonline.alta-agentie.ro\/?product=carucior-sport-kinderkraft-indy2-cozy-grey#breadcrumb\"},\"inLanguage\":\"en-US\",\"potentialAction\":[{\"@type\":\"ReadAction\",\"target\":[\"https:\/\/mamaonline.alta-agentie.ro\/?product=carucior-sport-kinderkraft-indy2-cozy-grey\"]}]},{\"@type\":\"ImageObject\",\"inLanguage\":\"en-US\",\"@id\":\"https:\/\/mamaonline.alta-agentie.ro\/?product=carucior-sport-kinderkraft-indy2-cozy-grey#primaryimage\",\"url\":\"\",\"contentUrl\":\"\"},{\"@type\":\"BreadcrumbList\",\"@id\":\"https:\/\/mamaonline.alta-agentie.ro\/?product=carucior-sport-kinderkraft-indy2-cozy-grey#breadcrumb\",\"itemListElement\":[{\"@type\":\"ListItem\",\"position\":1,\"name\":\"Home\",\"item\":\"https:\/\/mamaonline.alta-agentie.ro\/\"},{\"@type\":\"ListItem\",\"position\":2,\"name\":\"Products\",\"item\":\"https:\/\/mamaonline.alta-agentie.ro\/?post_type=product\"},{\"@type\":\"ListItem\",\"position\":3,\"name\":\"Carucior Sport Kinderkraft - Indy2 Cozy Grey\"}]},{\"@type\":\"WebSite\",\"@id\":\"https:\/\/mamaonline.alta-agentie.ro\/#website\",\"url\":\"https:\/\/mamaonline.alta-agentie.ro\/\",\"name\":\"My Store\",\"description\":\"\",\"potentialAction\":[{\"@type\":\"SearchAction\",\"target\":{\"@type\":\"EntryPoint\",\"urlTemplate\":\"https:\/\/mamaonline.alta-agentie.ro\/?s={search_term_string}\"},\"query-input\":{\"@type\":\"PropertyValueSpecification\",\"valueRequired\":true,\"valueName\":\"search_term_string\"}}],\"inLanguage\":\"en-US\"}]}<\/script>\n<!-- \/ Yoast SEO plugin. -->","yoast_head_json":{"title":"Carucior Sport Kinderkraft - Indy2 Cozy Grey - My Store","description":"INDY2 carucior sport nu este doar un carucior practic pentru utilizare in fiecare zi, de asemenea, este proiectat estetic","robots":{"index":"noindex","follow":"follow","max-snippet":"max-snippet:-1","max-image-preview":"max-image-preview:large","max-video-preview":"max-video-preview:-1"},"og_locale":"en_US","og_type":"article","og_title":"Carucior Sport Kinderkraft - Indy2 Cozy Grey - My Store","og_description":"INDY2 carucior sport nu este doar un carucior practic pentru utilizare in fiecare zi, de asemenea, este proiectat estetic","og_url":"https:\/\/mamaonline.alta-agentie.ro\/?product=carucior-sport-kinderkraft-indy2-cozy-grey","og_site_name":"My Store","article_modified_time":"2025-06-25T12:06:34+00:00","twitter_card":"summary_large_image","twitter_misc":{"Est. reading time":"3 minutes"},"schema":{"@context":"https:\/\/schema.org","@graph":[{"@type":"WebPage","@id":"https:\/\/mamaonline.alta-agentie.ro\/?product=carucior-sport-kinderkraft-indy2-cozy-grey","url":"https:\/\/mamaonline.alta-agentie.ro\/?product=carucior-sport-kinderkraft-indy2-cozy-grey","name":"Carucior Sport Kinderkraft - Indy2 Cozy Grey - My Store","isPartOf":{"@id":"https:\/\/mamaonline.alta-agentie.ro\/#website"},"primaryImageOfPage":{"@id":"https:\/\/mamaonline.alta-agentie.ro\/?product=carucior-sport-kinderkraft-indy2-cozy-grey#primaryimage"},"image":{"@id":"https:\/\/mamaonline.alta-agentie.ro\/?product=carucior-sport-kinderkraft-indy2-cozy-grey#primaryimage"},"thumbnailUrl":"","datePublished":"2024-06-10T11:23:05+00:00","dateModified":"2025-06-25T12:06:34+00:00","description":"INDY2 carucior sport nu este doar un carucior practic pentru utilizare in fiecare zi, de asemenea, este proiectat estetic","breadcrumb":{"@id":"https:\/\/mamaonline.alta-agentie.ro\/?product=carucior-sport-kinderkraft-indy2-cozy-grey#breadcrumb"},"inLanguage":"en-US","potentialAction":[{"@type":"ReadAction","target":["https:\/\/mamaonline.alta-agentie.ro\/?product=carucior-sport-kinderkraft-indy2-cozy-grey"]}]},{"@type":"ImageObject","inLanguage":"en-US","@id":"https:\/\/mamaonline.alta-agentie.ro\/?product=carucior-sport-kinderkraft-indy2-cozy-grey#primaryimage","url":"","contentUrl":""},{"@type":"BreadcrumbList","@id":"https:\/\/mamaonline.alta-agentie.ro\/?product=carucior-sport-kinderkraft-indy2-cozy-grey#breadcrumb","itemListElement":[{"@type":"ListItem","position":1,"name":"Home","item":"https:\/\/mamaonline.alta-agentie.ro\/"},{"@type":"ListItem","position":2,"name":"Products","item":"https:\/\/mamaonline.alta-agentie.ro\/?post_type=product"},{"@type":"ListItem","position":3,"name":"Carucior Sport Kinderkraft - Indy2 Cozy Grey"}]},{"@type":"WebSite","@id":"https:\/\/mamaonline.alta-agentie.ro\/#website","url":"https:\/\/mamaonline.alta-agentie.ro\/","name":"My Store","description":"","potentialAction":[{"@type":"SearchAction","target":{"@type":"EntryPoint","urlTemplate":"https:\/\/mamaonline.alta-agentie.ro\/?s={search_term_string}"},"query-input":{"@type":"PropertyValueSpecification","valueRequired":true,"valueName":"search_term_string"}}],"inLanguage":"en-US"}]}},"_links":{"self":[{"href":"https:\/\/mamaonline.alta-agentie.ro\/index.php?rest_route=\/wp\/v2\/product\/13532","targetHints":{"allow":["GET"]}}],"collection":[{"href":"https:\/\/mamaonline.alta-agentie.ro\/index.php?rest_route=\/wp\/v2\/product"}],"about":[{"href":"https:\/\/mamaonline.alta-agentie.ro\/index.php?rest_route=\/wp\/v2\/types\/product"}],"replies":[{"embeddable":true,"href":"https:\/\/mamaonline.alta-agentie.ro\/index.php?rest_route=%2Fwp%2Fv2%2Fcomments&post=13532"}],"wp:featuredmedia":[{"embeddable":true,"href":"https:\/\/mamaonline.alta-agentie.ro\/index.php?rest_route=\/"}],"wp:attachment":[{"href":"https:\/\/mamaonline.alta-agentie.ro\/index.php?rest_route=%2Fwp%2Fv2%2Fmedia&parent=13532"}],"wp:term":[{"taxonomy":"product_brand","embeddable":true,"href":"https:\/\/mamaonline.alta-agentie.ro\/index.php?rest_route=%2Fwp%2Fv2%2Fproduct_brand&post=13532"},{"taxonomy":"product_cat","embeddable":true,"href":"https:\/\/mamaonline.alta-agentie.ro\/index.php?rest_route=%2Fwp%2Fv2%2Fproduct_cat&post=13532"},{"taxonomy":"product_tag","embeddable":true,"href":"https:\/\/mamaonline.alta-agentie.ro\/index.php?rest_route=%2Fwp%2Fv2%2Fproduct_tag&post=13532"}],"curies":[{"name":"wp","href":"https:\/\/api.w.org\/{rel}","templated":true}]}}