{"id":13272,"date":"2024-05-22T12:49:32","date_gmt":"2024-05-22T12:49:32","guid":{"rendered":"https:\/\/mamaonline.ro\/new\/?post_type=product&amp;p=13272"},"modified":"2025-06-25T12:06:34","modified_gmt":"2025-06-25T12:06:34","slug":"hamac-doomo-babymoov-giraffe-pentru-bebelusi","status":"publish","type":"product","link":"https:\/\/mamaonline.alta-agentie.ro\/?product=hamac-doomo-babymoov-giraffe-pentru-bebelusi","title":{"rendered":"Hamac Doomoo Babymoov Giraffe pentru bebelusi"},"content":{"rendered":"<h4>Hamac Doomoo Babymoov Giraffe pentru bebelusi, evolutiv<\/h4>\n<p>Hamac Doomoo Babymoov este folosit de la na\u0219teree p\u00e2n\u0103 la greutatea de 30 kg a copilului.<\/p>\n<p>Confort maxim: umplutura unic\u0103 cu micro-margele asigur\u0103 confort optim pentru bebelu\u0219ul t\u0103u. Micro-margelele se adapteaz\u0103 perfect la corpul copilului t\u0103u, indiferent de v\u00e2rst\u0103.<\/p>\n<p>Copiii merita tot ce este mai bun, de aceea va prezentam Baby Hammock Babymoov Doomoo Nest Giraf, ideal pentru cei care cauta produse de calitate pentru micutii lor Ob\u021bine\u021bi Babymoov la cele mai bune pre\u021buri<\/p>\n<p>Tip: HamacCuloare: GreyMax.<\/p>\n<p>Design: Giraf\u0103<\/p>\n<p>Caracteristici: Lavabil la ma\u0219in\u0103 30\u00baC<\/p>\n<p>Gen: Unisex<\/p>\n<p>V\u00e2rsta recomandat\u0103: 0-3 ani<\/p>\n<p>Fabricat\u0103 din bumbac super moale, protejeaz\u0103 pielea sensibil\u0103 a bebelu\u0219ului t\u0103u.<\/p>\n<p>Copilul t\u0103u \u00eel folose\u0219te at\u00e2t \u00een dormitor, c\u00e2t \u0219i \u00een sufragerie. Copilul t\u0103u este bine l\u00e2ng\u0103 tine.<\/p>\n<p>\u00cengrijire u\u0219oar\u0103:\u00a0 se poate sp\u0103la \u00een ma\u0219in\u0103 (30 \u00b0C). Giraf Gri Bumbac<\/p>\n<p>Patul evolutiv cu un confort excep\u021bional.<\/p>\n<p>Doomoo Nest este un pat evolutiv pentru copii. Se folose\u0219te de la na\u0219terea copilului t\u0103u \u0219i p\u00e2n\u0103 la 30 kg. Instaleaz\u0103-\u021bi copilul \u00een Doomoo Nest \u00een deplin\u0103 lini\u0219te. Copilul t\u0103u este confortabil instalat, bra\u021bele sunt eliberate.<\/p>\n<p>Particularitatea acestui pat: umplutura sa cu microsfere. Asigur\u0103 un confort optim pentru copilul t\u0103u. Microsferele se distribuie astfel \u00eenc\u00e2t s\u0103 monitorizeze ideal corpul copilului, indiferent de v\u00e2rst\u0103. Baza rigid\u0103 garanteaz\u0103 o bun\u0103 stabilitate. Doomoo Nest vine cu dou\u0103 t\u0103vi interschimbabile care se fixeaz\u0103 cu fermoar pe partea superioar\u0103 a patului. Tava pentru prima etap\u0103 include un ham de siguran\u021b\u0103 pentru siguran\u021b\u0103 maxim\u0103. O folose\u0219ti p\u00e2n\u0103 c\u00e2nd copilul t\u0103u atinge 9 kg. Aceast\u0103 tav\u0103 din bumbac ultra-moale respect\u0103 pielea fragil\u0103 a copilului t\u0103u, oferind o fixare optim\u0103.<\/p>\n<p>Tava pentru a doua etap\u0103 transform\u0103 patul \u00eentr-un mic pouf pentru copii. Copilul t\u0103u se a\u0219az\u0103 \u00een camera lui sau \u00een sufragerie pentru a citi pove\u0219ti sau pur \u0219i simplu pentru a fi l\u00e2ng\u0103 tine. Confortabil, versatil \u0219i foarte moale, Doomoo Nest are tot ce \u00ee\u0219i dore\u0219te...<\/p>\n<h4><strong>De ce \u00ee\u021bi va pl\u0103cea?<\/strong><\/h4>\n<ul>\n<li>Baz\u0103 rigid\u0103 pentru o mai bun\u0103 stabilitate<\/li>\n<li>Margini din material polar pentru o fixare ideal\u0103<\/li>\n<li>Confortul patului de la na\u0219tere p\u00e2n\u0103 la 6 luni sau 9 kg (tav\u0103 cu ham de sus\u021binere)<\/li>\n<li>Versatil p\u00e2n\u0103 la 30 kg (tav\u0103 singur\u0103)<\/li>\n<li>Confort optim datorit\u0103 conturului s\u0103u primitor \u0219i umplerii cu microsfere<\/li>\n<li>Re\u00eenc\u0103rcabil (pung\u0103 de 20 de litri de microsfere v\u00e2ndut\u0103 separat)<\/li>\n<li>Tava cu ham de siguran\u021b\u0103: 95% bumbac \u0219i 5% elastan<\/li>\n<li>Tava f\u0103r\u0103 ham de siguran\u021b\u0103: 95% poliamid\u0103 \u0219i 5% elastan<\/li>\n<li>Baz\u0103: 100% poliester<\/li>\n<li>Umplutur\u0103: Microsfere din polistiren expandat<\/li>\n<li>\u00centre\u021binere: t\u0103vile se pot sp\u0103la la ma\u0219in\u0103 la 30 de grade, baza se cur\u0103\u021b\u0103 cu o c\u00e2rp\u0103 umed\u0103.<\/li>\n<\/ul>\n<p>ATEN\u021aIE conform EN 12790:2009<\/p>\n<ul>\n<li>Nu l\u0103sa\u021bi niciodat\u0103 copilul nesupravegheat.<\/li>\n<li>Nu mai folosi\u021bi patul c\u00e2nd copilul poate sta singur \u00een \u0219ezut.<\/li>\n<li>Acest pat nu este destinat perioadelor lungi de somn.<\/li>\n<li>Acest pat nu \u00eenlocuie\u0219te un c\u0103min sau un pat.<\/li>\n<li>Atunci c\u00e2nd copilul are nevoie de somn, merit\u0103 s\u0103-l pune\u021bi \u00eentr-un c\u0103min sau pat adecvat.<\/li>\n<\/ul>\n","protected":false},"excerpt":{"rendered":"<p>Hamac Doomoo Babymoov Giraffe pentru bebelusi este un pat evolutiv pentru copii. Se folose\u0219te de la na\u0219terea copilului t\u0103u \u0219i p\u00e2n\u0103 la 30 kg<\/p>\n","protected":false},"featured_media":31864,"comment_status":"open","ping_status":"closed","template":"","meta":{"_acf_changed":false},"product_brand":[],"product_cat":[153,44,111],"product_tag":[76],"class_list":{"0":"post-13272","1":"product","2":"type-product","3":"status-publish","4":"has-post-thumbnail","6":"product_cat-balansoare-bebe","7":"product_cat-carucioare-patuturi","8":"product_cat-reduceri","9":"product_tag-mamaonline","11":"first","12":"instock","13":"sale","14":"shipping-taxable","15":"purchasable","16":"product-type-simple"},"acf":[],"yoast_head":"<!-- This site is optimized with the Yoast SEO plugin v25.3.1 - https:\/\/yoast.com\/wordpress\/plugins\/seo\/ -->\n<title>Hamac Doomoo Babymoov Giraffe pentru bebelusi - My Store<\/title>\n<meta name=\"description\" content=\"Hamac Doomoo Babymoov Nest Giraf, ideal pentru cei care cauta produse de calitate pentru micutii lor! Ob\u021bine\u021bi Babymoov la cele mai bune pre\u021buri.\" \/>\n<meta name=\"robots\" content=\"noindex, follow, max-snippet:-1, max-image-preview:large, max-video-preview:-1\" \/>\n<meta property=\"og:locale\" content=\"en_US\" \/>\n<meta property=\"og:type\" content=\"article\" \/>\n<meta property=\"og:title\" content=\"Hamac Doomoo Babymoov Giraffe pentru bebelusi - My Store\" \/>\n<meta property=\"og:description\" content=\"Hamac Doomoo Babymoov Nest Giraf, ideal pentru cei care cauta produse de calitate pentru micutii lor! Ob\u021bine\u021bi Babymoov la cele mai bune pre\u021buri.\" \/>\n<meta property=\"og:url\" content=\"https:\/\/mamaonline.alta-agentie.ro\/?product=hamac-doomo-babymoov-giraffe-pentru-bebelusi\" \/>\n<meta property=\"og:site_name\" content=\"My Store\" \/>\n<meta property=\"article:modified_time\" content=\"2025-06-25T12:06:34+00:00\" \/>\n<meta name=\"twitter:card\" content=\"summary_large_image\" \/>\n<meta name=\"twitter:label1\" content=\"Est. reading time\" \/>\n\t<meta name=\"twitter:data1\" content=\"3 minutes\" \/>\n<script type=\"application\/ld+json\" class=\"yoast-schema-graph\">{\"@context\":\"https:\/\/schema.org\",\"@graph\":[{\"@type\":\"WebPage\",\"@id\":\"https:\/\/mamaonline.alta-agentie.ro\/?product=hamac-doomo-babymoov-giraffe-pentru-bebelusi\",\"url\":\"https:\/\/mamaonline.alta-agentie.ro\/?product=hamac-doomo-babymoov-giraffe-pentru-bebelusi\",\"name\":\"Hamac Doomoo Babymoov Giraffe pentru bebelusi - My Store\",\"isPartOf\":{\"@id\":\"https:\/\/mamaonline.alta-agentie.ro\/#website\"},\"primaryImageOfPage\":{\"@id\":\"https:\/\/mamaonline.alta-agentie.ro\/?product=hamac-doomo-babymoov-giraffe-pentru-bebelusi#primaryimage\"},\"image\":{\"@id\":\"https:\/\/mamaonline.alta-agentie.ro\/?product=hamac-doomo-babymoov-giraffe-pentru-bebelusi#primaryimage\"},\"thumbnailUrl\":\"\",\"datePublished\":\"2024-05-22T12:49:32+00:00\",\"dateModified\":\"2025-06-25T12:06:34+00:00\",\"description\":\"Hamac Doomoo Babymoov Nest Giraf, ideal pentru cei care cauta produse de calitate pentru micutii lor! Ob\u021bine\u021bi Babymoov la cele mai bune pre\u021buri.\",\"breadcrumb\":{\"@id\":\"https:\/\/mamaonline.alta-agentie.ro\/?product=hamac-doomo-babymoov-giraffe-pentru-bebelusi#breadcrumb\"},\"inLanguage\":\"en-US\",\"potentialAction\":[{\"@type\":\"ReadAction\",\"target\":[\"https:\/\/mamaonline.alta-agentie.ro\/?product=hamac-doomo-babymoov-giraffe-pentru-bebelusi\"]}]},{\"@type\":\"ImageObject\",\"inLanguage\":\"en-US\",\"@id\":\"https:\/\/mamaonline.alta-agentie.ro\/?product=hamac-doomo-babymoov-giraffe-pentru-bebelusi#primaryimage\",\"url\":\"\",\"contentUrl\":\"\"},{\"@type\":\"BreadcrumbList\",\"@id\":\"https:\/\/mamaonline.alta-agentie.ro\/?product=hamac-doomo-babymoov-giraffe-pentru-bebelusi#breadcrumb\",\"itemListElement\":[{\"@type\":\"ListItem\",\"position\":1,\"name\":\"Home\",\"item\":\"https:\/\/mamaonline.alta-agentie.ro\/\"},{\"@type\":\"ListItem\",\"position\":2,\"name\":\"Products\",\"item\":\"https:\/\/mamaonline.alta-agentie.ro\/?post_type=product\"},{\"@type\":\"ListItem\",\"position\":3,\"name\":\"Hamac Doomoo Babymoov Giraffe pentru bebelusi\"}]},{\"@type\":\"WebSite\",\"@id\":\"https:\/\/mamaonline.alta-agentie.ro\/#website\",\"url\":\"https:\/\/mamaonline.alta-agentie.ro\/\",\"name\":\"My Store\",\"description\":\"\",\"potentialAction\":[{\"@type\":\"SearchAction\",\"target\":{\"@type\":\"EntryPoint\",\"urlTemplate\":\"https:\/\/mamaonline.alta-agentie.ro\/?s={search_term_string}\"},\"query-input\":{\"@type\":\"PropertyValueSpecification\",\"valueRequired\":true,\"valueName\":\"search_term_string\"}}],\"inLanguage\":\"en-US\"}]}<\/script>\n<!-- \/ Yoast SEO plugin. -->","yoast_head_json":{"title":"Hamac Doomoo Babymoov Giraffe pentru bebelusi - My Store","description":"Hamac Doomoo Babymoov Nest Giraf, ideal pentru cei care cauta produse de calitate pentru micutii lor! Ob\u021bine\u021bi Babymoov la cele mai bune pre\u021buri.","robots":{"index":"noindex","follow":"follow","max-snippet":"max-snippet:-1","max-image-preview":"max-image-preview:large","max-video-preview":"max-video-preview:-1"},"og_locale":"en_US","og_type":"article","og_title":"Hamac Doomoo Babymoov Giraffe pentru bebelusi - My Store","og_description":"Hamac Doomoo Babymoov Nest Giraf, ideal pentru cei care cauta produse de calitate pentru micutii lor! Ob\u021bine\u021bi Babymoov la cele mai bune pre\u021buri.","og_url":"https:\/\/mamaonline.alta-agentie.ro\/?product=hamac-doomo-babymoov-giraffe-pentru-bebelusi","og_site_name":"My Store","article_modified_time":"2025-06-25T12:06:34+00:00","twitter_card":"summary_large_image","twitter_misc":{"Est. reading time":"3 minutes"},"schema":{"@context":"https:\/\/schema.org","@graph":[{"@type":"WebPage","@id":"https:\/\/mamaonline.alta-agentie.ro\/?product=hamac-doomo-babymoov-giraffe-pentru-bebelusi","url":"https:\/\/mamaonline.alta-agentie.ro\/?product=hamac-doomo-babymoov-giraffe-pentru-bebelusi","name":"Hamac Doomoo Babymoov Giraffe pentru bebelusi - My Store","isPartOf":{"@id":"https:\/\/mamaonline.alta-agentie.ro\/#website"},"primaryImageOfPage":{"@id":"https:\/\/mamaonline.alta-agentie.ro\/?product=hamac-doomo-babymoov-giraffe-pentru-bebelusi#primaryimage"},"image":{"@id":"https:\/\/mamaonline.alta-agentie.ro\/?product=hamac-doomo-babymoov-giraffe-pentru-bebelusi#primaryimage"},"thumbnailUrl":"","datePublished":"2024-05-22T12:49:32+00:00","dateModified":"2025-06-25T12:06:34+00:00","description":"Hamac Doomoo Babymoov Nest Giraf, ideal pentru cei care cauta produse de calitate pentru micutii lor! Ob\u021bine\u021bi Babymoov la cele mai bune pre\u021buri.","breadcrumb":{"@id":"https:\/\/mamaonline.alta-agentie.ro\/?product=hamac-doomo-babymoov-giraffe-pentru-bebelusi#breadcrumb"},"inLanguage":"en-US","potentialAction":[{"@type":"ReadAction","target":["https:\/\/mamaonline.alta-agentie.ro\/?product=hamac-doomo-babymoov-giraffe-pentru-bebelusi"]}]},{"@type":"ImageObject","inLanguage":"en-US","@id":"https:\/\/mamaonline.alta-agentie.ro\/?product=hamac-doomo-babymoov-giraffe-pentru-bebelusi#primaryimage","url":"","contentUrl":""},{"@type":"BreadcrumbList","@id":"https:\/\/mamaonline.alta-agentie.ro\/?product=hamac-doomo-babymoov-giraffe-pentru-bebelusi#breadcrumb","itemListElement":[{"@type":"ListItem","position":1,"name":"Home","item":"https:\/\/mamaonline.alta-agentie.ro\/"},{"@type":"ListItem","position":2,"name":"Products","item":"https:\/\/mamaonline.alta-agentie.ro\/?post_type=product"},{"@type":"ListItem","position":3,"name":"Hamac Doomoo Babymoov Giraffe pentru bebelusi"}]},{"@type":"WebSite","@id":"https:\/\/mamaonline.alta-agentie.ro\/#website","url":"https:\/\/mamaonline.alta-agentie.ro\/","name":"My Store","description":"","potentialAction":[{"@type":"SearchAction","target":{"@type":"EntryPoint","urlTemplate":"https:\/\/mamaonline.alta-agentie.ro\/?s={search_term_string}"},"query-input":{"@type":"PropertyValueSpecification","valueRequired":true,"valueName":"search_term_string"}}],"inLanguage":"en-US"}]}},"_links":{"self":[{"href":"https:\/\/mamaonline.alta-agentie.ro\/index.php?rest_route=\/wp\/v2\/product\/13272","targetHints":{"allow":["GET"]}}],"collection":[{"href":"https:\/\/mamaonline.alta-agentie.ro\/index.php?rest_route=\/wp\/v2\/product"}],"about":[{"href":"https:\/\/mamaonline.alta-agentie.ro\/index.php?rest_route=\/wp\/v2\/types\/product"}],"replies":[{"embeddable":true,"href":"https:\/\/mamaonline.alta-agentie.ro\/index.php?rest_route=%2Fwp%2Fv2%2Fcomments&post=13272"}],"wp:featuredmedia":[{"embeddable":true,"href":"https:\/\/mamaonline.alta-agentie.ro\/index.php?rest_route=\/"}],"wp:attachment":[{"href":"https:\/\/mamaonline.alta-agentie.ro\/index.php?rest_route=%2Fwp%2Fv2%2Fmedia&parent=13272"}],"wp:term":[{"taxonomy":"product_brand","embeddable":true,"href":"https:\/\/mamaonline.alta-agentie.ro\/index.php?rest_route=%2Fwp%2Fv2%2Fproduct_brand&post=13272"},{"taxonomy":"product_cat","embeddable":true,"href":"https:\/\/mamaonline.alta-agentie.ro\/index.php?rest_route=%2Fwp%2Fv2%2Fproduct_cat&post=13272"},{"taxonomy":"product_tag","embeddable":true,"href":"https:\/\/mamaonline.alta-agentie.ro\/index.php?rest_route=%2Fwp%2Fv2%2Fproduct_tag&post=13272"}],"curies":[{"name":"wp","href":"https:\/\/api.w.org\/{rel}","templated":true}]}}