{"id":13269,"date":"2024-05-22T12:15:09","date_gmt":"2024-05-22T12:15:09","guid":{"rendered":"https:\/\/mamaonline.ro\/new\/?post_type=product&amp;p=13269"},"modified":"2024-05-22T12:15:09","modified_gmt":"2024-05-22T12:15:09","slug":"suport-suzeta-3-in-1-chicco-pocket-elefant-0-luni","status":"publish","type":"product","link":"https:\/\/mamaonline.alta-agentie.ro\/?product=suport-suzeta-3-in-1-chicco-pocket-elefant-0-luni","title":{"rendered":"Suport Suzeta 3 in 1, Chicco Pocket Elefant 0 luni+"},"content":{"rendered":"<h4><strong>Suport Suzeta 3 in 1, Chicco Pocket Elefant 0 luni+<\/strong><\/h4>\n<p>Men\u021bine\u021bi suzeta bebelu\u0219ului curat\u0103 \u0219i gata de utilizare cu acest prieten moale \u0219i reconfortant. Pocket Buddies \u021bin suzeta bebelu\u0219ului \u00een l\u0103bu\u021ba sau coada lor \u0219i o depoziteaz\u0103 \u00een buzunarele lor spa\u021bioase din burt\u0103, oferind \u00een acela\u0219i timp bebelu\u0219ului un juc\u0103rie texturat\u0103 moale \u0219i iubibil\u0103 pentru a se \u00eembr\u0103\u021bi\u0219a. Pocket Buddies supravie\u021buiesc etapei suzetei pentru a deveni juc\u0103rii distractive pentru copii mai mari. Se poate sp\u0103la la ma\u0219in\u0103. Pentru bebelu\u0219i de la 0 luni+.<\/p>\n<p>Dou\u0103 \u00eentr-una! Un prieten moale \u0219i pufos \u00ee\u0219i face treaba dubl\u0103 ca suport de suzeta \u0219i juc\u0103rie reconfortant\u0103 Men\u021bine suzeta curat\u0103 \u0219i la \u00eendem\u00e2n\u0103 \u021aine suzeta bebelu\u0219ului ata\u0219at\u0103 de l\u0103bu\u021ba sau coada sa \u0219i are, de asemenea, un buzunar pentru a o depozita Distreaz\u0103 \u0219i calmeaz\u0103 bebelu\u0219ul Fabricat din materiale moi cu texturi multiple Pocket Buddies supravie\u021buiesc etapei suzetei pentru a deveni juc\u0103rii distractive pentru copii mai mari Se poate sp\u0103la la ma\u0219in\u0103 Se potrive\u0219te majorit\u0103\u021bii suzetelor<\/p>\n<div class=\"flex flex-grow flex-col max-w-full\">\n<div class=\"min-h-[20px] text-message flex flex-col items-start whitespace-pre-wrap break-words [.text-message+&amp;]:mt-5 juice:w-full juice:items-end overflow-x-auto gap-2\" dir=\"auto\" data-message-author-role=\"assistant\" data-message-id=\"99a2190e-4881-4424-8fd1-e732161b29d5\">\n<div class=\"flex w-full flex-col gap-1 juice:empty:hidden juice:first:pt-[3px]\">\n<div class=\"markdown prose w-full break-words dark:prose-invert dark\">\n<p><strong>Pocket Buddies - Prietenii de buzunar <\/strong><\/p>\n<p>Prietenii de buzunar sunt bucuro\u0219i s\u0103 \u021bin\u0103 suzeta bebelu\u0219ului \u00een l\u0103bu\u021ba lor sau s\u0103 o pun\u0103 \u00een buzunarul lor din burt\u0103 pentru a o men\u021bine curat\u0103. Sunt fabrica\u021bi din materiale pufoase \u0219i m\u0103t\u0103soase care sunt moi \u0219i reconfortante la atingere. \u0218i, odat\u0103 ce etapa suzetei s-a \u00eencheiat, aceste juc\u0103rii iubite vor fi \u00eenc\u0103 prezente pentru a lini\u0219ti \u0219i distra.<\/p>\n<p><strong>Depozita\u021bi Suzeta \u00een Buzunar <\/strong><\/p>\n<p>C\u00e2nd suzeta nu este \u00een uz, depozita\u021bi \u0219i men\u021bine\u021bi suzeta curat\u0103 \u00een buzunarul spa\u021bios din burt\u0103. Fixa\u021bi suzeta de coad\u0103, apoi trage\u021bi-o \u00een buzunar<\/p>\n<div data-role=\"text\"><strong>P\u0103stra\u021bi Suzeta la \u00cendem\u00e2n\u0103<\/strong>Ata\u0219a\u021bi suzeta preferat\u0103 a bebelu\u0219ului de l\u0103bu\u021ba unui Prieten de Buzunar pentru a o avea \u00eentotdeauna la \u00eendem\u00e2n\u0103.<\/div>\n<div data-role=\"text\"><\/div>\n<\/div>\n<\/div>\n<\/div>\n<div data-role=\"text\"><strong>Lini\u0219ti\u021bi Bebelu\u0219ul<\/strong><\/div>\n<div data-role=\"text\">Un prieten moale \u0219i pufos \u00ee\u0219i face treaba dubl\u0103 ca suport de suzeta \u0219i juc\u0103rie reconfortant\u0103. Prietenii ofer\u0103 bebelu\u0219ului ceva de \u00eembr\u0103\u021bi\u0219at \u0219i de jucat \u00een timp ce suge suzeta.<\/div>\n<\/div>\n","protected":false},"excerpt":{"rendered":"<p>Suport Suzeta 3 in 1, Chicco Pocket Elefant 0 luni+ Men\u021bine\u021bi suzeta bebelu\u0219ului curat\u0103 \u0219i gata de utilizare cu acest prieten moale \u0219i reconfortant. Pocket Buddies \u021bin suzeta bebelu\u0219ului \u00een l\u0103bu\u021ba sau coada lor \u0219i o depoziteaz\u0103 \u00een buzunarele lor spa\u021bioase din burt\u0103, oferind \u00een acela\u0219i timp bebelu\u0219ului un juc\u0103rie texturat\u0103 moale \u0219i iubibil\u0103 pentru [&hellip;]<\/p>\n","protected":false},"featured_media":31863,"comment_status":"open","ping_status":"closed","template":"","meta":{"_acf_changed":false},"product_brand":[],"product_cat":[29,111,134],"product_tag":[76],"class_list":{"0":"post-13269","1":"product","2":"type-product","3":"status-publish","4":"has-post-thumbnail","6":"product_cat-bebe-la-masa","7":"product_cat-reduceri","8":"product_cat-suzete-bebelusi","9":"product_tag-mamaonline","11":"first","12":"instock","13":"sale","14":"shipping-taxable","15":"purchasable","16":"product-type-simple"},"acf":[],"yoast_head":"<!-- This site is optimized with the Yoast SEO plugin v25.3.1 - https:\/\/yoast.com\/wordpress\/plugins\/seo\/ -->\n<title>Suport Suzeta 3 in 1, Chicco Pocket Elefant 0 luni+ - My Store<\/title>\n<meta name=\"description\" content=\"Suport Suzeta 3 in 1, Chicco Pocket Elefant 0 luni+Men\u021bine\u021bi suzeta bebelu\u0219ului curat\u0103 \u0219i gata de utilizare cu acest prieten moale \u0219i reconfortant.\" \/>\n<meta name=\"robots\" content=\"noindex, follow, max-snippet:-1, max-image-preview:large, max-video-preview:-1\" \/>\n<meta property=\"og:locale\" content=\"en_US\" \/>\n<meta property=\"og:type\" content=\"article\" \/>\n<meta property=\"og:title\" content=\"Suport Suzeta 3 in 1, Chicco Pocket Elefant 0 luni+ - My Store\" \/>\n<meta property=\"og:description\" content=\"Suport Suzeta 3 in 1, Chicco Pocket Elefant 0 luni+Men\u021bine\u021bi suzeta bebelu\u0219ului curat\u0103 \u0219i gata de utilizare cu acest prieten moale \u0219i reconfortant.\" \/>\n<meta property=\"og:url\" content=\"https:\/\/mamaonline.alta-agentie.ro\/?product=suport-suzeta-3-in-1-chicco-pocket-elefant-0-luni\" \/>\n<meta property=\"og:site_name\" content=\"My Store\" \/>\n<meta name=\"twitter:card\" content=\"summary_large_image\" \/>\n<meta name=\"twitter:label1\" content=\"Est. reading time\" \/>\n\t<meta name=\"twitter:data1\" content=\"2 minutes\" \/>\n<script type=\"application\/ld+json\" class=\"yoast-schema-graph\">{\"@context\":\"https:\/\/schema.org\",\"@graph\":[{\"@type\":\"WebPage\",\"@id\":\"https:\/\/mamaonline.alta-agentie.ro\/?product=suport-suzeta-3-in-1-chicco-pocket-elefant-0-luni\",\"url\":\"https:\/\/mamaonline.alta-agentie.ro\/?product=suport-suzeta-3-in-1-chicco-pocket-elefant-0-luni\",\"name\":\"Suport Suzeta 3 in 1, Chicco Pocket Elefant 0 luni+ - My Store\",\"isPartOf\":{\"@id\":\"https:\/\/mamaonline.alta-agentie.ro\/#website\"},\"primaryImageOfPage\":{\"@id\":\"https:\/\/mamaonline.alta-agentie.ro\/?product=suport-suzeta-3-in-1-chicco-pocket-elefant-0-luni#primaryimage\"},\"image\":{\"@id\":\"https:\/\/mamaonline.alta-agentie.ro\/?product=suport-suzeta-3-in-1-chicco-pocket-elefant-0-luni#primaryimage\"},\"thumbnailUrl\":\"\",\"datePublished\":\"2024-05-22T12:15:09+00:00\",\"description\":\"Suport Suzeta 3 in 1, Chicco Pocket Elefant 0 luni+Men\u021bine\u021bi suzeta bebelu\u0219ului curat\u0103 \u0219i gata de utilizare cu acest prieten moale \u0219i reconfortant.\",\"breadcrumb\":{\"@id\":\"https:\/\/mamaonline.alta-agentie.ro\/?product=suport-suzeta-3-in-1-chicco-pocket-elefant-0-luni#breadcrumb\"},\"inLanguage\":\"en-US\",\"potentialAction\":[{\"@type\":\"ReadAction\",\"target\":[\"https:\/\/mamaonline.alta-agentie.ro\/?product=suport-suzeta-3-in-1-chicco-pocket-elefant-0-luni\"]}]},{\"@type\":\"ImageObject\",\"inLanguage\":\"en-US\",\"@id\":\"https:\/\/mamaonline.alta-agentie.ro\/?product=suport-suzeta-3-in-1-chicco-pocket-elefant-0-luni#primaryimage\",\"url\":\"\",\"contentUrl\":\"\"},{\"@type\":\"BreadcrumbList\",\"@id\":\"https:\/\/mamaonline.alta-agentie.ro\/?product=suport-suzeta-3-in-1-chicco-pocket-elefant-0-luni#breadcrumb\",\"itemListElement\":[{\"@type\":\"ListItem\",\"position\":1,\"name\":\"Home\",\"item\":\"https:\/\/mamaonline.alta-agentie.ro\/\"},{\"@type\":\"ListItem\",\"position\":2,\"name\":\"Products\",\"item\":\"https:\/\/mamaonline.alta-agentie.ro\/?post_type=product\"},{\"@type\":\"ListItem\",\"position\":3,\"name\":\"Suport Suzeta 3 in 1, Chicco Pocket Elefant 0 luni+\"}]},{\"@type\":\"WebSite\",\"@id\":\"https:\/\/mamaonline.alta-agentie.ro\/#website\",\"url\":\"https:\/\/mamaonline.alta-agentie.ro\/\",\"name\":\"My Store\",\"description\":\"\",\"potentialAction\":[{\"@type\":\"SearchAction\",\"target\":{\"@type\":\"EntryPoint\",\"urlTemplate\":\"https:\/\/mamaonline.alta-agentie.ro\/?s={search_term_string}\"},\"query-input\":{\"@type\":\"PropertyValueSpecification\",\"valueRequired\":true,\"valueName\":\"search_term_string\"}}],\"inLanguage\":\"en-US\"}]}<\/script>\n<!-- \/ Yoast SEO plugin. -->","yoast_head_json":{"title":"Suport Suzeta 3 in 1, Chicco Pocket Elefant 0 luni+ - My Store","description":"Suport Suzeta 3 in 1, Chicco Pocket Elefant 0 luni+Men\u021bine\u021bi suzeta bebelu\u0219ului curat\u0103 \u0219i gata de utilizare cu acest prieten moale \u0219i reconfortant.","robots":{"index":"noindex","follow":"follow","max-snippet":"max-snippet:-1","max-image-preview":"max-image-preview:large","max-video-preview":"max-video-preview:-1"},"og_locale":"en_US","og_type":"article","og_title":"Suport Suzeta 3 in 1, Chicco Pocket Elefant 0 luni+ - My Store","og_description":"Suport Suzeta 3 in 1, Chicco Pocket Elefant 0 luni+Men\u021bine\u021bi suzeta bebelu\u0219ului curat\u0103 \u0219i gata de utilizare cu acest prieten moale \u0219i reconfortant.","og_url":"https:\/\/mamaonline.alta-agentie.ro\/?product=suport-suzeta-3-in-1-chicco-pocket-elefant-0-luni","og_site_name":"My Store","twitter_card":"summary_large_image","twitter_misc":{"Est. reading time":"2 minutes"},"schema":{"@context":"https:\/\/schema.org","@graph":[{"@type":"WebPage","@id":"https:\/\/mamaonline.alta-agentie.ro\/?product=suport-suzeta-3-in-1-chicco-pocket-elefant-0-luni","url":"https:\/\/mamaonline.alta-agentie.ro\/?product=suport-suzeta-3-in-1-chicco-pocket-elefant-0-luni","name":"Suport Suzeta 3 in 1, Chicco Pocket Elefant 0 luni+ - My Store","isPartOf":{"@id":"https:\/\/mamaonline.alta-agentie.ro\/#website"},"primaryImageOfPage":{"@id":"https:\/\/mamaonline.alta-agentie.ro\/?product=suport-suzeta-3-in-1-chicco-pocket-elefant-0-luni#primaryimage"},"image":{"@id":"https:\/\/mamaonline.alta-agentie.ro\/?product=suport-suzeta-3-in-1-chicco-pocket-elefant-0-luni#primaryimage"},"thumbnailUrl":"","datePublished":"2024-05-22T12:15:09+00:00","description":"Suport Suzeta 3 in 1, Chicco Pocket Elefant 0 luni+Men\u021bine\u021bi suzeta bebelu\u0219ului curat\u0103 \u0219i gata de utilizare cu acest prieten moale \u0219i reconfortant.","breadcrumb":{"@id":"https:\/\/mamaonline.alta-agentie.ro\/?product=suport-suzeta-3-in-1-chicco-pocket-elefant-0-luni#breadcrumb"},"inLanguage":"en-US","potentialAction":[{"@type":"ReadAction","target":["https:\/\/mamaonline.alta-agentie.ro\/?product=suport-suzeta-3-in-1-chicco-pocket-elefant-0-luni"]}]},{"@type":"ImageObject","inLanguage":"en-US","@id":"https:\/\/mamaonline.alta-agentie.ro\/?product=suport-suzeta-3-in-1-chicco-pocket-elefant-0-luni#primaryimage","url":"","contentUrl":""},{"@type":"BreadcrumbList","@id":"https:\/\/mamaonline.alta-agentie.ro\/?product=suport-suzeta-3-in-1-chicco-pocket-elefant-0-luni#breadcrumb","itemListElement":[{"@type":"ListItem","position":1,"name":"Home","item":"https:\/\/mamaonline.alta-agentie.ro\/"},{"@type":"ListItem","position":2,"name":"Products","item":"https:\/\/mamaonline.alta-agentie.ro\/?post_type=product"},{"@type":"ListItem","position":3,"name":"Suport Suzeta 3 in 1, Chicco Pocket Elefant 0 luni+"}]},{"@type":"WebSite","@id":"https:\/\/mamaonline.alta-agentie.ro\/#website","url":"https:\/\/mamaonline.alta-agentie.ro\/","name":"My Store","description":"","potentialAction":[{"@type":"SearchAction","target":{"@type":"EntryPoint","urlTemplate":"https:\/\/mamaonline.alta-agentie.ro\/?s={search_term_string}"},"query-input":{"@type":"PropertyValueSpecification","valueRequired":true,"valueName":"search_term_string"}}],"inLanguage":"en-US"}]}},"_links":{"self":[{"href":"https:\/\/mamaonline.alta-agentie.ro\/index.php?rest_route=\/wp\/v2\/product\/13269","targetHints":{"allow":["GET"]}}],"collection":[{"href":"https:\/\/mamaonline.alta-agentie.ro\/index.php?rest_route=\/wp\/v2\/product"}],"about":[{"href":"https:\/\/mamaonline.alta-agentie.ro\/index.php?rest_route=\/wp\/v2\/types\/product"}],"replies":[{"embeddable":true,"href":"https:\/\/mamaonline.alta-agentie.ro\/index.php?rest_route=%2Fwp%2Fv2%2Fcomments&post=13269"}],"wp:featuredmedia":[{"embeddable":true,"href":"https:\/\/mamaonline.alta-agentie.ro\/index.php?rest_route=\/"}],"wp:attachment":[{"href":"https:\/\/mamaonline.alta-agentie.ro\/index.php?rest_route=%2Fwp%2Fv2%2Fmedia&parent=13269"}],"wp:term":[{"taxonomy":"product_brand","embeddable":true,"href":"https:\/\/mamaonline.alta-agentie.ro\/index.php?rest_route=%2Fwp%2Fv2%2Fproduct_brand&post=13269"},{"taxonomy":"product_cat","embeddable":true,"href":"https:\/\/mamaonline.alta-agentie.ro\/index.php?rest_route=%2Fwp%2Fv2%2Fproduct_cat&post=13269"},{"taxonomy":"product_tag","embeddable":true,"href":"https:\/\/mamaonline.alta-agentie.ro\/index.php?rest_route=%2Fwp%2Fv2%2Fproduct_tag&post=13269"}],"curies":[{"name":"wp","href":"https:\/\/api.w.org\/{rel}","templated":true}]}}