{"id":13143,"date":"2024-04-18T12:37:15","date_gmt":"2024-04-18T12:37:15","guid":{"rendered":"https:\/\/mamaonline.ro\/new\/?post_type=product&amp;p=13143"},"modified":"2025-06-25T12:06:34","modified_gmt":"2025-06-25T12:06:34","slug":"hauck-carucior-2-in-1-vision-x-beige","status":"publish","type":"product","link":"https:\/\/mamaonline.alta-agentie.ro\/?product=hauck-carucior-2-in-1-vision-x-beige","title":{"rendered":"Hauck Carucior 2 in 1 Vision X, Beige"},"content":{"rendered":"<h4><strong>Hauck Carucior 2 in 1 Vision X, Beige<\/strong><\/h4>\n<p>\u25cf Ferestrele, cu plas\u0103 de \u021b\u00e2n\u021bari, permit o bun\u0103 circula\u021bie a aerului, \u00een timp ce protec\u021bia UV a copertinei asigur\u0103 copilului o bun\u0103 protec\u021bie \u0219i poate dormi confortabil pe timpul verii.<br \/>\n\u25cf \u021aes\u0103turile m\u00e9lange moderne \u0219i u\u0219or de \u00eentre\u021binut pe landou \u0219i pe unitatea de scaun completeaz\u0103 interiorul de \u00eenalt\u0103 calitate.<br \/>\n\u25cf Cu doar 10,2 kg, este cel mai u\u0219or c\u0103rucior cu scaun reversibil din clasa sa.<br \/>\n\u25cf Scaunul poate fi utilizat pentru copii cu v\u00e2rsta de p\u00e2n\u0103 la 4 ani sau greutatea corporal\u0103 de 22 kg \u0219i poate fi ata\u0219at at\u00e2t c\u0103tre p\u0103rinte, c\u00e2t \u0219i \u00een direc\u021bia de mers.<br \/>\n\u25cf Sp\u0103tarul poate fi reglat \u00eentr-o pozi\u021bie \u00eentins\u0103 cu o singur\u0103 m\u00e2n\u0103, oferind o zon\u0103 confortabil\u0103 de dormit atunci c\u00e2nd sunte\u021bi \u00een mi\u0219care.<br \/>\n\u25cf Husa de protec\u021bie inclus\u0103 vine \u00een acela\u0219i design \u0219i ofer\u0103 protec\u021bie \u00een toate condi\u021biile meteorologice.<br \/>\n\u25cf Ferestrele panoramice XXL ale landoului pot fi deschise, oferind o bun\u0103 circula\u021bie a aerului. \u00cen acela\u0219i timp, bebelu\u0219ul t\u0103u poate privi afar\u0103.<br \/>\n\u25cf \u00cen combina\u021bie cu unitatea de \u0219ezut, c\u0103ruciorul Vision X poate fi utilizat p\u00e2n\u0103 la o greutate de 25 kg (22 kg copilul + 3 kg \u00een co\u0219).<br \/>\n\u25cf Cadrul este fabricat din aluminiu de ultim\u0103 genera\u021bie, ceea ce face c\u0103ruciorul Vision X deosebit de u\u0219or \u0219i stabil la 10.2 kg.<br \/>\n\u25cf \u021aes\u0103turile melange moderne \u0219i u\u0219or de \u00eentre\u021binut de pe landou \u0219i unitatea de \u0219ezut completeaz\u0103 interiorul de \u00eenalt\u0103 calitate.<br \/>\nDatorit\u0103 ro\u021bilor pivotante, schimb\u0103rile de direc\u021bie \u0219i virajele sunt simple.<br \/>\nLandoul se pliaz\u0103 plat. Cadrul Vision X \u00eenc\u0103p\u00e2nd \u00een orice ma\u0219in\u0103 \u0219i economisind spa\u021biu acas\u0103<br \/>\nScaunul de \u00eenalt\u0103 calitate poate fi inversat printr-un simplu clic. Permite copilului s\u0103 p\u0103streze contactul vizual cu tine sau s\u0103 descopere \u00eemprejurimile.<\/p>\n<h4><strong>VEZI \u0218I:<\/strong><\/h4>\n<p>Recomand\u0103rile noastre<\/p>\n<p><a href=\"https:\/\/mamaonline.ro\/shop\/hauck-dreamn-play-pat-pliabil-bej\/\">Hauck \u2013 Dream\u2019n Play Pat Pliabil, Bej<\/a> sau <a href=\"https:\/\/mamaonline.ro\/shop\/kinderkraft-travel-joy-patut-0-luni\/\" target=\"_blank\" rel=\"noopener\">Kinderkraft Travel Joy \u2013 Patut 0 luni+<\/a><\/p>\n<p>Vision X Landou<\/p>\n<p>Greutatea net\u0103 a produsului: 5,67 kg<br \/>\nGreutatea brut\u0103 a produsului: 6,67 kg<br \/>\nPliabil: Da<br \/>\nVentilatie Pasiva Integrata: Da<br \/>\nFereastra Peek-a-boo: Da<br \/>\nInformatii Despre Varsta: 0 - 9 luni<br \/>\nUPF 50+: Da<br \/>\nIncarcare max.: 9 kg<br \/>\nPliat: 84 x 46 x 15 cm<br \/>\nAsamblat: 84 x 46 x 69 cm<\/p>\n<p>Vision X Scaun Sport<\/p>\n<p>Greutatea net\u0103 a produsului: 3,70 kg<br \/>\nGreutatea brut\u0103 a produsului: 5,20 kg<br \/>\nSuprafata de dormit: 90 x 28 cm<br \/>\nIncarcare max.: 25 kg (22 kg + 3 kg)<br \/>\nCentura Siguranta: Harness \u00een 5 puncte<br \/>\nInformatii Despre Varsta: 0 - 48 luni<\/p>\n<p>Vision X Cadru din Aluminiu<\/p>\n<p>Greutatea net\u0103 a produsului: 6,40 kg<br \/>\nGreutatea brut\u0103 a produsului:8,00 kg<br \/>\nPliat: 71 x 58 x 32 cm<br \/>\nAsamblat: 94 x 58 x 104,5 cm<br \/>\nIncarcare max.: 25 kg (22 kg + 3 kg)<br \/>\nRoti fata blocabile si pivotante: Da<br \/>\nDiametru Roata Fata\/Spate: 17,5\/26 cm<br \/>\nRoti Detasabile: Roata fa\u021b\u0103 \u0219i spate<br \/>\nTip Roata: Roat\u0103 de cauciuc<br \/>\nInaltime maner: 104,5 cm<\/p>\n","protected":false},"excerpt":{"rendered":"<p>Setul Vision X \u00ee\u021bi indeplineste toate dorin\u021bele. Setul de c\u0103rucior premium hauck poate fi utilizat chiar de la na\u0219tere \u0219i cre\u0219te \u00eempreun\u0103 cu copilul t\u0103u.<br \/>\nLandoul are o saltea de \u00eenalt\u0103 calitate \u0219i o c\u0103ptu\u0219eal\u0103 lateral\u0103 moale care ofer\u0103 copilului un confort optim la somn, utilizabil p\u00e2n\u0103 la o greutate maxim\u0103 de 9 kg.<\/p>\n","protected":false},"featured_media":31825,"comment_status":"open","ping_status":"closed","template":"","meta":{"_acf_changed":false},"product_brand":[],"product_cat":[158,44,107,111],"product_tag":[76],"class_list":{"0":"post-13143","1":"product","2":"type-product","3":"status-publish","4":"has-post-thumbnail","6":"product_cat-carucioare","7":"product_cat-carucioare-patuturi","8":"product_cat-puzzle-jucarii","9":"product_cat-reduceri","10":"product_tag-mamaonline","12":"first","13":"instock","14":"sale","15":"shipping-taxable","16":"purchasable","17":"product-type-simple"},"acf":[],"yoast_head":"<!-- This site is optimized with the Yoast SEO plugin v25.3.1 - https:\/\/yoast.com\/wordpress\/plugins\/seo\/ -->\n<title>Hauck Carucior 2 in 1 Vision X, Beige - My Store<\/title>\n<meta name=\"description\" content=\"Hauck Carucior 2 in 1 X Vision Setul de c\u0103rucior premium Hauck poate fi utilizat chiar de la na\u0219tere \u0219i cre\u0219te \u00eempreun\u0103 cu copilul t\u0103u.\" \/>\n<meta name=\"robots\" content=\"noindex, follow, max-snippet:-1, max-image-preview:large, max-video-preview:-1\" \/>\n<meta property=\"og:locale\" content=\"en_US\" \/>\n<meta property=\"og:type\" content=\"article\" \/>\n<meta property=\"og:title\" content=\"Hauck Carucior 2 in 1 Vision X, Beige - My Store\" \/>\n<meta property=\"og:description\" content=\"Hauck Carucior 2 in 1 X Vision Setul de c\u0103rucior premium Hauck poate fi utilizat chiar de la na\u0219tere \u0219i cre\u0219te \u00eempreun\u0103 cu copilul t\u0103u.\" \/>\n<meta property=\"og:url\" content=\"https:\/\/mamaonline.alta-agentie.ro\/?product=hauck-carucior-2-in-1-vision-x-beige\" \/>\n<meta property=\"og:site_name\" content=\"My Store\" \/>\n<meta property=\"article:modified_time\" content=\"2025-06-25T12:06:34+00:00\" \/>\n<meta name=\"twitter:card\" content=\"summary_large_image\" \/>\n<meta name=\"twitter:label1\" content=\"Est. reading time\" \/>\n\t<meta name=\"twitter:data1\" content=\"3 minutes\" \/>\n<script type=\"application\/ld+json\" class=\"yoast-schema-graph\">{\"@context\":\"https:\/\/schema.org\",\"@graph\":[{\"@type\":\"WebPage\",\"@id\":\"https:\/\/mamaonline.alta-agentie.ro\/?product=hauck-carucior-2-in-1-vision-x-beige\",\"url\":\"https:\/\/mamaonline.alta-agentie.ro\/?product=hauck-carucior-2-in-1-vision-x-beige\",\"name\":\"Hauck Carucior 2 in 1 Vision X, Beige - My Store\",\"isPartOf\":{\"@id\":\"https:\/\/mamaonline.alta-agentie.ro\/#website\"},\"primaryImageOfPage\":{\"@id\":\"https:\/\/mamaonline.alta-agentie.ro\/?product=hauck-carucior-2-in-1-vision-x-beige#primaryimage\"},\"image\":{\"@id\":\"https:\/\/mamaonline.alta-agentie.ro\/?product=hauck-carucior-2-in-1-vision-x-beige#primaryimage\"},\"thumbnailUrl\":\"\",\"datePublished\":\"2024-04-18T12:37:15+00:00\",\"dateModified\":\"2025-06-25T12:06:34+00:00\",\"description\":\"Hauck Carucior 2 in 1 X Vision Setul de c\u0103rucior premium Hauck poate fi utilizat chiar de la na\u0219tere \u0219i cre\u0219te \u00eempreun\u0103 cu copilul t\u0103u.\",\"breadcrumb\":{\"@id\":\"https:\/\/mamaonline.alta-agentie.ro\/?product=hauck-carucior-2-in-1-vision-x-beige#breadcrumb\"},\"inLanguage\":\"en-US\",\"potentialAction\":[{\"@type\":\"ReadAction\",\"target\":[\"https:\/\/mamaonline.alta-agentie.ro\/?product=hauck-carucior-2-in-1-vision-x-beige\"]}]},{\"@type\":\"ImageObject\",\"inLanguage\":\"en-US\",\"@id\":\"https:\/\/mamaonline.alta-agentie.ro\/?product=hauck-carucior-2-in-1-vision-x-beige#primaryimage\",\"url\":\"\",\"contentUrl\":\"\"},{\"@type\":\"BreadcrumbList\",\"@id\":\"https:\/\/mamaonline.alta-agentie.ro\/?product=hauck-carucior-2-in-1-vision-x-beige#breadcrumb\",\"itemListElement\":[{\"@type\":\"ListItem\",\"position\":1,\"name\":\"Home\",\"item\":\"https:\/\/mamaonline.alta-agentie.ro\/\"},{\"@type\":\"ListItem\",\"position\":2,\"name\":\"Products\",\"item\":\"https:\/\/mamaonline.alta-agentie.ro\/?post_type=product\"},{\"@type\":\"ListItem\",\"position\":3,\"name\":\"Hauck Carucior 2 in 1 Vision X, Beige\"}]},{\"@type\":\"WebSite\",\"@id\":\"https:\/\/mamaonline.alta-agentie.ro\/#website\",\"url\":\"https:\/\/mamaonline.alta-agentie.ro\/\",\"name\":\"My Store\",\"description\":\"\",\"potentialAction\":[{\"@type\":\"SearchAction\",\"target\":{\"@type\":\"EntryPoint\",\"urlTemplate\":\"https:\/\/mamaonline.alta-agentie.ro\/?s={search_term_string}\"},\"query-input\":{\"@type\":\"PropertyValueSpecification\",\"valueRequired\":true,\"valueName\":\"search_term_string\"}}],\"inLanguage\":\"en-US\"}]}<\/script>\n<!-- \/ Yoast SEO plugin. -->","yoast_head_json":{"title":"Hauck Carucior 2 in 1 Vision X, Beige - My Store","description":"Hauck Carucior 2 in 1 X Vision Setul de c\u0103rucior premium Hauck poate fi utilizat chiar de la na\u0219tere \u0219i cre\u0219te \u00eempreun\u0103 cu copilul t\u0103u.","robots":{"index":"noindex","follow":"follow","max-snippet":"max-snippet:-1","max-image-preview":"max-image-preview:large","max-video-preview":"max-video-preview:-1"},"og_locale":"en_US","og_type":"article","og_title":"Hauck Carucior 2 in 1 Vision X, Beige - My Store","og_description":"Hauck Carucior 2 in 1 X Vision Setul de c\u0103rucior premium Hauck poate fi utilizat chiar de la na\u0219tere \u0219i cre\u0219te \u00eempreun\u0103 cu copilul t\u0103u.","og_url":"https:\/\/mamaonline.alta-agentie.ro\/?product=hauck-carucior-2-in-1-vision-x-beige","og_site_name":"My Store","article_modified_time":"2025-06-25T12:06:34+00:00","twitter_card":"summary_large_image","twitter_misc":{"Est. reading time":"3 minutes"},"schema":{"@context":"https:\/\/schema.org","@graph":[{"@type":"WebPage","@id":"https:\/\/mamaonline.alta-agentie.ro\/?product=hauck-carucior-2-in-1-vision-x-beige","url":"https:\/\/mamaonline.alta-agentie.ro\/?product=hauck-carucior-2-in-1-vision-x-beige","name":"Hauck Carucior 2 in 1 Vision X, Beige - My Store","isPartOf":{"@id":"https:\/\/mamaonline.alta-agentie.ro\/#website"},"primaryImageOfPage":{"@id":"https:\/\/mamaonline.alta-agentie.ro\/?product=hauck-carucior-2-in-1-vision-x-beige#primaryimage"},"image":{"@id":"https:\/\/mamaonline.alta-agentie.ro\/?product=hauck-carucior-2-in-1-vision-x-beige#primaryimage"},"thumbnailUrl":"","datePublished":"2024-04-18T12:37:15+00:00","dateModified":"2025-06-25T12:06:34+00:00","description":"Hauck Carucior 2 in 1 X Vision Setul de c\u0103rucior premium Hauck poate fi utilizat chiar de la na\u0219tere \u0219i cre\u0219te \u00eempreun\u0103 cu copilul t\u0103u.","breadcrumb":{"@id":"https:\/\/mamaonline.alta-agentie.ro\/?product=hauck-carucior-2-in-1-vision-x-beige#breadcrumb"},"inLanguage":"en-US","potentialAction":[{"@type":"ReadAction","target":["https:\/\/mamaonline.alta-agentie.ro\/?product=hauck-carucior-2-in-1-vision-x-beige"]}]},{"@type":"ImageObject","inLanguage":"en-US","@id":"https:\/\/mamaonline.alta-agentie.ro\/?product=hauck-carucior-2-in-1-vision-x-beige#primaryimage","url":"","contentUrl":""},{"@type":"BreadcrumbList","@id":"https:\/\/mamaonline.alta-agentie.ro\/?product=hauck-carucior-2-in-1-vision-x-beige#breadcrumb","itemListElement":[{"@type":"ListItem","position":1,"name":"Home","item":"https:\/\/mamaonline.alta-agentie.ro\/"},{"@type":"ListItem","position":2,"name":"Products","item":"https:\/\/mamaonline.alta-agentie.ro\/?post_type=product"},{"@type":"ListItem","position":3,"name":"Hauck Carucior 2 in 1 Vision X, Beige"}]},{"@type":"WebSite","@id":"https:\/\/mamaonline.alta-agentie.ro\/#website","url":"https:\/\/mamaonline.alta-agentie.ro\/","name":"My Store","description":"","potentialAction":[{"@type":"SearchAction","target":{"@type":"EntryPoint","urlTemplate":"https:\/\/mamaonline.alta-agentie.ro\/?s={search_term_string}"},"query-input":{"@type":"PropertyValueSpecification","valueRequired":true,"valueName":"search_term_string"}}],"inLanguage":"en-US"}]}},"_links":{"self":[{"href":"https:\/\/mamaonline.alta-agentie.ro\/index.php?rest_route=\/wp\/v2\/product\/13143","targetHints":{"allow":["GET"]}}],"collection":[{"href":"https:\/\/mamaonline.alta-agentie.ro\/index.php?rest_route=\/wp\/v2\/product"}],"about":[{"href":"https:\/\/mamaonline.alta-agentie.ro\/index.php?rest_route=\/wp\/v2\/types\/product"}],"replies":[{"embeddable":true,"href":"https:\/\/mamaonline.alta-agentie.ro\/index.php?rest_route=%2Fwp%2Fv2%2Fcomments&post=13143"}],"wp:featuredmedia":[{"embeddable":true,"href":"https:\/\/mamaonline.alta-agentie.ro\/index.php?rest_route=\/"}],"wp:attachment":[{"href":"https:\/\/mamaonline.alta-agentie.ro\/index.php?rest_route=%2Fwp%2Fv2%2Fmedia&parent=13143"}],"wp:term":[{"taxonomy":"product_brand","embeddable":true,"href":"https:\/\/mamaonline.alta-agentie.ro\/index.php?rest_route=%2Fwp%2Fv2%2Fproduct_brand&post=13143"},{"taxonomy":"product_cat","embeddable":true,"href":"https:\/\/mamaonline.alta-agentie.ro\/index.php?rest_route=%2Fwp%2Fv2%2Fproduct_cat&post=13143"},{"taxonomy":"product_tag","embeddable":true,"href":"https:\/\/mamaonline.alta-agentie.ro\/index.php?rest_route=%2Fwp%2Fv2%2Fproduct_tag&post=13143"}],"curies":[{"name":"wp","href":"https:\/\/api.w.org\/{rel}","templated":true}]}}